{"id":647,"date":"2021-11-02T18:22:48","date_gmt":"2021-11-02T18:22:48","guid":{"rendered":"https:\/\/kzgweb.es\/translevante\/?page_id=647"},"modified":"2022-10-27T19:06:56","modified_gmt":"2022-10-27T17:06:56","slug":"aduanas","status":"publish","type":"page","link":"https:\/\/borradorproyectos.es\/translevante\/aduanas\/","title":{"rendered":"Aduanas"},"content":{"rendered":"\t\t<div data-elementor-type=\"wp-post\" data-elementor-id=\"647\" class=\"elementor elementor-647\">\n\t\t\t\t\t\t<div class=\"elementor-inner\">\n\t\t\t\t<div class=\"elementor-section-wrap\">\n\t\t\t\t\t\t\t\t\t<section class=\"elementor-section elementor-top-section elementor-element elementor-element-49b018d elementor-section-full_width elementor-section-height-default elementor-section-height-default\" data-id=\"49b018d\" data-element_type=\"section\">\n\t\t\t\t\t\t<div class=\"elementor-container elementor-column-gap-default\">\n\t\t\t\t\t\t\t<div class=\"elementor-row\">\n\t\t\t\t\t<div class=\"elementor-column elementor-col-100 elementor-top-column elementor-element elementor-element-9cd3065\" data-id=\"9cd3065\" data-element_type=\"column\">\n\t\t\t<div class=\"elementor-column-wrap\">\n\t\t\t\t\t\t\t<div class=\"elementor-widget-wrap\">\n\t\t\t\t\t\t\t\t<\/div>\n\t\t\t\t\t<\/div>\n\t\t<\/div>\n\t\t\t\t\t\t\t\t<\/div>\n\t\t\t\t\t<\/div>\n\t\t<\/section>\n\t\t\t\t<section class=\"elementor-section elementor-top-section elementor-element elementor-element-31b3880 elementor-reverse-mobile elementor-section-boxed elementor-section-height-default elementor-section-height-default\" data-id=\"31b3880\" data-element_type=\"section\">\n\t\t\t\t\t\t<div class=\"elementor-container elementor-column-gap-default\">\n\t\t\t\t\t\t\t<div class=\"elementor-row\">\n\t\t\t\t\t<div class=\"elementor-column elementor-col-50 elementor-top-column elementor-element elementor-element-0af953e\" data-id=\"0af953e\" data-element_type=\"column\">\n\t\t\t<div class=\"elementor-column-wrap elementor-element-populated\">\n\t\t\t\t\t\t\t<div class=\"elementor-widget-wrap\">\n\t\t\t\t\t\t<div class=\"elementor-element elementor-element-e7c19ac elementor-widget elementor-widget-heading\" data-id=\"e7c19ac\" data-element_type=\"widget\" data-widget_type=\"heading.default\">\n\t\t\t\t<div class=\"elementor-widget-container\">\n\t\t\t<h2 class=\"elementor-heading-title elementor-size-default\">Aduanas<\/h2>\t\t<\/div>\n\t\t\t\t<\/div>\n\t\t\t\t<div class=\"elementor-element elementor-element-d6390ca elementor-widget elementor-widget-text-editor\" data-id=\"d6390ca\" data-element_type=\"widget\" data-widget_type=\"text-editor.default\">\n\t\t\t\t<div class=\"elementor-widget-container\">\n\t\t\t\t\t\t\t\t<div class=\"elementor-text-editor elementor-clearfix\">\n\t\t\t\t<p><b>Gesti\u00f3n de tr\u00e1mites aduaneros<\/b><span style=\"font-weight: 400;\"> tanto para la exportaci\u00f3n como para la importaci\u00f3n y tr\u00e1nsito de mercanc\u00edas en toda Espa\u00f1a.\u00a0<\/span><\/p><p><span style=\"font-weight: 400;\">Nuestro personal especializado se encargar\u00e1 de realizar las gestiones ante la Aduana espa\u00f1ola, as\u00ed como ante los diferentes organismos que act\u00faan en las fronteras (Sanidad, Soivre&#8230; etc.) garantizando <\/span><b>presencia ocular ante cualquier revisi\u00f3n o inspecci\u00f3n<\/b><span style=\"font-weight: 400;\"> de la mercanc\u00eda que implique la apertura del contenedor.<\/span><\/p><p><span style=\"font-weight: 400;\">Tambi\u00e9n ofrecemos servicio de <\/span><b>asesor\u00eda<\/b><span style=\"font-weight: 400;\"> a nivel aduanero o paraduanero, para cualquier env\u00edo que realicen o reciban a trav\u00e9s de cualquier aduana, incluyendo informaci\u00f3n sobre aranceles, impuestos, documentaci\u00f3n necesaria, introducci\u00f3n en dep\u00f3sitos, exenciones, \u2026 Etc.<\/span><\/p><p><span style=\"font-weight: 400;\">Para solicitar m\u00e1s informaci\u00f3n, por favor, contactar con nosotros.<\/span><\/p>\t\t\t\t\t<\/div>\n\t\t\t\t\t\t<\/div>\n\t\t\t\t<\/div>\n\t\t\t\t\t\t<\/div>\n\t\t\t\t\t<\/div>\n\t\t<\/div>\n\t\t\t\t<div class=\"elementor-column elementor-col-50 elementor-top-column elementor-element elementor-element-3a77902\" data-id=\"3a77902\" data-element_type=\"column\">\n\t\t\t<div class=\"elementor-column-wrap elementor-element-populated\">\n\t\t\t\t\t\t\t<div class=\"elementor-widget-wrap\">\n\t\t\t\t\t\t<div class=\"elementor-element elementor-element-02fc1a6 elementor-widget elementor-widget-image\" data-id=\"02fc1a6\" data-element_type=\"widget\" data-widget_type=\"image.default\">\n\t\t\t\t<div class=\"elementor-widget-container\">\n\t\t\t\t\t\t\t\t<div class=\"elementor-image\">\n\t\t\t\t\t\t\t\t\t\t\t\t<img loading=\"lazy\" decoding=\"async\" width=\"900\" height=\"600\" src=\"https:\/\/borradorproyectos.es\/translevante\/wp-content\/uploads\/2021\/12\/toll.jpg\" class=\"attachment-large size-large\" alt=\"\" srcset=\"https:\/\/borradorproyectos.es\/translevante\/wp-content\/uploads\/2021\/12\/toll.jpg 1000w, https:\/\/borradorproyectos.es\/translevante\/wp-content\/uploads\/2021\/12\/toll-300x200.jpg 300w, https:\/\/borradorproyectos.es\/translevante\/wp-content\/uploads\/2021\/12\/toll-768x512.jpg 768w\" sizes=\"auto, (max-width: 900px) 100vw, 900px\" \/>\t\t\t\t\t\t\t\t\t\t\t\t\t\t<\/div>\n\t\t\t\t\t\t<\/div>\n\t\t\t\t<\/div>\n\t\t\t\t\t\t<\/div>\n\t\t\t\t\t<\/div>\n\t\t<\/div>\n\t\t\t\t\t\t\t\t<\/div>\n\t\t\t\t\t<\/div>\n\t\t<\/section>\n\t\t\t\t<section class=\"elementor-section elementor-top-section elementor-element elementor-element-837fc12 elementor-section-boxed elementor-section-height-default elementor-section-height-default\" data-id=\"837fc12\" data-element_type=\"section\" data-settings=\"{&quot;background_background&quot;:&quot;classic&quot;}\">\n\t\t\t\t\t\t<div class=\"elementor-container elementor-column-gap-default\">\n\t\t\t\t\t\t\t<div class=\"elementor-row\">\n\t\t\t\t\t<div class=\"elementor-column elementor-col-100 elementor-top-column elementor-element elementor-element-df31c85\" data-id=\"df31c85\" data-element_type=\"column\">\n\t\t\t<div class=\"elementor-column-wrap elementor-element-populated\">\n\t\t\t\t\t\t\t<div class=\"elementor-widget-wrap\">\n\t\t\t\t\t\t<div class=\"elementor-element elementor-element-15beaab elementor-widget elementor-widget-shortcode\" data-id=\"15beaab\" data-element_type=\"widget\" data-widget_type=\"shortcode.default\">\n\t\t\t\t<div class=\"elementor-widget-container\">\n\t\t\t\t\t<div class=\"elementor-shortcode\"><h4>Utilice el formulario para solicitar m\u00e1s informaci\u00f3n.<\/h4><br>\n<div role=\"form\" class=\"wpcf7\" id=\"wpcf7-f1257-o1\" lang=\"en-US\" dir=\"ltr\">\n<div class=\"screen-reader-response\"><p role=\"status\" aria-live=\"polite\" aria-atomic=\"true\"><\/p> <ul><\/ul><\/div>\n<form action=\"\/translevante\/wp-json\/wp\/v2\/pages\/647#wpcf7-f1257-o1\" method=\"post\" class=\"wpcf7-form init\" novalidate=\"novalidate\" data-status=\"init\">\n<div style=\"display: none;\">\n<input type=\"hidden\" name=\"_wpcf7\" value=\"1257\" \/>\n<input type=\"hidden\" name=\"_wpcf7_version\" value=\"5.6.4\" \/>\n<input type=\"hidden\" name=\"_wpcf7_locale\" value=\"en_US\" \/>\n<input type=\"hidden\" name=\"_wpcf7_unit_tag\" value=\"wpcf7-f1257-o1\" \/>\n<input type=\"hidden\" name=\"_wpcf7_container_post\" value=\"0\" \/>\n<input type=\"hidden\" name=\"_wpcf7_posted_data_hash\" value=\"\" \/>\n<\/div>\n<div>\n<div class=\"row\">\n<div class=\"col-lg-6\">\n<div class=\"form-element\"><span class=\"wpcf7-form-control-wrap\" data-name=\"names\"><input type=\"text\" name=\"names\" value=\"\" size=\"40\" class=\"wpcf7-form-control wpcf7-text wpcf7-validates-as-required\" aria-required=\"true\" aria-invalid=\"false\" placeholder=\"Nombre\" \/><\/span><\/div>\n<\/div>\n<div class=\"col-lg-6\">\n<div class=\"form-element\"><span class=\"wpcf7-form-control-wrap\" data-name=\"Empresa\"><input type=\"text\" name=\"Empresa\" value=\"\" size=\"40\" class=\"wpcf7-form-control wpcf7-text wpcf7-validates-as-required\" aria-required=\"true\" aria-invalid=\"false\" placeholder=\"Empresa\" \/><\/span><\/div>\n<\/div>\n<div class=\"col-lg-6\">\n<div class=\"form-element\"><span class=\"wpcf7-form-control-wrap\" data-name=\"email\"><input type=\"email\" name=\"email\" value=\"\" size=\"40\" class=\"wpcf7-form-control wpcf7-text wpcf7-email wpcf7-validates-as-required wpcf7-validates-as-email\" aria-required=\"true\" aria-invalid=\"false\" placeholder=\"Email\" \/><\/span><\/div>\n<\/div>\n<div class=\"col-lg-6\">\n<div class=\"form-element\"><span class=\"wpcf7-form-control-wrap\" data-name=\"phone\"><input type=\"text\" name=\"phone\" value=\"\" size=\"40\" class=\"wpcf7-form-control wpcf7-text wpcf7-validates-as-required\" aria-required=\"true\" aria-invalid=\"false\" placeholder=\"Tel\u00e9fono\" \/><\/span><\/div>\n<\/div>\n<div class=\"col-lg-12\">\n<div class=\"form-element\"><span class=\"wpcf7-form-control-wrap\" data-name=\"textarea-623\"><textarea name=\"textarea-623\" cols=\"40\" rows=\"10\" class=\"wpcf7-form-control wpcf7-textarea\" aria-invalid=\"false\" placeholder=\"Mercanc\u00eda a trasladar\"><\/textarea><\/span><\/div>\n<\/div>\n<div class=\"col-lg-12\">\n<span class=\"wpcf7-form-control-wrap\" data-name=\"acceptance-661\"><span class=\"wpcf7-form-control wpcf7-acceptance\"><span class=\"wpcf7-list-item\"><label><input type=\"checkbox\" name=\"acceptance-661\" value=\"1\" aria-invalid=\"false\" \/><span class=\"wpcf7-list-item-label\">He le\u00eddo y acepto la <a href=\"https:\/\/borradorproyectos.es\/translevante\/politica-privacidad\/\">pol\u00edtica de privacidad<\/a><\/span><\/label><\/span><\/span><\/span><\/p>\n<div class=\"form-element mb-0\"><input type=\"submit\" value=\"Enviar\" class=\"wpcf7-form-control has-spinner wpcf7-submit\" \/><\/div>\n<\/div>\n<\/div>\n<\/div>\n<div class=\"wpcf7-response-output\" aria-hidden=\"true\"><\/div><\/form><\/div><\/div>\n\t\t\t\t<\/div>\n\t\t\t\t<\/div>\n\t\t\t\t\t\t<\/div>\n\t\t\t\t\t<\/div>\n\t\t<\/div>\n\t\t\t\t\t\t\t\t<\/div>\n\t\t\t\t\t<\/div>\n\t\t<\/section>\n\t\t\t\t\t\t\t\t\t<\/div>\n\t\t\t<\/div>\n\t\t\t\t\t<\/div>\n\t\t","protected":false},"excerpt":{"rendered":"<p>Aduanas Gesti\u00f3n de tr\u00e1mites aduaneros tanto para la exportaci\u00f3n como para la importaci\u00f3n y tr\u00e1nsito de mercanc\u00edas en toda Espa\u00f1a.\u00a0Nuestro personal especializado se encargar\u00e1 de realizar las gestiones ante la Aduana espa\u00f1ola, as\u00ed como ante los diferentes organismos que act\u00faan en las fronteras (Sanidad, Soivre&#8230; etc.) garantizando presencia ocular ante cualquier revisi\u00f3n o inspecci\u00f3n de [&hellip;]<\/p>\n","protected":false},"author":1,"featured_media":0,"parent":0,"menu_order":0,"comment_status":"closed","ping_status":"closed","template":"page-templates\/home-1.php","meta":{"footnotes":""},"class_list":["post-647","page","type-page","status-publish","hentry"],"_links":{"self":[{"href":"https:\/\/borradorproyectos.es\/translevante\/wp-json\/wp\/v2\/pages\/647","targetHints":{"allow":["GET"]}}],"collection":[{"href":"https:\/\/borradorproyectos.es\/translevante\/wp-json\/wp\/v2\/pages"}],"about":[{"href":"https:\/\/borradorproyectos.es\/translevante\/wp-json\/wp\/v2\/types\/page"}],"author":[{"embeddable":true,"href":"https:\/\/borradorproyectos.es\/translevante\/wp-json\/wp\/v2\/users\/1"}],"replies":[{"embeddable":true,"href":"https:\/\/borradorproyectos.es\/translevante\/wp-json\/wp\/v2\/comments?post=647"}],"version-history":[{"count":35,"href":"https:\/\/borradorproyectos.es\/translevante\/wp-json\/wp\/v2\/pages\/647\/revisions"}],"predecessor-version":[{"id":2104,"href":"https:\/\/borradorproyectos.es\/translevante\/wp-json\/wp\/v2\/pages\/647\/revisions\/2104"}],"wp:attachment":[{"href":"https:\/\/borradorproyectos.es\/translevante\/wp-json\/wp\/v2\/media?parent=647"}],"curies":[{"name":"wp","href":"https:\/\/api.w.org\/{rel}","templated":true}]}}