{"id":3,"date":"2021-10-18T10:03:44","date_gmt":"2021-10-18T10:03:44","guid":{"rendered":"https:\/\/kzgweb.es\/translevante\/?page_id=3"},"modified":"2022-07-27T08:57:47","modified_gmt":"2022-07-27T08:57:47","slug":"politica-privacidad","status":"publish","type":"page","link":"https:\/\/borradorproyectos.es\/translevante\/politica-privacidad\/","title":{"rendered":"Pol\u00edtica de privacidad"},"content":{"rendered":"<h4>1. Objeto<\/h4>\r\n<span style=\"font-weight: 400;\">Esta Pol\u00edtica de Privacidad tiene por objeto dar a conocer el modo en que recabamos, tratamos y protegemos los datos personales que Usted como Usuario nos ha facilitado, por medio de nuestra p\u00e1gina web o blog (en adelante Sitio Web) y decida libremente si desea que los tratemos. \u00a0<\/span>\r\n\r\n<span style=\"font-weight: 400;\">Asimismo, pretende dar cumplimiento al Reglamento General de protecci\u00f3n de datos personales 2016\/679 (en adelante RGPD) y a la Ley Org\u00e1nica 3\/2018 de protecci\u00f3n de datos personales y garant\u00eda de los derechos digitales (en adelante, LOPDGDD).\u00a0<\/span>\r\n\r\n<hr \/>\r\n\r\n<h4>2. Identificaci\u00f3n del Responsable \/ Prestador de Servicios de la Sociedad de la Informaci\u00f3n<\/h4>\r\n&nbsp;\r\n<table>\r\n<tbody>\r\n<tr>\r\n<td><span style=\"font-weight: 400;\">Identidad &#8211; Entidad<\/span><\/td>\r\n<td><span style=\"font-weight: 400;\">TRANSLEVANTE, S.A.<\/span><\/td>\r\n<\/tr>\r\n<tr>\r\n<td><span style=\"font-weight: 400;\">CIF\/NIF<\/span><\/td>\r\n<td><span style=\"font-weight: 400;\">A46178323<\/span><\/td>\r\n<\/tr>\r\n<tr>\r\n<td><span style=\"font-weight: 400;\">Direcci\u00f3n postal<\/span><\/td>\r\n<td>\r\n<p style=\"font-weight: 400;\">C\/ Doctor J. J. D\u00f3mine, 14, 2\u00ba, 3\u00aa<\/p>\r\n<p style=\"font-weight: 400;\">CP 46011 Valencia (Valencia)<\/p>\r\n<\/td>\r\n<\/tr>\r\n<tr>\r\n<td><span style=\"font-weight: 400;\">Tel\u00e9fono<\/span><\/td>\r\n<td><span style=\"font-weight: 400;\">963 16 59 00<\/span><\/td>\r\n<\/tr>\r\n<tr>\r\n<td><span style=\"font-weight: 400;\">Correo electr\u00f3nico<\/span><\/td>\r\n<td><span style=\"font-weight: 400;\">tlv@translevante.es<\/span><\/td>\r\n<\/tr>\r\n<tr>\r\n<td><span style=\"font-weight: 400;\">Objeto Social<\/span><\/td>\r\n<td><span style=\"font-weight: 400;\">Transporte<\/span><\/td>\r\n<\/tr>\r\n<tr>\r\n<td><span style=\"font-weight: 400;\">Sitio web<\/span><\/td>\r\n<td><span style=\"font-weight: 400;\">https:\/\/www.translevante.es\/<\/span><\/td>\r\n<\/tr>\r\n<tr>\r\n<td><span style=\"font-weight: 400;\">Datos registrales\u00a0<\/span><\/td>\r\n<td><span style=\"font-weight: 400;\">Inscrita en el Registro Mercantil de Valencia Tomo 3961, Libro 1273, Folio 86, Hoja V 17263.<\/span><\/td>\r\n<\/tr>\r\n<\/tbody>\r\n<\/table>\r\n&nbsp;\r\n\r\n<hr \/>\r\n\r\n<h4>3. Tratamiento de datos personales<\/h4>\r\n<span style=\"font-weight: 400;\">Los datos personales identificativos y de contacto que nos ha facilitado, por medio de nuestros formularios de contacto, correo electr\u00f3nico, etc., ser\u00e1n tratados de forma confidencial y exclusivamente para atender sus solicitudes.<\/span>\r\n\r\n<span style=\"font-weight: 400;\">Todas las categor\u00edas y tipo de datos personales tratados quedar\u00e1n debidamente identificados en las correspondientes actividades de tratamiento titularidad de nuestra entidad.<\/span>\r\n\r\n<hr \/>\r\n\r\n<h4>4. Finalidad<\/h4>\r\n<span style=\"font-weight: 400;\">Si es Usted cliente o proveedor, sus datos personales ser\u00e1n tratados con la \u00fanica finalidad de mantener la relaci\u00f3n comercial, el env\u00edo de publicidad, la prestaci\u00f3n de servicios, la gesti\u00f3n contable y de facturaci\u00f3n, etc.<\/span>\r\n\r\n<span style=\"font-weight: 400;\">Si es un solicitante de empleo, trataremos sus datos para incluirle en nuestros procesos de selecci\u00f3n y bolsa de trabajo. M\u00e1s informaci\u00f3n en nuestra Pol\u00edtica de Solicitantes de Empleo.<\/span>\r\n\r\n<span style=\"font-weight: 400;\">Si es solicitante de informaci\u00f3n, trataremos sus datos para atender dicha solicitud, incluyendo en la contestaci\u00f3n informaci\u00f3n comercial relacionada con su solicitud.\u00a0<\/span>\r\n\r\n<span style=\"font-weight: 400;\">No enviamos publicidad sin el consentimiento previo de los interesados, salvo a aquellos clientes con relaci\u00f3n vigente y siempre con servicios o productos relacionados con los servicios prestados o los productos ya adquiridos.<\/span>\r\n\r\n<span style=\"font-weight: 400;\">Las finalidades que motivan el tratamiento de datos personales quedar\u00e1n debidamente identificadas en las correspondientes actividades de tratamiento titularidad de nuestra entidad.<\/span>\r\n\r\n<hr \/>\r\n\r\n<h4>5. Legitimaci\u00f3n<\/h4>\r\n<span style=\"font-weight: 400;\">El tratamiento de sus datos se realiza con las siguientes bases:<\/span>\r\n\r\n&nbsp;\r\n<ul>\r\n \t<li style=\"font-weight: 400;\" aria-level=\"1\"><span style=\"font-weight: 400;\">La solicitud realizada voluntariamente por su parte ya sea de informaci\u00f3n, de empleo, de contrataci\u00f3n de nuestros servicios, o de compra de nuestros productos.<\/span><\/li>\r\n<\/ul>\r\n&nbsp;\r\n<ul>\r\n \t<li style=\"font-weight: 400;\" aria-level=\"1\"><span style=\"font-weight: 400;\">El consentimiento expreso, libre, informado e inequ\u00edvoco, puesto que le informamos de la presente pol\u00edtica de privacidad, que tras la lectura de esta y de estar conforme, puede aceptar voluntariamente mediante la marcaci\u00f3n de las casillas dispuestas a tal efecto.\u00a0<\/span><\/li>\r\n<\/ul>\r\n&nbsp;\r\n\r\n<span style=\"font-weight: 400;\">En cualquier momento puede cambiar de opini\u00f3n y retirar su consentimiento.\u00a0<\/span>\r\n\r\n<span style=\"font-weight: 400;\">En el caso de que el usuario sea menor de 14 a\u00f1os, ser\u00e1 necesario contar con el consentimiento de los padres, tutores o representante legal, para tratar sus datos.\u00a0<\/span>\r\n\r\n<span style=\"font-weight: 400;\">El usuario es el \u00fanico responsable de la veracidad de los datos que nos remite.\u00a0<\/span>\r\n\r\n<hr \/>\r\n\r\n<h4>6. Conservaci\u00f3n de datos<\/h4>\r\n<span style=\"font-weight: 400;\">Los datos personales proporcionados se conservar\u00e1n durante el tiempo necesario para cumplir con la finalidad para la que se recaban, durante el tiempo que nos exijan las leyes y mientras sea necesario para depurar posibles responsabilidades que se pudieran derivar de la finalidad.<\/span>\r\n\r\n<span style=\"font-weight: 400;\">En el caso de solicitudes de empleo, se conservar\u00e1n durante el plazo m\u00e1ximo de 1 a\u00f1o o hasta que el interesado nos solicite suprimir sus datos.<\/span>\r\n\r\n<hr \/>\r\n\r\n<h4>7. Elaboraci\u00f3n de perfiles<\/h4>\r\n<span style=\"font-weight: 400;\">No elaboramos perfiles utilizando sus datos personales, pero en el caso de hacerlo se le informar\u00e1 y solicitar\u00e1 permiso previo para hacerlo.<\/span>\r\n\r\n<span style=\"font-weight: 400;\">Del mismo modo, tiene el derecho a oponerse a este tipo de tratamiento en cualquier momento.\u00a0<\/span>\r\n\r\n<hr \/>\r\n\r\n<h4>8. Cesi\u00f3n de datos<\/h4>\r\n<span style=\"font-weight: 400;\">Si es un solicitante de empleo, solicitante de informaci\u00f3n o usuario de nuestro sitio web, sus datos no se ceder\u00e1n a entidades terceras, salvo que legalmente nos veamos obligados a ello.<\/span>\r\n\r\n<span style=\"font-weight: 400;\">Si es solicitante de empleo, sus datos podr\u00e1n ser cedidos a otras empresas de nuestro grupo, aunque le solicitaremos autorizaci\u00f3n para ello.<\/span>\r\n\r\n<span style=\"font-weight: 400;\">Si es cliente o proveedor, sus datos personales podr\u00e1n ser cedidos a entidades terceras p\u00fabicas y privadas por obligaci\u00f3n legal (e.g. Agencia Tributaria), o en aquellos casos en los que sea necesario para prestarle nuestros servicios o pagar facturas (e.g. entidades bancarias).<\/span>\r\n\r\n<span style=\"font-weight: 400;\">Asimismo, sus datos personales en calidad de cliente o proveedor podr\u00e1n ser tratados por algunos proveedores a los que delegamos alguna de nuestras obligaciones (ejem. asesores contables). Todos ellos se han comprometido, mediante un contrato de encargado de tratamiento, a cumplir con las mismas medidas de seguridad implantadas por nuestra entidad, as\u00ed como a someterse al deber de secreto y confidencialidad sobre los datos personales tratados.<\/span>\r\n\r\n<span style=\"font-weight: 400;\">En caso de cesiones a otras entidades o a otros pa\u00edses fuera del EEE, le informaremos y solicitaremos su consentimiento previo y expreso.<\/span>\r\n\r\n<hr \/>\r\n\r\n<h4>9. Medidas de Seguridad<\/h4>\r\n<span style=\"font-weight: 400;\">Nuestra entidad ha implantado todas las medidas t\u00e9cnicas y organizativas necesarias para proteger los datos personales tratados, evitando su p\u00e9rdida, robo o uso no autorizado.<\/span>\r\n\r\n<span style=\"font-weight: 400;\">Dichas medidas se han creado en funci\u00f3n del tipo de datos tratados y las finalidades que motivan dicho tratamiento. Estas son verificadas peri\u00f3dicamente en nuestros controles de cumplimiento de la normativa de protecci\u00f3n de datos personales y mediante auditor\u00edas externas.<\/span>\r\n\r\n<hr \/>\r\n\r\n<h4>10. Derechos de los interesados<\/h4>\r\n<p style=\"font-weight: 400;\">Usted tiene derecho a conocer si nuestra entidad est\u00e1 tratando sus datos personales; por tanto, tiene derecho a acceder a sus datos, rectificarlos si son inexactos o solicitar su supresi\u00f3n cuando los datos ya no sean necesarios.<\/p>\r\n\r\n<p style=\"font-weight: 400;\">Tambi\u00e9n puede ejercer su derecho de oposici\u00f3n, limitaci\u00f3n o portabilidad si as\u00ed lo estima conveniente y para ello puede realizarlo por escrito mediante correo electr\u00f3nico a <\/span><a href=\"mailto:tlv@translevante.es\"><span style=\"font-weight: 400;\">tlv@translevante.es<\/span><\/a><span style=\"font-weight: 400;\"> adjuntando copia de su DNI para identificarle.<\/p>\r\n\r\n<p style=\"font-weight: 400;\">Si desea trasladar alguna sugerencia, queja o consulta sobre el tratamiento que nuestra entidad realiza sobre sus datos personales, puede contactar con nuestros consultores de protecci\u00f3n de datos:<\/p>\r\n\r\n<p><strong>BUSINESS ADAPTER, S.L.<\/strong><\/p>\r\n\r\n<p style=\"font-weight: 400;\">Ronda Guglielmo Marconi, 11, 26, (Parque Tecnol\u00f3gico) 46980 Paterna (Valencia).<\/p>\r\n\r\n<p style=\"font-weight: 400;\">E-mail: info@businessadapter.es<\/span> <span style=\"font-weight: 400;\">\u00a0<\/p>\r\n\r\n<p style=\"font-weight: 400;\">Web: https:\/\/www.businessadapter.es\/<\/p>\r\n\r\n&nbsp;\r\n\r\n<p style=\"font-weight: 400;\">Si quien desea ejercer sus derechos es menor de 14 a\u00f1os, podr\u00e1 ejercerlos a trav\u00e9s de sus padres, tutores o representante legal.<\/p>\r\n\r\n<p style=\"font-weight: 400;\">Si quiere realizar una reclamaci\u00f3n por entender que sus derechos han sido vulnerados, puede hacerlo ante la Agencia Espa\u00f1ola de Protecci\u00f3n de Datos, C\/ Jorge Juan, 6, 28001 Madrid o en www.aepd.es.<\/p>\r\n\r\n<hr \/>\r\n\r\n<h4>11. Compromiso con la Protecci\u00f3n de datos personales<\/h4>\r\n&nbsp;\r\n<ul>\r\n \t<li><b>\u00c1mbito de aplicaci\u00f3n: <\/b>Nuestro compromiso con la protecci\u00f3n de los datos personales ser\u00e1 de obligado cumplimiento para todos los departamentos, personas trabajadoras de nuestra entidad y aquellos que act\u00faen en nuestro nombre.<\/li>\r\n \t<li><b>Objeto: <\/b>Hemos establecido unos protocolos de actuaci\u00f3n para el tratamiento de datos personales, de acuerdo con lo dispuesto en la normatividad espa\u00f1ola y europea de protecci\u00f3n de datos.<\/li>\r\n \t<li><b>Principios : <\/b>Licitud, Lealtad, Transparencia, Minimizaci\u00f3n de los datos, Exactitud, Limitaci\u00f3n del plazo de conservaci\u00f3n, Integridad, Confidencialidad y Responsabilidad activa.<\/li>\r\n \t<li><b>Categor\u00eda especial de datos: <\/b>Se proh\u00edbe el tratamiento de datos personales que revelen el origen \u00e9tnico o racial, las opiniones pol\u00edticas, las convicciones religiosas o filos\u00f3ficas, la afiliaci\u00f3n sindical, el tratamiento de datos gen\u00e9ticos o biom\u00e9tricos, datos relativos a la salud o datos relativos a la orientaci\u00f3n sexual, salvo en las excepciones autorizadas legalmente y con el consentimiento previo del interesado.<\/li>\r\n \t<li><b>Derechos de los interesados: <\/b>Los interesados gozar\u00e1n del derecho de acceso a sus datos personales, as\u00ed como a rectificarlos cuando sean inexactos, suprimirlos cuando ya no sean necesarios o no se desee su tratamiento, limitarlos a ciertos tratamientos, tener la posibilidad de recibir sus datos con facilidad y en formatos estructurados y de uso com\u00fan del responsable, as\u00ed como que sus datos sean utilizados para la elaboraci\u00f3n de perfiles y oponerse al tratamiento en cualquier momento.<\/li>\r\n \t<li><b>Registro de Actividades, Evaluaci\u00f3n de Impacto y Medidas de Seguridad: <\/b>Nuestra entidad llevar\u00e1 a cabo un registro de las actividades de tratamiento y analizar\u00e1 los fines del tratamiento, categor\u00edas de los interesados y de datos, destinatarios, transferencias internacionales plazos de conservaci\u00f3n, etc., para evaluar los riegos del tratamiento e implantar las medidas de seguridad necesarias para garantizar la confidencialidad, integridad y disponibilidad de los datos personales. Asimismo, hemos analizado la necesidad de elaborar una Evaluaci\u00f3n de Impacto y designar un Delegado de Protecci\u00f3n de Datos, estableciendo en caso de ser necesario, que la persona designada para este puesto cumpla con los conocimientos y experiencia suficientes atendiendo lo establecido en la normativa vigente.<\/li>\r\n \t<li><b>Control: <\/b>Asimismo, contamos con consultores externos que monitorizan cualquier publicaci\u00f3n realizada por los \u00f3rganos de control competentes y otras entidades europeas y espa\u00f1olas relacionadas con la Normativa de protecci\u00f3n de datos, con el fin de cumplir con todas las novedades legales.<\/li>\r\n<\/ul>\r\n&nbsp;\r\n\r\n<span style=\"font-weight: 400;\">La Direcci\u00f3n<\/span>\r\n\r\n<span style=\"font-weight: 400;\">Actualizado el 14 de octubre de 2021<\/span>\r\n\r\n&nbsp;","protected":false},"excerpt":{"rendered":"<p>1. Objeto Esta Pol\u00edtica de Privacidad tiene por objeto dar a conocer el modo en que recabamos, tratamos y protegemos los datos personales que Usted como Usuario nos ha facilitado, por medio de nuestra p\u00e1gina web o blog (en adelante Sitio Web) y decida libremente si desea que los tratemos. \u00a0 Asimismo, pretende dar cumplimiento [&hellip;]<\/p>\n","protected":false},"author":1,"featured_media":0,"parent":0,"menu_order":0,"comment_status":"closed","ping_status":"open","template":"","meta":{"footnotes":""},"class_list":["post-3","page","type-page","status-publish","hentry"],"_links":{"self":[{"href":"https:\/\/borradorproyectos.es\/translevante\/wp-json\/wp\/v2\/pages\/3","targetHints":{"allow":["GET"]}}],"collection":[{"href":"https:\/\/borradorproyectos.es\/translevante\/wp-json\/wp\/v2\/pages"}],"about":[{"href":"https:\/\/borradorproyectos.es\/translevante\/wp-json\/wp\/v2\/types\/page"}],"author":[{"embeddable":true,"href":"https:\/\/borradorproyectos.es\/translevante\/wp-json\/wp\/v2\/users\/1"}],"replies":[{"embeddable":true,"href":"https:\/\/borradorproyectos.es\/translevante\/wp-json\/wp\/v2\/comments?post=3"}],"version-history":[{"count":11,"href":"https:\/\/borradorproyectos.es\/translevante\/wp-json\/wp\/v2\/pages\/3\/revisions"}],"predecessor-version":[{"id":1644,"href":"https:\/\/borradorproyectos.es\/translevante\/wp-json\/wp\/v2\/pages\/3\/revisions\/1644"}],"wp:attachment":[{"href":"https:\/\/borradorproyectos.es\/translevante\/wp-json\/wp\/v2\/media?parent=3"}],"curies":[{"name":"wp","href":"https:\/\/api.w.org\/{rel}","templated":true}]}}