{"id":145,"date":"2019-11-14T09:27:25","date_gmt":"2019-11-14T09:27:25","guid":{"rendered":"http:\/\/shtheme.com\/demosd\/transpixwp\/?page_id=145"},"modified":"2022-10-27T19:08:54","modified_gmt":"2022-10-27T17:08:54","slug":"trafico-terrestre-tir","status":"publish","type":"page","link":"https:\/\/borradorproyectos.es\/translevante\/trafico-terrestre-tir\/","title":{"rendered":"Tr\u00e1fico Terrestre TIR"},"content":{"rendered":"\t\t<div data-elementor-type=\"wp-post\" data-elementor-id=\"145\" class=\"elementor elementor-145\">\n\t\t\t\t\t\t<div class=\"elementor-inner\">\n\t\t\t\t<div class=\"elementor-section-wrap\">\n\t\t\t\t\t\t\t\t\t<section class=\"elementor-section elementor-top-section elementor-element elementor-element-31b3880 elementor-reverse-mobile elementor-section-boxed elementor-section-height-default elementor-section-height-default\" data-id=\"31b3880\" data-element_type=\"section\">\n\t\t\t\t\t\t<div class=\"elementor-container elementor-column-gap-default\">\n\t\t\t\t\t\t\t<div class=\"elementor-row\">\n\t\t\t\t\t<div class=\"elementor-column elementor-col-50 elementor-top-column elementor-element elementor-element-0af953e\" data-id=\"0af953e\" data-element_type=\"column\">\n\t\t\t<div class=\"elementor-column-wrap elementor-element-populated\">\n\t\t\t\t\t\t\t<div class=\"elementor-widget-wrap\">\n\t\t\t\t\t\t<div class=\"elementor-element elementor-element-e7c19ac elementor-widget elementor-widget-heading\" data-id=\"e7c19ac\" data-element_type=\"widget\" data-widget_type=\"heading.default\">\n\t\t\t\t<div class=\"elementor-widget-container\">\n\t\t\t<h2 class=\"elementor-heading-title elementor-size-default\">Tr\u00e1fico Terrestre TIR<\/h2>\t\t<\/div>\n\t\t\t\t<\/div>\n\t\t\t\t<div class=\"elementor-element elementor-element-d6390ca elementor-widget elementor-widget-text-editor\" data-id=\"d6390ca\" data-element_type=\"widget\" data-widget_type=\"text-editor.default\">\n\t\t\t\t<div class=\"elementor-widget-container\">\n\t\t\t\t\t\t\t\t<div class=\"elementor-text-editor elementor-clearfix\">\n\t\t\t\t<p><span style=\"font-weight: 400;\">Translevante ofrece servicios de camiones completos y grupajes desde y hacia todos los pa\u00edses de Europa, con env\u00edos semanales. Destacamos el servicio con los Pa\u00edses N\u00f3rdicos y B\u00e1lticos, y Reino Unido.\u00a0<\/span><\/p><p><span style=\"font-weight: 400;\">Contamos con agentes en toda Europa que nos permite dar una gesti\u00f3n log\u00edstica integral, door to door, haciendo seguimiento de la mercanc\u00eda desde el momento de la recogida hasta su entrega en el destino final.\u00a0<\/span><\/p><p><span style=\"font-weight: 400;\">Tambi\u00e9n ofrecemos servicio de recogidas y entregas a nivel nacional, con entregas puntuales en cualquier punto del territorio espa\u00f1ol.\u00a0<\/span><\/p><p><span style=\"font-weight: 400;\">Nuestro equipo de expertos les ofrecer\u00e1 siempre la mejor soluci\u00f3n en funci\u00f3n de las necesidades en cada momento, utilizando siempre transportistas certificados y seleccionados de acuerdo a nuestros est\u00e1ndares de seguridad y calidad.<\/span><\/p>\t\t\t\t\t<\/div>\n\t\t\t\t\t\t<\/div>\n\t\t\t\t<\/div>\n\t\t\t\t\t\t<\/div>\n\t\t\t\t\t<\/div>\n\t\t<\/div>\n\t\t\t\t<div class=\"elementor-column elementor-col-50 elementor-top-column elementor-element elementor-element-3a77902\" data-id=\"3a77902\" data-element_type=\"column\">\n\t\t\t<div class=\"elementor-column-wrap elementor-element-populated\">\n\t\t\t\t\t\t\t<div class=\"elementor-widget-wrap\">\n\t\t\t\t\t\t<div class=\"elementor-element elementor-element-02fc1a6 elementor-widget elementor-widget-image\" data-id=\"02fc1a6\" data-element_type=\"widget\" data-widget_type=\"image.default\">\n\t\t\t\t<div class=\"elementor-widget-container\">\n\t\t\t\t\t\t\t\t<div class=\"elementor-image\">\n\t\t\t\t\t\t\t\t\t\t\t\t<img loading=\"lazy\" decoding=\"async\" width=\"560\" height=\"560\" src=\"https:\/\/borradorproyectos.es\/translevante\/wp-content\/uploads\/2019\/12\/gallery_2.jpg\" class=\"attachment-large size-large\" alt=\"\" srcset=\"https:\/\/borradorproyectos.es\/translevante\/wp-content\/uploads\/2019\/12\/gallery_2.jpg 560w, https:\/\/borradorproyectos.es\/translevante\/wp-content\/uploads\/2019\/12\/gallery_2-300x300.jpg 300w, https:\/\/borradorproyectos.es\/translevante\/wp-content\/uploads\/2019\/12\/gallery_2-150x150.jpg 150w\" sizes=\"auto, (max-width: 560px) 100vw, 560px\" \/>\t\t\t\t\t\t\t\t\t\t\t\t\t\t<\/div>\n\t\t\t\t\t\t<\/div>\n\t\t\t\t<\/div>\n\t\t\t\t\t\t<\/div>\n\t\t\t\t\t<\/div>\n\t\t<\/div>\n\t\t\t\t\t\t\t\t<\/div>\n\t\t\t\t\t<\/div>\n\t\t<\/section>\n\t\t\t\t<section class=\"elementor-section elementor-top-section elementor-element elementor-element-5c63eca elementor-section-boxed elementor-section-height-default elementor-section-height-default\" data-id=\"5c63eca\" data-element_type=\"section\" data-settings=\"{&quot;background_background&quot;:&quot;classic&quot;}\">\n\t\t\t\t\t\t<div class=\"elementor-container elementor-column-gap-default\">\n\t\t\t\t\t\t\t<div class=\"elementor-row\">\n\t\t\t\t\t<div class=\"elementor-column elementor-col-100 elementor-top-column elementor-element elementor-element-abc7867\" data-id=\"abc7867\" data-element_type=\"column\">\n\t\t\t<div class=\"elementor-column-wrap elementor-element-populated\">\n\t\t\t\t\t\t\t<div class=\"elementor-widget-wrap\">\n\t\t\t\t\t\t<div class=\"elementor-element elementor-element-dc7a3e5 elementor-widget elementor-widget-shortcode\" data-id=\"dc7a3e5\" data-element_type=\"widget\" data-widget_type=\"shortcode.default\">\n\t\t\t\t<div class=\"elementor-widget-container\">\n\t\t\t\t\t<div class=\"elementor-shortcode\"><h4>Utilice el formulario para solicitar m\u00e1s informaci\u00f3n.<\/h4><br>\n<div role=\"form\" class=\"wpcf7\" id=\"wpcf7-f1225-o1\" lang=\"en-US\" dir=\"ltr\">\n<div class=\"screen-reader-response\"><p role=\"status\" aria-live=\"polite\" aria-atomic=\"true\"><\/p> <ul><\/ul><\/div>\n<form action=\"\/translevante\/wp-json\/wp\/v2\/pages\/145#wpcf7-f1225-o1\" method=\"post\" class=\"wpcf7-form init\" novalidate=\"novalidate\" data-status=\"init\">\n<div style=\"display: none;\">\n<input type=\"hidden\" name=\"_wpcf7\" value=\"1225\" \/>\n<input type=\"hidden\" name=\"_wpcf7_version\" value=\"5.6.4\" \/>\n<input type=\"hidden\" name=\"_wpcf7_locale\" value=\"en_US\" \/>\n<input type=\"hidden\" name=\"_wpcf7_unit_tag\" value=\"wpcf7-f1225-o1\" \/>\n<input type=\"hidden\" name=\"_wpcf7_container_post\" value=\"0\" \/>\n<input type=\"hidden\" name=\"_wpcf7_posted_data_hash\" value=\"\" \/>\n<\/div>\n<div>\n<div class=\"row\">\n<div class=\"col-lg-6\">\n<div class=\"form-element\"><span class=\"wpcf7-form-control-wrap\" data-name=\"names\"><input type=\"text\" name=\"names\" value=\"\" size=\"40\" class=\"wpcf7-form-control wpcf7-text wpcf7-validates-as-required\" aria-required=\"true\" aria-invalid=\"false\" placeholder=\"Nombre\" \/><\/span><\/div>\n<\/div>\n<div class=\"col-lg-6\">\n<div class=\"form-element\"><span class=\"wpcf7-form-control-wrap\" data-name=\"Empresa\"><input type=\"text\" name=\"Empresa\" value=\"\" size=\"40\" class=\"wpcf7-form-control wpcf7-text wpcf7-validates-as-required\" aria-required=\"true\" aria-invalid=\"false\" placeholder=\"Empresa\" \/><\/span><\/div>\n<\/div>\n<div class=\"col-lg-6\">\n<div class=\"form-element\"><span class=\"wpcf7-form-control-wrap\" data-name=\"email\"><input type=\"email\" name=\"email\" value=\"\" size=\"40\" class=\"wpcf7-form-control wpcf7-text wpcf7-email wpcf7-validates-as-required wpcf7-validates-as-email\" aria-required=\"true\" aria-invalid=\"false\" placeholder=\"Email\" \/><\/span><\/div>\n<\/div>\n<div class=\"col-lg-6\">\n<div class=\"form-element\"><span class=\"wpcf7-form-control-wrap\" data-name=\"phone\"><input type=\"text\" name=\"phone\" value=\"\" size=\"40\" class=\"wpcf7-form-control wpcf7-text wpcf7-validates-as-required\" aria-required=\"true\" aria-invalid=\"false\" placeholder=\"Tel\u00e9fono\" \/><\/span><\/div>\n<\/div>\n<div class=\"col-lg-12\">\n<div class=\"form-element\"><span class=\"wpcf7-form-control-wrap\" data-name=\"textarea-623\"><textarea name=\"textarea-623\" cols=\"40\" rows=\"10\" class=\"wpcf7-form-control wpcf7-textarea\" aria-invalid=\"false\" placeholder=\"Mercanc\u00eda a trasladar\"><\/textarea><\/span><\/div>\n<\/div>\n<div class=\"col-lg-12\">\n<span class=\"wpcf7-form-control-wrap\" data-name=\"acceptance-661\"><span class=\"wpcf7-form-control wpcf7-acceptance\"><span class=\"wpcf7-list-item\"><label><input type=\"checkbox\" name=\"acceptance-661\" value=\"1\" aria-invalid=\"false\" \/><span class=\"wpcf7-list-item-label\">He le\u00eddo y acepto la <a href=\"https:\/\/borradorproyectos.es\/translevante\/politica-privacidad\/\">pol\u00edtica de privacidad<\/a><\/span><\/label><\/span><\/span><\/span><\/p>\n<div class=\"form-element mb-0\"><input type=\"submit\" value=\"Enviar\" class=\"wpcf7-form-control has-spinner wpcf7-submit\" \/><\/div>\n<\/div>\n<\/div>\n<\/div>\n<div class=\"wpcf7-response-output\" aria-hidden=\"true\"><\/div><\/form><\/div><\/div>\n\t\t\t\t<\/div>\n\t\t\t\t<\/div>\n\t\t\t\t\t\t<\/div>\n\t\t\t\t\t<\/div>\n\t\t<\/div>\n\t\t\t\t\t\t\t\t<\/div>\n\t\t\t\t\t<\/div>\n\t\t<\/section>\n\t\t\t\t\t\t\t\t\t<\/div>\n\t\t\t<\/div>\n\t\t\t\t\t<\/div>\n\t\t","protected":false},"excerpt":{"rendered":"<p>Tr\u00e1fico Terrestre TIR Translevante ofrece servicios de camiones completos y grupajes desde y hacia todos los pa\u00edses de Europa, con env\u00edos semanales. Destacamos el servicio con los Pa\u00edses N\u00f3rdicos y B\u00e1lticos, y Reino Unido.\u00a0Contamos con agentes en toda Europa que nos permite dar una gesti\u00f3n log\u00edstica integral, door to door, haciendo seguimiento de la mercanc\u00eda [&hellip;]<\/p>\n","protected":false},"author":1,"featured_media":0,"parent":0,"menu_order":0,"comment_status":"closed","ping_status":"closed","template":"page-templates\/home-1.php","meta":{"footnotes":""},"class_list":["post-145","page","type-page","status-publish","hentry"],"_links":{"self":[{"href":"https:\/\/borradorproyectos.es\/translevante\/wp-json\/wp\/v2\/pages\/145","targetHints":{"allow":["GET"]}}],"collection":[{"href":"https:\/\/borradorproyectos.es\/translevante\/wp-json\/wp\/v2\/pages"}],"about":[{"href":"https:\/\/borradorproyectos.es\/translevante\/wp-json\/wp\/v2\/types\/page"}],"author":[{"embeddable":true,"href":"https:\/\/borradorproyectos.es\/translevante\/wp-json\/wp\/v2\/users\/1"}],"replies":[{"embeddable":true,"href":"https:\/\/borradorproyectos.es\/translevante\/wp-json\/wp\/v2\/comments?post=145"}],"version-history":[{"count":35,"href":"https:\/\/borradorproyectos.es\/translevante\/wp-json\/wp\/v2\/pages\/145\/revisions"}],"predecessor-version":[{"id":2113,"href":"https:\/\/borradorproyectos.es\/translevante\/wp-json\/wp\/v2\/pages\/145\/revisions\/2113"}],"wp:attachment":[{"href":"https:\/\/borradorproyectos.es\/translevante\/wp-json\/wp\/v2\/media?parent=145"}],"curies":[{"name":"wp","href":"https:\/\/api.w.org\/{rel}","templated":true}]}}