{"id":142,"date":"2019-11-14T09:23:57","date_gmt":"2019-11-14T09:23:57","guid":{"rendered":"http:\/\/shtheme.com\/demosd\/transpixwp\/?page_id=142"},"modified":"2022-06-03T12:13:34","modified_gmt":"2022-06-03T12:13:34","slug":"departamentos","status":"publish","type":"page","link":"https:\/\/borradorproyectos.es\/translevante\/departamentos\/","title":{"rendered":"DEPARTAMENTOS"},"content":{"rendered":"\t\t<div data-elementor-type=\"wp-post\" data-elementor-id=\"142\" class=\"elementor elementor-142\">\n\t\t\t\t\t\t<div class=\"elementor-inner\">\n\t\t\t\t<div class=\"elementor-section-wrap\">\n\t\t\t\t\t\t\t\t\t<section class=\"elementor-section elementor-top-section elementor-element elementor-element-d8da56e elementor-section-full_width elementor-section-height-default elementor-section-height-default\" data-id=\"d8da56e\" data-element_type=\"section\">\n\t\t\t\t\t\t<div class=\"elementor-container elementor-column-gap-default\">\n\t\t\t\t\t\t\t<div class=\"elementor-row\">\n\t\t\t\t\t<div class=\"elementor-column elementor-col-100 elementor-top-column elementor-element elementor-element-6f6f8b9\" data-id=\"6f6f8b9\" data-element_type=\"column\">\n\t\t\t<div class=\"elementor-column-wrap elementor-element-populated\">\n\t\t\t\t\t\t\t<div class=\"elementor-widget-wrap\">\n\t\t\t\t\t\t<div class=\"elementor-element elementor-element-d6e212c elementor-align-left elementor-widget elementor-widget-bdevs-banner\" data-id=\"d6e212c\" data-element_type=\"widget\" data-widget_type=\"bdevs-banner.default\">\n\t\t\t\t<div class=\"elementor-widget-container\">\n\t\t\t\t<div class=\"breadcrumb-area about-breadcrumb-bg\" style=\"background-image: url(https:\/\/borradorproyectos.es\/translevante\/wp-content\/uploads\/2022\/01\/translevante_bg.jpg);\">\n         <div class=\"container\">\n            <div class=\"row\">\n               <div class=\"col-lg-7\">\n                  <div class=\"breadcrumb-txt\">\n                  \t                                         <h1>CONFIANZA, SOLVENCIA Y PROFESIONALIDAD<\/h1>\n                                                          <\/div>\n               <\/div>\n            <\/div>\n         <\/div>\n         <div class=\"breadcrumb-overlay\"><\/div>\n    <\/div>\n\t\t\t<\/div>\n\t\t\t\t<\/div>\n\t\t\t\t\t\t<\/div>\n\t\t\t\t\t<\/div>\n\t\t<\/div>\n\t\t\t\t\t\t\t\t<\/div>\n\t\t\t\t\t<\/div>\n\t\t<\/section>\n\t\t\t\t<section class=\"elementor-section elementor-top-section elementor-element elementor-element-3b756ca elementor-section-full_width elementor-section-height-default elementor-section-height-default\" data-id=\"3b756ca\" data-element_type=\"section\">\n\t\t\t\t\t\t<div class=\"elementor-container elementor-column-gap-default\">\n\t\t\t\t\t\t\t<div class=\"elementor-row\">\n\t\t\t\t\t<div class=\"elementor-column elementor-col-100 elementor-top-column elementor-element elementor-element-ec95538\" data-id=\"ec95538\" data-element_type=\"column\">\n\t\t\t<div class=\"elementor-column-wrap elementor-element-populated\">\n\t\t\t\t\t\t\t<div class=\"elementor-widget-wrap\">\n\t\t\t\t\t\t<div class=\"elementor-element elementor-element-3ed439d departamentos elementor-mobile-align-left elementor-align-left elementor-widget elementor-widget-bdevs-features\" data-id=\"3ed439d\" data-element_type=\"widget\" data-widget_type=\"bdevs-features.default\">\n\t\t\t\t<div class=\"elementor-widget-container\">\n\t\t\t\t\t\t\t<!--  features section start  -->\n\t      <div class=\"features-section\">\n\t         <div class=\"container\">\n\t            <div class=\"row feature-bg feature-content\" style=\"background-image: url(https:\/\/borradorproyectos.es\/translevante\/wp-content\/uploads\/2022\/02\/puerto3.jpg);\">\n\t               <div class=\"col-lg-7 offset-lg-5 pr-0\">\n\t                  <div class=\"features\">\n                  \t\t\t                    \t                     <h2 class=\"subtitle\">NUESTROS DEPARTAMENTOS<\/h2>\n\t                    \t                     <div class=\"feature-lists\">\n\t                     \t\t                        <div class=\"single-feature wow fadeInUp\" data-wow-duration=\"1s\" data-wow-delay=\"0s\">\n\t                           <div class=\"icon-wrapper\">\n\t                           \t\t                           \t\t<i class=\"far fa-bookmark\"><\/i>\n\t                           \t\t                           <\/div>\n\t                           <div class=\"feature-details\">\n\t                           \t\t                              <h4>Direcci\u00f3n<\/h4>\n\t                            \t                            \t                              <p><p>M\u00aa Carmen Tor\u00e1<br>\nDirectora general<br>\nm.tora@translevante.es<\/p>\n<hr>\n<p>Jos\u00e9 Antonio Campa\u00f1a<br>\nDirector de aduanas<br>\nj.campana@translevante.es<\/p> <\/p>\n\t                            \t                           <\/div>\n\t                        <\/div>\n\t                        \t                        <div class=\"single-feature wow fadeInUp\" data-wow-duration=\"1s\" data-wow-delay=\".2s\">\n\t                           <div class=\"icon-wrapper\">\n\t                           \t\t                           \t\t<i class=\"flaticon-email\"><\/i>\n\t                           \t\t                           <\/div>\n\t                           <div class=\"feature-details\">\n\t                           \t\t                              <h4>Administraci\u00f3n<\/h4>\n\t                            \t                            \t                              <p>Maribel Alonso<br>\nm-alonso@translevante.es <\/p>\n\t                            \t                           <\/div>\n\t                        <\/div>\n\t                        \t                        <div class=\"single-feature wow fadeInUp\" data-wow-duration=\"1s\" data-wow-delay=\".4s\">\n\t                           <div class=\"icon-wrapper\">\n\t                           \t\t                           \t\t<i class=\"fas fa-ship\"><\/i>\n\t                           \t\t                           <\/div>\n\t                           <div class=\"feature-details\">\n\t                           \t\t                              <h4>Mar\u00edtimo<\/h4>\n\t                            \t                            \t                              <p>M\u00aa Jes\u00fas Garc\u00eda<br>\nm.garcia@translevante.es <\/p>\n\t                            \t                           <\/div>\n\t                        <\/div>\n\t                        \t                        <div class=\"single-feature wow fadeInUp\" data-wow-duration=\"1s\" data-wow-delay=\".4s\">\n\t                           <div class=\"icon-wrapper\">\n\t                           \t\t                           \t\t<i class=\"flaticon-worldwide\"><\/i>\n\t                           \t\t                           <\/div>\n\t                           <div class=\"feature-details\">\n\t                           \t\t                              <h4>Cross Trade<\/h4>\n\t                            \t                            \t                              <p>Mario\u00a0 Barcel\u00f3<br>\nm.barcelo@translevante.es <\/p>\n\t                            \t                           <\/div>\n\t                        <\/div>\n\t                        \t                        <div class=\"single-feature wow fadeInUp\" data-wow-duration=\"1s\" data-wow-delay=\".4s\">\n\t                           <div class=\"icon-wrapper\">\n\t                           \t\t                           \t\t<i class=\"fas fa-plane\"><\/i>\n\t                           \t\t                           <\/div>\n\t                           <div class=\"feature-details\">\n\t                           \t\t                              <h4>A\u00e9reo<\/h4>\n\t                            \t                            \t                              <p>Jos\u00e9 Miguel L\u00f3pez<br>\njm.lopez@translevante.es <\/p>\n\t                            \t                           <\/div>\n\t                        <\/div>\n\t                        \t                        <div class=\"single-feature wow fadeInUp\" data-wow-duration=\"1s\" data-wow-delay=\".4s\">\n\t                           <div class=\"icon-wrapper\">\n\t                           \t\t                           \t\t<i class=\"fas fa-truck\"><\/i>\n\t                           \t\t                           <\/div>\n\t                           <div class=\"feature-details\">\n\t                           \t\t                              <h4>Tir \/ N\u00e1utica<\/h4>\n\t                            \t                            \t                              <p>Jos\u00e9 Lu\u00eds L\u00f3pez<br>\nj.lopez@translevante.es <\/p>\n\t                            \t                           <\/div>\n\t                        <\/div>\n\t                        \t                        <div class=\"single-feature wow fadeInUp\" data-wow-duration=\"1s\" data-wow-delay=\".4s\">\n\t                           <div class=\"icon-wrapper\">\n\t                           \t\t                           \t\t<i class=\"far fa-arrow-alt-circle-right\"><\/i>\n\t                           \t\t                           <\/div>\n\t                           <div class=\"feature-details\">\n\t                           \t\t                              <h4>Aduanas Exportaci\u00f3n<\/h4>\n\t                            \t                            \t                              <p>Jos\u00e9 Lu\u00eds Navarro<br>\nj.navarro@translevante.es <\/p>\n\t                            \t                           <\/div>\n\t                        <\/div>\n\t                        \t                        <div class=\"single-feature wow fadeInUp\" data-wow-duration=\"1s\" data-wow-delay=\".4s\">\n\t                           <div class=\"icon-wrapper\">\n\t                           \t\t                           \t\t<i class=\"far fa-arrow-alt-circle-left\"><\/i>\n\t                           \t\t                           <\/div>\n\t                           <div class=\"feature-details\">\n\t                           \t\t                              <h4>Aduanas Importaci\u00f3n<\/h4>\n\t                            \t                            \t                              <p>Roberto Jim\u00e9nez<br>\nr.jimenez@translevante.es <\/p>\n\t                            \t                           <\/div>\n\t                        <\/div>\n\t                        \t                     <\/div>\n\t                  <\/div>\n\t               <\/div>\n\t            <\/div>\n\t         <\/div>\n\t      <\/div>\n\t      <!--  features section end  -->\n\t      \t\t\t<\/div>\n\t\t\t\t<\/div>\n\t\t\t\t\t\t<\/div>\n\t\t\t\t\t<\/div>\n\t\t<\/div>\n\t\t\t\t\t\t\t\t<\/div>\n\t\t\t\t\t<\/div>\n\t\t<\/section>\n\t\t\t\t\t\t\t\t\t<\/div>\n\t\t\t<\/div>\n\t\t\t\t\t<\/div>\n\t\t","protected":false},"excerpt":{"rendered":"<p>CONFIANZA, SOLVENCIA Y PROFESIONALIDAD NUESTROS DEPARTAMENTOS Direcci\u00f3n M\u00aa Carmen Tor\u00e1 Directora general m.tora@translevante.es Jos\u00e9 Antonio Campa\u00f1a Director de aduanas j.campana@translevante.es Administraci\u00f3n Maribel Alonso m-alonso@translevante.es Mar\u00edtimo M\u00aa Jes\u00fas Garc\u00eda m.garcia@translevante.es Cross Trade Mario\u00a0 Barcel\u00f3 m.barcelo@translevante.es A\u00e9reo Jos\u00e9 Miguel L\u00f3pez jm.lopez@translevante.es Tir \/ N\u00e1utica Jos\u00e9 Lu\u00eds L\u00f3pez j.lopez@translevante.es Aduanas Exportaci\u00f3n Jos\u00e9 Lu\u00eds Navarro j.navarro@translevante.es Aduanas Importaci\u00f3n Roberto [&hellip;]<\/p>\n","protected":false},"author":1,"featured_media":0,"parent":0,"menu_order":0,"comment_status":"closed","ping_status":"closed","template":"page-templates\/home-1.php","meta":{"footnotes":""},"class_list":["post-142","page","type-page","status-publish","hentry"],"_links":{"self":[{"href":"https:\/\/borradorproyectos.es\/translevante\/wp-json\/wp\/v2\/pages\/142","targetHints":{"allow":["GET"]}}],"collection":[{"href":"https:\/\/borradorproyectos.es\/translevante\/wp-json\/wp\/v2\/pages"}],"about":[{"href":"https:\/\/borradorproyectos.es\/translevante\/wp-json\/wp\/v2\/types\/page"}],"author":[{"embeddable":true,"href":"https:\/\/borradorproyectos.es\/translevante\/wp-json\/wp\/v2\/users\/1"}],"replies":[{"embeddable":true,"href":"https:\/\/borradorproyectos.es\/translevante\/wp-json\/wp\/v2\/comments?post=142"}],"version-history":[{"count":146,"href":"https:\/\/borradorproyectos.es\/translevante\/wp-json\/wp\/v2\/pages\/142\/revisions"}],"predecessor-version":[{"id":1610,"href":"https:\/\/borradorproyectos.es\/translevante\/wp-json\/wp\/v2\/pages\/142\/revisions\/1610"}],"wp:attachment":[{"href":"https:\/\/borradorproyectos.es\/translevante\/wp-json\/wp\/v2\/media?parent=142"}],"curies":[{"name":"wp","href":"https:\/\/api.w.org\/{rel}","templated":true}]}}