{"id":136,"date":"2019-11-14T08:55:19","date_gmt":"2019-11-14T08:55:19","guid":{"rendered":"http:\/\/shtheme.com\/demosd\/transpixwp\/?page_id=136"},"modified":"2022-10-10T11:20:48","modified_gmt":"2022-10-10T09:20:48","slug":"quienes-somos","status":"publish","type":"page","link":"https:\/\/borradorproyectos.es\/translevante\/quienes-somos\/","title":{"rendered":"QUI\u00c9NES SOMOS"},"content":{"rendered":"\t\t<div data-elementor-type=\"wp-post\" data-elementor-id=\"136\" class=\"elementor elementor-136\">\n\t\t\t\t\t\t<div class=\"elementor-inner\">\n\t\t\t\t<div class=\"elementor-section-wrap\">\n\t\t\t\t\t\t\t\t\t<section class=\"elementor-section elementor-top-section elementor-element elementor-element-a541cdb elementor-section-full_width elementor-section-height-default elementor-section-height-default\" data-id=\"a541cdb\" data-element_type=\"section\">\n\t\t\t\t\t\t<div class=\"elementor-container elementor-column-gap-default\">\n\t\t\t\t\t\t\t<div class=\"elementor-row\">\n\t\t\t\t\t<div class=\"elementor-column elementor-col-100 elementor-top-column elementor-element elementor-element-da95bfb\" data-id=\"da95bfb\" data-element_type=\"column\">\n\t\t\t<div class=\"elementor-column-wrap elementor-element-populated\">\n\t\t\t\t\t\t\t<div class=\"elementor-widget-wrap\">\n\t\t\t\t\t\t<div class=\"elementor-element elementor-element-ca12eb6 elementor-align-left elementor-widget elementor-widget-bdevs-banner\" data-id=\"ca12eb6\" data-element_type=\"widget\" data-widget_type=\"bdevs-banner.default\">\n\t\t\t\t<div class=\"elementor-widget-container\">\n\t\t\t\t<div class=\"breadcrumb-area about-breadcrumb-bg\" style=\"background-image: url(https:\/\/borradorproyectos.es\/translevante\/wp-content\/uploads\/2022\/02\/bg_barco2022.jpg);\">\n         <div class=\"container\">\n            <div class=\"row\">\n               <div class=\"col-lg-7\">\n                  <div class=\"breadcrumb-txt\">\n                  \t                                         <h1>tu proveedor de servicios de transporte<\/h1>\n                                                          <\/div>\n               <\/div>\n            <\/div>\n         <\/div>\n         <div class=\"breadcrumb-overlay\"><\/div>\n    <\/div>\n\t\t\t<\/div>\n\t\t\t\t<\/div>\n\t\t\t\t\t\t<\/div>\n\t\t\t\t\t<\/div>\n\t\t<\/div>\n\t\t\t\t\t\t\t\t<\/div>\n\t\t\t\t\t<\/div>\n\t\t<\/section>\n\t\t\t\t<section class=\"elementor-section elementor-top-section elementor-element elementor-element-920029e elementor-section-full_width elementor-section-height-default elementor-section-height-default\" data-id=\"920029e\" data-element_type=\"section\">\n\t\t\t\t\t\t<div class=\"elementor-container elementor-column-gap-default\">\n\t\t\t\t\t\t\t<div class=\"elementor-row\">\n\t\t\t\t\t<div class=\"elementor-column elementor-col-100 elementor-top-column elementor-element elementor-element-26c7b07\" data-id=\"26c7b07\" data-element_type=\"column\">\n\t\t\t<div class=\"elementor-column-wrap elementor-element-populated\">\n\t\t\t\t\t\t\t<div class=\"elementor-widget-wrap\">\n\t\t\t\t\t\t<div class=\"elementor-element elementor-element-11f11d4 elementor-align-left elementor-widget elementor-widget-bdevs-about\" data-id=\"11f11d4\" data-element_type=\"widget\" data-widget_type=\"bdevs-about.default\">\n\t\t\t\t<div class=\"elementor-widget-container\">\n\t\t\t\t\t\t      <div class=\"about-section about\">\n\t         <div class=\"container\">\n\t            <div class=\"row\">\n\t               <div class=\"col-xl-5 col-lg-6\">\n\t                  <div class=\"outer\">\n\t                     <div class=\"inner\">\n\t                        <div class=\"about-txt\">\n\t                        \t\t\t\t                    \t\t\t                     <h2 class=\"subtitle\">TRANSPORTE INTERNACIONAL DE MERCANC\u00cdAS<\/h2>\n\t\t\t                    \t\t\t                    \t\t\t                    <p><span style=\"font-weight: 400\">Translevante SA ofrece servicio log\u00edstico integral de exportaci\u00f3n e importaci\u00f3n desde y hasta cualquier pa\u00eds del mundo, mediante transporte mar\u00edtimo, terrestre y a\u00e9reo.\u00a0<\/span><\/p><p><span style=\"font-weight: 400\">Estudiamos las ofertas de las diferentes navieras para ofrecer a nuestros clientes un servicio de calidad, teniendo en cuenta todas las variables posibles, tales como precios, tiempos de tr\u00e1nsito, disponibilidad, \u2026 etc. Todo ello para poder ofrecer nuestros servicios a precios competitivos, buscando siempre las mejores opciones\u00a0<\/span><\/p><p><span style=\"font-weight: 400\">Tambi\u00e9n ofrecemos gesti\u00f3n aduanera, as\u00ed como asesoramiento en cuanto a cualquier tipo de env\u00edo desde o hasta cualquier ciudad espa\u00f1ola.\u00a0<\/span><\/p><p><span style=\"font-weight: 400\">Damos especial importancia a la atenci\u00f3n al cliente, dando en todo momento un servicio personalizado que se ha convertido en nuestra se\u00f1a de identidad.<\/span><\/p>\t\t\t                    \t                           \t<img decoding=\"async\" src=\"\" alt=\"\">\n\t                           \t\t\t                       \t\t                        <\/div>\n\t                     <\/div>\n\t                  <\/div>\n\t               <\/div>\n\t               <div class=\"col-xl-6 offset-xl-1 col-lg-6\">\n\t                  <div class=\"about-right-bg\" style=\"background-image: url(https:\/\/borradorproyectos.es\/translevante\/wp-content\/uploads\/2019\/12\/gallery_4-1.jpg);\">\n\t                  <\/div>\n\t               <\/div>\n\t            <\/div>\n\t            <div class=\"targets\">\n\t               <div class=\"row\">\n               \t\t\t                  <div class=\"col-lg-6\">\n\t                     <div class=\"box wow fadeInUp\" data-wow-duration=\"1s\" data-wow-delay=\".2s\">\n\t                        <div class=\"icon-wrapper\"><i class=\"flaticon-external-link-square-with-an-arrow-in-right-diagonal\"><\/i><\/div>\n\t                        <div class=\"box-details\">\n\t                           <h4>NUESTRA MISI\u00d3N<\/h4>\n\t                           <p>Nuestra misi\u00f3n es hacer que cualquier env\u00edo a lo largo del mundo resulte una tarea muy sencilla para usted. Simplemente cont\u00e1ctenos, cu\u00e9ntenos que quiere enviar o recibir, y nosotros nos encargamos del resto. <\/p>\n\t                        <\/div>\n\t                     <\/div>\n\t                  <\/div>\n\t                \t                  <div class=\"col-lg-6\">\n\t                     <div class=\"box wow fadeInUp\" data-wow-duration=\"1s\" data-wow-delay=\".2s\">\n\t                        <div class=\"icon-wrapper\"><i class=\"flaticon-check\"><\/i><\/div>\n\t                        <div class=\"box-details\">\n\t                           <h4>Nuestra visi\u00f3n<\/h4>\n\t                           <p>Ofrecemos un servicio log\u00edstico integral, pero de una forma f\u00e1cil, cercana y personalizada. Hacemos el mundo peque\u00f1o para usted, poniendo a su alcance cualquier lugar del mundo, de una manera din\u00e1mica y sencilla.\n<\/p>\n\t                        <\/div>\n\t                     <\/div>\n\t                  <\/div>\n\t                \t               <\/div>\n\t            <\/div>\n\t         <\/div>\n\t      <\/div>\n    \t  \t\t\t<\/div>\n\t\t\t\t<\/div>\n\t\t\t\t\t\t<\/div>\n\t\t\t\t\t<\/div>\n\t\t<\/div>\n\t\t\t\t\t\t\t\t<\/div>\n\t\t\t\t\t<\/div>\n\t\t<\/section>\n\t\t\t\t<section class=\"elementor-section elementor-top-section elementor-element elementor-element-27df24c elementor-section-full_width elementor-section-stretched elementor-section-height-default elementor-section-height-default\" data-id=\"27df24c\" data-element_type=\"section\" data-settings=\"{&quot;stretch_section&quot;:&quot;section-stretched&quot;}\">\n\t\t\t\t\t\t<div class=\"elementor-container elementor-column-gap-default\">\n\t\t\t\t\t\t\t<div class=\"elementor-row\">\n\t\t\t\t\t<div class=\"elementor-column elementor-col-100 elementor-top-column elementor-element elementor-element-8476ad3\" data-id=\"8476ad3\" data-element_type=\"column\">\n\t\t\t<div class=\"elementor-column-wrap elementor-element-populated\">\n\t\t\t\t\t\t\t<div class=\"elementor-widget-wrap\">\n\t\t\t\t\t\t<div class=\"elementor-element elementor-element-b40a2c2 elementor-align-left elementor-widget elementor-widget-bdevs-about\" data-id=\"b40a2c2\" data-element_type=\"widget\" data-widget_type=\"bdevs-about.default\">\n\t\t\t\t<div class=\"elementor-widget-container\">\n\t\t\t\t\t\t     <div class=\"about-section home-3\">\n\t         <div class=\"container\">\n\t            <div class=\"row\">\n\t               <div class=\"col-lg-5\">\n\t                  <div class=\"outer\">\n\t                     <div class=\"inner\">\n\t                        <div class=\"about-txt about-bg-3\">\n\t                           \t\t\t                   \t\t\t                     <h2 class=\"subtitle\">nuestra historia<\/h2>\n\t\t\t                   \t                           \t\t\t                     <p><p><span style=\"font-weight: 400\">Fundada en 1982 por el <\/span><b>Sr. Joaqu\u00edn Tor\u00e1 Belenguer<\/b><span style=\"font-weight: 400\">, comenz\u00f3 su andadura con la gesti\u00f3n de tr\u00e1mites aduaneros necesarios para realizar exportaciones.<\/span><\/p><p><span style=\"font-weight: 400\">La empresa se especializa en el <\/span><b>tr\u00e1fico de exportaci\u00f3n mar\u00edtima<\/b><span style=\"font-weight: 400\"> de conservas vegetales y de frutas desde las \u00e1reas de Murcia, Navarra y La Rioja.<\/span><span style=\"font-weight: 400\"><br \/><br \/><\/span><\/p><p><span style=\"font-weight: 400\">Desde su fundaci\u00f3n hasta nuestros d\u00edas, la empresa evoluciona ampliando la oferta de servicios, en respuesta a la demanda de los propios clientes, llevando a la empresa a un crecimiento exponencial, tanto a nivel negocio como a nivel de staff, incluyendo un cambio generacional tanto en el personal como a nivel direcci\u00f3n. Esta evoluci\u00f3n a lo largo de los a\u00f1os ha consolidado el servicio personalizado y el buen hacer como el know how de la empresa.<\/span><\/p> <\/p>\n\t\t\t                   \t                           <img decoding=\"async\" src=\"\" alt=\"\">\n\t                           \t\t                       \t                        <\/div>\n\t                     <\/div>\n\t                  <\/div>\n\t               <\/div>\n\t               <div class=\"col-xl-5 offset-lg-1 col-lg-6\">\n\t                  <div class=\"about-points\">\n\t                  \t\t                     <div class=\"single-point\">\n\t                        <div class=\"icon-wrapper\"><i class=\"flaticon-worldwide\"><\/i><\/div>\n\t                        <div class=\"point-txt\">\n\t                           <h4>1982<\/h4>\n\t                           <p>Fundaci\u00f3n por el Sr Joaqu\u00edn Tor\u00e1 Belenguer, realizando solo despachos de aduana de exportaci\u00f3n<\/p>\n\t                        <\/div>\n\t                     <\/div>\n\t                 \t\t                     <div class=\"single-point\">\n\t                        <div class=\"icon-wrapper\"><i class=\"flaticon-worldwide\"><\/i><\/div>\n\t                        <div class=\"point-txt\">\n\t                           <h4>1983<\/h4>\n\t                           <p>En respuesta a las necesidades propias del mercado se comenz\u00f3 a realizar despachos de aduana de importaci\u00f3n<\/p>\n\t                        <\/div>\n\t                     <\/div>\n\t                 \t\t                     <div class=\"single-point\">\n\t                        <div class=\"icon-wrapper\"><i class=\"flaticon-worldwide\"><\/i><\/div>\n\t                        <div class=\"point-txt\">\n\t                           <h4>1990<\/h4>\n\t                           <p>Se inaugura las oficinas en el aeropuerto de Manises (Valencia) para facilitar la labor de gesti\u00f3n de tr\u00e1mites aduaneros tanto de importaci\u00f3n como de exportaci\u00f3n de los env\u00edos a\u00e9reos de los clientes de la ciudad de Valencia, que a\u00f1os despu\u00e9s se transformar\u00eda en una oficina virtual gracias al avance de las nuevas tecnolog\u00edas en cuesti\u00f3n de telecomunicaciones y a la inter-conexi\u00f3n de las aduanas<\/p>\n\t                        <\/div>\n\t                     <\/div>\n\t                 \t\t                     <div class=\"single-point\">\n\t                        <div class=\"icon-wrapper\"><i class=\"flaticon-worldwide\"><\/i><\/div>\n\t                        <div class=\"point-txt\">\n\t                           <h4>1994<\/h4>\n\t                           <p>Translevante absorbe a la empresa \"Combalia Transportes Internacionales SA\" ampliando su cartera de servicios al transporte internacional por carretera (TIR) tanto de exportaci\u00f3n como de importaci\u00f3n<\/p>\n\t                        <\/div>\n\t                     <\/div>\n\t                 \t\t                     <div class=\"single-point\">\n\t                        <div class=\"icon-wrapper\"><i class=\"flaticon-worldwide\"><\/i><\/div>\n\t                        <div class=\"point-txt\">\n\t                           <h4>2000<\/h4>\n\t                           <p>La empresa sufre un crecimiento exponencial, doblando los embarques realizados anualmente. Se intensifican los esfuerzos para mejorar el departamento de tr\u00e1fico de importaci\u00f3n internacional tanto mar\u00edtimo como a\u00e9reo que cada vez fue tomando m\u00e1s importancia en el mercado<\/p>\n\t                        <\/div>\n\t                     <\/div>\n\t                 \t\t                     <div class=\"single-point\">\n\t                        <div class=\"icon-wrapper\"><i class=\"flaticon-worldwide\"><\/i><\/div>\n\t                        <div class=\"point-txt\">\n\t                           <h4>2004<\/h4>\n\t                           <p>Con la elecci\u00f3n de Valencia como la sede de la 32nd Am\u00e9rica\u2019s Cup, se crea el departamento de n\u00e1utica y grandes eventos, siendo elegida Translevante SA como transitario oficial del Desaf\u00edo Espa\u00f1ol en la Copa Am\u00e9rica, lo que consolida finalmente este nuevo servicio. Adem\u00e1s del transporte de los materiales para la fabricaci\u00f3n de las nuevas embarcaciones y los repuestos de esta competici\u00f3n, tambi\u00e9n  participa en el transporte de diversos buques para regatas tales como la Copa de la Reina, la MedCup y la Volvo Ocean Race. As\u00ed como en la realizaci\u00f3n de los transportes de los barcos del equipo espa\u00f1ol a lo largo de la geograf\u00eda espa\u00f1ola para las distintas exposiciones en las que participaron<\/p>\n\t                        <\/div>\n\t                     <\/div>\n\t                 \t\t                     <div class=\"single-point\">\n\t                        <div class=\"icon-wrapper\"><i class=\"flaticon-worldwide\"><\/i><\/div>\n\t                        <div class=\"point-txt\">\n\t                           <h4>2007<\/h4>\n\t                           <p>Se crea un nuevo servicio de Cross Trade que se encargar\u00e1 de la gesti\u00f3n de transporte internacional desde cualquier punto del mundo a cualquier otro sin pasar por nuestro pa\u00eds, siendo clave en esta tarea el gran avance que las telecomunicaciones han tenido en estos \u00faltimos 5 a\u00f1os. Prueba de ello es el creciente tr\u00e1fico de exportaci\u00f3n que la empresa desarrolla entre Per\u00fa y USA o Egipto y USA<\/p>\n\t                        <\/div>\n\t                     <\/div>\n\t                 \t\t                     <div class=\"single-point\">\n\t                        <div class=\"icon-wrapper\"><i class=\"flaticon-worldwide\"><\/i><\/div>\n\t                        <div class=\"point-txt\">\n\t                           <h4>2008<\/h4>\n\t                           <p>Se inaugura una nueva oficina en el club N\u00e1utico de Valencia dedicada a la realizaci\u00f3n de cualquier transporte, recepci\u00f3n, entrega, gesti\u00f3n de documentos, etc., relacionado con la n\u00e1utica<\/p>\n\t                        <\/div>\n\t                     <\/div>\n\t                 \t\t                     <div class=\"single-point\">\n\t                        <div class=\"icon-wrapper\"><i class=\"flaticon-worldwide\"><\/i><\/div>\n\t                        <div class=\"point-txt\">\n\t                           <h4>HASTA LA ACTUALIDAD<\/h4>\n\t                           <p>Los a\u00f1os posteriores hasta la actualidad se caracterizan por un crecimiento continuo del negocio, que ha llevado a nuestra empresa a ampliar las instalaciones y el personal que lo compone. Este crecimiento ha permitido combinar personas j\u00f3venes, muy preparadas, que aportan energ\u00eda y frescura, junto con personas con experiencia de mas de 35 a\u00f1os en el sector, lo que proporciona un equilibrio y solidez que se refleja en el buen hacer diario que todos ellos ofrecen. Siendo nuestra se\u00f1a de identidad el servicio personalizado y las ganas de hacer las cosas bien<\/p>\n\t                        <\/div>\n\t                     <\/div>\n\t                 \t\t                  <\/div>\n\t               <\/div>\n\t            <\/div>\n\t         <\/div>\n\t      <\/div>\n\t      <style type=\"text\/css\">\n\t      \t.about-bg-3::before{\n\t      \t\tbackground-image: url(https:\/\/borradorproyectos.es\/translevante\/wp-content\/uploads\/2019\/12\/about_bg-1.jpg);\n\t      \t}\n\t      <\/style>\n\t      \t\t\t<\/div>\n\t\t\t\t<\/div>\n\t\t\t\t\t\t<\/div>\n\t\t\t\t\t<\/div>\n\t\t<\/div>\n\t\t\t\t\t\t\t\t<\/div>\n\t\t\t\t\t<\/div>\n\t\t<\/section>\n\t\t\t\t<section class=\"elementor-section elementor-top-section elementor-element elementor-element-f332fd4 elementor-section-full_width elementor-section-height-default elementor-section-height-default\" data-id=\"f332fd4\" data-element_type=\"section\">\n\t\t\t\t\t\t<div class=\"elementor-container elementor-column-gap-default\">\n\t\t\t\t\t\t\t<div class=\"elementor-row\">\n\t\t\t\t\t<div class=\"elementor-column elementor-col-100 elementor-top-column elementor-element elementor-element-5e02bba\" data-id=\"5e02bba\" data-element_type=\"column\">\n\t\t\t<div class=\"elementor-column-wrap elementor-element-populated\">\n\t\t\t\t\t\t\t<div class=\"elementor-widget-wrap\">\n\t\t\t\t\t\t<div class=\"elementor-element elementor-element-2093871 elementor-align-left elementor-widget elementor-widget-bdevs-cta\" data-id=\"2093871\" data-element_type=\"widget\" data-widget_type=\"bdevs-cta.default\">\n\t\t\t\t<div class=\"elementor-widget-container\">\n\t\t\t\t\t\t\t<div class=\"cta-section cta-bg\" style=\"background-image: url(https:\/\/borradorproyectos.es\/translevante\/wp-content\/uploads\/2019\/11\/cta_bg.jpg);\">\n\t        <div class=\"container\">\n\t            <div class=\"cta-container\">\n\t               <div class=\"row align-items-center\">\n\t                  <div class=\"col-lg-9\">\n\t                  \t\t                     <h2 class=\"mb-lg-0 text-center text-lg-left\">ELIJA EL DESTINO: NOSOTROS NOS ENCARGAMOS DEL RESTO <\/h2>\n\t                    \t                  <\/div>\n\t                  <div class=\"col-lg-3 text-center text-lg-right\">\n\t                  \t\t                     <a href=\"https:\/\/borradorproyectos.es\/translevante\/contacto\" class=\"boxed-btn\"><span>Contacto<\/span><\/a>\n\t                    \t                  <\/div>\n\t               <\/div>\n\t            <\/div>\n\t        <\/div>\n\t        <div class=\"cta-overlay\"><\/div>\n\t    <\/div>\n\t    \t\t\t<\/div>\n\t\t\t\t<\/div>\n\t\t\t\t\t\t<\/div>\n\t\t\t\t\t<\/div>\n\t\t<\/div>\n\t\t\t\t\t\t\t\t<\/div>\n\t\t\t\t\t<\/div>\n\t\t<\/section>\n\t\t\t\t\t\t\t\t\t<\/div>\n\t\t\t<\/div>\n\t\t\t\t\t<\/div>\n\t\t","protected":false},"excerpt":{"rendered":"<p>tu proveedor de servicios de transporte TRANSPORTE INTERNACIONAL DE MERCANC\u00cdAS Translevante SA ofrece servicio log\u00edstico integral de exportaci\u00f3n e importaci\u00f3n desde y hasta cualquier pa\u00eds del mundo, mediante transporte mar\u00edtimo, terrestre y a\u00e9reo.\u00a0Estudiamos las ofertas de las diferentes navieras para ofrecer a nuestros clientes un servicio de calidad, teniendo en cuenta todas las variables posibles, [&hellip;]<\/p>\n","protected":false},"author":1,"featured_media":0,"parent":0,"menu_order":0,"comment_status":"closed","ping_status":"closed","template":"page-templates\/home-1.php","meta":{"footnotes":""},"class_list":["post-136","page","type-page","status-publish","hentry"],"_links":{"self":[{"href":"https:\/\/borradorproyectos.es\/translevante\/wp-json\/wp\/v2\/pages\/136","targetHints":{"allow":["GET"]}}],"collection":[{"href":"https:\/\/borradorproyectos.es\/translevante\/wp-json\/wp\/v2\/pages"}],"about":[{"href":"https:\/\/borradorproyectos.es\/translevante\/wp-json\/wp\/v2\/types\/page"}],"author":[{"embeddable":true,"href":"https:\/\/borradorproyectos.es\/translevante\/wp-json\/wp\/v2\/users\/1"}],"replies":[{"embeddable":true,"href":"https:\/\/borradorproyectos.es\/translevante\/wp-json\/wp\/v2\/comments?post=136"}],"version-history":[{"count":68,"href":"https:\/\/borradorproyectos.es\/translevante\/wp-json\/wp\/v2\/pages\/136\/revisions"}],"predecessor-version":[{"id":1703,"href":"https:\/\/borradorproyectos.es\/translevante\/wp-json\/wp\/v2\/pages\/136\/revisions\/1703"}],"wp:attachment":[{"href":"https:\/\/borradorproyectos.es\/translevante\/wp-json\/wp\/v2\/media?parent=136"}],"curies":[{"name":"wp","href":"https:\/\/api.w.org\/{rel}","templated":true}]}}