{"id":1040,"date":"2021-11-29T20:13:13","date_gmt":"2021-11-29T20:13:13","guid":{"rendered":"https:\/\/kzgweb.es\/translevante\/?page_id=1040"},"modified":"2021-11-29T20:16:16","modified_gmt":"2021-11-29T20:16:16","slug":"politica-de-cookies","status":"publish","type":"page","link":"https:\/\/borradorproyectos.es\/translevante\/politica-de-cookies\/","title":{"rendered":"Pol\u00edtica de cookies"},"content":{"rendered":"<h4>Identificaci\u00f3n del Responsable \/ Prestador de servicios de la sociedad de la informaci\u00f3n<\/h4>\r\n<span style=\"font-weight: 400;\">En cumplimiento de lo establecido en el art\u00edculo 10 de la Ley 34\/2002, de 11 de julio, de Servicios de la Sociedad de la Informaci\u00f3n y de Comercio Electr\u00f3nico (en adelante, LSSI-CE), se informa de modo expreso, preciso e inequ\u00edvoco, tanto a los usuarios, destinatarios del servicio, como a los \u00f3rganos competentes, de los siguientes aspectos relativos al prestador de servicios de la sociedad de la informaci\u00f3n:<\/span>\r\n<table>\r\n<tbody>\r\n<tr>\r\n<td><span style=\"font-weight: 400;\">Identidad &#8211; Entidad<\/span><\/td>\r\n<td><span style=\"font-weight: 400;\">TRANSLEVANTE, S.A.<\/span><\/td>\r\n<\/tr>\r\n<tr>\r\n<td><span style=\"font-weight: 400;\">CIF\/NIF<\/span><\/td>\r\n<td><span style=\"font-weight: 400;\">A46178323<\/span><\/td>\r\n<\/tr>\r\n<tr>\r\n<td><span style=\"font-weight: 400;\">Direcci\u00f3n postal<\/span><\/td>\r\n<td><span style=\"font-weight: 400;\">C\/ Doctor J. J. D\u00f3mine, 14, 2\u00ba, 3\u00aa, CP 46011 Valencia (Valencia)<\/span><\/td>\r\n<\/tr>\r\n<tr>\r\n<td><span style=\"font-weight: 400;\">Tel\u00e9fono<\/span><\/td>\r\n<td><span style=\"font-weight: 400;\">963 16 59 00<\/span><\/td>\r\n<\/tr>\r\n<tr>\r\n<td><span style=\"font-weight: 400;\">Correo electr\u00f3nico<\/span><\/td>\r\n<td><span style=\"font-weight: 400;\">tlv@translevante.es<\/span><\/td>\r\n<\/tr>\r\n<tr>\r\n<td><span style=\"font-weight: 400;\">Objeto Social<\/span><\/td>\r\n<td><span style=\"font-weight: 400;\">Transporte<\/span><\/td>\r\n<\/tr>\r\n<tr>\r\n<td><span style=\"font-weight: 400;\">Sitio web<\/span><\/td>\r\n<td><span style=\"font-weight: 400;\">https:\/\/www.translevante.es\/<\/span><\/td>\r\n<\/tr>\r\n<tr>\r\n<td><span style=\"font-weight: 400;\">Datos registrales\u00a0<\/span><\/td>\r\n<td><span style=\"font-weight: 400;\">Inscrita en el Registro Mercantil de Valencia Tomo 3961, Libro 1273, Folio 86, Hoja V 17263.<\/span><\/td>\r\n<\/tr>\r\n<\/tbody>\r\n<\/table>\r\n&nbsp;\r\n\r\n<hr \/>\r\n\r\n<h4>Lo que debe saber sobre las cookies en nuestro sitio web<\/h4>\r\n<span style=\"font-weight: 400;\">Seg\u00fan la Ley 34\/2002, de 11 de julio, de Servicios de la Sociedad de la Informaci\u00f3n y Comercio Electr\u00f3nico, (LSSICE) le informamos que nuestro sitio web utiliza Cookies propias y de terceros.\u00a0<\/span>\r\n\r\n<span style=\"font-weight: 400;\">Como Usuario de nuestro sitio web, le informamos que utilizamos cookies y\/o tecnolog\u00edas similares (en adelante cookies) que almacenan y recuperan informaci\u00f3n cuando navega. En general, estas tecnolog\u00edas pueden servir para finalidades muy diversas, como, por ejemplo, reconocerle como usuario, obtener informaci\u00f3n sobre sus h\u00e1bitos de navegaci\u00f3n, enviarle publicidad o personalizar la forma en que se muestra el contenido.\u00a0\u00a0<\/span>\r\n<h4><\/h4>\r\n<span style=\"font-weight: 400;\">A continuaci\u00f3n, le detallamos los diferentes tipos de cookies existentes:\u00a0<\/span>\r\n\r\n<b>1. Tipo de cookies seg\u00fan su finalidad<\/b>\r\n\r\n<b><\/b><strong>Cookies T\u00e9cnicas:\u00a0<\/strong><span style=\"font-weight: 400;\">Permiten controlar el tr\u00e1fico de datos, identificar la sesi\u00f3n, realizar compras, realizar solicitudes, utilizar elementos de seguridad durante la navegaci\u00f3n, almacenar contenidos para visualizaci\u00f3n de videos o sonido o compartir contenidos mediante las redes sociales.\u00a0<\/span>\r\n\r\n<strong>Cookies de An\u00e1lisis\/Medici\u00f3n:\u00a0<\/strong><span style=\"font-weight: 400;\">Permiten al responsable de estas, realizar an\u00e1lisis del comportamiento de los usuarios del sitio web y se utilizan para la medici\u00f3n de la actividad del sitio web y para elaborar perfiles de navegaci\u00f3n de los usuarios, con la finalidad de ofrecer mejoras de uso para los usuarios.<\/span>\r\n\r\n<strong>Cookies Sociales:\u00a0<\/strong><span style=\"font-weight: 400;\">Son necesarias para las redes sociales externas (Facebook, Twitter, Pinterest, Instagram, etc.). Su funci\u00f3n es controlar la interacci\u00f3n con los widgets sociales dentro del sitio web.<\/span>\r\n\r\n<strong>Cookies de Geolocalizaci\u00f3n:\u00a0<\/strong><span style=\"font-weight: 400;\">Permiten conocer el lugar donde se encuentra el usuario y ofrecerle la informaci\u00f3n adecuada seg\u00fan la ciudad o pa\u00eds que m\u00e1s le interesa. Esta cookie es an\u00f3nima.<\/span>\r\n\r\n<strong>Cookies de Personalizaci\u00f3n:\u00a0<\/strong><span style=\"font-weight: 400;\">Permiten reconocer al usuario y ofrecerle informaci\u00f3n personalizada, como el idioma, tipo de navegador, etc.\u00a0<\/span>\r\n\r\n<strong>Cookies Publicitarias:\u00a0<\/strong><span style=\"font-weight: 400;\">Permiten gestionar la publicidad que hay en el sitio web, adecu\u00e1ndola al servicio o productos solicitados.\u00a0<\/span>\r\n\r\n<strong>Cookies de Publicidad Comportamental:\u00a0<\/strong><span style=\"font-weight: 400;\">Permiten gestionar la publicidad que hay en el sitio web, almacenando comportamientos del usuario como resultado de la observaci\u00f3n continuada de sus h\u00e1bitos de navegaci\u00f3n, lo que permite desarrollar publicidad con un perfil espec\u00edfico.\u00a0<\/span>\r\n\r\n<hr \/>\r\n\r\n<b>2. Tipos de cookies seg\u00fan su duraci\u00f3n\u00a0<\/b><b><\/b>\r\n\r\n<strong>De sesi\u00f3n:\u00a0<\/strong><span style=\"font-weight: 400;\">Se trata de cookies dise\u00f1adas para recabar y almacenar datos mientras el usuario visita un sitio web. Cuando finaliza la sesi\u00f3n no quedan almacenadas en el dispositivo inform\u00e1tico del usuario.\u00a0<\/span>\r\n\r\n<strong>Persistentes:\u00a0<\/strong><span style=\"font-weight: 400;\">Se trata de cookies que permanecen instaladas en el dispositivo inform\u00e1tico del usuario y la informaci\u00f3n proporcionada puede ser tratada cuando el usuario abandona el sitio web y cuando vuelva a conectarse de nuevo. Estas cookies pueden ser eliminadas en cualquier momento por el usuario.\u00a0<\/span>\r\n\r\n<hr \/>\r\n\r\n<strong>3. Tipos de cookies seg\u00fan la entidad que las gestione\u00a0<\/strong><b><\/b>\r\n\r\n<strong>Cookies Propias:\u00a0<\/strong><span style=\"font-weight: 400;\">Se trata de cookies que se env\u00edan al dispositivo inform\u00e1tico del usuario desde el sistema inform\u00e1tico propiedad del titular del sitio web, desde donde se ha realizado la solicitud, prestado el servicio o realizado una compra.<\/span>\r\n\r\n<strong>Cookies de Terceros:\u00a0<\/strong><span style=\"font-weight: 400;\">Se trata de cookies que se env\u00edan al dispositivo inform\u00e1tico del usuario desde un dominio o sistema inform\u00e1tico que no es propiedad del titular del sitio web, sino por otra entidad tercera autorizada o contratada por el titular del sitio web, desde donde se ha realizado la solicitud, prestado el servicio o realizado una compra.<\/span>\r\n\r\n<span style=\"font-weight: 400;\">Debe saber que, si acepta las cookies de terceros, deber\u00e1 eliminarlas desde las opciones del navegador o desde el sistema ofrecido por el propio tercero. A continuaci\u00f3n, le detallamos sitios que podr\u00e1 visitar para conocer mejor las cookies de terceros (desactivaci\u00f3n, posibles transferencias de datos a terceros pa\u00edses, etc.):<\/span>\r\n\r\n<a href=\"https:\/\/support.google.com\/chrome\/answer\/95647?hl=es\"><span style=\"font-weight: 400;\">Google Chrome<\/span><\/a>\r\n\r\n<a href=\"https:\/\/support.mozilla.org\/es\/kb\/habilitar-y-deshabilitar-cookies-sitios-web-rastrear-preferencias?redirectlocale=es&amp;redirectslug=habilitar-y-deshabilitar-cookies-que-los-sitios-we\"><span style=\"font-weight: 400;\">Mozilla Firefox<\/span><\/a>\r\n\r\n<a href=\"https:\/\/privacy.microsoft.com\/es-es\/windows-10-microsoft-edge-and-privacy\"><span style=\"font-weight: 400;\">Microsoft Edge<\/span><\/a>\r\n\r\n<a href=\"https:\/\/support.google.com\/chrome\/answer\/95647?co=GENIE.Platform%3DAndroid&amp;hl=es-419\"><span style=\"font-weight: 400;\">Chrome para Android<\/span><\/a>\r\n\r\n<a href=\"https:\/\/support.apple.com\/es-es\/guide\/safari\/manage-cookies-and-website-data-sfri11471\/mac\"><span style=\"font-weight: 400;\">Safari (Apple)<\/span><\/a>\r\n\r\n<a href=\"https:\/\/www.habilitarlascookies.com\/como-habilitar-las-cookies-en-opera.html\"><span style=\"font-weight: 400;\">Opera<\/span><\/a>\r\n\r\n<a href=\"http:\/\/support.mozilla.org\/es\/kb\/habilitar-y-deshabilitar-cookies-que-los-sitios-we\"><span style=\"font-weight: 400;\">Firefox<\/span><\/a>\r\n\r\n<span style=\"font-weight: 400;\">As\u00ed como <\/span><a href=\"http:\/\/www.google.es\/intl\/es\/policies\/technologies\/cookies\/\"><span style=\"font-weight: 400;\">Google AdWords<\/span><\/a>\r\n<h4><\/h4>\r\n<span style=\"font-weight: 400;\">Si utiliza otros navegadores le recomendamos consultar su pol\u00edtica de uso y gesti\u00f3n de cookies.\u00a0<\/span>\r\n\r\n<span style=\"font-weight: 400;\">Le puede ser muy \u00fatil la herramienta <\/span><a href=\"http:\/\/www.youronlinechoices.com\/\"><span style=\"font-weight: 400;\">http:\/\/www.youronlinechoices.com\/<\/span><\/a><span style=\"font-weight: 400;\"> para gestionar cada una de las cookies.<\/span>\r\n\r\n<span style=\"font-weight: 400;\">Le informamos que, si desactiva alguna de las cookies, la herramienta de control dejar\u00e1 de funcionar con eficacia y esto puede tener un efecto negativo en su experiencia de navegaci\u00f3n en general.<\/span><b><\/b>\r\n\r\n<hr \/>\r\n\r\n<b>4. Tipos de cookies exceptuadas de consentimiento<\/b><b><\/b>\r\n<ul>\r\n \t<li style=\"font-weight: 400;\" aria-level=\"1\"><span style=\"font-weight: 400;\">Cookies de \u201centrada del usuario\u201d\u00a0<\/span><\/li>\r\n \t<li style=\"font-weight: 400;\" aria-level=\"1\"><span style=\"font-weight: 400;\">Cookies de autenticaci\u00f3n o identificaci\u00f3n de usuario (\u00fanicamente de sesi\u00f3n).\u00a0<\/span><\/li>\r\n \t<li style=\"font-weight: 400;\" aria-level=\"1\"><span style=\"font-weight: 400;\">Cookies de seguridad del usuario\u00a0<\/span><\/li>\r\n \t<li style=\"font-weight: 400;\" aria-level=\"1\"><span style=\"font-weight: 400;\">Cookies de sesi\u00f3n de reproductor multimedia.\u00a0<\/span><\/li>\r\n \t<li style=\"font-weight: 400;\" aria-level=\"1\"><span style=\"font-weight: 400;\">Cookies de sesi\u00f3n para equilibrar la carga.\u00a0<\/span><\/li>\r\n \t<li style=\"font-weight: 400;\" aria-level=\"1\"><span style=\"font-weight: 400;\">Cookies de personalizaci\u00f3n de la interfaz de usuario.\u00a0<\/span><\/li>\r\n \t<li style=\"font-weight: 400;\" aria-level=\"1\"><span style=\"font-weight: 400;\">Determinadas cookies de complemento (plug-in) para intercambiar contenidos sociales<\/span><\/li>\r\n<\/ul>\r\n\r\n<hr \/>\r\n\r\n<b>5. Tipos de cookies utilizadas en este sitio web<\/b>\r\n<h4><\/h4>\r\n<table>\r\n<tbody>\r\n<tr>\r\n<td><b>Cookie<\/b><\/td>\r\n<td><b>Propietario<\/b><\/td>\r\n<td><b>Duraci\u00f3n<\/b><\/td>\r\n<td><b>Finalidad<\/b><\/td>\r\n<\/tr>\r\n<tr>\r\n<td><\/td>\r\n<td><\/td>\r\n<td><\/td>\r\n<td><\/td>\r\n<\/tr>\r\n<tr>\r\n<td><\/td>\r\n<td><\/td>\r\n<td><\/td>\r\n<td><\/td>\r\n<\/tr>\r\n<tr>\r\n<td><\/td>\r\n<td><\/td>\r\n<td><\/td>\r\n<td><\/td>\r\n<\/tr>\r\n<tr>\r\n<td><\/td>\r\n<td><\/td>\r\n<td><\/td>\r\n<td><\/td>\r\n<\/tr>\r\n<tr>\r\n<td><\/td>\r\n<td><\/td>\r\n<td><\/td>\r\n<td><\/td>\r\n<\/tr>\r\n<\/tbody>\r\n<\/table>\r\n<h4><\/h4>\r\n<span style=\"font-weight: 400;\">Recomendamos revisar nuestra pol\u00edtica de cookies cada vez que acceda a nuestro sitio web para informarse de cualquier modificaci\u00f3n sobre el uso de nuestras cookies.\u00a0<\/span>\r\n\r\n<span style=\"font-weight: 400;\">Le informamos que, si desactiva alguna de las cookies, la herramienta de control dejar\u00e1 de funcionar con eficacia y esto puede tener un efecto negativo en su experiencia de navegaci\u00f3n en general.<\/span>\r\n\r\n<hr \/>\r\n\r\n<b>6. Elaboraci\u00f3n de perfiles<\/b><b><\/b>\r\n\r\n<span style=\"font-weight: 400;\">Como parte del deber de informaci\u00f3n del art\u00edculo 13.2 f) del RGPD, le comunicamos que, en caso de realizar perfiles sobre su persona, le solicitaremos consentimiento previo. No obstante, debe saber que puede oponerse a ser objeto de una decisi\u00f3n automatizada de sus datos, donde se eval\u00faen aspectos personales, como puede ser analizar o predecir aspectos relacionados con su rendimiento en el trabajo, situaci\u00f3n econ\u00f3mica, salud, las preferencias o intereses personales, fiabilidad o el comportamiento, de manera que a consecuencia de ello se produzcan efectos jur\u00eddicos sobre su persona o le afecte de una manera similar.<\/span>\r\n\r\n<span style=\"font-weight: 400;\">Nuestra entidad adoptar\u00e1 las medidas de seguridad adecuadas que protejan sus derechos y libertades, as\u00ed como sus intereses leg\u00edtimos, como son el derecho a obtener intervenci\u00f3n humana por nuestra parte para expresar tu punto de vista e impugnar la decisi\u00f3n.<\/span>\r\n\r\n<hr \/>\r\n\r\n<b>7. Cesi\u00f3n de datos<\/b><b><\/b>\r\n\r\n<span style=\"font-weight: 400;\">Sus datos personales no se ceder\u00e1n a otros pa\u00edses ni a terceros. En caso de cesiones a otras entidades o a otros pa\u00edses fuera de la Uni\u00f3n Europea, le informaremos y solicitaremos su consentimiento previo.<\/span>\r\n<b><\/b>\r\n\r\n<hr \/>\r\n\r\n<b>8. Legitimaci\u00f3n\u00a0<\/b><b><\/b>\r\n\r\n<span style=\"font-weight: 400;\">Al pulsar libremente el bot\u00f3n ACEPTAR de la ventana informativa de cookies (banner o pop up), usted consiente expresamente el uso de cookies, aunque en cualquier momento puede cambiar de opini\u00f3n y rechazar la instalaci\u00f3n de cookies.\u00a0<\/span>\r\n\r\n<hr \/>\r\n\r\n<b>9. Plazo de conservaci\u00f3n\u00a0<\/b><b><\/b>\r\n\r\n<span style=\"font-weight: 400;\">El plazo de conservaci\u00f3n de los datos ser\u00e1 el menor posible, de acuerdo con la finalidad para la cual se recabaron los datos, atendiendo al principio de minimizaci\u00f3n de los datos.\u00a0<\/span>\r\n\r\n<span style=\"font-weight: 400;\">Para m\u00e1s informaci\u00f3n sobre el tratamiento de datos personales consulte nuestra <\/span><a href=\"\/politica-de-privacidad\"><b>Pol\u00edtica de Privacidad<\/b><\/a><b>.<\/b>\r\n\r\n<hr \/>\r\n\r\n<b>10. Sus Derechos\u00a0<\/b><b><\/b>\r\n\r\n<span style=\"font-weight: 400;\">Tiene derecho a conocer si nuestra entidad est\u00e1 tratando sus datos personales; por tanto, tiene derecho a acceder a sus datos, rectificarlos si son inexactos o solicitar su supresi\u00f3n cuando los datos ya no sean necesarios.<\/span>\r\n\r\n<span style=\"font-weight: 400;\">Tambi\u00e9n puede ejercer su derecho de oposici\u00f3n, limitaci\u00f3n o portabilidad si as\u00ed lo estima conveniente y para ello puede realizarlo por escrito mediante correo electr\u00f3nico a <\/span><a href=\"mailto:tlv@translevante.es\"><span style=\"font-weight: 400;\">tlv@translevante.es<\/span><\/a> <span style=\"font-weight: 400;\">adjuntando copia de su DNI para identificarle.<\/span>\r\n\r\n<span style=\"font-weight: 400;\">Si desea trasladar alguna sugerencia o consulta sobre el tratamiento de sus datos personales, puede contactar con nuestros consultores de protecci\u00f3n de datos:<\/span>\r\n\r\n<strong>BUSINESS ADAPTER, S.L.<\/strong>\r\n\r\n<span style=\"font-weight: 400;\">Ronda Guglielmo Marconi, 11, 26, (Parque Tecnol\u00f3gico) 46980 Paterna (Valencia).<\/span>\r\n\r\n<span style=\"font-weight: 400;\">E-mail: info@businessadapter.es<\/span> <span style=\"font-weight: 400;\">\u00a0<\/span>\r\n\r\n<span style=\"font-weight: 400;\">Web: https:\/\/www.businessadapter.es\/<\/span>\r\n<h4><\/h4>\r\n<span style=\"font-weight: 400;\">Si quieres ejercer tus derechos y tienes menos de 14 a\u00f1os, podr\u00e1s ejercerlos a trav\u00e9s de tus padres, tutores o representante legal.<\/span>\r\n\r\n<span style=\"font-weight: 400;\">Si quiere realizar una reclamaci\u00f3n por entender que sus derechos han sido vulnerados, puede hacerlo ante la Agencia Espa\u00f1ola de Protecci\u00f3n de Datos, C\/ Jorge Juan, 6, 28001 Madrid o en www.aepd.es.<\/span>\r\n<h4><\/h4>\r\n<span style=\"font-weight: 400;\">Actualizado el 14 de octubre de 2021.<\/span>\r\n<h4><\/h4>","protected":false},"excerpt":{"rendered":"<p>Identificaci\u00f3n del Responsable \/ Prestador de servicios de la sociedad de la informaci\u00f3n En cumplimiento de lo establecido en el art\u00edculo 10 de la Ley 34\/2002, de 11 de julio, de Servicios de la Sociedad de la Informaci\u00f3n y de Comercio Electr\u00f3nico (en adelante, LSSI-CE), se informa de modo expreso, preciso e inequ\u00edvoco, tanto a [&hellip;]<\/p>\n","protected":false},"author":1,"featured_media":0,"parent":0,"menu_order":0,"comment_status":"closed","ping_status":"closed","template":"","meta":{"footnotes":""},"class_list":["post-1040","page","type-page","status-publish","hentry"],"_links":{"self":[{"href":"https:\/\/borradorproyectos.es\/translevante\/wp-json\/wp\/v2\/pages\/1040","targetHints":{"allow":["GET"]}}],"collection":[{"href":"https:\/\/borradorproyectos.es\/translevante\/wp-json\/wp\/v2\/pages"}],"about":[{"href":"https:\/\/borradorproyectos.es\/translevante\/wp-json\/wp\/v2\/types\/page"}],"author":[{"embeddable":true,"href":"https:\/\/borradorproyectos.es\/translevante\/wp-json\/wp\/v2\/users\/1"}],"replies":[{"embeddable":true,"href":"https:\/\/borradorproyectos.es\/translevante\/wp-json\/wp\/v2\/comments?post=1040"}],"version-history":[{"count":4,"href":"https:\/\/borradorproyectos.es\/translevante\/wp-json\/wp\/v2\/pages\/1040\/revisions"}],"predecessor-version":[{"id":1044,"href":"https:\/\/borradorproyectos.es\/translevante\/wp-json\/wp\/v2\/pages\/1040\/revisions\/1044"}],"wp:attachment":[{"href":"https:\/\/borradorproyectos.es\/translevante\/wp-json\/wp\/v2\/media?parent=1040"}],"curies":[{"name":"wp","href":"https:\/\/api.w.org\/{rel}","templated":true}]}}