{"id":1035,"date":"2021-11-29T19:45:27","date_gmt":"2021-11-29T19:45:27","guid":{"rendered":"https:\/\/kzgweb.es\/translevante\/?page_id=1035"},"modified":"2022-07-27T09:00:18","modified_gmt":"2022-07-27T09:00:18","slug":"aviso-legal","status":"publish","type":"page","link":"https:\/\/borradorproyectos.es\/translevante\/aviso-legal\/","title":{"rendered":"Aviso legal"},"content":{"rendered":"<h4>1. Informaci\u00f3n Legal<\/h4>\r\n<span style=\"font-weight: 400;\">En cumplimiento de lo establecido en el art\u00edculo 10 de la Ley 34\/2002, de 11 de julio, de Servicios de la Sociedad de la Informaci\u00f3n y de Comercio Electr\u00f3nico (en adelante, LSSI-CE), se informa de modo expreso, preciso e inequ\u00edvoco, tanto a los usuarios, destinatarios del servicio, como a los \u00f3rganos competentes, de los siguientes aspectos relativos al prestador de servicios de la sociedad de la informaci\u00f3n:<\/span>\r\n\r\n&nbsp;\r\n<table>\r\n<tbody>\r\n<tr>\r\n<td><span style=\"font-weight: 400;\">Identidad &#8211; Entidad<\/span><\/td>\r\n<td><span style=\"font-weight: 400;\">TRANSLEVANTE, S.A.<\/span><\/td>\r\n<\/tr>\r\n<tr>\r\n<td><span style=\"font-weight: 400;\">CIF\/NIF<\/span><\/td>\r\n<td><span style=\"font-weight: 400;\">A46178323<\/span><\/td>\r\n<\/tr>\r\n<tr>\r\n<td><span style=\"font-weight: 400;\">Direcci\u00f3n postal<\/span><\/td>\r\n<td><p style=\"font-weight: 400;\">C\/ Doctor J. J. D\u00f3mine, 14, 2\u00ba, 3\u00aa<\/p><p style=\"font-weight: 400;\">CP 46011 Valencia (Valencia)<\/p><\/td>\r\n<\/tr>\r\n<tr>\r\n<td><span style=\"font-weight: 400;\">Tel\u00e9fono<\/span><\/td>\r\n<td><span style=\"font-weight: 400;\">963 16 59 00<\/span><\/td>\r\n<\/tr>\r\n<tr>\r\n<td><span style=\"font-weight: 400;\">Correo electr\u00f3nico<\/span><\/td>\r\n<td><span style=\"font-weight: 400;\">tlv@translevante.es<\/span><\/td>\r\n<\/tr>\r\n<tr>\r\n<td><span style=\"font-weight: 400;\">Objeto Social<\/span><\/td>\r\n<td><span style=\"font-weight: 400;\">Transporte<\/span><\/td>\r\n<\/tr>\r\n<tr>\r\n<td><span style=\"font-weight: 400;\">Sitio web<\/span><\/td>\r\n<td><span style=\"font-weight: 400;\">https:\/\/www.translevante.es\/<\/span><\/td>\r\n<\/tr>\r\n<tr>\r\n<td><span style=\"font-weight: 400;\">Datos registrales\u00a0<\/span><\/td>\r\n<td><span style=\"font-weight: 400;\">Inscrita en el Registro Mercantil de Valencia Tomo 3961, Libro 1273, Folio 86, Hoja V 17263.<\/span><\/td>\r\n<\/tr>\r\n<\/tbody>\r\n<\/table>\r\n&nbsp;\r\n\r\n<hr \/>\r\n\r\n<h4>2. Condiciones Generales de Uso<\/h4>\r\n<span style=\"font-weight: 400;\">El acceso a nuestra P\u00e1gina Web \/ Blog (en adelante Sitio Web) es libre y gratuito para todas las personas, sin que para ello sea necesario realizar una suscripci\u00f3n o contrataci\u00f3n previa de alg\u00fan servicio proporcionado por nuestra entidad.\u00a0<\/span>\r\n\r\n<span style=\"font-weight: 400;\">El usuario que utilice o navegue por nuestro sitio web acepta de manera impl\u00edcita las condiciones de uso y dem\u00e1s especificaciones del presente Aviso Legal.\u00a0<\/span>\r\n\r\n<span style=\"font-weight: 400;\">Todas aquellas personas que accedan a nuestro sitio web est\u00e1n obligadas a hacer un uso basado en la buena fe, el respeto a la ley y a las obligaciones contenidas en el presente Aviso Legal. Asimismo, el usuario se compromete a hacer un buen uso de sus claves de acceso, as\u00ed como no introducir contenidos injuriosos o calumniosos en nuestro sitio web. Tampoco bloquear o da\u00f1ar de forma temporal o definitiva las funcionalidades, contenidos o infraestructura de la web que la perjudiquen en su uso.<\/span>\r\n\r\n<span style=\"font-weight: 400;\">En caso de incumplimiento total y\/o parcial por parte del usuario de las condiciones de uso o cualquier otra especificaci\u00f3n de este Aviso Legal, nuestra entidad se reserva el derecho de denegar el acceso a nuestro sitio web, sin previo aviso al usuario infractor, as\u00ed como la toma de medidas legales en defensa de nuestros intereses.<\/span>\r\n\r\n<hr \/>\r\n\r\n<h4>3. Propiedad Intelectual<\/h4>\r\n<span style=\"font-weight: 400;\">El c\u00f3digo fuente, los dise\u00f1os gr\u00e1ficos, las im\u00e1genes, las fotograf\u00edas, los sonidos, las animaciones, el software, los textos, as\u00ed como la informaci\u00f3n y los contenidos que se recogen en el presente sitio web est\u00e1n protegidos por la legislaci\u00f3n espa\u00f1ola sobre los derechos de propiedad intelectual e industrial a favor de nuestra entidad.<\/span>\r\n\r\n<span style=\"font-weight: 400;\">No se permite la reproducci\u00f3n y\/o publicaci\u00f3n, total o parcial, del sitio web de nuestra entidad, ni su tratamiento inform\u00e1tico, su distribuci\u00f3n, su difusi\u00f3n, ni su modificaci\u00f3n, transformaci\u00f3n o descompilaci\u00f3n, ni dem\u00e1s derechos reconocidos legalmente a su titular, sin el permiso previo y por escrito de nuestra entidad.<\/span>\r\n\r\n<span style=\"font-weight: 400;\">No se permite la reproducci\u00f3n y\/o publicaci\u00f3n, total o parcial, del logotipo de nuestra entidad, ni su tratamiento inform\u00e1tico, su distribuci\u00f3n, su difusi\u00f3n, ni su modificaci\u00f3n, transformaci\u00f3n o descompilaci\u00f3n, ni dem\u00e1s derechos reconocidos legalmente a su titular, sin el permiso previo y por escrito de nuestra entidad.<\/span>\r\n\r\n<span style=\"font-weight: 400;\">El usuario, \u00fanica y exclusivamente, puede utilizar el material que aparezca en este sitio web para su uso personal y privado, quedando prohibido su uso con fines profesionales, comerciales o para incurrir en actividades il\u00edcitas. Todos los derechos derivados de la propiedad intelectual est\u00e1n expresamente reservados por nuestra entidad.<\/span>\r\n\r\n<span style=\"font-weight: 400;\">Nuestra entidad velar\u00e1 por el cumplimiento de las anteriores condiciones como por la debida utilizaci\u00f3n de los contenidos presentados en sus p\u00e1ginas web y logotipo respectivamente, ejercitando todas las acciones civiles y penales que le correspondan en el caso de infracci\u00f3n o incumplimiento de estos derechos por parte del usuario.<\/span>\r\n\r\n<hr \/>\r\n\r\n<h4>4. Uso de cookies y modificaciones en el Sitio Web<\/h4>\r\n<span style=\"font-weight: 400;\">Nuestro sitio web utiliza cookies y\/o tecnolog\u00edas similares que almacenan y recuperan informaci\u00f3n cuando navega. En general, estas tecnolog\u00edas pueden servir para finalidades muy diversas, como, por ejemplo, reconocerle como usuario, obtener informaci\u00f3n sobre sus h\u00e1bitos de navegaci\u00f3n, enviarle publicidad o personalizar la forma en que se muestra el contenido<\/span>\r\n\r\n<span style=\"font-weight: 400;\">Para conocer los tipos de cookies que utiliza nuestro sitio web, le invitamos a que consulte nuestra <\/span><span style=\"font-weight: 400;\">Pol\u00edtica de Cookies.<\/span><span style=\"font-weight: 400;\">\u00a0<\/span>\r\n\r\n<span style=\"font-weight: 400;\">Nuestra entidad podr\u00e1 modificar, sin previo aviso, la informaci\u00f3n contenida en su sitio web, as\u00ed como su configuraci\u00f3n y presentaci\u00f3n.<\/span>\r\n\r\n<hr \/>\r\n\r\n<h4>5. Compromisos con el usuario<\/h4>\r\n<span style=\"font-weight: 400;\">Nuestra entidad se compromete a trav\u00e9s de este medio a no realizar publicidad enga\u00f1osa. A estos efectos, por lo tanto, no ser\u00e1n considerados como publicidad enga\u00f1osa los errores formales o num\u00e9ricos que puedan encontrarse a lo largo del contenido de las distintas secciones de esta web, producidos como consecuencia de un mantenimiento y\/o actualizaci\u00f3n incompleta o defectuosa de la informaci\u00f3n contenida es estas secciones. Nuestra entidad, como consecuencia de lo dispuesto en este apartado, se compromete a corregirlo tan pronto como tenga conocimiento de dichos errores.<\/span>\r\n\r\n<span style=\"font-weight: 400;\">Nuestra entidad se compromete a no remitir comunicaciones comerciales sin identificarlas como tales y sin su consentimiento previo, conforme a lo dispuesto en la Ley 34\/2002 de Servicios de la Sociedad de la Informaci\u00f3n y de comercio electr\u00f3nico. A estos efectos, no ser\u00e1 considerado como comunicaci\u00f3n comercial toda la informaci\u00f3n que se env\u00ede a nuestros clientes, siempre que tenga por finalidad el mantenimiento de la relaci\u00f3n contractual existente entre cliente y nuestra entidad, as\u00ed como el desempe\u00f1o de las tareas de informaci\u00f3n y otras actividades propias del servicio que el cliente tiene contratado con la empresa.<\/span>\r\n\r\n<hr \/>\r\n\r\n<h4>6. Compromiso de protecci\u00f3n de datos personales<\/h4>\r\n<span style=\"font-weight: 400;\">Nuestra entidad se compromete a realizar el tratamiento de cualquier dato personal bajo el estricto cumplimiento de lo dispuesto en el Reglamento General de Protecci\u00f3n de Datos Personales (RGPD 2016\/679) y la Ley Org\u00e1nica 3\/2018, de 5 de diciembre, de protecci\u00f3n de datos personales y garant\u00edas de los derechos digitales (LOPDPGDD). Para m\u00e1s informaci\u00f3n, invitamos a todos los usuarios a consultar nuestra <\/span><span style=\"font-weight: 400;\">Pol\u00edtica de Privacidad.<\/span>\r\n\r\n<hr \/>\r\n\r\n<h4>7. Incumplimientos y Responsabilidades<\/h4>\r\n<span style=\"font-weight: 400;\">Nuestra entidad no se hace responsable del incumplimiento de cualquier norma aplicable en que pueda incurrir el usuario en su acceso al presente sitio web y\/o en el uso de las informaciones contenidas en el mismo.<\/span>\r\n\r\n<span style=\"font-weight: 400;\">Nuestra entidad no ser\u00e1 responsable de los da\u00f1os y perjuicios producidos o que puedan producirse, cualquiera que sea su naturaleza, que se deriven del uso de la informaci\u00f3n, de las materias contenidas en este sitio web y de los programas que incorpora. Los enlaces (Links) e hipertexto que posibiliten, a trav\u00e9s del sitio web, acceder al usuario a prestaciones y servicios ofrecidos por terceros, no pertenecen ni se encuentran bajo el control de nuestra entidad, por lo que no nos hacemos responsables ni de la informaci\u00f3n contenida en los mismos ni de cualesquiera efectos que pudieran derivarse de dicha informaci\u00f3n.<\/span>\r\n\r\n<span style=\"font-weight: 400;\">Nuestra entidad no se hace responsable del uso ileg\u00edtimo que terceras personas puedan hacer de los nombres de marca, nombres de producto, marcas comerciales que, no siendo propiedad de nuestra entidad, aparezcan en el presente sitio web. Tampoco se responsabiliza de la integridad, veracidad y licitud del contenido de los enlaces a las webs a las que pueda accederse desde el presente sitio web. En definitiva, el Usuario es el \u00fanico responsable del uso que realice de los servicios, contenidos, enlaces (links) e hipertexto incluidos en el presente sitio web.<\/span>\r\n\r\n<hr \/>\r\n\r\n<h4>8. Legislaci\u00f3n Aplicable y Fuero Jurisdiccional<\/h4>\r\n<span style=\"font-weight: 400;\">Para toda cuesti\u00f3n legal o que incumba a los sitios Web que dependan de nuestra entidad, ser\u00e1 de aplicaci\u00f3n la legislaci\u00f3n espa\u00f1ola, siendo competentes para la resoluci\u00f3n de todos los conflictos derivados o relacionados con el uso de del presente sitio Web, los Juzgados y Tribunales en base a la competencia territorial que corresponda.\u00a0\u00a0<\/span>\r\n\r\n&nbsp;\r\n\r\n<span style=\"font-weight: 400;\">Actualizado el 14 de octubre de 2021<\/span>","protected":false},"excerpt":{"rendered":"<p>1. Informaci\u00f3n Legal En cumplimiento de lo establecido en el art\u00edculo 10 de la Ley 34\/2002, de 11 de julio, de Servicios de la Sociedad de la Informaci\u00f3n y de Comercio Electr\u00f3nico (en adelante, LSSI-CE), se informa de modo expreso, preciso e inequ\u00edvoco, tanto a los usuarios, destinatarios del servicio, como a los \u00f3rganos competentes, [&hellip;]<\/p>\n","protected":false},"author":1,"featured_media":0,"parent":0,"menu_order":0,"comment_status":"closed","ping_status":"closed","template":"","meta":{"footnotes":""},"class_list":["post-1035","page","type-page","status-publish","hentry"],"_links":{"self":[{"href":"https:\/\/borradorproyectos.es\/translevante\/wp-json\/wp\/v2\/pages\/1035","targetHints":{"allow":["GET"]}}],"collection":[{"href":"https:\/\/borradorproyectos.es\/translevante\/wp-json\/wp\/v2\/pages"}],"about":[{"href":"https:\/\/borradorproyectos.es\/translevante\/wp-json\/wp\/v2\/types\/page"}],"author":[{"embeddable":true,"href":"https:\/\/borradorproyectos.es\/translevante\/wp-json\/wp\/v2\/users\/1"}],"replies":[{"embeddable":true,"href":"https:\/\/borradorproyectos.es\/translevante\/wp-json\/wp\/v2\/comments?post=1035"}],"version-history":[{"count":4,"href":"https:\/\/borradorproyectos.es\/translevante\/wp-json\/wp\/v2\/pages\/1035\/revisions"}],"predecessor-version":[{"id":1645,"href":"https:\/\/borradorproyectos.es\/translevante\/wp-json\/wp\/v2\/pages\/1035\/revisions\/1645"}],"wp:attachment":[{"href":"https:\/\/borradorproyectos.es\/translevante\/wp-json\/wp\/v2\/media?parent=1035"}],"curies":[{"name":"wp","href":"https:\/\/api.w.org\/{rel}","templated":true}]}}