{"id":877,"date":"2017-02-05T03:11:30","date_gmt":"2017-02-05T03:11:30","guid":{"rendered":"http:\/\/tommustester.wpengine.com\/?page_id=877"},"modified":"2022-06-21T12:17:01","modified_gmt":"2022-06-21T10:17:01","slug":"corresponsabilidad","status":"publish","type":"page","link":"https:\/\/borradorproyectos.es\/pactem\/corresponsabilidad\/","title":{"rendered":"Corresponsabilidad"},"content":{"rendered":"<p>[vc_section full_width=\u00bbstretch_row\u00bb parallax=\u00bbcontent-moving\u00bb parallax_image=\u00bb3599&#8243;][vc_row][vc_column width=\u00bb1\/4&#8243;][\/vc_column][vc_column width=\u00bb1\/2&#8243;][vc_column_text css=\u00bb.vc_custom_1605788066129{padding-top: 85px !important;padding-bottom: 55px !important;}\u00bb]<\/p>\n<h1 class=\"tit1\">Corresponsabilidad en el empleo<\/h1>\n<p>[\/vc_column_text][\/vc_column][vc_column width=\u00bb1\/4&#8243;][\/vc_column][\/vc_row][\/vc_section][vc_row][vc_column][vc_column_text css=\u00bb.vc_custom_1594385819844{padding-top: 55px !important;}\u00bb]<\/p>\n<h2 style=\"text-align: center;\">Igualdad, conciliaci\u00f3n y estabilidad laboral<\/h2>\n<p style=\"text-align: center;\">La corresponsabilidad hace referencia a la responsabilidad y el compromiso por parte de las empresas con temas como la igualdad, la conciliaci\u00f3n, el desempleo o la estabilidad laboral.<\/p>\n<p>[\/vc_column_text][\/vc_column][\/vc_row][vc_row full_width=\u00bbstretch_row\u00bb css=\u00bb.vc_custom_1651481730490{margin-top: 55px !important;}\u00bb][vc_column]<div class=\"tabs-container text-center \" data-content-align=\"left\"><ul class=\"tabs section-tabs\">[vc_row_inner content_placement=\u00bbmiddle\u00bb ebor_type=\u00bbtab\u00bb][vc_column_inner width=\u00bb6\/12&#8243;][vc_single_image image=\u00bb3928&#8243; img_size=\u00bblarge\u00bb el_class=\u00bbborder&#8211;round box-shadow-wide\u00bb][vc_empty_space][vc_single_image image=\u00bb3927&#8243; img_size=\u00bblarge\u00bb el_class=\u00bbborder&#8211;round box-shadow-wide\u00bb][\/vc_column_inner][vc_column_inner width=\u00bb1\/12&#8243;][\/vc_column_inner][vc_column_inner width=\u00bb5\/12&#8243;][vc_column_text css=\u00bb.vc_custom_1593691137966{margin-bottom: 55px !important;}\u00bb]<\/p>\n<h2>Objetivos<\/h2>\n<p class=\"lead\">Nuestro principal objetivo reside en abordar la problem\u00e1tica del desempleo de manera coordinada y con el m\u00e1ximo compromiso con aquellas personas m\u00e1s vulnerables ante esta situaci\u00f3n.<\/p>\n<p>[\/vc_column_text]<div class=\" feature feature-6\"><i class=\"icon--sm icon-Cursor-Select color--primary\"><\/i><\/p>\n<h5>Dise\u00f1ar, planificar<\/h5>\n<p>Poner en marcha todo tipo de acciones, programas y proyectos conjuntos dirigidos a la creaci\u00f3n de empleo, a la inserci\u00f3n laboral de las personas desempleadas, al fomento de la iniciativa empresarial, al desarrollo de las peque\u00f1as y medianas empresas y a la corresponsabilidad social de los municipios y entidades participantes<\/div>[vc_empty_space]<div class=\" feature feature-6\"><i class=\"icon--sm icon-Double-Tap color--primary\"><\/i><\/p>\n<h5>L\u00edneas de acci\u00f3n<\/h5>\n<p>Tratamos de recurrir a los diferentes programas, l\u00edneas de acci\u00f3n y ayudas existentes promovidas tanto por la iniciativa privada como por las AAPP (de la Generalitat Valenciana, del Estado y de la Uni\u00f3n Europea).<\/div>[\/vc_column_inner][\/vc_row_inner]<\/ul><\/div>[\/vc_column][\/vc_row][vc_row full_width=\u00bbstretch_row\u00bb][vc_column]\n\t\t\t<section class=\" imageblock switchable switchable--switch bg--secondary feature-large space--sm\">\n\t\t\t    <div class=\"imageblock__content col-md-6 col-sm-4 pos-right\">\n\t\t\t        <div class=\"background-image-holder\">\n\t\t\t            <img width=\"2560\" height=\"1707\" src=\"https:\/\/borradorproyectos.es\/pactem\/wp-content\/uploads\/2020\/11\/GettyImages-639198068-scaled-1.jpg\" class=\"attachment-full size-full\" alt=\"\" loading=\"lazy\" srcset=\"https:\/\/borradorproyectos.es\/pactem\/wp-content\/uploads\/2020\/11\/GettyImages-639198068-scaled-1.jpg 2560w, https:\/\/borradorproyectos.es\/pactem\/wp-content\/uploads\/2020\/11\/GettyImages-639198068-scaled-1-300x200.jpg 300w, https:\/\/borradorproyectos.es\/pactem\/wp-content\/uploads\/2020\/11\/GettyImages-639198068-scaled-1-1024x683.jpg 1024w, https:\/\/borradorproyectos.es\/pactem\/wp-content\/uploads\/2020\/11\/GettyImages-639198068-scaled-1-768x512.jpg 768w, https:\/\/borradorproyectos.es\/pactem\/wp-content\/uploads\/2020\/11\/GettyImages-639198068-scaled-1-1536x1024.jpg 1536w, https:\/\/borradorproyectos.es\/pactem\/wp-content\/uploads\/2020\/11\/GettyImages-639198068-scaled-1-2048x1366.jpg 2048w\" sizes=\"(max-width: 2560px) 100vw, 2560px\" \/>\n\t\t\t        <\/div>\n\t\t\t    <\/div>\n\t\t\t    <div class=\"container\">\n\t\t\t        <div class=\"row\">\n\t\t\t            <div class=\"col-md-5 col-sm-7\">\n\t\t\t                [vc_column_text]<\/p>\n<h5>En Pactem Nord hemos trabajado desde nuestra creaci\u00f3n en 2001 en una l\u00ednea transversal de fomento de la corresponsabilidad social entre los diferentes agentes que integran la entidad.<\/h5>\n<p>Son muchas las \u00e1reas tem\u00e1ticas y referencias en las que incide la corresponsabilidad, por eso desde Pactem Nord hemos querido focalizar nuestro trabajo en el \u00e1rea social, fomentando especialmente la inserci\u00f3n laboral de las personas desempleadas.<\/p>\n<p>En el contexto actual, estos compromisos se dotan de mayor sentido y resulta esencial consolidar las alianzas entre los diferentes agentes que forman parte de nuestra entidad para favorecer la estabilidad laboral, la conciliaci\u00f3n, los salarios y a la integraci\u00f3n de la ciudadan\u00eda de l\u2019Horta Nord.[\/vc_column_text]\n\t\t\t            <\/div>\n\t\t\t        <\/div><!--end of row-->\n\t\t\t    <\/div><!--end of container-->\n\t\t\t<\/section>\n\t\t[\/vc_column][\/vc_row][vc_row full_width=\u00bbstretch_row\u00bb][vc_column]<div class=\"tabs-container text-center \" data-content-align=\"left\"><ul class=\"tabs section-tabs\">[vc_row_inner content_placement=\u00bbmiddle\u00bb ebor_type=\u00bbtab\u00bb][vc_column_inner width=\u00bb6\/12&#8243;][vc_single_image image=\u00bb3924&#8243; img_size=\u00bblarge\u00bb el_class=\u00bbborder&#8211;round box-shadow-wide\u00bb][\/vc_column_inner][vc_column_inner width=\u00bb1\/12&#8243;][\/vc_column_inner][vc_column_inner width=\u00bb5\/12&#8243;][vc_column_text]<\/p>\n<h3>Distintivos Pactem Nord a la Corresponsabilidad Territorial<\/h3>\n<p>[\/vc_column_text][vc_empty_space][vc_column_text]En los \u00faltimos a\u00f1os, muchas empresas han participado en los diferentes programas de empleo que hemos desarrollado desde la entidad, mostrando una gran sensibilidad en la inserci\u00f3n laboral de las personas desempleadas m\u00e1s vulnerables.<\/p>\n<p>Desde Pactem Nord, reconocimos a trav\u00e9s de los Distintivos Pactem Nord a la Corresponsabilidad Territorial en materia de Empleo para reconocer las experiencias en diferentes categor\u00edas: buenas pr\u00e1cticas en inserci\u00f3n laboral, gesti\u00f3n responsable de personas, empresa igualitaria en clave de g\u00e9nero, entidad o empresa comprometida con el territorio, emprendimiento responsable y empresa integradora.<\/p>\n<p>Ahora es necesario seguir profundizando en el desarrollo de estrategias de responsabilidad social para mantener nuestro compromiso con las personas desempleadas de la comarca.[\/vc_column_text][\/vc_column_inner][\/vc_row_inner]<\/ul><\/div>[\/vc_column][\/vc_row][vc_row full_width=\u00bbstretch_row\u00bb][vc_column]<div class=\"tabs-container text-center \" data-content-align=\"left\"><ul class=\"tabs section-tabs\">[vc_row_inner content_placement=\u00bbmiddle\u00bb ebor_type=\u00bbtab\u00bb][vc_column_inner width=\u00bb6\/12&#8243;][vc_column_text]<\/p>\n<h3><a href=\"https:\/\/distintiuvioletapactemnord.com\/es\/distintiu-violeta-pactem-nord\/\" target=\"_blank\" rel=\"noopener noreferrer\"><span>DISTINTIVO VIOLETA PACTEM NORD<\/span><\/a><\/h3>\n<p>[\/vc_column_text][vc_empty_space][vc_column_text]<\/p>\n<p class=\"p2\">El Distintivo Violeta Pactem Nord es una actuaci\u00f3n que se enmarca en la l\u00ednea transversal de trabajo del Pacto Territorial de Ocupaci\u00f3n, Pactem Nord, que tiene por objeto la promoci\u00f3n de la igualdad entre hombres y mujeres y la no discriminaci\u00f3n. Con el soporte de los ayuntamientos, sindicatos y asociaciones empresariales de l\u00b4Horta Nord y con la implicaci\u00f3n y colaboraci\u00f3n de las empresas e instituciones participantes.<\/p>\n<p class=\"p2\">Esta iniciativa impulsada por el Consorci Pactem Nord nos permite avanzar hacia un territorio socialmente responsable. El Distintivo Violeta Pactem Nord cuenta, adem\u00e1s, con el soporte de LABORA, de la Diputaci\u00f3n de Val\u00e8ncia y de la Federaci\u00f3 de Dones i Col.lectius per la Igualtat de l\u00b4Horta Nord.<\/p>\n<p class=\"p2\">Este distintivo reconoce los compromisos adquiridos por parte de las empresas y entidades para avanzar y promover la igualdad, adquiriendo compromisos en su actividad empresarial que favorezcan la igualdad de oportunidades entre mujeres y hombres.<\/p>\n<p class=\"p2\">El Distintivo Violeta Pactem Nord est\u00e1 abierto a cualquier entidad o empresa comprometida con la igualdad entre hombres y mujeres.<\/p>\n<p>[\/vc_column_text][vc_btn title=\u00bbM\u00e1s informaci\u00f3n\u00bb style=\u00bbclassic\u00bb color=\u00bbdefault\u00bb link=\u00bburl:http%3A%2F%2Fww.distintiuvioletapactemnord.org|||\u00bb][\/vc_column_inner][vc_column_inner width=\u00bb1\/12&#8243;][\/vc_column_inner][vc_column_inner width=\u00bb5\/12&#8243;][vc_single_image image=\u00bb3873&#8243; img_size=\u00bblarge\u00bb onclick=\u00bbcustom_link\u00bb el_class=\u00bbborder&#8211;round box-shadow-wide\u00bb link=\u00bbhttps:\/\/distintiuvioletapactemnord.com\/es\/distintiu-violeta-pactem-nord\/\u00bb][vc_empty_space][vc_single_image image=\u00bb3871&#8243; img_size=\u00bblarge\u00bb onclick=\u00bbcustom_link\u00bb el_class=\u00bbborder&#8211;round box-shadow-wide\u00bb link=\u00bbhttps:\/\/distintiuvioletapactemnord.com\/es\/distintiu-violeta-pactem-nord\/\u00bb][\/vc_column_inner][\/vc_row_inner]<\/ul><\/div>[\/vc_column][\/vc_row][vc_row full_width=\u00bbstretch_row\u00bb][vc_column]<div class=\"tabs-container text-center \" data-content-align=\"left\"><ul class=\"tabs section-tabs\">[vc_row_inner content_placement=\u00bbmiddle\u00bb ebor_type=\u00bbtab\u00bb][vc_column_inner width=\u00bb6\/12&#8243;][vc_single_image image=\u00bb3930&#8243; img_size=\u00bblarge\u00bb onclick=\u00bbcustom_link\u00bb el_class=\u00bbborder&#8211;round box-shadow-wide\u00bb link=\u00bbhttps:\/\/distintiuvioletapactemnord.com\/es\/distintiu-violeta-pactem-nord\/\u00bb][\/vc_column_inner][vc_column_inner width=\u00bb1\/12&#8243;][\/vc_column_inner][vc_column_inner width=\u00bb5\/12&#8243;][vc_column_text]<\/p>\n<h3><span>ITINERARIOS DE RESPONSABILIDAD SOCIAL EMPRESARIAL\u00a0<\/span><\/h3>\n<p>[\/vc_column_text][vc_empty_space][vc_column_text]<strong>El desarrollo de Itinerarios Empresariales de RSE es una l\u00ednea de trabajo implementada por Pactem Nord con las empresas colaboradoras locales que se inscribe en un programa m\u00e1s amplio de corresponsabilidad territorial<\/strong><span>\u00a0<\/span>en el que hemos venido trabajando en el territorio desde el origen del Pacto Territorial de Empleo.<\/p>\n<p>Las acciones que integran estos itinerarios empresariales de RSE trazan un camino o itinerario hacia la consecuci\u00f3n de objetivos que favorecen tanto la inserci\u00f3n laboral de determinadas personas desempleadas, como la adopci\u00f3n de estrategias en la empresa que refuerzan su reputaci\u00f3n y su valor en el territorio.<\/p>\n<p><span>La RSE integra diferentes \u00e1mbitos de trabajo desde los que incorporar pr\u00e1cticas responsables de impacto interno y externo, nos centramos en dos \u00e1reas de trabajo de gran importancia: el \u00c1rea de Recursos Humanos y el \u00c1rea Social, abordando aspectos como la igualdad, la conciliaci\u00f3n laboral, el desarrollo del talento, la inserci\u00f3n laboral, etc.<\/span>[\/vc_column_text][vc_empty_space][vc_btn title=\u00bbM\u00e1s informaci\u00f3n\u00bb style=\u00bbclassic\u00bb color=\u00bbdefault\u00bb link=\u00bburl:https%3A%2F%2Fwww.consorci.info%2Fprograma-de-itinerarios-de-rse.html|||\u00bb][\/vc_column_inner][\/vc_row_inner]<\/ul><\/div>[\/vc_column][\/vc_row]<\/p>\n","protected":false},"excerpt":{"rendered":"<p>[vc_section full_width=\u00bbstretch_row\u00bb parallax=\u00bbcontent-moving\u00bb parallax_image=\u00bb3599&#8243;][vc_row][vc_column width=\u00bb1\/4&#8243;][\/vc_column][vc_column width=\u00bb1\/2&#8243;][vc_column_text css=\u00bb.vc_custom_1605788066129{padding-top: 85px !important;padding-bottom: 55px !important;}\u00bb] Corresponsabilidad en el empleo [\/vc_column_text][\/vc_column][vc_column width=\u00bb1\/4&#8243;][\/vc_column][\/vc_row][\/vc_section][vc_row][vc_column][vc_column_text css=\u00bb.vc_custom_1594385819844{padding-top: 55px !important;}\u00bb] Igualdad, conciliaci\u00f3n&#8230;<\/p>\n","protected":false},"author":1,"featured_media":0,"parent":0,"menu_order":0,"comment_status":"closed","ping_status":"closed","template":"","meta":[],"acf":[],"_links":{"self":[{"href":"https:\/\/borradorproyectos.es\/pactem\/wp-json\/wp\/v2\/pages\/877"}],"collection":[{"href":"https:\/\/borradorproyectos.es\/pactem\/wp-json\/wp\/v2\/pages"}],"about":[{"href":"https:\/\/borradorproyectos.es\/pactem\/wp-json\/wp\/v2\/types\/page"}],"author":[{"embeddable":true,"href":"https:\/\/borradorproyectos.es\/pactem\/wp-json\/wp\/v2\/users\/1"}],"replies":[{"embeddable":true,"href":"https:\/\/borradorproyectos.es\/pactem\/wp-json\/wp\/v2\/comments?post=877"}],"version-history":[{"count":57,"href":"https:\/\/borradorproyectos.es\/pactem\/wp-json\/wp\/v2\/pages\/877\/revisions"}],"predecessor-version":[{"id":4361,"href":"https:\/\/borradorproyectos.es\/pactem\/wp-json\/wp\/v2\/pages\/877\/revisions\/4361"}],"wp:attachment":[{"href":"https:\/\/borradorproyectos.es\/pactem\/wp-json\/wp\/v2\/media?parent=877"}],"curies":[{"name":"wp","href":"https:\/\/api.w.org\/{rel}","templated":true}]}}