{"id":4312,"date":"2022-05-02T12:28:06","date_gmt":"2022-05-02T10:28:06","guid":{"rendered":"https:\/\/kzgpruebas.es\/pactem\/?page_id=4312"},"modified":"2022-06-30T10:30:08","modified_gmt":"2022-06-30T08:30:08","slug":"igualdad","status":"publish","type":"page","link":"https:\/\/borradorproyectos.es\/pactem\/igualdad\/","title":{"rendered":"Igualdad"},"content":{"rendered":"<p>[vc_section full_width=\u00bbstretch_row\u00bb parallax=\u00bbcontent-moving\u00bb parallax_image=\u00bb3701&#8243;][vc_row][vc_column width=\u00bb1\/4&#8243;][\/vc_column][vc_column width=\u00bb1\/2&#8243;][vc_column_text css=\u00bb.vc_custom_1651487284346{padding-top: 85px !important;padding-bottom: 55px !important;}\u00bb]<\/p>\n<h1 class=\"tit1\">Igualdad<\/h1>\n<p>[\/vc_column_text][vc_icon icon_fontawesome=\u00bbfab fa-youtube\u00bb color=\u00bbwhite\u00bb background_style=\u00bbrounded\u00bb align=\u00bbcenter\u00bb link=\u00bburl:https%3A%2F%2Fwww.youtube.com%2Fchannel%2FUCOOo7orNK98NLqafFdbIrdQ%2Fvideos||target:%20_blank|\u00bb][\/vc_column][vc_column width=\u00bb1\/4&#8243;][\/vc_column][\/vc_row][\/vc_section][vc_row gap=\u00bb35&#8243; equal_height=\u00bbyes\u00bb css=\u00bb.vc_custom_1651485487809{margin-top: 55px !important;}\u00bb][vc_column width=\u00bb1\/2&#8243; el_class=\u00bbcaja\u00bb][vc_single_image image=\u00bb4315&#8243; img_size=\u00bbfull\u00bb][\/vc_column][vc_column width=\u00bb1\/2&#8243; css=\u00bb.vc_custom_1651482292373{margin-top: 35px !important;}\u00bb][vc_column_text]<\/p>\n<h3>ASESORAMIENTO A EMPRESAS<\/h3>\n<p>[\/vc_column_text][vc_column_text]El Consorcio Pactem Nord incorpora una l\u00ednea de asesoramiento en materia de igualdad de oportunidades en el \u00e1mbito del empleo, ofreciendo informaci\u00f3n y apoyo a las empresas de la comarca en la incorporaci\u00f3n de medidas de igualdad y en la elaboraci\u00f3n e implementaci\u00f3n de planes de igualdad.<\/p>\n<p>Ofrece, adem\u00e1s, formaci\u00f3n e informaci\u00f3n sobre recursos y acciones para la promoci\u00f3n de la igualdad en las empresas. En este sentido, destaca la iniciativa del DISTINTIVO VIOLETA PACTEM NORD.<br \/>\n[\/vc_column_text][\/vc_column][\/vc_row][vc_row css=\u00bb.vc_custom_1651485357038{margin-top: 35px !important;margin-bottom: 35px !important;}\u00bb][vc_column][vc_separator][\/vc_column][\/vc_row][vc_row gap=\u00bb35&#8243; equal_height=\u00bbyes\u00bb css=\u00bb.vc_custom_1651485495197{margin-top: 35px !important;}\u00bb][vc_column width=\u00bb1\/2&#8243; el_class=\u00bbcaja\u00bb][vc_single_image image=\u00bb3845&#8243; img_size=\u00bbfull\u00bb][\/vc_column][vc_column width=\u00bb1\/2&#8243; css=\u00bb.vc_custom_1651482292373{margin-top: 35px !important;}\u00bb][vc_column_text]<\/p>\n<h3>DISTINTIVO VIOLETA PACTEM NORD<\/h3>\n<p>[\/vc_column_text][vc_column_text]<\/p>\n<p><span style=\"font-weight: 400;\">Este distintivo reconoce los compromisos adquiridos por parte de las empresas y entidades para avanzar y promover la igualdad, adquiriendo compromisos en su actividad empresarial que favorezcan la igualdad de oportunidades entre mujeres y hombres. El Distintivo Violeta Pactem Nord est\u00e1 abierto a cualquier entidad o empresa comprometida con la igualdad entre hombres y mujeres.<\/span><\/p>\n<p><span style=\"font-weight: 400;\">Toda la informaci\u00f3n sobre esta iniciativa se puede consultar en esta p\u00e1gina:<\/span><\/p>\n<p><a href=\"http:\/\/distintiuvioletapactemnord.com\/es\/distintiu-violeta-pactem-nord\/\"><span style=\"font-weight: 400;\">http:\/\/distintiuvioletapactemnord.com\/es\/distintiu-violeta-pactem-nord\/<\/span><\/a><\/p>\n<p><span style=\"font-weight: 400;\">Para el desarrollo de estas iniciativas, Pactem Nord cuenta con el apoyo de la Federaci\u00f3 de Dones i Col.lectius per la Igualtat de l\u2019Horta Nord, as\u00ed como con la financiaci\u00f3n de Labora en el marco de Avalem Territori y de la Diputaci\u00f3n de Valencia.<\/span><\/p>\n<p>[\/vc_column_text][\/vc_column][\/vc_row][vc_row css=\u00bb.vc_custom_1651485357038{margin-top: 35px !important;margin-bottom: 35px !important;}\u00bb][vc_column][vc_separator][\/vc_column][\/vc_row][vc_row gap=\u00bb35&#8243; equal_height=\u00bbyes\u00bb css=\u00bb.vc_custom_1651485396738{margin-top: 35px !important;}\u00bb][vc_column width=\u00bb1\/2&#8243; el_class=\u00bbcaja\u00bb][vc_single_image image=\u00bb4319&#8243; img_size=\u00bbfull\u00bb][\/vc_column][vc_column width=\u00bb1\/2&#8243; css=\u00bb.vc_custom_1651482292373{margin-top: 35px !important;}\u00bb][vc_column_text]<\/p>\n<h3>COEDUCACI\u00d3N<\/h3>\n<p>[\/vc_column_text][vc_column_text]En esta web encontrar\u00e1s una recopilaci\u00f3n de buenas pr\u00e1ctiques coeducativas desarrolladas en los centros educativos de la Comunitat Valenciana y una gran variedad de recursos coeducativos interesantes, dado que la educaci\u00f3n tiene un papel fundamental en el avance hacia una sociedad igualitaria y equitativa.<\/p>\n<p><a href=\"https:\/\/kzgweb.es\/directorio\/\" target=\"_blank\" rel=\"noopener\">Banco de buenas pr\u00e1cticas<\/a>[\/vc_column_text][\/vc_column][\/vc_row][vc_row css=\u00bb.vc_custom_1651485357038{margin-top: 35px !important;margin-bottom: 35px !important;}\u00bb][vc_column][vc_separator][\/vc_column][\/vc_row][vc_row gap=\u00bb35&#8243; equal_height=\u00bbyes\u00bb css=\u00bb.vc_custom_1651485380517{margin-top: 35px !important;}\u00bb][vc_column width=\u00bb1\/2&#8243; el_class=\u00bbcaja\u00bb][vc_single_image image=\u00bb4322&#8243; img_size=\u00bbfull\u00bb][\/vc_column][vc_column width=\u00bb1\/2&#8243; css=\u00bb.vc_custom_1651482292373{margin-top: 35px !important;}\u00bb][vc_column_text]<\/p>\n<h3>MUJERES INSPIRADORAS EN L\u2019HORTA NORD<\/h3>\n<p>[\/vc_column_text][vc_column_text]<\/p>\n<p class=\"wow fadeInUp\" data-wow-duration=\"2s\" data-wow-delay=\".3s\">La historia de l\u2019Horta Nord est\u00e1 repleta de personajes femeninos que con su trabajo, sus ideas y su labor, nos inspiran. Son deportistas, pol\u00edticas, artistas, sanitarias, etc\u2026 Mujeres que de un modo u otro han roto barreras y estereotipos. Conoce sus logros y su aportaci\u00f3n a nuestra sociedad.<\/p>\n<p><a href=\"https:\/\/ellasnosinspiran.es\/\" target=\"_blank\" rel=\"noopener\">Ellas nos inspiran<\/a>[\/vc_column_text][\/vc_column][\/vc_row][vc_row css=\u00bb.vc_custom_1651485357038{margin-top: 35px !important;margin-bottom: 35px !important;}\u00bb][vc_column][vc_separator][\/vc_column][\/vc_row][vc_row][vc_column width=\u00bb1\/2&#8243;][vc_single_image image=\u00bb3717&#8243; img_size=\u00bbfull\u00bb alignment=\u00bbcenter\u00bb][\/vc_column][vc_column width=\u00bb1\/2&#8243;][vc_column_text]<\/p>\n<h3>PROYECTO TRAYECTORIAS ACAD\u00c9MICAS<\/h3>\n<p>[\/vc_column_text][vc_column_text]<span style=\"font-weight: 400;\">Con el objetivo de<\/span><b> eliminar la brecha de g\u00e9nero en la elecci\u00f3n de trayectorias acad\u00e9micas<\/b><span style=\"font-weight: 400;\">, Pactem Nord ha desarrollado diferentes acciones en colaboraci\u00f3n con centros educativos de l\u2019Horta Nord.<\/span><\/p>\n<ul>\n<li style=\"list-style-type: none;\">\n<ul>\n<li style=\"font-weight: 400;\" aria-level=\"1\"><span style=\"font-weight: 400;\">Campa\u00f1a \u00bfY por qu\u00e9 no? Enlace a los v\u00eddeos de la campa\u00f1a.\u00a0<\/span><\/li>\n<li style=\"font-weight: 400;\" aria-level=\"1\"><span style=\"font-weight: 400;\">Proyecto experimental con 20 mujeres j\u00f3venes que est\u00e1n cursando ciclos formativos con subrepresentaci\u00f3n femenina en l\u2019Horta Nord, a las que se acompa\u00f1a en su proceso de formaci\u00f3n, empoderamiento personal y b\u00fasqueda de empleo.<\/span><\/li>\n<\/ul>\n<\/li>\n<\/ul>\n<p>[\/vc_column_text][\/vc_column][\/vc_row][vc_row css=\u00bb.vc_custom_1651485357038{margin-top: 35px !important;margin-bottom: 35px !important;}\u00bb][vc_column][vc_separator][\/vc_column][\/vc_row][vc_row gap=\u00bb35&#8243; equal_height=\u00bbyes\u00bb css=\u00bb.vc_custom_1651484965858{margin-top: 35px !important;}\u00bb][vc_column width=\u00bb1\/2&#8243; el_class=\u00bbcaja\u00bb][vc_single_image image=\u00bb4327&#8243; img_size=\u00bbfull\u00bb][\/vc_column][vc_column width=\u00bb1\/2&#8243; css=\u00bb.vc_custom_1651482292373{margin-top: 35px !important;}\u00bb][vc_column_text]<\/p>\n<h3>FORO DE IGUALDAD DE L\u2019HORTA NORD<\/h3>\n<p>[\/vc_column_text][vc_column_text]<a href=\"https:\/\/www.consorci.info\/foro-comarcal-para-la-igualdad-de-oportunidades-en-l-horta-nord.html\" target=\"_blank\" rel=\"noopener\"><span style=\"font-weight: 400;\">https:\/\/www.consorci.info\/foro-comarcal-para-la-igualdad-de-oportunidades-en-l-horta-nord.html<\/span><\/a>[\/vc_column_text][\/vc_column][\/vc_row]<\/p>\n","protected":false},"excerpt":{"rendered":"<p>[vc_section full_width=\u00bbstretch_row\u00bb parallax=\u00bbcontent-moving\u00bb parallax_image=\u00bb3701&#8243;][vc_row][vc_column width=\u00bb1\/4&#8243;][\/vc_column][vc_column width=\u00bb1\/2&#8243;][vc_column_text css=\u00bb.vc_custom_1651487284346{padding-top: 85px !important;padding-bottom: 55px !important;}\u00bb] Igualdad [\/vc_column_text][vc_icon icon_fontawesome=\u00bbfab fa-youtube\u00bb color=\u00bbwhite\u00bb background_style=\u00bbrounded\u00bb align=\u00bbcenter\u00bb link=\u00bburl:https%3A%2F%2Fwww.youtube.com%2Fchannel%2FUCOOo7orNK98NLqafFdbIrdQ%2Fvideos||target:%20_blank|\u00bb][\/vc_column][vc_column width=\u00bb1\/4&#8243;][\/vc_column][\/vc_row][\/vc_section][vc_row gap=\u00bb35&#8243; equal_height=\u00bbyes\u00bb&#8230;<\/p>\n","protected":false},"author":1,"featured_media":0,"parent":0,"menu_order":0,"comment_status":"closed","ping_status":"closed","template":"","meta":[],"acf":[],"_links":{"self":[{"href":"https:\/\/borradorproyectos.es\/pactem\/wp-json\/wp\/v2\/pages\/4312"}],"collection":[{"href":"https:\/\/borradorproyectos.es\/pactem\/wp-json\/wp\/v2\/pages"}],"about":[{"href":"https:\/\/borradorproyectos.es\/pactem\/wp-json\/wp\/v2\/types\/page"}],"author":[{"embeddable":true,"href":"https:\/\/borradorproyectos.es\/pactem\/wp-json\/wp\/v2\/users\/1"}],"replies":[{"embeddable":true,"href":"https:\/\/borradorproyectos.es\/pactem\/wp-json\/wp\/v2\/comments?post=4312"}],"version-history":[{"count":12,"href":"https:\/\/borradorproyectos.es\/pactem\/wp-json\/wp\/v2\/pages\/4312\/revisions"}],"predecessor-version":[{"id":4383,"href":"https:\/\/borradorproyectos.es\/pactem\/wp-json\/wp\/v2\/pages\/4312\/revisions\/4383"}],"wp:attachment":[{"href":"https:\/\/borradorproyectos.es\/pactem\/wp-json\/wp\/v2\/media?parent=4312"}],"curies":[{"name":"wp","href":"https:\/\/api.w.org\/{rel}","templated":true}]}}