{"id":4304,"date":"2022-05-02T12:14:05","date_gmt":"2022-05-02T10:14:05","guid":{"rendered":"https:\/\/kzgpruebas.es\/pactem\/?page_id=4304"},"modified":"2022-05-02T12:35:52","modified_gmt":"2022-05-02T10:35:52","slug":"responsabilidad-social-empresarial-rse","status":"publish","type":"page","link":"https:\/\/borradorproyectos.es\/pactem\/responsabilidad-social-empresarial-rse\/","title":{"rendered":"Responsabilidad social empresarial (RSE)"},"content":{"rendered":"<p>[vc_section full_width=\u00bbstretch_row\u00bb parallax=\u00bbcontent-moving\u00bb parallax_image=\u00bb3807&#8243; ebor_docs=\u00bb\u00bb][vc_row][vc_column width=\u00bb1\/4&#8243;][\/vc_column][vc_column width=\u00bb1\/2&#8243;][vc_column_text css=\u00bb.vc_custom_1651486443860{padding-top: 85px !important;padding-bottom: 55px !important;}\u00bb]<\/p>\n<h1 class=\"tit1\">Responsabilidad social empresarial (RSE)<\/h1>\n<p>[\/vc_column_text][\/vc_column][vc_column width=\u00bb1\/4&#8243;][\/vc_column][\/vc_row][\/vc_section][vc_row gap=\u00bb35&#8243; equal_height=\u00bbyes\u00bb css=\u00bb.vc_custom_1651485487809{margin-top: 55px !important;}\u00bb][vc_column width=\u00bb1\/2&#8243; el_class=\u00bbcaja\u00bb][vc_single_image image=\u00bb3806&#8243; img_size=\u00bbfull\u00bb][\/vc_column][vc_column width=\u00bb1\/2&#8243; css=\u00bb.vc_custom_1651482292373{margin-top: 35px !important;}\u00bb][vc_column_text]<\/p>\n<h3>Itinerarios<\/h3>\n<p>[\/vc_column_text][vc_column_text]<b>El desarrollo de ITINERARIOS EMPRESARIALES DE RSE es una l\u00ednea de trabajo implementada por Pactem Nord con las empresas colaboradoras locales que se inscribe en un programa m\u00e1s amplio de corresponsabilidad territorial<\/b><span style=\"font-weight: 400;\"> en el que hemos venido trabajando en el territorio desde el origen del Pacto Territorial de Empleo en 2001.<\/span><\/p>\n<p><span style=\"font-weight: 400;\">Se trata de desarrollar una labor que va m\u00e1s all\u00e1 \u201cdel cumplimiento estricto de las obligaciones legales vigentes\u201d, pues supone \u201cla integraci\u00f3n voluntaria de las preocupaciones sociales, laborales, ambientales y de respeto a los derechos humanos que surgen de la relaci\u00f3n y el di\u00e1logo transparentes con sus grupos de inter\u00e9s, responsabiliz\u00e1ndose as\u00ed de las consecuencias y de los impactos que derivan de sus acciones\u201d. La RSE como veh\u00edculo de competitividad, de sostenibilidad y de integraci\u00f3n y cohesi\u00f3n social.<\/span><\/p>\n<p><span style=\"font-weight: 400;\">Las acciones que integran estos ITINERARIOS EMPRESARIALES DE RSE trazan un camino o itinerario hacia la consecuci\u00f3n de objetivos que favorecen tanto la inserci\u00f3n laboral de determinadas personas desempleadas, como la adopci\u00f3n de estrategias en la empresa que refuerzan su reputaci\u00f3n y su valor en el territorio. Esta l\u00ednea de trabajo aporta valor al \u00e1rea de recursos humanos mediante la introducci\u00f3n de herramientas y recursos que favorecen la diversidad y la mejora en la empresa.<\/span><\/p>\n<p><span style=\"font-weight: 400;\">La <\/span><b>INSERCI\u00d3N LABORAL DE PERSONAS EN SITUACI\u00d3N O RIESGO DE EXCLUSI\u00d3N SOCIAL<\/b><span style=\"font-weight: 400;\"> es una de las l\u00edneas de mayor significaci\u00f3n en el desarrollo de acciones de RSE.\u00a0<\/span><\/p>\n<p><span style=\"font-weight: 400;\">Siendo conscientes de la amplitud del concepto de RSE, y de que integra diferentes \u00e1mbitos de trabajo desde los que incorporar pr\u00e1cticas responsables de impacto interno y externo, nuestro acompa\u00f1amiento se centrar\u00e1 en dos \u00e1reas de trabajo de gran importancia: el \u00c1rea de Recursos Humanos y el \u00c1rea Social. Abordando aspectos como la igualdad, la conciliaci\u00f3n laboral, el desarrollo del talento, la inserci\u00f3n laboral, etc. que permitan a las empresas desarrollar y poner en valor su \u201ccorresponsabilidad social en el territorio como factor de competitividad y cohesi\u00f3n\u201d. El objetivo es que la empresa emprenda un recorrido generador de impactos positivos en la propia organizaci\u00f3n y en el entorno en el que opera.<\/span><\/p>\n<p><span style=\"font-weight: 400;\">Enumeramos a continuaci\u00f3n, sin que se trate de un listado cerrado o limitado, algunas medidas sobre las que desarrollar estrategias de RSE en la empresa en funci\u00f3n de sus caracter\u00edsticas, recursos y objetivos.\u00a0<\/span><\/p>\n<ol>\n<li><span style=\"font-weight: 400;\"><\/span> <span style=\"font-weight: 400;\">Medidas relacionadas con la gesti\u00f3n de personas trabajadoras.<\/span><\/li>\n<li><span style=\"font-weight: 400;\"><\/span> <span style=\"font-weight: 400;\">Medidas de mejora del \u00e1rea social (aporte de la empresa a la sociedad, m\u00e1s all\u00e1 de su propia actividad empresarial).<\/span><\/li>\n<li><span style=\"font-weight: 400;\"><\/span> <span style=\"font-weight: 400;\">Medidas de mejora para la reducci\u00f3n o eliminaci\u00f3n del impacto ambiental de las operaciones y actividades de las empresas.<\/span><\/li>\n<li><span style=\"font-weight: 400;\"><\/span> <span style=\"font-weight: 400;\">Mejora de la transparencia, comunicaci\u00f3n y difusi\u00f3n de las buenas pr\u00e1cticas.<\/span><\/li>\n<li><span style=\"font-weight: 400;\"><\/span> <span style=\"font-weight: 400;\">Medidas de implantaci\u00f3n estrat\u00e9gica de la RSE (integraci\u00f3n de la responsabilidad social en la estrategia empresarial).<\/span><\/li>\n<\/ol>\n<p><span style=\"font-weight: 400;\">Para m\u00e1s informaci\u00f3n contacta con nosotros\/as en <\/span><a href=\"mailto:pactem@consorci.info\"><span style=\"font-weight: 400;\">pactem@consorci.info<\/span><\/a>[\/vc_column_text][\/vc_column][\/vc_row][vc_row css=\u00bb.vc_custom_1651485357038{margin-top: 35px !important;margin-bottom: 35px !important;}\u00bb][vc_column][vc_separator][\/vc_column][\/vc_row][vc_row gap=\u00bb35&#8243; equal_height=\u00bbyes\u00bb css=\u00bb.vc_custom_1651485495197{margin-top: 35px !important;}\u00bb][vc_column width=\u00bb1\/2&#8243; el_class=\u00bbcaja\u00bb][vc_single_image image=\u00bb3489&#8243; img_size=\u00bbfull\u00bb][\/vc_column][vc_column width=\u00bb1\/2&#8243; css=\u00bb.vc_custom_1651482292373{margin-top: 35px !important;}\u00bb][vc_column_text]<\/p>\n<h3>Gesti\u00f3n responsable de personas<\/h3>\n<p>[\/vc_column_text][vc_column_text]<span style=\"font-weight: 400;\">La iniciativa que planteamos forma parte de un conjunto de acciones que contribuyen a desarrollar nuestro territorio desde un punto de vista sostenible, responsable e integrador.<\/span><\/p>\n<p><span style=\"font-weight: 400;\">As\u00ed, en el marco de los procesos de intermediaci\u00f3n laboral, el objetivo se centra en trabajar en la sensibilizaci\u00f3n de las empresas para la realizaci\u00f3n de una intermediaci\u00f3n laboral con criterios de responsabilidad social. Para ello, en el proceso de an\u00e1lisis del puesto de trabajo y en la gesti\u00f3n del proceso de selecci\u00f3n, se utilizar\u00e1n diferentes estrategias para promover procesos responsables, como el acompa\u00f1amiento a empresas en la gesti\u00f3n de la incorporaci\u00f3n de nuevos\/as profesionales a sus equipos y la utilizaci\u00f3n de los CV ciegos.<\/span><\/p>\n<p><span style=\"font-weight: 400;\">Todas las ofertas de empleo se gestionan con los criterios consensuados de responsabilidad social. Un paso m\u00e1s en esta l\u00ednea ser\u00eda que, tras un proceso de sensibilizaci\u00f3n de la empresa, si \u00e9sta decide realizar el proceso de selecci\u00f3n de todos sus puestos, hacerlo a trav\u00e9s de curr\u00edculums ciegos de candidatos\/as.<\/span><\/p>\n<p><span style=\"font-weight: 400;\">En nuestra opini\u00f3n, la INSERCI\u00d3N LABORAL DE PERSONAS CON M\u00c1S DIFICULTADES DE INSERCI\u00d3N es, si no la principal, una de las l\u00edneas de mayor significaci\u00f3n en el desarrollo de acciones de RSE. La huella de la I.C. Equal en Pactem Nord y en la propia red RETOS, de la que forma parte la entidad desde su inicio, ha permitido esta l\u00ednea constante de trabajo con empresas.<\/span>[\/vc_column_text][\/vc_column][\/vc_row][vc_row css=\u00bb.vc_custom_1651485357038{margin-top: 35px !important;margin-bottom: 35px !important;}\u00bb][vc_column][vc_separator][\/vc_column][\/vc_row][vc_row gap=\u00bb35&#8243; equal_height=\u00bbyes\u00bb css=\u00bb.vc_custom_1651485396738{margin-top: 35px !important;}\u00bb][vc_column width=\u00bb1\/2&#8243; el_class=\u00bbcaja\u00bb][vc_video link=\u00bbhttps:\/\/www.youtube.com\/watch?v=6_HW4BkkB-c\u00bb][\/vc_column][vc_column width=\u00bb1\/2&#8243; css=\u00bb.vc_custom_1651482292373{margin-top: 35px !important;}\u00bb][vc_column_text]<\/p>\n<h3>El modelo que queremos<\/h3>\n<p>[\/vc_column_text][vc_column_text][\/vc_column_text][\/vc_column][\/vc_row][vc_row css=\u00bb.vc_custom_1651485357038{margin-top: 35px !important;margin-bottom: 35px !important;}\u00bb][vc_column][vc_separator][\/vc_column][\/vc_row][vc_row gap=\u00bb35&#8243; equal_height=\u00bbyes\u00bb css=\u00bb.vc_custom_1651485380517{margin-top: 35px !important;}\u00bb][vc_column width=\u00bb1\/2&#8243; el_class=\u00bbcaja\u00bb][vc_video link=\u00bbhttps:\/\/www.youtube.com\/watch?v=rnuzW2_PKkM\u00bb][\/vc_column][vc_column width=\u00bb1\/2&#8243; css=\u00bb.vc_custom_1651482292373{margin-top: 35px !important;}\u00bb][vc_column_text]<\/p>\n<h3>Pr\u00f3ximos a ti<\/h3>\n<p>[\/vc_column_text][\/vc_column][\/vc_row][vc_row css=\u00bb.vc_custom_1651485357038{margin-top: 35px !important;margin-bottom: 35px !important;}\u00bb][vc_column][vc_separator][\/vc_column][\/vc_row][vc_row][vc_column width=\u00bb1\/2&#8243;][vc_single_image image=\u00bb4310&#8243; img_size=\u00bbfull\u00bb alignment=\u00bbcenter\u00bb][\/vc_column][vc_column width=\u00bb1\/2&#8243;][vc_column_text]<\/p>\n<h3>Cooperaci\u00f3n interempresarial<\/h3>\n<p>[\/vc_column_text][\/vc_column][\/vc_row][vc_row css=\u00bb.vc_custom_1651485357038{margin-top: 35px !important;margin-bottom: 35px !important;}\u00bb][vc_column][vc_separator][\/vc_column][\/vc_row][vc_row gap=\u00bb35&#8243; equal_height=\u00bbyes\u00bb css=\u00bb.vc_custom_1651484965858{margin-top: 35px !important;}\u00bb][vc_column width=\u00bb1\/2&#8243; el_class=\u00bbcaja\u00bb][vc_single_image image=\u00bb3927&#8243; img_size=\u00bbfull\u00bb][\/vc_column][vc_column width=\u00bb1\/2&#8243; css=\u00bb.vc_custom_1651482292373{margin-top: 35px !important;}\u00bb][vc_column_text]<\/p>\n<h3>Emprendimiento y RSE<\/h3>\n<p>[\/vc_column_text][vc_column_text]La atenci\u00f3n a las personas emprendedoras de l\u2019Horta Nord es una de las principales l\u00edneas de trabajo de Pactem Nord. Promovemos el impulso de estrategias de innovaci\u00f3n para las empresas y para las personas emprendedoras de l\u2019Horta Nord desde la perspectiva de la responsabilidad social empresarial, con el fin de dotarlas de herramientas que les ayuden a crecer, a posicionarse y a desarrollar una competitividad sostenible.<br \/>\nPor este motivo, Pactem Nord organiza cada a\u00f1o \u201cla Semana del Emprendimiento\u201d como parte de un conjunto de acciones con las que poner en valor el emprendimiento, la econom\u00eda social, la innovaci\u00f3n y la responsabilidad social empresarial.<br \/>\n[\/vc_column_text][\/vc_column][\/vc_row]<\/p>\n","protected":false},"excerpt":{"rendered":"<p>[vc_section full_width=\u00bbstretch_row\u00bb parallax=\u00bbcontent-moving\u00bb parallax_image=\u00bb3807&#8243; ebor_docs=\u00bb\u00bb][vc_row][vc_column width=\u00bb1\/4&#8243;][\/vc_column][vc_column width=\u00bb1\/2&#8243;][vc_column_text css=\u00bb.vc_custom_1651486443860{padding-top: 85px !important;padding-bottom: 55px !important;}\u00bb] Responsabilidad social empresarial (RSE) [\/vc_column_text][\/vc_column][vc_column width=\u00bb1\/4&#8243;][\/vc_column][\/vc_row][\/vc_section][vc_row gap=\u00bb35&#8243; equal_height=\u00bbyes\u00bb css=\u00bb.vc_custom_1651485487809{margin-top: 55px&#8230;<\/p>\n","protected":false},"author":1,"featured_media":0,"parent":0,"menu_order":0,"comment_status":"closed","ping_status":"closed","template":"","meta":[],"acf":[],"_links":{"self":[{"href":"https:\/\/borradorproyectos.es\/pactem\/wp-json\/wp\/v2\/pages\/4304"}],"collection":[{"href":"https:\/\/borradorproyectos.es\/pactem\/wp-json\/wp\/v2\/pages"}],"about":[{"href":"https:\/\/borradorproyectos.es\/pactem\/wp-json\/wp\/v2\/types\/page"}],"author":[{"embeddable":true,"href":"https:\/\/borradorproyectos.es\/pactem\/wp-json\/wp\/v2\/users\/1"}],"replies":[{"embeddable":true,"href":"https:\/\/borradorproyectos.es\/pactem\/wp-json\/wp\/v2\/comments?post=4304"}],"version-history":[{"count":5,"href":"https:\/\/borradorproyectos.es\/pactem\/wp-json\/wp\/v2\/pages\/4304\/revisions"}],"predecessor-version":[{"id":4318,"href":"https:\/\/borradorproyectos.es\/pactem\/wp-json\/wp\/v2\/pages\/4304\/revisions\/4318"}],"wp:attachment":[{"href":"https:\/\/borradorproyectos.es\/pactem\/wp-json\/wp\/v2\/media?parent=4304"}],"curies":[{"name":"wp","href":"https:\/\/api.w.org\/{rel}","templated":true}]}}