{"id":4267,"date":"2022-05-02T10:49:45","date_gmt":"2022-05-02T08:49:45","guid":{"rendered":"https:\/\/kzgpruebas.es\/pactem\/?page_id=4267"},"modified":"2022-06-30T10:26:57","modified_gmt":"2022-06-30T08:26:57","slug":"territorio-socialmente-responsable","status":"publish","type":"page","link":"https:\/\/borradorproyectos.es\/pactem\/territorio-socialmente-responsable\/","title":{"rendered":"Territorio socialmente responsable"},"content":{"rendered":"<p>[vc_section full_width=\u00bbstretch_row\u00bb parallax=\u00bbcontent-moving\u00bb parallax_image=\u00bb3808&#8243;][vc_row][vc_column width=\u00bb1\/4&#8243;][\/vc_column][vc_column width=\u00bb1\/2&#8243;][vc_column_text css=\u00bb.vc_custom_1651481383468{padding-top: 85px !important;padding-bottom: 55px !important;}\u00bb]<\/p>\n<h1 class=\"tit1\">Territorio socialmente responsable<\/h1>\n<p>[\/vc_column_text][\/vc_column][vc_column width=\u00bb1\/4&#8243;][\/vc_column][\/vc_row][\/vc_section][vc_row][vc_column][vc_column_text css=\u00bb.vc_custom_1651481421919{padding-top: 55px !important;}\u00bb]<\/p>\n<p class=\"p1\" style=\"text-align: center;\">Desde la constituci\u00f3n en el a\u00f1o 2001 del Pacto Territorial para la Creaci\u00f3n de Empleo Pactem Nord, promover la Responsabilidad Social entre los agentes que conforman la comarca es una importante l\u00ednea de trabajo transversal por su impacto en el bienestar de nuestra ciudadan\u00eda.<\/p>\n<p class=\"p1\" style=\"text-align: center;\">Han sido muchas las iniciativas que se han venido desarrollando en las que la corresponsabilidad social de los agentes que integran la entidad destaca como un elemento clave en el desarrollo sostenible del territorio.<\/p>\n<p class=\"p1\" style=\"text-align: center;\">En el escenario actual son muchas las \u00e1reas tem\u00e1ticas que inciden en la corresponsabilidad de un territorio, de ah\u00ed que la entidad focalice su trabajo en el \u00e1rea social, principalmente en la inserci\u00f3n laboral de las personas desempleadas. Por ello, proponemos diferentes programas y herramientas que facilitan la incorporaci\u00f3n de las personas m\u00e1s desfavorecidas en el mercado de trabajo ordinario.<\/p>\n<p class=\"p1\" style=\"text-align: center;\">Facilitamos a las peque\u00f1as y medianas empresas del territorio la orientaci\u00f3n y el asesoramiento necesario para la adquisici\u00f3n de pr\u00e1cticas responsables mediante la integraci\u00f3n voluntaria de determinadas preocupaciones de orden social, econ\u00f3mico y medioambiental en su tr\u00e1fico mercantil.<\/p>\n<p>[\/vc_column_text][\/vc_column][\/vc_row][vc_row gap=\u00bb35&#8243; equal_height=\u00bbyes\u00bb css=\u00bb.vc_custom_1651485487809{margin-top: 55px !important;}\u00bb][vc_column width=\u00bb1\/2&#8243; el_class=\u00bbcaja\u00bb][vc_single_image image=\u00bb3926&#8243; img_size=\u00bbfull\u00bb][\/vc_column][vc_column width=\u00bb1\/2&#8243; css=\u00bb.vc_custom_1651482292373{margin-top: 35px !important;}\u00bb][vc_column_text]<\/p>\n<h3>Declaraciones institucionales y pactos<\/h3>\n<p>[\/vc_column_text][vc_column_text]Las entidades integrantes del Pacto Territorial de Empleo han suscrito las siguientes declaraciones institucionales para avanzar hay un territorio socialmente responsable:<\/p>\n<ul class=\"ul1\">\n<li class=\"li1\"><a href=\"https:\/\/www.consorci.info\/datos\/userfiles\/files\/IDeclaracionInstitucionaldeElPuig2004FormacionEmpleo.pdf\" target=\"_blank\" rel=\"noopener\">I Declaraci\u00f3n Institucional de El Puig \u00abPor la Formaci\u00f3n y Empleo. 2004\u00bb<\/a>.<\/li>\n<\/ul>\n<ul class=\"ul1\">\n<li class=\"li1\"><a href=\"https:\/\/www.consorci.info\/datos\/userfiles\/files\/IIDeclaracionInstitucionalElPuigHaciaUnaComarcaSocialmenteResponsable.pdf\" target=\"_blank\" rel=\"noopener\">II Declaraci\u00f3n Institucional de El Puig \u00abHacia una comarca socialmente responsable. 2007\u00bb<\/a>.<\/li>\n<\/ul>\n<ul class=\"ul1\">\n<li class=\"li1\"><a href=\"https:\/\/www.consorci.info\/renovando-compromisos-locales-por-el-empleo.html\" target=\"_blank\" rel=\"noopener\">Renovando compromisos locales por el empleo (2015)<\/a>.<\/li>\n<\/ul>\n<ul class=\"ul1\">\n<li class=\"li1\"><a href=\"https:\/\/www.consorci.info\/2021-valor-local.html\" target=\"_blank\" rel=\"noopener\">Valor local: aunando esfuerzos por el empleo y el impulso del territorio (2021)<\/a>.<\/li>\n<\/ul>\n<p>Estos documentos suponen el compromiso institucional y la concreci\u00f3n de objetivos y prioridades que definen las l\u00edneas de acci\u00f3n del pacto territorial de l`Horta Nord.[\/vc_column_text][\/vc_column][\/vc_row][vc_row css=\u00bb.vc_custom_1651485357038{margin-top: 35px !important;margin-bottom: 35px !important;}\u00bb][vc_column][vc_separator][\/vc_column][\/vc_row][vc_row gap=\u00bb35&#8243; equal_height=\u00bbyes\u00bb css=\u00bb.vc_custom_1651485495197{margin-top: 35px !important;}\u00bb][vc_column width=\u00bb1\/2&#8243; el_class=\u00bbcaja\u00bb][vc_single_image image=\u00bb4376&#8243; img_size=\u00bbfull\u00bb][\/vc_column][vc_column width=\u00bb1\/2&#8243; css=\u00bb.vc_custom_1651482292373{margin-top: 35px !important;}\u00bb][vc_column_text]<\/p>\n<h3>Distintivos Pactem Nord a la corresponsabilidad<\/h3>\n<p>[\/vc_column_text][vc_column_text]<span style=\"font-weight: 400;\">Los \u201cDistintivos Pactem Nord a la corresponsabilidad territorial en el empleo\u201d ponen en valor y dan el reconocimiento p\u00fablico que merecen a distintas iniciativas de inserci\u00f3n laboral, de promoci\u00f3n medioambiental, de igualdad de oportunidades entre mujeres y hombres, acometidas por las empresas, administraciones y entidades de la comarca de l\u00b4Horta Nord. Por tanto, reconocen la labor que los diferentes agentes (instituciones p\u00fablicas, tejido asociativo, sindicatos, empresas, medios de comunicaci\u00f3n, la propia ciudadan\u00eda\u2026) realizan de manera responsable en el territorio.<\/span><\/p>\n<p><span style=\"font-weight: 400;\">Se han realizado las siguientes ediciones<\/span><span style=\"font-weight: 400;\">:<\/span><\/p>\n<ul>\n<li style=\"font-weight: 400;\" aria-level=\"1\"><span style=\"font-weight: 400;\">I Edici\u00f3n 2007<\/span><\/li>\n<li style=\"font-weight: 400;\" aria-level=\"1\"><span style=\"font-weight: 400;\">II Edici\u00f3n 2009<\/span><\/li>\n<li style=\"font-weight: 400;\" aria-level=\"1\"><span style=\"font-weight: 400;\">III Edici\u00f3n 2011<\/span><\/li>\n<li style=\"font-weight: 400;\" aria-level=\"1\"><span style=\"font-weight: 400;\">IV Edici\u00f3n 2019<\/span><\/li>\n<li style=\"font-weight: 400;\" aria-level=\"1\"><span style=\"font-weight: 400;\">V Edici\u00f3n 2021<\/span><\/li>\n<\/ul>\n<p>[\/vc_column_text][\/vc_column][\/vc_row][vc_row css=\u00bb.vc_custom_1651485357038{margin-top: 35px !important;margin-bottom: 35px !important;}\u00bb][vc_column][vc_separator][\/vc_column][\/vc_row][vc_row gap=\u00bb35&#8243; equal_height=\u00bbyes\u00bb css=\u00bb.vc_custom_1651485396738{margin-top: 35px !important;}\u00bb][vc_column width=\u00bb1\/2&#8243; el_class=\u00bbcaja\u00bb][vc_single_image image=\u00bb4377&#8243; img_size=\u00bbfull\u00bb][\/vc_column][vc_column width=\u00bb1\/2&#8243; css=\u00bb.vc_custom_1651482292373{margin-top: 35px !important;}\u00bb][vc_column_text]<\/p>\n<h3>Tejido asociativo<\/h3>\n<p>[\/vc_column_text][vc_column_text]<span style=\"font-weight: 400;\">Pactem Nord, en su labor de vertebraci\u00f3n territorial, colabora activamente y dinamiza la labor de dos federaciones comarcales impulsadas desde el pacto territorial:<\/span><\/p>\n<ul>\n<li style=\"font-weight: 400;\" aria-level=\"1\"><a href=\"http:\/\/facenord.consorci.info\/\" target=\"_blank\" rel=\"noopener\"><i><span style=\"font-weight: 400;\">Federaci\u00f3n<\/span><\/i><span style=\"font-weight: 400;\"> de Asociaciones de <\/span><i><span style=\"font-weight: 400;\">Comercio<\/span><\/i><span style=\"font-weight: 400;\"> y <\/span><i><span style=\"font-weight: 400;\">Empresa<\/span><\/i><span style=\"font-weight: 400;\"> de l&#8217;Horta Nord (<\/span><i><span style=\"font-weight: 400;\">FACENORD<\/span><\/i><span style=\"font-weight: 400;\">)<\/span><\/a><\/li>\n<\/ul>\n<ul>\n<li style=\"font-weight: 400;\" aria-level=\"1\"><span style=\"font-weight: 400;\"><a href=\"http:\/\/www.doneshortanord.wordpress.com\" target=\"_blank\" rel=\"noopener\">Federaci\u00f3 de Dones i Col.lectius per la Igualtat de l\u2019Horta Nord<\/a>.<\/span><\/li>\n<\/ul>\n<p>[\/vc_column_text][\/vc_column][\/vc_row][vc_row css=\u00bb.vc_custom_1651485357038{margin-top: 35px !important;margin-bottom: 35px !important;}\u00bb][vc_column][vc_separator][\/vc_column][\/vc_row][vc_row gap=\u00bb35&#8243; equal_height=\u00bbyes\u00bb css=\u00bb.vc_custom_1651485380517{margin-top: 35px !important;}\u00bb][vc_column width=\u00bb1\/2&#8243; el_class=\u00bbcaja\u00bb][vc_single_image image=\u00bb4348&#8243; img_size=\u00bbfull\u00bb][\/vc_column][vc_column width=\u00bb1\/2&#8243; css=\u00bb.vc_custom_1651482292373{margin-top: 35px !important;}\u00bb][vc_column_text]<\/p>\n<h3>Cl\u00e1usulas sociales<\/h3>\n<p>[\/vc_column_text][vc_column_text]<span style=\"font-weight: 400;\">La legislaci\u00f3n vigente en materia de contrataci\u00f3n p\u00fablica permite a las administraciones incorporar cl\u00e1usulas sociales en los contratos p\u00fablicos para fomentar la contrataci\u00f3n laboral de las personas m\u00e1s alejadas del mercado de trabajo, promover la sostenibilidad medioambiental y aquellas otras iniciativas que permiten fomentar valores como la solidaridad y la igualdad.<\/span><\/p>\n<p><span style=\"font-weight: 400;\">Proponiendo nuevas f\u00f3rmulas de participaci\u00f3n responsable por parte de las administraciones y empresas al amparo de la Ley de Contratos del Sector P\u00fablico, se realizaron diversas actuaciones entre las que destaca la realizaci\u00f3n de la Instrucci\u00f3n Municipal del Ayuntamiento de Paterna.<\/span><\/p>\n<p><a href=\"https:\/\/www.consorci.info\/datos\/userfiles\/files\/Certificado_Acuerdo_Pleno_07102008_Instrucciones_Ayto_Paterna(1).pdf\">https:\/\/www.consorci.info\/datos\/userfiles\/files\/Certificado_Acuerdo_Pleno_07102008_Instrucciones_Ayto_Paterna(1).pdf<\/a><\/p>\n<p>[\/vc_column_text][\/vc_column][\/vc_row][vc_row css=\u00bb.vc_custom_1651485357038{margin-top: 35px !important;margin-bottom: 35px !important;}\u00bb][vc_column][vc_separator][\/vc_column][\/vc_row][vc_row][vc_column width=\u00bb1\/2&#8243;][vc_single_image image=\u00bb4289&#8243; img_size=\u00bbfull\u00bb alignment=\u00bbcenter\u00bb][\/vc_column][vc_column width=\u00bb1\/2&#8243;][vc_column_text]<\/p>\n<h3>Red retos<\/h3>\n<p>[\/vc_column_text][vc_column_text]<span style=\"font-weight: 400;\">El Consorcio Pactem Nord, junto a veintis\u00e9is territorios locales (municipios, provincias, consorcios) y tres entidades observadoras, es una de las entidades integrantes de la red Retos.<\/span><\/p>\n<p><span style=\"font-weight: 400;\">Se trata de una red de \u00e1mbito nacional que, liderada por el Ministerio de Empleo y Seguridad Social a trav\u00e9s de la Direcci\u00f3n General de la Econom\u00eda Social, del Trabajo Aut\u00f3nomo y de la Responsabilidad Social de las Empresas y de la Unidad Administradora del FSE, pretende articular, integrar e implementar distintas estrategias para el desarrollo de Territorios Socialmente Responsables, que mejoren la calidad de vida de sus habitantes.<\/span><\/p>\n<p><span style=\"font-weight: 400;\">Retos_ <\/span><b>Red de territorios socialmente responsables<\/b><span style=\"font-weight: 400;\">_\u00a0 se constituy\u00f3 formalmente el 15 de Abril de 2008, con la pretensi\u00f3n de ser una referencia en responsabilidad social territorial, un polo de conocimiento, sensibilizaci\u00f3n, experiencia e inter\u00e9s para las propias entidades de la red y para los territorios.<\/span><\/p>\n<p><a href=\"http:\/\/www.redretos.es\"><span style=\"font-weight: 400;\">www.redretos.es<\/span><\/a>[\/vc_column_text][\/vc_column][\/vc_row][vc_row css=\u00bb.vc_custom_1651485357038{margin-top: 35px !important;margin-bottom: 35px !important;}\u00bb][vc_column][vc_separator][\/vc_column][\/vc_row][vc_row gap=\u00bb35&#8243; equal_height=\u00bbyes\u00bb css=\u00bb.vc_custom_1651484965858{margin-top: 35px !important;}\u00bb][vc_column width=\u00bb1\/2&#8243; el_class=\u00bbcaja\u00bb][vc_single_image image=\u00bb4287&#8243; img_size=\u00bbfull\u00bb][\/vc_column][vc_column width=\u00bb1\/2&#8243; css=\u00bb.vc_custom_1651482292373{margin-top: 35px !important;}\u00bb][vc_column_text]<\/p>\n<h3>ODS<\/h3>\n<p>[\/vc_column_text][vc_column_text]<span style=\"font-weight: 400;\">Nuestras l\u00edneas estrat\u00e9gicas y las acciones que llevamos a cabo pretenden impulsar para avanzar en la gesti\u00f3n de la Responsabilidad social de la Comarca de L\u00b4Horta Nord . Nos alineamos con la estrategia global impulsada por la ONU y los 17 Objetivos de Desarrollo Sostenible y la Agenda 2030.<\/span>[\/vc_column_text][\/vc_column][\/vc_row]<\/p>\n","protected":false},"excerpt":{"rendered":"<p>[vc_section full_width=\u00bbstretch_row\u00bb parallax=\u00bbcontent-moving\u00bb parallax_image=\u00bb3808&#8243;][vc_row][vc_column width=\u00bb1\/4&#8243;][\/vc_column][vc_column width=\u00bb1\/2&#8243;][vc_column_text css=\u00bb.vc_custom_1651481383468{padding-top: 85px !important;padding-bottom: 55px !important;}\u00bb] Territorio socialmente responsable [\/vc_column_text][\/vc_column][vc_column width=\u00bb1\/4&#8243;][\/vc_column][\/vc_row][\/vc_section][vc_row][vc_column][vc_column_text css=\u00bb.vc_custom_1651481421919{padding-top: 55px !important;}\u00bb] Desde la constituci\u00f3n&#8230;<\/p>\n","protected":false},"author":1,"featured_media":0,"parent":0,"menu_order":0,"comment_status":"closed","ping_status":"closed","template":"","meta":[],"acf":[],"_links":{"self":[{"href":"https:\/\/borradorproyectos.es\/pactem\/wp-json\/wp\/v2\/pages\/4267"}],"collection":[{"href":"https:\/\/borradorproyectos.es\/pactem\/wp-json\/wp\/v2\/pages"}],"about":[{"href":"https:\/\/borradorproyectos.es\/pactem\/wp-json\/wp\/v2\/types\/page"}],"author":[{"embeddable":true,"href":"https:\/\/borradorproyectos.es\/pactem\/wp-json\/wp\/v2\/users\/1"}],"replies":[{"embeddable":true,"href":"https:\/\/borradorproyectos.es\/pactem\/wp-json\/wp\/v2\/comments?post=4267"}],"version-history":[{"count":40,"href":"https:\/\/borradorproyectos.es\/pactem\/wp-json\/wp\/v2\/pages\/4267\/revisions"}],"predecessor-version":[{"id":4381,"href":"https:\/\/borradorproyectos.es\/pactem\/wp-json\/wp\/v2\/pages\/4267\/revisions\/4381"}],"wp:attachment":[{"href":"https:\/\/borradorproyectos.es\/pactem\/wp-json\/wp\/v2\/media?parent=4267"}],"curies":[{"name":"wp","href":"https:\/\/api.w.org\/{rel}","templated":true}]}}