{"id":3915,"date":"2020-11-24T12:44:08","date_gmt":"2020-11-24T11:44:08","guid":{"rendered":"http:\/\/kzgpruebas.es\/pactem\/?page_id=3915"},"modified":"2022-02-11T11:11:56","modified_gmt":"2022-02-11T10:11:56","slug":"publicaciones","status":"publish","type":"page","link":"https:\/\/borradorproyectos.es\/pactem\/publicaciones\/","title":{"rendered":"Publicaciones"},"content":{"rendered":"<p>[vc_section full_width=\u00bbstretch_row\u00bb parallax=\u00bbcontent-moving\u00bb parallax_image=\u00bb3551&#8243;][vc_row][vc_column width=\u00bb1\/4&#8243;][\/vc_column][vc_column width=\u00bb1\/2&#8243;][vc_column_text css=\u00bb.vc_custom_1606218246340{padding-top: 85px !important;padding-bottom: 55px !important;}\u00bb]<\/p>\n<h1 class=\"tit1\">Publicaciones<\/h1>\n<p>[\/vc_column_text][\/vc_column][vc_column width=\u00bb1\/4&#8243;][\/vc_column][\/vc_row][\/vc_section][vc_row css=\u00bb.vc_custom_1644574283309{margin-top: 35px !important;}\u00bb][vc_column]<div class=\"\"><div class=\"row\">\n\t<div class=\"col-sm-12\">\n\t\t<div class=\"masonry masonry-blog-magazine\">\n\t\t\t\n\t\t\t\t\t\t\t<div class=\"masonry-filter-container\">\n\t\t\t\t\t\n<span>Category:<\/span>\n<div class=\"masonry-filter-holder masonry-filter-holder-post\">\n\t<div class=\"masonry__filters blog-filters\">\n\t\t<ul>\n\t\t\t<li class=\"active js-no-action\">Noticias<\/li><li class=\"cat-item-none\">No hay categor\u00edas<\/li>\t\t<\/ul>\n\t<\/div>\n<\/div>\t\t\t\t<\/div>\n\t\t\t\t\t\t\n\t\t\t<div class=\"row\">\n\t\t\t\t<div class=\"masonry__container\">\n\t\t\t\t\t<div class=\"masonry__item col-sm-6\"><\/div>\n\t\t\t\t\t<div class=\"masonry__item col-sm-12 col-xs-12\"><a class=\"block\" href=\"https:\/\/borradorproyectos.es\/pactem\/pactem-nord-impulsa-en-lhorta-nord-la-creacion-de-128-nuevas-empresas-en-los-tres-ultimos-anos\/\">\n\t<article class=\"imagebg border--round\" data-scrim-bottom=\"8\">\n\t\t\n\t\t\t\t    <span class=\"label\">Noticias<\/span>\n\t\t\t\t\n\t\t<div class=\"background-image-holder\">\n\t\t\t<img width=\"1600\" height=\"1067\" src=\"https:\/\/borradorproyectos.es\/pactem\/wp-content\/uploads\/2017\/02\/landing-22.jpg\" class=\"attachment-full size-full wp-post-image\" alt=\"\" loading=\"lazy\" srcset=\"https:\/\/borradorproyectos.es\/pactem\/wp-content\/uploads\/2017\/02\/landing-22.jpg 1600w, https:\/\/borradorproyectos.es\/pactem\/wp-content\/uploads\/2017\/02\/landing-22-600x400.jpg 600w, https:\/\/borradorproyectos.es\/pactem\/wp-content\/uploads\/2017\/02\/landing-22-300x200.jpg 300w, https:\/\/borradorproyectos.es\/pactem\/wp-content\/uploads\/2017\/02\/landing-22-1024x683.jpg 1024w, https:\/\/borradorproyectos.es\/pactem\/wp-content\/uploads\/2017\/02\/landing-22-768x512.jpg 768w, https:\/\/borradorproyectos.es\/pactem\/wp-content\/uploads\/2017\/02\/landing-22-1536x1024.jpg 1536w\" sizes=\"(max-width: 1600px) 100vw, 1600px\" \/>\t\t<\/div>\n\t\t\n\t\t<div class=\"article__title\">\n\t\t\t<span>09\/06\/2020<\/span>\n\t\t\t<h4>PACTEM NORD IMPULSA EN L\u00b4HORTA NORD LA CREACI\u00d3N DE 128 NUEVAS EMPRESAS EN LOS TRES \u00daLTIMOS A\u00d1OS<\/h4>\t\t<\/div>\n\t\t\n\t<\/article>\n<\/a><\/div><div class=\"masonry__item col-sm-6 col-xs-12\"><a class=\"block\" href=\"https:\/\/borradorproyectos.es\/pactem\/pactem-nord-elabora-nuevos-materiales-refuerza-la-cooperacion-intermunicipal-y-la-intermediacion-laboral-en-sectores-clave\/\">\n\t<article class=\"imagebg border--round\" data-scrim-bottom=\"8\">\n\t\t\n\t\t\t\t    <span class=\"label\">Noticias<\/span>\n\t\t\t\t\n\t\t<div class=\"background-image-holder\">\n\t\t\t<img width=\"1600\" height=\"1067\" src=\"https:\/\/borradorproyectos.es\/pactem\/wp-content\/uploads\/2017\/02\/education-3.jpg\" class=\"attachment-full size-full wp-post-image\" alt=\"\" loading=\"lazy\" srcset=\"https:\/\/borradorproyectos.es\/pactem\/wp-content\/uploads\/2017\/02\/education-3.jpg 1600w, https:\/\/borradorproyectos.es\/pactem\/wp-content\/uploads\/2017\/02\/education-3-600x400.jpg 600w, https:\/\/borradorproyectos.es\/pactem\/wp-content\/uploads\/2017\/02\/education-3-300x200.jpg 300w, https:\/\/borradorproyectos.es\/pactem\/wp-content\/uploads\/2017\/02\/education-3-1024x683.jpg 1024w, https:\/\/borradorproyectos.es\/pactem\/wp-content\/uploads\/2017\/02\/education-3-768x512.jpg 768w, https:\/\/borradorproyectos.es\/pactem\/wp-content\/uploads\/2017\/02\/education-3-1536x1024.jpg 1536w\" sizes=\"(max-width: 1600px) 100vw, 1600px\" \/>\t\t<\/div>\n\t\t\n\t\t<div class=\"article__title\">\n\t\t\t<span>05\/06\/2020<\/span>\n\t\t\t<h4>PACTEM NORD ELABORA NUEVOS MATERIALES, REFUERZA LA COOPERACI\u00d3N INTERMUNICIPAL Y LA INTERMEDIACI\u00d3N LABORAL EN SECTORES CLAVE<\/h4>\t\t<\/div>\n\t\t\n\t<\/article>\n<\/a><\/div><div class=\"masonry__item col-sm-6 col-xs-12\"><a class=\"block\" href=\"https:\/\/borradorproyectos.es\/pactem\/pactem-nord-pone-en-marcha-los-talleres-de-emprendimento-social-en-los-institutos-de-formacion-profesional-de-la-comarca\/\">\n\t<article class=\"imagebg border--round\" data-scrim-bottom=\"8\">\n\t\t\n\t\t\t\t    <span class=\"label\">Noticias<\/span>\n\t\t\t\t\n\t\t<div class=\"background-image-holder\">\n\t\t\t<img width=\"1021\" height=\"683\" src=\"https:\/\/borradorproyectos.es\/pactem\/wp-content\/uploads\/2020\/05\/trabajo2_noticia-copia.jpg\" class=\"attachment-full size-full wp-post-image\" alt=\"\" loading=\"lazy\" srcset=\"https:\/\/borradorproyectos.es\/pactem\/wp-content\/uploads\/2020\/05\/trabajo2_noticia-copia.jpg 1021w, https:\/\/borradorproyectos.es\/pactem\/wp-content\/uploads\/2020\/05\/trabajo2_noticia-copia-300x201.jpg 300w, https:\/\/borradorproyectos.es\/pactem\/wp-content\/uploads\/2020\/05\/trabajo2_noticia-copia-768x514.jpg 768w\" sizes=\"(max-width: 1021px) 100vw, 1021px\" \/>\t\t<\/div>\n\t\t\n\t\t<div class=\"article__title\">\n\t\t\t<span>25\/05\/2020<\/span>\n\t\t\t<h4>PACTEM NORD PONE EN MARCHA LOS TALLERES DE EMPRENDIMENTO SOCIAL EN LOS INSTITUTOS DE FORMACI\u00d3N PROFESIONAL DE LA COMARCA<\/h4>\t\t<\/div>\n\t\t\n\t<\/article>\n<\/a><\/div>\n\t\t\t\t<\/div><!--end masonry container-->\n\t\t\t<\/div><!--end of row-->\n\t\t\t\n\t\t\t\n<div class=\"pagination\">\n\n\t\t\n\t\t\n\t\t\n<\/div>\t\t\t\n\t\t<\/div><!--end masonry-->\n\t<\/div>\n<\/div><\/div>[\/vc_column][\/vc_row]<\/p>\n","protected":false},"excerpt":{"rendered":"<p>[vc_section full_width=\u00bbstretch_row\u00bb parallax=\u00bbcontent-moving\u00bb parallax_image=\u00bb3551&#8243;][vc_row][vc_column width=\u00bb1\/4&#8243;][\/vc_column][vc_column width=\u00bb1\/2&#8243;][vc_column_text css=\u00bb.vc_custom_1606218246340{padding-top: 85px !important;padding-bottom: 55px !important;}\u00bb] Publicaciones [\/vc_column_text][\/vc_column][vc_column width=\u00bb1\/4&#8243;][\/vc_column][\/vc_row][\/vc_section][vc_row css=\u00bb.vc_custom_1644574283309{margin-top: 35px !important;}\u00bb][vc_column][\/vc_column][\/vc_row]<\/p>\n","protected":false},"author":1,"featured_media":0,"parent":0,"menu_order":0,"comment_status":"closed","ping_status":"closed","template":"","meta":[],"acf":[],"_links":{"self":[{"href":"https:\/\/borradorproyectos.es\/pactem\/wp-json\/wp\/v2\/pages\/3915"}],"collection":[{"href":"https:\/\/borradorproyectos.es\/pactem\/wp-json\/wp\/v2\/pages"}],"about":[{"href":"https:\/\/borradorproyectos.es\/pactem\/wp-json\/wp\/v2\/types\/page"}],"author":[{"embeddable":true,"href":"https:\/\/borradorproyectos.es\/pactem\/wp-json\/wp\/v2\/users\/1"}],"replies":[{"embeddable":true,"href":"https:\/\/borradorproyectos.es\/pactem\/wp-json\/wp\/v2\/comments?post=3915"}],"version-history":[{"count":2,"href":"https:\/\/borradorproyectos.es\/pactem\/wp-json\/wp\/v2\/pages\/3915\/revisions"}],"predecessor-version":[{"id":4094,"href":"https:\/\/borradorproyectos.es\/pactem\/wp-json\/wp\/v2\/pages\/3915\/revisions\/4094"}],"wp:attachment":[{"href":"https:\/\/borradorproyectos.es\/pactem\/wp-json\/wp\/v2\/media?parent=3915"}],"curies":[{"name":"wp","href":"https:\/\/api.w.org\/{rel}","templated":true}]}}