{"id":3912,"date":"2020-11-24T12:43:14","date_gmt":"2020-11-24T11:43:14","guid":{"rendered":"http:\/\/kzgpruebas.es\/pactem\/?page_id=3912"},"modified":"2022-02-11T11:10:47","modified_gmt":"2022-02-11T10:10:47","slug":"informes","status":"publish","type":"page","link":"https:\/\/borradorproyectos.es\/pactem\/informes\/","title":{"rendered":"Informes"},"content":{"rendered":"<p>[vc_section full_width=\u00bbstretch_row\u00bb parallax=\u00bbcontent-moving\u00bb parallax_image=\u00bb3551&#8243;][vc_row][vc_column width=\u00bb1\/4&#8243;][\/vc_column][vc_column width=\u00bb1\/2&#8243;][vc_column_text css=\u00bb.vc_custom_1606218182091{padding-top: 85px !important;padding-bottom: 55px !important;}\u00bb]<\/p>\n<h1 class=\"tit1\">Informes<\/h1>\n<p>[\/vc_column_text][\/vc_column][vc_column width=\u00bb1\/4&#8243;][\/vc_column][\/vc_row][\/vc_section][vc_row css=\u00bb.vc_custom_1644574231737{margin-top: 35px !important;}\u00bb][vc_column]<div class=\"\"><div class=\"row\">\n\t<div class=\"col-sm-10 col-md-8 col-sm-offset-1 col-md-offset-2\">\n\t\t<div class=\"masonry masonry-blog-list\">\n\t\t\t\n\t\t\t\t\t\t\t<div class=\"masonry-filter-container text-center\">\n\t\t\t\t\t\n<span>Category:<\/span>\n<div class=\"masonry-filter-holder masonry-filter-holder-post\">\n\t<div class=\"masonry__filters blog-filters\">\n\t\t<ul>\n\t\t\t<li class=\"active js-no-action\">Noticias<\/li><li class=\"cat-item-none\">No hay categor\u00edas<\/li>\t\t<\/ul>\n\t<\/div>\n<\/div>\t\t\t\t<\/div>\n\t\t\t\t\n\t\t\t\t<hr>\n\t\t\t\t\t\t\n\t\t\t<div class=\"masonry__container\">\n\t\t\t\t<article id=\"post-1707\" class=\"masonry__item col-sm-12 simple-list post-1707 post type-post status-publish format-standard has-post-thumbnail hentry category-noticias\">\n\n\t<div class=\"article__title text-center\">\n\t\t<a href=\"https:\/\/borradorproyectos.es\/pactem\/pactem-nord-impulsa-en-lhorta-nord-la-creacion-de-128-nuevas-empresas-en-los-tres-ultimos-anos\/\"><h2>PACTEM NORD IMPULSA EN L\u00b4HORTA NORD LA CREACI\u00d3N DE 128 NUEVAS EMPRESAS EN LOS TRES \u00daLTIMOS A\u00d1OS<\/h2><\/a><span>09\/06\/2020 en <\/span><span><a href=\"https:\/\/borradorproyectos.es\/pactem\/category\/noticias\/\" rel=\"category tag\">Noticias<\/a><\/span>\t<\/div><!--end article title-->\n\t\n\t<div class=\"article__body\">\n\t\t<p>El Servicio de atenci\u00f3n a emprendedores\/as y creaci\u00f3n de empresas del Consorcio Pactem Nord, punto PAE del Ministerio de Hacienda, ha atendido en lo que llevamos de a\u00f1o (a fecha 31\/05\/2020) a 148 personas emprendedoras (86 mujeres y 62 hombres), m\u00e1s de la mitad de personas de las que fueron atendidas en todo el a\u00f1o 2019.<\/p>\n<p>En estos cinco meses que llevamos de 2020, el Consorcio Pactem Nord ha impulsado la creaci\u00f3n de 17 empresas (10 mujeres y 7 hombres), fundamentalmente del sector servicios (13 empresas), as\u00ed como del sector comercio minorista (3) y sector industrial (1).<\/p>\n<p>El<span>\u00a0<\/span><strong>modelo de trabajo en red<span>\u00a0<\/span><\/strong>desarrollado por la entidad ha permitido trabajar activamente en diferentes puntos de atenci\u00f3n (Punto PAE Alboraya y Punto PAE Pu\u00e7ol), en coordinaci\u00f3n con el programa Incorpora de Obra Social La Caixa y Labora, con un total de<span>\u00a0<\/span><strong>1.016 personas emprendedoras atendidas y el impulso de 128 nuevas empresas, en los \u00faltimos 3 a\u00f1os. El seguimiento realizado a principios de a\u00f1o indica el cierre de 19 empresas: 7 en 2017, 6 en 2018 y 6 en 2019.<\/strong><\/p>\n<p><img loading=\"lazy\" src=\"https:\/\/www.consorci.info\/datos\/userfiles\/images\/GRAFICA%20EMPRENDEDORAS.JPG\" alt=\"\" width=\"350\" height=\"197\" \/><\/p>\n<p>El servicio impulsa la<span>\u00a0<\/span><strong>formaci\u00f3n, el asesoramiento, la tramitaci\u00f3n de alta de empresas y la elaboraci\u00f3n de informes de innovaci\u00f3n para Labora<\/strong>, completando as\u00ed el amplio espectro de recursos en el \u00e1mbito del emprendimiento.<\/p>\n<p>El acompa\u00f1amiento a las personas emprendedoras desde la primera fase de maduraci\u00f3n de la idea de negocio es primordial, por ello, desde Pactem Nord se organizan sesiones formativas sobre el plan de empresa y talleres online para la resoluci\u00f3n de dudas, adem\u00e1s del sistema de atenci\u00f3n individualizada.<\/p>\n<p>&nbsp;<\/p>\n<p><img loading=\"lazy\" src=\"https:\/\/www.consorci.info\/datos\/userfiles\/images\/VIDEOCONFERENCIA%20EMPRENDEDORAS.jpg\" alt=\"\" width=\"350\" height=\"495\" \/><\/p>\n<p>Cabe destacar tambi\u00e9n la<strong><span>\u00a0<\/span>III Semana del Emprendimiento y la Responsabilidad Social<\/strong>, cuya celebraci\u00f3n est\u00e1 prevista para finales de a\u00f1o, y donde se dar\u00e1n cita los principales agentes del sector en las diferentes sesiones previstas &#8211; los municipios de Pu\u00e7ol y Alboraya- y que abarcar\u00e1n los siguientes bloques tem\u00e1ticos: \u201cCorresponsabilidad territorial y emprendimiento\u201d, \u201cAcompa\u00f1amiento empresarial a personas emprendedoras del territorio\u201d y \u201cAyudas al emprendimiento y sistemas de financiaci\u00f3n\u201d.<\/p>\n\t<\/div>\n\t\n<\/article><!--end item--><article id=\"post-1704\" class=\"masonry__item col-sm-12 simple-list post-1704 post type-post status-publish format-standard has-post-thumbnail hentry category-noticias\">\n\n\t<div class=\"article__title text-center\">\n\t\t<a href=\"https:\/\/borradorproyectos.es\/pactem\/pactem-nord-elabora-nuevos-materiales-refuerza-la-cooperacion-intermunicipal-y-la-intermediacion-laboral-en-sectores-clave\/\"><h2>PACTEM NORD ELABORA NUEVOS MATERIALES, REFUERZA LA COOPERACI\u00d3N INTERMUNICIPAL Y LA INTERMEDIACI\u00d3N LABORAL EN SECTORES CLAVE<\/h2><\/a><span>05\/06\/2020 en <\/span><span><a href=\"https:\/\/borradorproyectos.es\/pactem\/category\/noticias\/\" rel=\"category tag\">Noticias<\/a><\/span>\t<\/div><!--end article title-->\n\t\n\t<div class=\"article__body\">\n\t\t<p>El equipo de profesionales de Pactem Nord sigue trabajando con las personas desempleadas, emprendedoras y empresas de la comarca a trav\u00e9s de los diferentes canales de comunicaci\u00f3n que se han arbitrado en los \u00faltimos d\u00edas. Adem\u00e1s de la<span>\u00a0<\/span><strong>atenci\u00f3n individualizada, se han elaborado materiales did\u00e1cticos \u00fatiles para ayudar a las personas que nos consultan para realizar los tr\u00e1mites m\u00e1s habituales<\/strong><span>\u00a0<\/span>en estos d\u00edas, con la colaboraci\u00f3n de Labora en su programa de apoyo a los Pactos Territoriales de Empleo.<\/p>\n<p>Nuestro objetivo es<span>\u00a0<\/span><strong>estar cerca de la ciudadan\u00eda<span>\u00a0<\/span><\/strong>para apoyar en la resoluci\u00f3n de dudas relativas a los tr\u00e1mites que deben realizar las personas desempleadas, as\u00ed como en facilitarles el acceso a las ofertas de trabajo que despuntan en este momento de crisis.<\/p>\n<p>Desde que se decret\u00f3 el estado de alarma,<span>\u00a0<\/span><strong>625 personas (123 hombres y 502 mujeres) han sido atendidas o contactadas para participar en las ofertas de empleo<\/strong><span>\u00a0<\/span>que se est\u00e1n gestionando: 83 personas (17 hombres y 66 mujeres) est\u00e1n actualmente en estos procesos de selecci\u00f3n, que han concluido hasta la fecha con<span>\u00a0<\/span><strong>6 nuevos contratos temporales de trabajo, todos ellos de mujeres, en los \u00e1mbitos de la enfermer\u00eda, limpieza hospitalaria y fisioterapia.<\/strong><\/p>\n<p>En cuanto al acompa\u00f1amiento a empresas del territorio indicar que en este per\u00edodo se ha contactado con cerca de 500 empresas, en estrecha colaboraci\u00f3n y con acciones espec\u00edficas<strong><span>\u00a0<\/span>coordinadas con ASIVALCO y AUPIM<\/strong>, realiz\u00e1ndose un asesoramiento personalizado a 23 empresas con asuntos relacionados con las ayudas a empresas por covid-19.<\/p>\n<p>En cuanto a la<strong><span>\u00a0<\/span>atenci\u00f3n a personas emprendedoras<\/strong>, desde el 1 de marzo al 20 de abril se ha atendido a un total de 95 personas en el programa comarcal de emprendimiento, 55 de ellas mujeres, con 281 consultas resueltas y con un total de 6 empresas creadas (4 impulsadas por mujeres).<\/p>\n<p>Es importante destacar la<span>\u00a0<\/span><strong>estrecha colaboraci\u00f3n<\/strong><span>\u00a0<\/span>con los\/as profesionales de las \u00e1reas de empleo de los ayuntamientos consorciados, concejal\u00edas y alcald\u00edas para ofrecer<span>\u00a0<\/span><strong>mejores servicios a la ciudadan\u00eda<\/strong>.<\/p>\n<p>Dispon\u00e9is de m\u00e1s informaci\u00f3n espec\u00edfica<span>\u00a0<\/span><a href=\"https:\/\/www.consorci.info\/webempleo\/\" target=\"_blank\" rel=\"noopener noreferrer\">AQU\u00cd<\/a>.<\/p>\n\t<\/div>\n\t\n<\/article><!--end item--><article id=\"post-1705\" class=\"masonry__item col-sm-12 simple-list post-1705 post type-post status-publish format-standard has-post-thumbnail hentry category-noticias\">\n\n\t<div class=\"article__title text-center\">\n\t\t<a href=\"https:\/\/borradorproyectos.es\/pactem\/pactem-nord-pone-en-marcha-los-talleres-de-emprendimento-social-en-los-institutos-de-formacion-profesional-de-la-comarca\/\"><h2>PACTEM NORD PONE EN MARCHA LOS TALLERES DE EMPRENDIMENTO SOCIAL EN LOS INSTITUTOS DE FORMACI\u00d3N PROFESIONAL DE LA COMARCA<\/h2><\/a><span>25\/05\/2020 en <\/span><span><a href=\"https:\/\/borradorproyectos.es\/pactem\/category\/noticias\/\" rel=\"category tag\">Noticias<\/a><\/span>\t<\/div><!--end article title-->\n\t\n\t<div class=\"article__body\">\n\t\t<p>El Consorcio Pactem Nord ya ha iniciado para este a\u00f1o 2020 los talleres de emprendimiento social en los diferentes institutos de l\u00b4Horta Nord con el objetivo de promocionar el emprendimiento juvenil en el \u00e1mbito de la econom\u00eda social. Una iniciativa dirigida fundamentalmente al alumnado de los ciclos formativos y que en breve saldr\u00e1n al mundo laboral.<\/p>\n<p>A trav\u00e9s de estas sesiones, las t\u00e9cnicas de empleo y desarrollo local de la entidad dinamizan y fomentan entre el alumnado las capacidades emprendedoras y c\u00f3mo desempe\u00f1ar una actividad empresarial de manera responsable, teniendo en cuenta el impacto econ\u00f3mico, ecol\u00f3gico y social.<\/p>\n<p>Durante este mes de febrero ya han participando un total de 150 alumnos\/as en esta iniciativa, de los IES de Moncada, Tavernes Blanques, Burjassot y Alboraya. La iniciativa se llevar\u00e1 a cabo tambi\u00e9n durante los meses de marzo y abril, con lo que se prev\u00e9 alcanzar los 300 alumnos\/as. La evaluaci\u00f3n tanto del alumnado como de los docentes de los centros ha sido muy positiva.<\/p>\n<p><img loading=\"lazy\" src=\"https:\/\/www.consorci.info\/datos\/userfiles\/images\/Talleres%20IES.png\" alt=\"\" width=\"500\" height=\"281\" \/><\/p>\n\t<\/div>\n\t\n<\/article><!--end item-->\t\t\t<\/div><!--end of masonry container-->\n\t\t\t\n\t\t\t\n<div class=\"pagination\">\n\n\t\t\n\t\t\n\t\t\n<\/div>\t\t\t\n\t\t<\/div><!--end masonry-->\n\t<\/div>\n<\/div><\/div>[\/vc_column][\/vc_row]<\/p>\n","protected":false},"excerpt":{"rendered":"<p>[vc_section full_width=\u00bbstretch_row\u00bb parallax=\u00bbcontent-moving\u00bb parallax_image=\u00bb3551&#8243;][vc_row][vc_column width=\u00bb1\/4&#8243;][\/vc_column][vc_column width=\u00bb1\/2&#8243;][vc_column_text css=\u00bb.vc_custom_1606218182091{padding-top: 85px !important;padding-bottom: 55px !important;}\u00bb] Informes [\/vc_column_text][\/vc_column][vc_column width=\u00bb1\/4&#8243;][\/vc_column][\/vc_row][\/vc_section][vc_row css=\u00bb.vc_custom_1644574231737{margin-top: 35px !important;}\u00bb][vc_column][\/vc_column][\/vc_row]<\/p>\n","protected":false},"author":1,"featured_media":0,"parent":0,"menu_order":0,"comment_status":"closed","ping_status":"closed","template":"","meta":[],"acf":[],"_links":{"self":[{"href":"https:\/\/borradorproyectos.es\/pactem\/wp-json\/wp\/v2\/pages\/3912"}],"collection":[{"href":"https:\/\/borradorproyectos.es\/pactem\/wp-json\/wp\/v2\/pages"}],"about":[{"href":"https:\/\/borradorproyectos.es\/pactem\/wp-json\/wp\/v2\/types\/page"}],"author":[{"embeddable":true,"href":"https:\/\/borradorproyectos.es\/pactem\/wp-json\/wp\/v2\/users\/1"}],"replies":[{"embeddable":true,"href":"https:\/\/borradorproyectos.es\/pactem\/wp-json\/wp\/v2\/comments?post=3912"}],"version-history":[{"count":4,"href":"https:\/\/borradorproyectos.es\/pactem\/wp-json\/wp\/v2\/pages\/3912\/revisions"}],"predecessor-version":[{"id":4093,"href":"https:\/\/borradorproyectos.es\/pactem\/wp-json\/wp\/v2\/pages\/3912\/revisions\/4093"}],"wp:attachment":[{"href":"https:\/\/borradorproyectos.es\/pactem\/wp-json\/wp\/v2\/media?parent=3912"}],"curies":[{"name":"wp","href":"https:\/\/api.w.org\/{rel}","templated":true}]}}