{"id":2631,"date":"2024-11-12T13:02:31","date_gmt":"2024-11-12T12:02:31","guid":{"rendered":"https:\/\/borradorproyectos.es\/meraki\/?page_id=2631"},"modified":"2024-11-13T12:12:38","modified_gmt":"2024-11-13T11:12:38","slug":"desplazamientos","status":"publish","type":"page","link":"https:\/\/borradorproyectos.es\/meraki\/servicios\/desplazamientos\/","title":{"rendered":"Desplazamientos"},"content":{"rendered":"\t\t<div data-elementor-type=\"wp-page\" data-elementor-id=\"2631\" class=\"elementor elementor-2631\">\n\t\t\t\t<div class=\"elementor-element elementor-element-c90da07 e-flex e-con-boxed wpr-particle-no wpr-jarallax-no wpr-parallax-no wpr-sticky-section-no e-con e-parent\" data-id=\"c90da07\" data-element_type=\"container\">\n\t\t\t\t\t<div class=\"e-con-inner\">\n\t\t<div class=\"elementor-element elementor-element-6316487 e-con-full e-flex wpr-particle-no wpr-jarallax-no wpr-parallax-no wpr-sticky-section-no e-con e-child\" data-id=\"6316487\" data-element_type=\"container\" data-settings=\"{&quot;background_background&quot;:&quot;classic&quot;}\">\n\t\t<div class=\"elementor-element elementor-element-09b639d e-con-full e-flex wpr-particle-no wpr-jarallax-no wpr-parallax-no wpr-sticky-section-no e-con e-child\" data-id=\"09b639d\" data-element_type=\"container\">\n\t\t\t\t<div class=\"elementor-element elementor-element-4cdf4d8 elementor-widget elementor-widget-heading\" data-id=\"4cdf4d8\" data-element_type=\"widget\" data-widget_type=\"heading.default\">\n\t\t\t\t<div class=\"elementor-widget-container\">\n\t\t\t<span class=\"elementor-heading-title elementor-size-default\">Servicios<\/span>\t\t<\/div>\n\t\t\t\t<\/div>\n\t\t\t\t<div class=\"elementor-element elementor-element-7457808 elementor-widget elementor-widget-heading\" data-id=\"7457808\" data-element_type=\"widget\" data-widget_type=\"heading.default\">\n\t\t\t\t<div class=\"elementor-widget-container\">\n\t\t\t<h2 class=\"elementor-heading-title elementor-size-default\">Desplazamientos<\/h2>\t\t<\/div>\n\t\t\t\t<\/div>\n\t\t\t\t<div class=\"elementor-element elementor-element-64516f1 elementor-widget elementor-widget-text-editor\" data-id=\"64516f1\" data-element_type=\"widget\" data-widget_type=\"text-editor.default\">\n\t\t\t\t<div class=\"elementor-widget-container\">\n\t\t\t\t\t\t\t<p>En Meraki, contamos con un\u00a0<strong>servicio de desplazamientos para las familias<\/strong>\u00a0que acuden a nuestro centro. Sabemos que en el d\u00eda a d\u00eda hay muchos momentos para reforzar habilidades que trabajamos en el Centro.<\/p>\n\n<p>Para llevar a cabo una intervenci\u00f3n eficaz incluimos a las familias en las sesiones. Adem\u00e1s nos desplazamos a los\u00a0<strong>entornos naturales<\/strong>\u00a0(colegio, casa,\u2026) para poner en marcha una intervenci\u00f3n conjunta e implantar distintas herramientas y pautas que se consideren.<\/p>\n\n<p>Esto necesita de una repetici\u00f3n diaria y apoyos que permitan al ni\u00f1o participar y adquirir autonom\u00eda. Por ello, hemos pensado plantear una intervenci\u00f3n m\u00e1s hol\u00edstica, teniendo en cuenta las necesidades del ni\u00f1o y sus familias.<\/p>\t\t\t\t\t\t<\/div>\n\t\t\t\t<\/div>\n\t\t<div class=\"elementor-element elementor-element-9563bca e-flex e-con-boxed wpr-particle-no wpr-jarallax-no wpr-parallax-no wpr-sticky-section-no e-con e-child\" data-id=\"9563bca\" data-element_type=\"container\">\n\t\t\t\t\t<div class=\"e-con-inner\">\n\t\t<div class=\"elementor-element elementor-element-fe4d3a1 e-con-full e-flex wpr-particle-no wpr-jarallax-no wpr-parallax-no wpr-sticky-section-no e-con e-child\" data-id=\"fe4d3a1\" data-element_type=\"container\">\n\t\t\t\t<div class=\"elementor-element elementor-element-6620001 elementor-widget elementor-widget-kidsa-buttons-widget\" data-id=\"6620001\" data-element_type=\"widget\" data-widget_type=\"kidsa-buttons-widget.default\">\n\t\t\t\t<div class=\"elementor-widget-container\">\n\t\t\t\r\n\r\n\t <script>\r\n jQuery(document).ready(function($) {\r\n\r\n\/\/ js code start\r\n\r\n\r\n\r\n\r\n\/\/ js code end \r\n\r\n  });\r\n<\/script>\r\n\t\r\n\r\n\t<a href=\"https:\/\/borradorproyectos.es\/meraki\/contacto\/\" class=\"theme-btn\">\r\n\t\tContacto\t\t<i class=\"fa-solid fa-arrow-right-long\"><\/i>\r\n\t<\/a>\r\n\r\n\t\r\n\r\n             \r\n\t\t\t\t<\/div>\n\t\t\t\t<\/div>\n\t\t\t\t<\/div>\n\t\t<div class=\"elementor-element elementor-element-fd459ec e-con-full e-flex wpr-particle-no wpr-jarallax-no wpr-parallax-no wpr-sticky-section-no e-con e-child\" data-id=\"fd459ec\" data-element_type=\"container\">\n\t\t\t\t<div class=\"elementor-element elementor-element-94fb2c1 elementor-widget elementor-widget-kidsa-call-us-widget\" data-id=\"94fb2c1\" data-element_type=\"widget\" data-widget_type=\"kidsa-call-us-widget.default\">\n\t\t\t\t<div class=\"elementor-widget-container\">\n\t\t\t\r\n\r\n\t <script>\r\n jQuery(document).ready(function($) {\r\n\r\n\/\/ js code start\r\n\r\n\r\n\r\n\r\n\/\/ js code end \r\n\r\n  });\r\n<\/script>\t\r\n\t<div class=\"about-wrapper\">\r\n\t\t<div class=\"about-content\">\r\n\t\t\t<div class=\"about-author mt-0\">\r\n\t\t\t\t<div class=\"author-icon wow fadeInUp\" data-wow-delay=\".5s\">\r\n\t\t\t\t\t<div class=\"icon\">\r\n\t\t\t\t\t\t<i class=\"fa-solid fa-phone\"><\/i>\r\n\t\t\t\t\t<\/div>\r\n\t\t\t\t\t<div class=\"content\">\r\n\t\t\t\t\t\t<span>Ll\u00e1manos<\/span>\r\n\t\t\t\t\t\t<h5>\r\n\t\t\t\t\t\t\t<a href=\"tel:+34960803577\">+34 960 80 35 77<\/a>\r\n\t\t\t\t\t\t<\/h5>\r\n\t\t\t\t\t<\/div>\r\n\t\t\t\t<\/div>\r\n\t\t\t<\/div>\r\n\t\t<\/div>\r\n\t<\/div>\r\n\r\n             \r\n\t\t\t\t<\/div>\n\t\t\t\t<\/div>\n\t\t\t\t<\/div>\n\t\t\t\t\t<\/div>\n\t\t\t\t<\/div>\n\t\t\t\t<\/div>\n\t\t<div class=\"elementor-element elementor-element-8c5f7fc e-con-full e-flex wpr-particle-no wpr-jarallax-no wpr-parallax-no wpr-sticky-section-no e-con e-child\" data-id=\"8c5f7fc\" data-element_type=\"container\">\n\t\t\t\t<div class=\"elementor-element elementor-element-144260e elementor-widget elementor-widget-image\" data-id=\"144260e\" data-element_type=\"widget\" data-widget_type=\"image.default\">\n\t\t\t\t<div class=\"elementor-widget-container\">\n\t\t\t\t\t\t\t\t\t\t\t\t\t<img fetchpriority=\"high\" decoding=\"async\" width=\"740\" height=\"553\" src=\"https:\/\/borradorproyectos.es\/meraki\/wp-content\/uploads\/2024\/11\/car.png\" class=\"attachment-large size-large wp-image-2673\" alt=\"\" srcset=\"https:\/\/borradorproyectos.es\/meraki\/wp-content\/uploads\/2024\/11\/car.png 900w, https:\/\/borradorproyectos.es\/meraki\/wp-content\/uploads\/2024\/11\/car-300x224.png 300w, https:\/\/borradorproyectos.es\/meraki\/wp-content\/uploads\/2024\/11\/car-768x574.png 768w\" sizes=\"(max-width: 740px) 100vw, 740px\" \/>\t\t\t\t\t\t\t\t\t\t\t\t\t<\/div>\n\t\t\t\t<\/div>\n\t\t\t\t<\/div>\n\t\t\t\t<\/div>\n\t\t\t\t\t<\/div>\n\t\t\t\t<\/div>\n\t\t<div class=\"elementor-element elementor-element-fbe748f e-flex e-con-boxed wpr-particle-no wpr-jarallax-no wpr-parallax-no wpr-sticky-section-no e-con e-parent\" data-id=\"fbe748f\" data-element_type=\"container\">\n\t\t\t\t\t<div class=\"e-con-inner\">\n\t\t<div class=\"elementor-element elementor-element-e1c9ac4 e-con-full e-flex wpr-particle-no wpr-jarallax-no wpr-parallax-no wpr-sticky-section-no e-con e-child\" data-id=\"e1c9ac4\" data-element_type=\"container\" data-settings=\"{&quot;background_background&quot;:&quot;classic&quot;}\">\n\t\t<div class=\"elementor-element elementor-element-2a605af e-con-full e-flex wpr-particle-no wpr-jarallax-no wpr-parallax-no wpr-sticky-section-no e-con e-child\" data-id=\"2a605af\" data-element_type=\"container\" data-settings=\"{&quot;background_background&quot;:&quot;classic&quot;}\">\n\t\t<div class=\"elementor-element elementor-element-c367101 e-con-full e-flex wpr-particle-no wpr-jarallax-no wpr-parallax-no wpr-sticky-section-no e-con e-child\" data-id=\"c367101\" data-element_type=\"container\" data-settings=\"{&quot;background_background&quot;:&quot;classic&quot;}\">\n\t\t<div class=\"elementor-element elementor-element-1baad1e e-flex e-con-boxed wpr-particle-no wpr-jarallax-no wpr-parallax-no wpr-sticky-section-no e-con e-child\" data-id=\"1baad1e\" data-element_type=\"container\">\n\t\t\t\t\t<div class=\"e-con-inner\">\n\t\t\t\t<div class=\"elementor-element elementor-element-f688fe5 elementor-view-default elementor-widget elementor-widget-icon\" data-id=\"f688fe5\" data-element_type=\"widget\" data-widget_type=\"icon.default\">\n\t\t\t\t<div class=\"elementor-widget-container\">\n\t\t\t\t\t<div class=\"elementor-icon-wrapper\">\n\t\t\t<div class=\"elementor-icon\">\n\t\t\t<i aria-hidden=\"true\" class=\" icon-icon-13\"><\/i>\t\t\t<\/div>\n\t\t<\/div>\n\t\t\t\t<\/div>\n\t\t\t\t<\/div>\n\t\t\t\t<div class=\"elementor-element elementor-element-2e72960 elementor-widget elementor-widget-heading\" data-id=\"2e72960\" data-element_type=\"widget\" data-widget_type=\"heading.default\">\n\t\t\t\t<div class=\"elementor-widget-container\">\n\t\t\t<h4 class=\"elementor-heading-title elementor-size-default\">Funcionamiento<\/h4>\t\t<\/div>\n\t\t\t\t<\/div>\n\t\t\t\t<div class=\"elementor-element elementor-element-55da3f9 elementor-widget elementor-widget-text-editor\" data-id=\"55da3f9\" data-element_type=\"widget\" data-widget_type=\"text-editor.default\">\n\t\t\t\t<div class=\"elementor-widget-container\">\n\t\t\t\t\t\t\t<p>Se realizan visitas a domicilio para todas aquellas familias que quieran reforzar la autonom\u00eda en las actividades de la vida diaria relacionadas con: vestido, alimentaci\u00f3n, higiene, juego y comunicaci\u00f3n, entre otros.<\/p><p>Adem\u00e1s de visitas a colegios u otros contextos que solicite la familia.<\/p>\t\t\t\t\t\t<\/div>\n\t\t\t\t<\/div>\n\t\t\t\t\t<\/div>\n\t\t\t\t<\/div>\n\t\t<div class=\"elementor-element elementor-element-8906c36 e-flex e-con-boxed wpr-particle-no wpr-jarallax-no wpr-parallax-no wpr-sticky-section-no e-con e-child\" data-id=\"8906c36\" data-element_type=\"container\">\n\t\t\t\t\t<div class=\"e-con-inner\">\n\t\t\t\t<div class=\"elementor-element elementor-element-7b596fb elementor-view-default elementor-widget elementor-widget-icon\" data-id=\"7b596fb\" data-element_type=\"widget\" data-widget_type=\"icon.default\">\n\t\t\t\t<div class=\"elementor-widget-container\">\n\t\t\t\t\t<div class=\"elementor-icon-wrapper\">\n\t\t\t<div class=\"elementor-icon\">\n\t\t\t<i aria-hidden=\"true\" class=\" icon-icon-22\"><\/i>\t\t\t<\/div>\n\t\t<\/div>\n\t\t\t\t<\/div>\n\t\t\t\t<\/div>\n\t\t\t\t<div class=\"elementor-element elementor-element-f29cb46 elementor-widget elementor-widget-heading\" data-id=\"f29cb46\" data-element_type=\"widget\" data-widget_type=\"heading.default\">\n\t\t\t\t<div class=\"elementor-widget-container\">\n\t\t\t<h4 class=\"elementor-heading-title elementor-size-default\">\u00bfC\u00f3mo est\u00e1 organizado?<\/h4>\t\t<\/div>\n\t\t\t\t<\/div>\n\t\t\t\t<div class=\"elementor-element elementor-element-737fc93 elementor-widget elementor-widget-text-editor\" data-id=\"737fc93\" data-element_type=\"widget\" data-widget_type=\"text-editor.default\">\n\t\t\t\t<div class=\"elementor-widget-container\">\n\t\t\t\t\t\t\t<p>Es un modelo de\u00a0<strong>intervenci\u00f3n puntual<\/strong>, eso significa que se realiza en funci\u00f3n de las demandas de la familia que lo solicitan con un presupuesto personalizado.<\/p><p>No sustituyendo la terapia habitual por este modelo.<\/p>\t\t\t\t\t\t<\/div>\n\t\t\t\t<\/div>\n\t\t\t\t\t<\/div>\n\t\t\t\t<\/div>\n\t\t\t\t<\/div>\n\t\t\t\t<\/div>\n\t\t\t\t<\/div>\n\t\t\t\t\t<\/div>\n\t\t\t\t<\/div>\n\t\t<div class=\"elementor-element elementor-element-05ac2a3 e-flex e-con-boxed wpr-particle-no wpr-jarallax-no wpr-parallax-no wpr-sticky-section-no e-con e-parent\" data-id=\"05ac2a3\" data-element_type=\"container\">\n\t\t\t\t\t<div class=\"e-con-inner\">\n\t\t\t\t<div class=\"elementor-element elementor-element-fcf4cd4 elementor-widget elementor-widget-spacer\" data-id=\"fcf4cd4\" data-element_type=\"widget\" data-widget_type=\"spacer.default\">\n\t\t\t\t<div class=\"elementor-widget-container\">\n\t\t\t\t\t<div class=\"elementor-spacer\">\n\t\t\t<div class=\"elementor-spacer-inner\"><\/div>\n\t\t<\/div>\n\t\t\t\t<\/div>\n\t\t\t\t<\/div>\n\t\t\t\t\t<\/div>\n\t\t\t\t<\/div>\n\t\t\t\t<\/div>\n\t\t","protected":false},"excerpt":{"rendered":"<p>Servicios Desplazamientos En Meraki, contamos con un\u00a0servicio de desplazamientos para las familias\u00a0que acuden a nuestro centro. Sabemos que en el d\u00eda a d\u00eda hay muchos momentos para reforzar habilidades que trabajamos en el Centro. Para llevar a cabo una intervenci\u00f3n eficaz incluimos a las familias en las sesiones. Adem\u00e1s nos desplazamos a los\u00a0entornos naturales\u00a0(colegio, casa,\u2026) para poner en marcha una intervenci\u00f3n conjunta e implantar distintas herramientas y pautas que se consideren. Esto necesita de una repetici\u00f3n diaria y apoyos que permitan al ni\u00f1o participar y adquirir autonom\u00eda. Por ello, hemos pensado plantear una intervenci\u00f3n m\u00e1s hol\u00edstica, teniendo en cuenta las necesidades del ni\u00f1o y sus familias. Contacto Ll\u00e1manos +34 960 80 35 77 Funcionamiento Se realizan visitas a domicilio para todas aquellas familias que quieran reforzar la autonom\u00eda en las actividades de la vida diaria relacionadas con: vestido, alimentaci\u00f3n, higiene, juego y comunicaci\u00f3n, entre otros. Adem\u00e1s de visitas a colegios u otros contextos que solicite la familia. \u00bfC\u00f3mo est\u00e1 organizado? Es un modelo de\u00a0intervenci\u00f3n puntual, eso significa que se realiza en funci\u00f3n de las demandas de la familia que lo solicitan con un presupuesto personalizado. No sustituyendo la terapia habitual por este modelo.<\/p>\n","protected":false},"author":1,"featured_media":0,"parent":1183,"menu_order":0,"comment_status":"closed","ping_status":"closed","template":"elementor_header_footer","meta":{"footnotes":""},"class_list":["post-2631","page","type-page","status-publish","hentry"],"_links":{"self":[{"href":"https:\/\/borradorproyectos.es\/meraki\/wp-json\/wp\/v2\/pages\/2631","targetHints":{"allow":["GET"]}}],"collection":[{"href":"https:\/\/borradorproyectos.es\/meraki\/wp-json\/wp\/v2\/pages"}],"about":[{"href":"https:\/\/borradorproyectos.es\/meraki\/wp-json\/wp\/v2\/types\/page"}],"author":[{"embeddable":true,"href":"https:\/\/borradorproyectos.es\/meraki\/wp-json\/wp\/v2\/users\/1"}],"replies":[{"embeddable":true,"href":"https:\/\/borradorproyectos.es\/meraki\/wp-json\/wp\/v2\/comments?post=2631"}],"version-history":[{"count":23,"href":"https:\/\/borradorproyectos.es\/meraki\/wp-json\/wp\/v2\/pages\/2631\/revisions"}],"predecessor-version":[{"id":2784,"href":"https:\/\/borradorproyectos.es\/meraki\/wp-json\/wp\/v2\/pages\/2631\/revisions\/2784"}],"up":[{"embeddable":true,"href":"https:\/\/borradorproyectos.es\/meraki\/wp-json\/wp\/v2\/pages\/1183"}],"wp:attachment":[{"href":"https:\/\/borradorproyectos.es\/meraki\/wp-json\/wp\/v2\/media?parent=2631"}],"curies":[{"name":"wp","href":"https:\/\/api.w.org\/{rel}","templated":true}]}}