{"id":2595,"date":"2024-11-12T12:46:52","date_gmt":"2024-11-12T11:46:52","guid":{"rendered":"https:\/\/borradorproyectos.es\/meraki\/?page_id=2595"},"modified":"2024-11-13T12:11:37","modified_gmt":"2024-11-13T11:11:37","slug":"valoraciones","status":"publish","type":"page","link":"https:\/\/borradorproyectos.es\/meraki\/servicios\/valoraciones\/","title":{"rendered":"Valoraciones"},"content":{"rendered":"\t\t<div data-elementor-type=\"wp-page\" data-elementor-id=\"2595\" class=\"elementor elementor-2595\">\n\t\t\t\t<div class=\"elementor-element elementor-element-c90da07 e-flex e-con-boxed wpr-particle-no wpr-jarallax-no wpr-parallax-no wpr-sticky-section-no e-con e-parent\" data-id=\"c90da07\" data-element_type=\"container\">\n\t\t\t\t\t<div class=\"e-con-inner\">\n\t\t<div class=\"elementor-element elementor-element-6316487 e-con-full e-flex wpr-particle-no wpr-jarallax-no wpr-parallax-no wpr-sticky-section-no e-con e-child\" data-id=\"6316487\" data-element_type=\"container\" data-settings=\"{&quot;background_background&quot;:&quot;classic&quot;}\">\n\t\t<div class=\"elementor-element elementor-element-09b639d e-con-full e-flex wpr-particle-no wpr-jarallax-no wpr-parallax-no wpr-sticky-section-no e-con e-child\" data-id=\"09b639d\" data-element_type=\"container\">\n\t\t\t\t<div class=\"elementor-element elementor-element-4cdf4d8 elementor-widget elementor-widget-heading\" data-id=\"4cdf4d8\" data-element_type=\"widget\" data-widget_type=\"heading.default\">\n\t\t\t\t<div class=\"elementor-widget-container\">\n\t\t\t<span class=\"elementor-heading-title elementor-size-default\">Servicios<\/span>\t\t<\/div>\n\t\t\t\t<\/div>\n\t\t\t\t<div class=\"elementor-element elementor-element-7457808 elementor-widget elementor-widget-heading\" data-id=\"7457808\" data-element_type=\"widget\" data-widget_type=\"heading.default\">\n\t\t\t\t<div class=\"elementor-widget-container\">\n\t\t\t<h2 class=\"elementor-heading-title elementor-size-default\">Valoraciones<\/h2>\t\t<\/div>\n\t\t\t\t<\/div>\n\t\t\t\t<div class=\"elementor-element elementor-element-64516f1 elementor-widget elementor-widget-text-editor\" data-id=\"64516f1\" data-element_type=\"widget\" data-widget_type=\"text-editor.default\">\n\t\t\t\t<div class=\"elementor-widget-container\">\n\t\t\t\t\t\t\t<p>Valoraci\u00f3n mediante entrevistas iniciales, escalas estandarizadas, reuniones con profesionales y observaci\u00f3n en contextos naturales.<\/p>\t\t\t\t\t\t<\/div>\n\t\t\t\t<\/div>\n\t\t<div class=\"elementor-element elementor-element-9563bca e-flex e-con-boxed wpr-particle-no wpr-jarallax-no wpr-parallax-no wpr-sticky-section-no e-con e-child\" data-id=\"9563bca\" data-element_type=\"container\">\n\t\t\t\t\t<div class=\"e-con-inner\">\n\t\t<div class=\"elementor-element elementor-element-fe4d3a1 e-con-full e-flex wpr-particle-no wpr-jarallax-no wpr-parallax-no wpr-sticky-section-no e-con e-child\" data-id=\"fe4d3a1\" data-element_type=\"container\">\n\t\t\t\t<div class=\"elementor-element elementor-element-6620001 elementor-widget elementor-widget-kidsa-buttons-widget\" data-id=\"6620001\" data-element_type=\"widget\" data-widget_type=\"kidsa-buttons-widget.default\">\n\t\t\t\t<div class=\"elementor-widget-container\">\n\t\t\t\r\n\r\n\t <script>\r\n jQuery(document).ready(function($) {\r\n\r\n\/\/ js code start\r\n\r\n\r\n\r\n\r\n\/\/ js code end \r\n\r\n  });\r\n<\/script>\r\n\t\r\n\r\n\t<a href=\"https:\/\/borradorproyectos.es\/meraki\/contacto\/\" class=\"theme-btn\">\r\n\t\tContacto\t\t<i class=\"fa-solid fa-arrow-right-long\"><\/i>\r\n\t<\/a>\r\n\r\n\t\r\n\r\n             \r\n\t\t\t\t<\/div>\n\t\t\t\t<\/div>\n\t\t\t\t<\/div>\n\t\t<div class=\"elementor-element elementor-element-fd459ec e-con-full e-flex wpr-particle-no wpr-jarallax-no wpr-parallax-no wpr-sticky-section-no e-con e-child\" data-id=\"fd459ec\" data-element_type=\"container\">\n\t\t\t\t<div class=\"elementor-element elementor-element-94fb2c1 elementor-widget elementor-widget-kidsa-call-us-widget\" data-id=\"94fb2c1\" data-element_type=\"widget\" data-widget_type=\"kidsa-call-us-widget.default\">\n\t\t\t\t<div class=\"elementor-widget-container\">\n\t\t\t\r\n\r\n\t <script>\r\n jQuery(document).ready(function($) {\r\n\r\n\/\/ js code start\r\n\r\n\r\n\r\n\r\n\/\/ js code end \r\n\r\n  });\r\n<\/script>\t\r\n\t<div class=\"about-wrapper\">\r\n\t\t<div class=\"about-content\">\r\n\t\t\t<div class=\"about-author mt-0\">\r\n\t\t\t\t<div class=\"author-icon wow fadeInUp\" data-wow-delay=\".5s\">\r\n\t\t\t\t\t<div class=\"icon\">\r\n\t\t\t\t\t\t<i class=\"fa-solid fa-phone\"><\/i>\r\n\t\t\t\t\t<\/div>\r\n\t\t\t\t\t<div class=\"content\">\r\n\t\t\t\t\t\t<span>Ll\u00e1manos<\/span>\r\n\t\t\t\t\t\t<h5>\r\n\t\t\t\t\t\t\t<a href=\"tel:+34960803577\">+34 960 80 35 77<\/a>\r\n\t\t\t\t\t\t<\/h5>\r\n\t\t\t\t\t<\/div>\r\n\t\t\t\t<\/div>\r\n\t\t\t<\/div>\r\n\t\t<\/div>\r\n\t<\/div>\r\n\r\n             \r\n\t\t\t\t<\/div>\n\t\t\t\t<\/div>\n\t\t\t\t<\/div>\n\t\t\t\t\t<\/div>\n\t\t\t\t<\/div>\n\t\t\t\t<\/div>\n\t\t<div class=\"elementor-element elementor-element-8c5f7fc e-con-full e-flex wpr-particle-no wpr-jarallax-no wpr-parallax-no wpr-sticky-section-no e-con e-child\" data-id=\"8c5f7fc\" data-element_type=\"container\">\n\t\t\t\t<div class=\"elementor-element elementor-element-144260e elementor-widget elementor-widget-image\" data-id=\"144260e\" data-element_type=\"widget\" data-widget_type=\"image.default\">\n\t\t\t\t<div class=\"elementor-widget-container\">\n\t\t\t\t\t\t\t\t\t\t\t\t\t<img fetchpriority=\"high\" decoding=\"async\" width=\"530\" height=\"496\" src=\"https:\/\/borradorproyectos.es\/meraki\/wp-content\/uploads\/2024\/05\/about-2.png\" class=\"attachment-large size-large wp-image-551\" alt=\"\" srcset=\"https:\/\/borradorproyectos.es\/meraki\/wp-content\/uploads\/2024\/05\/about-2.png 530w, https:\/\/borradorproyectos.es\/meraki\/wp-content\/uploads\/2024\/05\/about-2-300x281.png 300w\" sizes=\"(max-width: 530px) 100vw, 530px\" \/>\t\t\t\t\t\t\t\t\t\t\t\t\t<\/div>\n\t\t\t\t<\/div>\n\t\t\t\t<\/div>\n\t\t\t\t<\/div>\n\t\t\t\t\t<\/div>\n\t\t\t\t<\/div>\n\t\t<div class=\"elementor-element elementor-element-e8daa89 e-flex e-con-boxed wpr-particle-no wpr-jarallax-no wpr-parallax-no wpr-sticky-section-no e-con e-parent\" data-id=\"e8daa89\" data-element_type=\"container\">\n\t\t\t\t\t<div class=\"e-con-inner\">\n\t\t\t\t<div class=\"elementor-element elementor-element-6cb64a6 elementor-widget elementor-widget-heading\" data-id=\"6cb64a6\" data-element_type=\"widget\" data-widget_type=\"heading.default\">\n\t\t\t\t<div class=\"elementor-widget-container\">\n\t\t\t<h3 class=\"elementor-heading-title elementor-size-default\">Funciones<\/h3>\t\t<\/div>\n\t\t\t\t<\/div>\n\t\t\t\t\t<\/div>\n\t\t\t\t<\/div>\n\t\t<div class=\"elementor-element elementor-element-fbe748f e-flex e-con-boxed wpr-particle-no wpr-jarallax-no wpr-parallax-no wpr-sticky-section-no e-con e-parent\" data-id=\"fbe748f\" data-element_type=\"container\">\n\t\t\t\t\t<div class=\"e-con-inner\">\n\t\t<div class=\"elementor-element elementor-element-e1c9ac4 e-con-full e-flex wpr-particle-no wpr-jarallax-no wpr-parallax-no wpr-sticky-section-no e-con e-child\" data-id=\"e1c9ac4\" data-element_type=\"container\" data-settings=\"{&quot;background_background&quot;:&quot;classic&quot;}\">\n\t\t<div class=\"elementor-element elementor-element-2a605af e-con-full e-flex wpr-particle-no wpr-jarallax-no wpr-parallax-no wpr-sticky-section-no e-con e-child\" data-id=\"2a605af\" data-element_type=\"container\" data-settings=\"{&quot;background_background&quot;:&quot;classic&quot;}\">\n\t\t<div class=\"elementor-element elementor-element-c367101 e-con-full e-flex wpr-particle-no wpr-jarallax-no wpr-parallax-no wpr-sticky-section-no e-con e-child\" data-id=\"c367101\" data-element_type=\"container\" data-settings=\"{&quot;background_background&quot;:&quot;classic&quot;}\">\n\t\t<div class=\"elementor-element elementor-element-1baad1e e-flex e-con-boxed wpr-particle-no wpr-jarallax-no wpr-parallax-no wpr-sticky-section-no e-con e-child\" data-id=\"1baad1e\" data-element_type=\"container\">\n\t\t\t\t\t<div class=\"e-con-inner\">\n\t\t\t\t<div class=\"elementor-element elementor-element-f688fe5 elementor-view-default elementor-widget elementor-widget-icon\" data-id=\"f688fe5\" data-element_type=\"widget\" data-widget_type=\"icon.default\">\n\t\t\t\t<div class=\"elementor-widget-container\">\n\t\t\t\t\t<div class=\"elementor-icon-wrapper\">\n\t\t\t<div class=\"elementor-icon\">\n\t\t\t<i aria-hidden=\"true\" class=\" icon-icon-21\"><\/i>\t\t\t<\/div>\n\t\t<\/div>\n\t\t\t\t<\/div>\n\t\t\t\t<\/div>\n\t\t\t\t<div class=\"elementor-element elementor-element-2e72960 elementor-widget elementor-widget-heading\" data-id=\"2e72960\" data-element_type=\"widget\" data-widget_type=\"heading.default\">\n\t\t\t\t<div class=\"elementor-widget-container\">\n\t\t\t<h4 class=\"elementor-heading-title elementor-size-default\">Valoraci\u00f3n desde<br> TERAPIA OCUPACIONAL<\/h4>\t\t<\/div>\n\t\t\t\t<\/div>\n\t\t\t\t<div class=\"elementor-element elementor-element-55da3f9 elementor-widget elementor-widget-text-editor\" data-id=\"55da3f9\" data-element_type=\"widget\" data-widget_type=\"text-editor.default\">\n\t\t\t\t<div class=\"elementor-widget-container\">\n\t\t\t\t\t\t\t<p>Consiste en:<\/p><p>\u00a0<\/p><p><i class=\"fas fa-users\"><\/i><br \/><strong>Reuni\u00f3n inicial TERAPEUTA-FAMILIA:<\/strong><br \/>\u2013 Rellenar los CUESTIONARIOS.<\/p><p><i class=\"fas fa-eye\"><\/i><br \/><strong>Valoraci\u00f3n del\/de la peque:<\/strong><br \/>2 sesiones (90&#8242;) en el ala de juegos de Meraki<br \/>&#8211; Pruebas estructuradas.<br \/>&#8211; Pruebas no estructuradas.<br \/>\u00a0<br \/><strong>PERFIL SENSORIAL<\/strong><\/p><p>Reuni\u00f3n final TERAPEUTA-FAMILIA para la devoluci\u00f3n del INFORME Y PLAN DE INTERVENCI\u00d3N.<\/p>\t\t\t\t\t\t<\/div>\n\t\t\t\t<\/div>\n\t\t\t\t\t<\/div>\n\t\t\t\t<\/div>\n\t\t<div class=\"elementor-element elementor-element-8906c36 e-flex e-con-boxed wpr-particle-no wpr-jarallax-no wpr-parallax-no wpr-sticky-section-no e-con e-child\" data-id=\"8906c36\" data-element_type=\"container\">\n\t\t\t\t\t<div class=\"e-con-inner\">\n\t\t\t\t<div class=\"elementor-element elementor-element-7b596fb elementor-view-default elementor-widget elementor-widget-icon\" data-id=\"7b596fb\" data-element_type=\"widget\" data-widget_type=\"icon.default\">\n\t\t\t\t<div class=\"elementor-widget-container\">\n\t\t\t\t\t<div class=\"elementor-icon-wrapper\">\n\t\t\t<div class=\"elementor-icon\">\n\t\t\t<i aria-hidden=\"true\" class=\" icon-icon-5\"><\/i>\t\t\t<\/div>\n\t\t<\/div>\n\t\t\t\t<\/div>\n\t\t\t\t<\/div>\n\t\t\t\t<div class=\"elementor-element elementor-element-f29cb46 elementor-widget elementor-widget-heading\" data-id=\"f29cb46\" data-element_type=\"widget\" data-widget_type=\"heading.default\">\n\t\t\t\t<div class=\"elementor-widget-container\">\n\t\t\t<h4 class=\"elementor-heading-title elementor-size-default\">Valoraci\u00f3n desde<br> LOGOPEDIA<\/h4>\t\t<\/div>\n\t\t\t\t<\/div>\n\t\t\t\t<div class=\"elementor-element elementor-element-737fc93 elementor-widget elementor-widget-text-editor\" data-id=\"737fc93\" data-element_type=\"widget\" data-widget_type=\"text-editor.default\">\n\t\t\t\t<div class=\"elementor-widget-container\">\n\t\t\t\t\t\t\t<p>Consiste en:<\/p><p><i class=\"fas fa-users\"><\/i><br \/><strong>Reuni\u00f3n inicial LOGOPEDA-FAMILIA:<\/strong><br \/>\u2013 Rellenar los CUESTIONARIOS.<\/p><p><i class=\"fas fa-eye\"><\/i><br \/><strong>Valoraci\u00f3n del\/de la peque:<\/strong><br \/>2 sesiones (90&#8242;) con la logopeda.<br \/>&#8211; Pruebas en funci\u00f3n de las necesidades.<\/p><p>\u00a0<\/p><p><strong>PERFIL SENSORIAL<\/strong><\/p><p>Reuni\u00f3n final TERAPEUTA-FAMILIA para la devoluci\u00f3n del INFORME Y PLAN DE INTERVENCI\u00d3N.<\/p>\t\t\t\t\t\t<\/div>\n\t\t\t\t<\/div>\n\t\t\t\t\t<\/div>\n\t\t\t\t<\/div>\n\t\t<div class=\"elementor-element elementor-element-80bebe5 e-con-full e-flex wpr-particle-no wpr-jarallax-no wpr-parallax-no wpr-sticky-section-no e-con e-child\" data-id=\"80bebe5\" data-element_type=\"container\">\n\t\t\t\t<div class=\"elementor-element elementor-element-906208b elementor-view-default elementor-widget elementor-widget-icon\" data-id=\"906208b\" data-element_type=\"widget\" data-widget_type=\"icon.default\">\n\t\t\t\t<div class=\"elementor-widget-container\">\n\t\t\t\t\t<div class=\"elementor-icon-wrapper\">\n\t\t\t<div class=\"elementor-icon\">\n\t\t\t<i aria-hidden=\"true\" class=\" icon-icon-20\"><\/i>\t\t\t<\/div>\n\t\t<\/div>\n\t\t\t\t<\/div>\n\t\t\t\t<\/div>\n\t\t\t\t<div class=\"elementor-element elementor-element-14727ff elementor-widget elementor-widget-heading\" data-id=\"14727ff\" data-element_type=\"widget\" data-widget_type=\"heading.default\">\n\t\t\t\t<div class=\"elementor-widget-container\">\n\t\t\t<h4 class=\"elementor-heading-title elementor-size-default\">Valoraci\u00f3n desde<br> FISIOTERAPIA<\/h4>\t\t<\/div>\n\t\t\t\t<\/div>\n\t\t\t\t<div class=\"elementor-element elementor-element-28f3ff9 elementor-widget elementor-widget-text-editor\" data-id=\"28f3ff9\" data-element_type=\"widget\" data-widget_type=\"text-editor.default\">\n\t\t\t\t<div class=\"elementor-widget-container\">\n\t\t\t\t\t\t\t<p>Consiste en:<\/p><p><i class=\"fas fa-users\"><\/i><br \/><strong>Reuni\u00f3n inicial FISIOTERAPEUTA-FAMILIA:<\/strong><br \/>\u2013 Rellenar los CUESTIONARIOS.<\/p><p><i class=\"fas fa-eye\"><\/i><br \/><strong>Valoraci\u00f3n del\/de la peque:<\/strong><br \/>2 sesiones (90&#8242;) con la fisioterapeuta.<br \/>&#8211; Pruebas en funci\u00f3n de las necesidades.<\/p><p>\u00a0<\/p><p><strong>PERFIL SENSORIAL<\/strong><\/p><p>Reuni\u00f3n final FISIOTERAPEUTA-FAMILIA para la devoluci\u00f3n del INFORME Y PLAN DE INTERVENCI\u00d3N.<\/p>\t\t\t\t\t\t<\/div>\n\t\t\t\t<\/div>\n\t\t\t\t<\/div>\n\t\t\t\t<\/div>\n\t\t\t\t<\/div>\n\t\t\t\t<\/div>\n\t\t\t\t\t<\/div>\n\t\t\t\t<\/div>\n\t\t<div class=\"elementor-element elementor-element-662864d e-flex e-con-boxed wpr-particle-no wpr-jarallax-no wpr-parallax-no wpr-sticky-section-no e-con e-parent\" data-id=\"662864d\" data-element_type=\"container\">\n\t\t\t\t\t<div class=\"e-con-inner\">\n\t\t\t\t<div class=\"elementor-element elementor-element-5042759 elementor-widget elementor-widget-spacer\" data-id=\"5042759\" data-element_type=\"widget\" data-widget_type=\"spacer.default\">\n\t\t\t\t<div class=\"elementor-widget-container\">\n\t\t\t\t\t<div class=\"elementor-spacer\">\n\t\t\t<div class=\"elementor-spacer-inner\"><\/div>\n\t\t<\/div>\n\t\t\t\t<\/div>\n\t\t\t\t<\/div>\n\t\t\t\t\t<\/div>\n\t\t\t\t<\/div>\n\t\t\t\t<\/div>\n\t\t","protected":false},"excerpt":{"rendered":"<p>Servicios Valoraciones Valoraci\u00f3n mediante entrevistas iniciales, escalas estandarizadas, reuniones con profesionales y observaci\u00f3n en contextos naturales. Contacto Ll\u00e1manos +34 960 80 35 77 Funciones Valoraci\u00f3n desde TERAPIA OCUPACIONAL Consiste en: \u00a0 Reuni\u00f3n inicial TERAPEUTA-FAMILIA:\u2013 Rellenar los CUESTIONARIOS. Valoraci\u00f3n del\/de la peque:2 sesiones (90&#8242;) en el ala de juegos de Meraki&#8211; Pruebas estructuradas.&#8211; Pruebas no estructuradas.\u00a0PERFIL SENSORIAL Reuni\u00f3n final TERAPEUTA-FAMILIA para la devoluci\u00f3n del INFORME Y PLAN DE INTERVENCI\u00d3N. Valoraci\u00f3n desde LOGOPEDIA Consiste en: Reuni\u00f3n inicial LOGOPEDA-FAMILIA:\u2013 Rellenar los CUESTIONARIOS. Valoraci\u00f3n del\/de la peque:2 sesiones (90&#8242;) con la logopeda.&#8211; Pruebas en funci\u00f3n de las necesidades. \u00a0 PERFIL SENSORIAL Reuni\u00f3n final TERAPEUTA-FAMILIA para la devoluci\u00f3n del INFORME Y PLAN DE INTERVENCI\u00d3N. Valoraci\u00f3n desde FISIOTERAPIA Consiste en: Reuni\u00f3n inicial FISIOTERAPEUTA-FAMILIA:\u2013 Rellenar los CUESTIONARIOS. Valoraci\u00f3n del\/de la peque:2 sesiones (90&#8242;) con la fisioterapeuta.&#8211; Pruebas en funci\u00f3n de las necesidades. \u00a0 PERFIL SENSORIAL Reuni\u00f3n final FISIOTERAPEUTA-FAMILIA para la devoluci\u00f3n del INFORME Y PLAN DE INTERVENCI\u00d3N.<\/p>\n","protected":false},"author":1,"featured_media":0,"parent":1183,"menu_order":0,"comment_status":"closed","ping_status":"closed","template":"elementor_header_footer","meta":{"footnotes":""},"class_list":["post-2595","page","type-page","status-publish","hentry"],"_links":{"self":[{"href":"https:\/\/borradorproyectos.es\/meraki\/wp-json\/wp\/v2\/pages\/2595","targetHints":{"allow":["GET"]}}],"collection":[{"href":"https:\/\/borradorproyectos.es\/meraki\/wp-json\/wp\/v2\/pages"}],"about":[{"href":"https:\/\/borradorproyectos.es\/meraki\/wp-json\/wp\/v2\/types\/page"}],"author":[{"embeddable":true,"href":"https:\/\/borradorproyectos.es\/meraki\/wp-json\/wp\/v2\/users\/1"}],"replies":[{"embeddable":true,"href":"https:\/\/borradorproyectos.es\/meraki\/wp-json\/wp\/v2\/comments?post=2595"}],"version-history":[{"count":34,"href":"https:\/\/borradorproyectos.es\/meraki\/wp-json\/wp\/v2\/pages\/2595\/revisions"}],"predecessor-version":[{"id":2781,"href":"https:\/\/borradorproyectos.es\/meraki\/wp-json\/wp\/v2\/pages\/2595\/revisions\/2781"}],"up":[{"embeddable":true,"href":"https:\/\/borradorproyectos.es\/meraki\/wp-json\/wp\/v2\/pages\/1183"}],"wp:attachment":[{"href":"https:\/\/borradorproyectos.es\/meraki\/wp-json\/wp\/v2\/media?parent=2595"}],"curies":[{"name":"wp","href":"https:\/\/api.w.org\/{rel}","templated":true}]}}