{"id":2587,"date":"2024-11-12T12:38:07","date_gmt":"2024-11-12T11:38:07","guid":{"rendered":"https:\/\/borradorproyectos.es\/meraki\/?page_id=2587"},"modified":"2024-11-13T12:10:47","modified_gmt":"2024-11-13T11:10:47","slug":"fisioterapia-pediatrica","status":"publish","type":"page","link":"https:\/\/borradorproyectos.es\/meraki\/servicios\/fisioterapia-pediatrica\/","title":{"rendered":"Fisioterapia pedi\u00e1trica"},"content":{"rendered":"\t\t<div data-elementor-type=\"wp-page\" data-elementor-id=\"2587\" class=\"elementor elementor-2587\">\n\t\t\t\t<div class=\"elementor-element elementor-element-c90da07 e-flex e-con-boxed wpr-particle-no wpr-jarallax-no wpr-parallax-no wpr-sticky-section-no e-con e-parent\" data-id=\"c90da07\" data-element_type=\"container\">\n\t\t\t\t\t<div class=\"e-con-inner\">\n\t\t<div class=\"elementor-element elementor-element-6316487 e-con-full e-flex wpr-particle-no wpr-jarallax-no wpr-parallax-no wpr-sticky-section-no e-con e-child\" data-id=\"6316487\" data-element_type=\"container\" data-settings=\"{&quot;background_background&quot;:&quot;classic&quot;}\">\n\t\t<div class=\"elementor-element elementor-element-09b639d e-con-full e-flex wpr-particle-no wpr-jarallax-no wpr-parallax-no wpr-sticky-section-no e-con e-child\" data-id=\"09b639d\" data-element_type=\"container\">\n\t\t\t\t<div class=\"elementor-element elementor-element-4cdf4d8 elementor-widget elementor-widget-heading\" data-id=\"4cdf4d8\" data-element_type=\"widget\" data-widget_type=\"heading.default\">\n\t\t\t\t<div class=\"elementor-widget-container\">\n\t\t\t<span class=\"elementor-heading-title elementor-size-default\">Servicios<\/span>\t\t<\/div>\n\t\t\t\t<\/div>\n\t\t\t\t<div class=\"elementor-element elementor-element-7457808 elementor-widget elementor-widget-heading\" data-id=\"7457808\" data-element_type=\"widget\" data-widget_type=\"heading.default\">\n\t\t\t\t<div class=\"elementor-widget-container\">\n\t\t\t<h2 class=\"elementor-heading-title elementor-size-default\">Fisioterapia pedi\u00e1trica<\/h2>\t\t<\/div>\n\t\t\t\t<\/div>\n\t\t\t\t<div class=\"elementor-element elementor-element-64516f1 elementor-widget elementor-widget-text-editor\" data-id=\"64516f1\" data-element_type=\"widget\" data-widget_type=\"text-editor.default\">\n\t\t\t\t<div class=\"elementor-widget-container\">\n\t\t\t\t\t\t\t<p>La\u00a0fisioterapia pedi\u00e1trica\u00a0es la disciplina de la fisioterapia que se encarga del asesoramiento, tratamiento y cuidado de aquellos beb\u00e9s, ni\u00f1os\/as y adolescentes que presentan un retraso general en su desarrollo, des\u00f3rdenes en el movimiento (tanto cong\u00e9nitos como adquiridos) o que tienen riesgo de padecerlos.<\/p>\t\t\t\t\t\t<\/div>\n\t\t\t\t<\/div>\n\t\t<div class=\"elementor-element elementor-element-9563bca e-flex e-con-boxed wpr-particle-no wpr-jarallax-no wpr-parallax-no wpr-sticky-section-no e-con e-child\" data-id=\"9563bca\" data-element_type=\"container\">\n\t\t\t\t\t<div class=\"e-con-inner\">\n\t\t<div class=\"elementor-element elementor-element-fe4d3a1 e-con-full e-flex wpr-particle-no wpr-jarallax-no wpr-parallax-no wpr-sticky-section-no e-con e-child\" data-id=\"fe4d3a1\" data-element_type=\"container\">\n\t\t\t\t<div class=\"elementor-element elementor-element-6620001 elementor-widget elementor-widget-kidsa-buttons-widget\" data-id=\"6620001\" data-element_type=\"widget\" data-widget_type=\"kidsa-buttons-widget.default\">\n\t\t\t\t<div class=\"elementor-widget-container\">\n\t\t\t\r\n\r\n\t <script>\r\n jQuery(document).ready(function($) {\r\n\r\n\/\/ js code start\r\n\r\n\r\n\r\n\r\n\/\/ js code end \r\n\r\n  });\r\n<\/script>\r\n\t\r\n\r\n\t<a href=\"https:\/\/borradorproyectos.es\/meraki\/contacto\/\" class=\"theme-btn\">\r\n\t\tContacto\t\t<i class=\"fa-solid fa-arrow-right-long\"><\/i>\r\n\t<\/a>\r\n\r\n\t\r\n\r\n             \r\n\t\t\t\t<\/div>\n\t\t\t\t<\/div>\n\t\t\t\t<\/div>\n\t\t<div class=\"elementor-element elementor-element-fd459ec e-con-full e-flex wpr-particle-no wpr-jarallax-no wpr-parallax-no wpr-sticky-section-no e-con e-child\" data-id=\"fd459ec\" data-element_type=\"container\">\n\t\t\t\t<div class=\"elementor-element elementor-element-94fb2c1 elementor-widget elementor-widget-kidsa-call-us-widget\" data-id=\"94fb2c1\" data-element_type=\"widget\" data-widget_type=\"kidsa-call-us-widget.default\">\n\t\t\t\t<div class=\"elementor-widget-container\">\n\t\t\t\r\n\r\n\t <script>\r\n jQuery(document).ready(function($) {\r\n\r\n\/\/ js code start\r\n\r\n\r\n\r\n\r\n\/\/ js code end \r\n\r\n  });\r\n<\/script>\t\r\n\t<div class=\"about-wrapper\">\r\n\t\t<div class=\"about-content\">\r\n\t\t\t<div class=\"about-author mt-0\">\r\n\t\t\t\t<div class=\"author-icon wow fadeInUp\" data-wow-delay=\".5s\">\r\n\t\t\t\t\t<div class=\"icon\">\r\n\t\t\t\t\t\t<i class=\"fa-solid fa-phone\"><\/i>\r\n\t\t\t\t\t<\/div>\r\n\t\t\t\t\t<div class=\"content\">\r\n\t\t\t\t\t\t<span>Ll\u00e1manos<\/span>\r\n\t\t\t\t\t\t<h5>\r\n\t\t\t\t\t\t\t<a href=\"tel:+34960803577\">+34 960 80 35 77<\/a>\r\n\t\t\t\t\t\t<\/h5>\r\n\t\t\t\t\t<\/div>\r\n\t\t\t\t<\/div>\r\n\t\t\t<\/div>\r\n\t\t<\/div>\r\n\t<\/div>\r\n\r\n             \r\n\t\t\t\t<\/div>\n\t\t\t\t<\/div>\n\t\t\t\t<\/div>\n\t\t\t\t\t<\/div>\n\t\t\t\t<\/div>\n\t\t\t\t<\/div>\n\t\t<div class=\"elementor-element elementor-element-8c5f7fc e-con-full e-flex wpr-particle-no wpr-jarallax-no wpr-parallax-no wpr-sticky-section-no e-con e-child\" data-id=\"8c5f7fc\" data-element_type=\"container\">\n\t\t\t\t<div class=\"elementor-element elementor-element-144260e elementor-widget elementor-widget-image\" data-id=\"144260e\" data-element_type=\"widget\" data-widget_type=\"image.default\">\n\t\t\t\t<div class=\"elementor-widget-container\">\n\t\t\t\t\t\t\t\t\t\t\t\t\t<img fetchpriority=\"high\" decoding=\"async\" width=\"530\" height=\"496\" src=\"https:\/\/borradorproyectos.es\/meraki\/wp-content\/uploads\/2024\/11\/meraki4.png\" class=\"attachment-large size-large wp-image-2705\" alt=\"\" srcset=\"https:\/\/borradorproyectos.es\/meraki\/wp-content\/uploads\/2024\/11\/meraki4.png 530w, https:\/\/borradorproyectos.es\/meraki\/wp-content\/uploads\/2024\/11\/meraki4-300x281.png 300w\" sizes=\"(max-width: 530px) 100vw, 530px\" \/>\t\t\t\t\t\t\t\t\t\t\t\t\t<\/div>\n\t\t\t\t<\/div>\n\t\t\t\t<\/div>\n\t\t\t\t<\/div>\n\t\t\t\t\t<\/div>\n\t\t\t\t<\/div>\n\t\t<div class=\"elementor-element elementor-element-e8daa89 e-flex e-con-boxed wpr-particle-no wpr-jarallax-no wpr-parallax-no wpr-sticky-section-no e-con e-parent\" data-id=\"e8daa89\" data-element_type=\"container\">\n\t\t\t\t\t<div class=\"e-con-inner\">\n\t\t\t\t<div class=\"elementor-element elementor-element-6cb64a6 elementor-widget elementor-widget-heading\" data-id=\"6cb64a6\" data-element_type=\"widget\" data-widget_type=\"heading.default\">\n\t\t\t\t<div class=\"elementor-widget-container\">\n\t\t\t<h3 class=\"elementor-heading-title elementor-size-default\">Funciones<\/h3>\t\t<\/div>\n\t\t\t\t<\/div>\n\t\t\t\t\t<\/div>\n\t\t\t\t<\/div>\n\t\t<div class=\"elementor-element elementor-element-fbe748f e-flex e-con-boxed wpr-particle-no wpr-jarallax-no wpr-parallax-no wpr-sticky-section-no e-con e-parent\" data-id=\"fbe748f\" data-element_type=\"container\">\n\t\t\t\t\t<div class=\"e-con-inner\">\n\t\t<div class=\"elementor-element elementor-element-e1c9ac4 e-con-full e-flex wpr-particle-no wpr-jarallax-no wpr-parallax-no wpr-sticky-section-no e-con e-child\" data-id=\"e1c9ac4\" data-element_type=\"container\" data-settings=\"{&quot;background_background&quot;:&quot;classic&quot;}\">\n\t\t<div class=\"elementor-element elementor-element-2a605af e-con-full e-flex wpr-particle-no wpr-jarallax-no wpr-parallax-no wpr-sticky-section-no e-con e-child\" data-id=\"2a605af\" data-element_type=\"container\" data-settings=\"{&quot;background_background&quot;:&quot;classic&quot;}\">\n\t\t<div class=\"elementor-element elementor-element-c367101 e-con-full e-flex wpr-particle-no wpr-jarallax-no wpr-parallax-no wpr-sticky-section-no e-con e-child\" data-id=\"c367101\" data-element_type=\"container\" data-settings=\"{&quot;background_background&quot;:&quot;classic&quot;}\">\n\t\t<div class=\"elementor-element elementor-element-1baad1e e-flex e-con-boxed wpr-particle-no wpr-jarallax-no wpr-parallax-no wpr-sticky-section-no e-con e-child\" data-id=\"1baad1e\" data-element_type=\"container\">\n\t\t\t\t\t<div class=\"e-con-inner\">\n\t\t\t\t<div class=\"elementor-element elementor-element-f688fe5 elementor-view-default elementor-widget elementor-widget-icon\" data-id=\"f688fe5\" data-element_type=\"widget\" data-widget_type=\"icon.default\">\n\t\t\t\t<div class=\"elementor-widget-container\">\n\t\t\t\t\t<div class=\"elementor-icon-wrapper\">\n\t\t\t<div class=\"elementor-icon\">\n\t\t\t<i aria-hidden=\"true\" class=\" icon-icon-21\"><\/i>\t\t\t<\/div>\n\t\t<\/div>\n\t\t\t\t<\/div>\n\t\t\t\t<\/div>\n\t\t\t\t<div class=\"elementor-element elementor-element-14727ff elementor-widget elementor-widget-heading\" data-id=\"14727ff\" data-element_type=\"widget\" data-widget_type=\"heading.default\">\n\t\t\t\t<div class=\"elementor-widget-container\">\n\t\t\t<h4 class=\"elementor-heading-title elementor-size-default\">Valoraci\u00f3n global del ni\u00f1o\/a y su entorno<\/h4>\t\t<\/div>\n\t\t\t\t<\/div>\n\t\t\t\t<div class=\"elementor-element elementor-element-28f3ff9 elementor-widget elementor-widget-text-editor\" data-id=\"28f3ff9\" data-element_type=\"widget\" data-widget_type=\"text-editor.default\">\n\t\t\t\t<div class=\"elementor-widget-container\">\n\t\t\t\t\t\t\t<p>Lleva a cabo la valoraci\u00f3n global del ni\u00f1o\/a y de su entorno y establece los objetivos a conseguir con el tratamiento o intervenci\u00f3n conjuntamente con la familia y el ni\u00f1o\/a. Es conveniente que los objetivos se marquen a corto plazo para revisarlos peri\u00f3dicamente.<\/p>\t\t\t\t\t\t<\/div>\n\t\t\t\t<\/div>\n\t\t\t\t\t<\/div>\n\t\t\t\t<\/div>\n\t\t<div class=\"elementor-element elementor-element-8906c36 e-flex e-con-boxed wpr-particle-no wpr-jarallax-no wpr-parallax-no wpr-sticky-section-no e-con e-child\" data-id=\"8906c36\" data-element_type=\"container\">\n\t\t\t\t\t<div class=\"e-con-inner\">\n\t\t\t\t<div class=\"elementor-element elementor-element-7b596fb elementor-view-default elementor-widget elementor-widget-icon\" data-id=\"7b596fb\" data-element_type=\"widget\" data-widget_type=\"icon.default\">\n\t\t\t\t<div class=\"elementor-widget-container\">\n\t\t\t\t\t<div class=\"elementor-icon-wrapper\">\n\t\t\t<div class=\"elementor-icon\">\n\t\t\t<i aria-hidden=\"true\" class=\" icon-icon-5\"><\/i>\t\t\t<\/div>\n\t\t<\/div>\n\t\t\t\t<\/div>\n\t\t\t\t<\/div>\n\t\t\t\t<div class=\"elementor-element elementor-element-79035d1 elementor-widget elementor-widget-heading\" data-id=\"79035d1\" data-element_type=\"widget\" data-widget_type=\"heading.default\">\n\t\t\t\t<div class=\"elementor-widget-container\">\n\t\t\t<h4 class=\"elementor-heading-title elementor-size-default\">Tratamiento o intervenci\u00f3n terap\u00e9utica<\/h4>\t\t<\/div>\n\t\t\t\t<\/div>\n\t\t\t\t<div class=\"elementor-element elementor-element-b9dcb77 elementor-widget elementor-widget-text-editor\" data-id=\"b9dcb77\" data-element_type=\"widget\" data-widget_type=\"text-editor.default\">\n\t\t\t\t<div class=\"elementor-widget-container\">\n\t\t\t\t\t\t\t<p>Establece el tratamiento o intervenci\u00f3n terap\u00e9utica m\u00e1s adecuada a la situaci\u00f3n del ni\u00f1o\/a contemplando su globalidad biopsicosocial. El\/la fisioterapeuta en pediatr\u00eda cuenta con muchos recursos y t\u00e9cnicas, como las movilizaciones, los ejercicios para ganar fuerza, las t\u00e9cnicas de fisioterapia respiratoria, la confecci\u00f3n y aplicaci\u00f3n de ayudas posturales o de movilidad, la adaptaci\u00f3n de objetos\u2026, pero las principales herramientas son el juego y la estimulaci\u00f3n del aprendizaje del movimiento.<\/p>\t\t\t\t\t\t<\/div>\n\t\t\t\t<\/div>\n\t\t\t\t\t<\/div>\n\t\t\t\t<\/div>\n\t\t<div class=\"elementor-element elementor-element-a85bd8d e-flex e-con-boxed wpr-particle-no wpr-jarallax-no wpr-parallax-no wpr-sticky-section-no e-con e-child\" data-id=\"a85bd8d\" data-element_type=\"container\">\n\t\t\t\t\t<div class=\"e-con-inner\">\n\t\t\t\t<div class=\"elementor-element elementor-element-c405d9a elementor-view-default elementor-widget elementor-widget-icon\" data-id=\"c405d9a\" data-element_type=\"widget\" data-widget_type=\"icon.default\">\n\t\t\t\t<div class=\"elementor-widget-container\">\n\t\t\t\t\t<div class=\"elementor-icon-wrapper\">\n\t\t\t<div class=\"elementor-icon\">\n\t\t\t<i aria-hidden=\"true\" class=\" icon-icon-20\"><\/i>\t\t\t<\/div>\n\t\t<\/div>\n\t\t\t\t<\/div>\n\t\t\t\t<\/div>\n\t\t\t\t<div class=\"elementor-element elementor-element-ccd3f94 elementor-widget elementor-widget-heading\" data-id=\"ccd3f94\" data-element_type=\"widget\" data-widget_type=\"heading.default\">\n\t\t\t\t<div class=\"elementor-widget-container\">\n\t\t\t<h4 class=\"elementor-heading-title elementor-size-default\">Apoyo a las familias de los ni\u00f1os\/as<\/h4>\t\t<\/div>\n\t\t\t\t<\/div>\n\t\t\t\t<div class=\"elementor-element elementor-element-e207c7d elementor-widget elementor-widget-text-editor\" data-id=\"e207c7d\" data-element_type=\"widget\" data-widget_type=\"text-editor.default\">\n\t\t\t\t<div class=\"elementor-widget-container\">\n\t\t\t\t\t\t\t<p>Proporciona apoyo a las familias de los ni\u00f1os\/as y colabora con otros especialistas del \u00e1mbito de la salud, la educaci\u00f3n y los servicios sociales. Este aspecto favorece la participaci\u00f3n del ni\u00f1o\/a en las rutinas en casa, en la escuela y en la comunidad.<\/p>\t\t\t\t\t\t<\/div>\n\t\t\t\t<\/div>\n\t\t\t\t\t<\/div>\n\t\t\t\t<\/div>\n\t\t<div class=\"elementor-element elementor-element-d47a0df e-flex e-con-boxed wpr-particle-no wpr-jarallax-no wpr-parallax-no wpr-sticky-section-no e-con e-child\" data-id=\"d47a0df\" data-element_type=\"container\">\n\t\t\t\t\t<div class=\"e-con-inner\">\n\t\t\t\t<div class=\"elementor-element elementor-element-b7ea9d0 elementor-view-default elementor-widget elementor-widget-icon\" data-id=\"b7ea9d0\" data-element_type=\"widget\" data-widget_type=\"icon.default\">\n\t\t\t\t<div class=\"elementor-widget-container\">\n\t\t\t\t\t<div class=\"elementor-icon-wrapper\">\n\t\t\t<div class=\"elementor-icon\">\n\t\t\t<i aria-hidden=\"true\" class=\" icon-icon-4\"><\/i>\t\t\t<\/div>\n\t\t<\/div>\n\t\t\t\t<\/div>\n\t\t\t\t<\/div>\n\t\t\t\t<div class=\"elementor-element elementor-element-4cfade5 elementor-widget elementor-widget-heading\" data-id=\"4cfade5\" data-element_type=\"widget\" data-widget_type=\"heading.default\">\n\t\t\t\t<div class=\"elementor-widget-container\">\n\t\t\t<h4 class=\"elementor-heading-title elementor-size-default\">Supervisi\u00f3n de resultados<\/h4>\t\t<\/div>\n\t\t\t\t<\/div>\n\t\t\t\t<div class=\"elementor-element elementor-element-147367d elementor-widget elementor-widget-text-editor\" data-id=\"147367d\" data-element_type=\"widget\" data-widget_type=\"text-editor.default\">\n\t\t\t\t<div class=\"elementor-widget-container\">\n\t\t\t\t\t\t\t<p>Supervisa peri\u00f3dicamente los resultados en funci\u00f3n de los objetivos propuestos.<\/p>\t\t\t\t\t\t<\/div>\n\t\t\t\t<\/div>\n\t\t\t\t\t<\/div>\n\t\t\t\t<\/div>\n\t\t\t\t<\/div>\n\t\t\t\t<\/div>\n\t\t\t\t<\/div>\n\t\t\t\t\t<\/div>\n\t\t\t\t<\/div>\n\t\t<div class=\"elementor-element elementor-element-1287ba2 e-flex e-con-boxed wpr-particle-no wpr-jarallax-no wpr-parallax-no wpr-sticky-section-no e-con e-parent\" data-id=\"1287ba2\" data-element_type=\"container\">\n\t\t\t\t\t<div class=\"e-con-inner\">\n\t\t\t\t<div class=\"elementor-element elementor-element-eaf1080 elementor-widget elementor-widget-spacer\" data-id=\"eaf1080\" data-element_type=\"widget\" data-widget_type=\"spacer.default\">\n\t\t\t\t<div class=\"elementor-widget-container\">\n\t\t\t\t\t<div class=\"elementor-spacer\">\n\t\t\t<div class=\"elementor-spacer-inner\"><\/div>\n\t\t<\/div>\n\t\t\t\t<\/div>\n\t\t\t\t<\/div>\n\t\t\t\t\t<\/div>\n\t\t\t\t<\/div>\n\t\t\t\t<\/div>\n\t\t","protected":false},"excerpt":{"rendered":"<p>Servicios Fisioterapia pedi\u00e1trica La\u00a0fisioterapia pedi\u00e1trica\u00a0es la disciplina de la fisioterapia que se encarga del asesoramiento, tratamiento y cuidado de aquellos beb\u00e9s, ni\u00f1os\/as y adolescentes que presentan un retraso general en su desarrollo, des\u00f3rdenes en el movimiento (tanto cong\u00e9nitos como adquiridos) o que tienen riesgo de padecerlos. Contacto Ll\u00e1manos +34 960 80 35 77 Funciones Valoraci\u00f3n global del ni\u00f1o\/a y su entorno Lleva a cabo la valoraci\u00f3n global del ni\u00f1o\/a y de su entorno y establece los objetivos a conseguir con el tratamiento o intervenci\u00f3n conjuntamente con la familia y el ni\u00f1o\/a. Es conveniente que los objetivos se marquen a corto plazo para revisarlos peri\u00f3dicamente. Tratamiento o intervenci\u00f3n terap\u00e9utica Establece el tratamiento o intervenci\u00f3n terap\u00e9utica m\u00e1s adecuada a la situaci\u00f3n del ni\u00f1o\/a contemplando su globalidad biopsicosocial. El\/la fisioterapeuta en pediatr\u00eda cuenta con muchos recursos y t\u00e9cnicas, como las movilizaciones, los ejercicios para ganar fuerza, las t\u00e9cnicas de fisioterapia respiratoria, la confecci\u00f3n y aplicaci\u00f3n de ayudas posturales o de movilidad, la adaptaci\u00f3n de objetos\u2026, pero las principales herramientas son el juego y la estimulaci\u00f3n del aprendizaje del movimiento. Apoyo a las familias de los ni\u00f1os\/as Proporciona apoyo a las familias de los ni\u00f1os\/as y colabora con otros especialistas del \u00e1mbito de la salud, la educaci\u00f3n y los servicios sociales. Este aspecto favorece la participaci\u00f3n del ni\u00f1o\/a en las rutinas en casa, en la escuela y en la comunidad. Supervisi\u00f3n de resultados Supervisa peri\u00f3dicamente los resultados en funci\u00f3n de los objetivos propuestos.<\/p>\n","protected":false},"author":1,"featured_media":0,"parent":1183,"menu_order":0,"comment_status":"closed","ping_status":"closed","template":"elementor_header_footer","meta":{"footnotes":""},"class_list":["post-2587","page","type-page","status-publish","hentry"],"_links":{"self":[{"href":"https:\/\/borradorproyectos.es\/meraki\/wp-json\/wp\/v2\/pages\/2587","targetHints":{"allow":["GET"]}}],"collection":[{"href":"https:\/\/borradorproyectos.es\/meraki\/wp-json\/wp\/v2\/pages"}],"about":[{"href":"https:\/\/borradorproyectos.es\/meraki\/wp-json\/wp\/v2\/types\/page"}],"author":[{"embeddable":true,"href":"https:\/\/borradorproyectos.es\/meraki\/wp-json\/wp\/v2\/users\/1"}],"replies":[{"embeddable":true,"href":"https:\/\/borradorproyectos.es\/meraki\/wp-json\/wp\/v2\/comments?post=2587"}],"version-history":[{"count":16,"href":"https:\/\/borradorproyectos.es\/meraki\/wp-json\/wp\/v2\/pages\/2587\/revisions"}],"predecessor-version":[{"id":2778,"href":"https:\/\/borradorproyectos.es\/meraki\/wp-json\/wp\/v2\/pages\/2587\/revisions\/2778"}],"up":[{"embeddable":true,"href":"https:\/\/borradorproyectos.es\/meraki\/wp-json\/wp\/v2\/pages\/1183"}],"wp:attachment":[{"href":"https:\/\/borradorproyectos.es\/meraki\/wp-json\/wp\/v2\/media?parent=2587"}],"curies":[{"name":"wp","href":"https:\/\/api.w.org\/{rel}","templated":true}]}}