{"id":2569,"date":"2024-11-12T11:45:25","date_gmt":"2024-11-12T10:45:25","guid":{"rendered":"https:\/\/borradorproyectos.es\/meraki\/?page_id=2569"},"modified":"2024-11-14T12:05:42","modified_gmt":"2024-11-14T11:05:42","slug":"logopedia-infantil","status":"publish","type":"page","link":"https:\/\/borradorproyectos.es\/meraki\/servicios\/logopedia-infantil\/","title":{"rendered":"Logopedia infantil"},"content":{"rendered":"\t\t<div data-elementor-type=\"wp-page\" data-elementor-id=\"2569\" class=\"elementor elementor-2569\">\n\t\t\t\t<div class=\"elementor-element elementor-element-c90da07 e-flex e-con-boxed wpr-particle-no wpr-jarallax-no wpr-parallax-no wpr-sticky-section-no e-con e-parent\" data-id=\"c90da07\" data-element_type=\"container\">\n\t\t\t\t\t<div class=\"e-con-inner\">\n\t\t<div class=\"elementor-element elementor-element-6316487 e-con-full e-flex wpr-particle-no wpr-jarallax-no wpr-parallax-no wpr-sticky-section-no e-con e-child\" data-id=\"6316487\" data-element_type=\"container\" data-settings=\"{&quot;background_background&quot;:&quot;classic&quot;}\">\n\t\t<div class=\"elementor-element elementor-element-09b639d e-con-full e-flex wpr-particle-no wpr-jarallax-no wpr-parallax-no wpr-sticky-section-no e-con e-child\" data-id=\"09b639d\" data-element_type=\"container\">\n\t\t\t\t<div class=\"elementor-element elementor-element-4cdf4d8 elementor-widget elementor-widget-heading\" data-id=\"4cdf4d8\" data-element_type=\"widget\" data-widget_type=\"heading.default\">\n\t\t\t\t<div class=\"elementor-widget-container\">\n\t\t\t<span class=\"elementor-heading-title elementor-size-default\">Servicios<\/span>\t\t<\/div>\n\t\t\t\t<\/div>\n\t\t\t\t<div class=\"elementor-element elementor-element-7457808 elementor-widget elementor-widget-heading\" data-id=\"7457808\" data-element_type=\"widget\" data-widget_type=\"heading.default\">\n\t\t\t\t<div class=\"elementor-widget-container\">\n\t\t\t<h2 class=\"elementor-heading-title elementor-size-default\">Logopedia<\/h2>\t\t<\/div>\n\t\t\t\t<\/div>\n\t\t\t\t<div class=\"elementor-element elementor-element-64516f1 elementor-widget elementor-widget-text-editor\" data-id=\"64516f1\" data-element_type=\"widget\" data-widget_type=\"text-editor.default\">\n\t\t\t\t<div class=\"elementor-widget-container\">\n\t\t\t\t\t\t\t<p>Se conoce como logopeda infantil al profesional de la salud dedicado a tratar las alteraciones de la comunicaci\u00f3n que pueden darse en la voz, el lenguaje, el habla o la audici\u00f3n de ni\u00f1os, ni\u00f1as y adolescentes, as\u00ed como en los trastornos de la degluci\u00f3n y otras funciones como la masticaci\u00f3n o la respiraci\u00f3n.<\/p>\t\t\t\t\t\t<\/div>\n\t\t\t\t<\/div>\n\t\t<div class=\"elementor-element elementor-element-9563bca e-flex e-con-boxed wpr-particle-no wpr-jarallax-no wpr-parallax-no wpr-sticky-section-no e-con e-child\" data-id=\"9563bca\" data-element_type=\"container\">\n\t\t\t\t\t<div class=\"e-con-inner\">\n\t\t<div class=\"elementor-element elementor-element-fe4d3a1 e-con-full e-flex wpr-particle-no wpr-jarallax-no wpr-parallax-no wpr-sticky-section-no e-con e-child\" data-id=\"fe4d3a1\" data-element_type=\"container\">\n\t\t\t\t<div class=\"elementor-element elementor-element-6620001 elementor-widget elementor-widget-kidsa-buttons-widget\" data-id=\"6620001\" data-element_type=\"widget\" data-widget_type=\"kidsa-buttons-widget.default\">\n\t\t\t\t<div class=\"elementor-widget-container\">\n\t\t\t\r\n\r\n\t <script>\r\n jQuery(document).ready(function($) {\r\n\r\n\/\/ js code start\r\n\r\n\r\n\r\n\r\n\/\/ js code end \r\n\r\n  });\r\n<\/script>\r\n\t\r\n\r\n\t<a href=\"https:\/\/borradorproyectos.es\/meraki\/contacto\/\" class=\"theme-btn\">\r\n\t\tContacto\t\t<i class=\"fa-solid fa-arrow-right-long\"><\/i>\r\n\t<\/a>\r\n\r\n\t\r\n\r\n             \r\n\t\t\t\t<\/div>\n\t\t\t\t<\/div>\n\t\t\t\t<\/div>\n\t\t<div class=\"elementor-element elementor-element-fd459ec e-con-full e-flex wpr-particle-no wpr-jarallax-no wpr-parallax-no wpr-sticky-section-no e-con e-child\" data-id=\"fd459ec\" data-element_type=\"container\">\n\t\t\t\t<div class=\"elementor-element elementor-element-94fb2c1 elementor-widget elementor-widget-kidsa-call-us-widget\" data-id=\"94fb2c1\" data-element_type=\"widget\" data-widget_type=\"kidsa-call-us-widget.default\">\n\t\t\t\t<div class=\"elementor-widget-container\">\n\t\t\t\r\n\r\n\t <script>\r\n jQuery(document).ready(function($) {\r\n\r\n\/\/ js code start\r\n\r\n\r\n\r\n\r\n\/\/ js code end \r\n\r\n  });\r\n<\/script>\t\r\n\t<div class=\"about-wrapper\">\r\n\t\t<div class=\"about-content\">\r\n\t\t\t<div class=\"about-author mt-0\">\r\n\t\t\t\t<div class=\"author-icon wow fadeInUp\" data-wow-delay=\".5s\">\r\n\t\t\t\t\t<div class=\"icon\">\r\n\t\t\t\t\t\t<i class=\"fa-solid fa-phone\"><\/i>\r\n\t\t\t\t\t<\/div>\r\n\t\t\t\t\t<div class=\"content\">\r\n\t\t\t\t\t\t<span>Ll\u00e1manos<\/span>\r\n\t\t\t\t\t\t<h5>\r\n\t\t\t\t\t\t\t<a href=\"tel:+34960803577\">+34 960 80 35 77<\/a>\r\n\t\t\t\t\t\t<\/h5>\r\n\t\t\t\t\t<\/div>\r\n\t\t\t\t<\/div>\r\n\t\t\t<\/div>\r\n\t\t<\/div>\r\n\t<\/div>\r\n\r\n             \r\n\t\t\t\t<\/div>\n\t\t\t\t<\/div>\n\t\t\t\t<\/div>\n\t\t\t\t\t<\/div>\n\t\t\t\t<\/div>\n\t\t\t\t<\/div>\n\t\t<div class=\"elementor-element elementor-element-8c5f7fc e-con-full e-flex wpr-particle-no wpr-jarallax-no wpr-parallax-no wpr-sticky-section-no e-con e-child\" data-id=\"8c5f7fc\" data-element_type=\"container\">\n\t\t\t\t<div class=\"elementor-element elementor-element-7f1843d elementor-widget elementor-widget-image\" data-id=\"7f1843d\" data-element_type=\"widget\" data-widget_type=\"image.default\">\n\t\t\t\t<div class=\"elementor-widget-container\">\n\t\t\t\t\t\t\t\t\t\t\t\t\t<img fetchpriority=\"high\" decoding=\"async\" width=\"530\" height=\"496\" src=\"https:\/\/borradorproyectos.es\/meraki\/wp-content\/uploads\/2024\/11\/meraki3.png\" class=\"attachment-large size-large wp-image-2701\" alt=\"\" srcset=\"https:\/\/borradorproyectos.es\/meraki\/wp-content\/uploads\/2024\/11\/meraki3.png 530w, https:\/\/borradorproyectos.es\/meraki\/wp-content\/uploads\/2024\/11\/meraki3-300x281.png 300w\" sizes=\"(max-width: 530px) 100vw, 530px\" \/>\t\t\t\t\t\t\t\t\t\t\t\t\t<\/div>\n\t\t\t\t<\/div>\n\t\t\t\t<\/div>\n\t\t\t\t<\/div>\n\t\t\t\t\t<\/div>\n\t\t\t\t<\/div>\n\t\t<div class=\"elementor-element elementor-element-fbe748f e-flex e-con-boxed wpr-particle-no wpr-jarallax-no wpr-parallax-no wpr-sticky-section-no e-con e-parent\" data-id=\"fbe748f\" data-element_type=\"container\">\n\t\t\t\t\t<div class=\"e-con-inner\">\n\t\t<div class=\"elementor-element elementor-element-6d59a7c e-con-full e-flex wpr-particle-no wpr-jarallax-no wpr-parallax-no wpr-sticky-section-no e-con e-child\" data-id=\"6d59a7c\" data-element_type=\"container\">\n\t\t\t\t<div class=\"elementor-element elementor-element-f6fcd49 wpr-pricing-table-animation-none wpr-pricing-table-heading-center elementor-widget elementor-widget-wpr-pricing-table\" data-id=\"f6fcd49\" data-element_type=\"widget\" data-widget_type=\"wpr-pricing-table.default\">\n\t\t\t\t<div class=\"elementor-widget-container\">\n\t\t\t\n\t<div class=\"wpr-pricing-table\">\n\t\t\n\t\t\t<div class=\"elementor-repeater-item-b2f4314 wpr-pricing-table-item wpr-pricing-table-heading wpr-pricing-table-item-first\">\t\t\n\t\t\t\n\t\t\t\n\t\t\t\t<div class=\"wpr-pricing-table-headding-inner\">\n\t\t\t\n\t\t\t\t\t\t\t\t\t\t\t<div class=\"wpr-pricing-table-icon\">\n\t\t\t\t\t\t\t<i class=\"far fa-eye\"><\/i>\n\t\t\t\t\t\t<\/div>\n\t\t\t\t\t\n\t\t\t\t\t\t\t\t\t\t\t<div class=\"wpr-pricing-table-title-wrap\">\n\t\t\t\t\t\t\t\t\n\t\t\t\t\t\t\t\t<h3 class=\"wpr-pricing-table-title\">Evaluar, diagnosticar, tratar o prevenir<\/h3>\n\t\t\t\t\t\t\t\n\t\t\t\t\t\t\t\t\n\t\t\t\t\t\t\t\t<span class=\"wpr-pricing-table-sub-title\">Evaluar, diagnosticar, tratar o prevenir trastornos de la comunicaci\u00f3n, pudiendo estar relacionados con:<\/span>\n\t\t\t\t\t\t\t\t\t\t\t\t\t<\/div>\n\t\t\t\t\t\t\t\t\t<\/div>\t\t\n\t\t\n\t\t\t\n\t\t\t<\/div>\n\t\t\t\n\t\t\t<section class=\"elementor-repeater-item-46f2e4a wpr-pricing-table-item wpr-pricing-table-feature\">\n\t\t\t\t<div class=\"wpr-pricing-table-feature-inner\">\n\t\t\t\t\t\t\t\t\t\t\t<i class=\"wpr-pricing-table-feature-icon fas fa-check\"><\/i>\n\t\t\t\t\t\t\t\t\t\t\n\t\t\t\t\t<span class=\"wpr-pricing-table-feature-text wpr-pricing-table-ftext-line-\">\n\t\t\t\t\t\t<span>\n\t\t\t\t\t\tLa comunicaci\u00f3n\t\t\t\t\t\t<\/span>\n\t\t\t\t\t<\/span>\n\n\t\t\t\t\t\t\t\t\t\t\t\t\n\t\t\t\t<\/div>\n\t\t\t<\/section>\n\n\t\t\t\n\t\t\t<section class=\"elementor-repeater-item-8c7fe93 wpr-pricing-table-item wpr-pricing-table-feature\">\n\t\t\t\t<div class=\"wpr-pricing-table-feature-inner\">\n\t\t\t\t\t\t\t\t\t\t\t<i class=\"wpr-pricing-table-feature-icon fas fa-check\"><\/i>\n\t\t\t\t\t\t\t\t\t\t\n\t\t\t\t\t<span class=\"wpr-pricing-table-feature-text wpr-pricing-table-ftext-line-\">\n\t\t\t\t\t\t<span>\n\t\t\t\t\t\tEl lenguaje oral\t\t\t\t\t\t<\/span>\n\t\t\t\t\t<\/span>\n\n\t\t\t\t\t\t\t\t\t\t\t\t\n\t\t\t\t<\/div>\n\t\t\t<\/section>\n\n\t\t\t\n\t\t\t<section class=\"elementor-repeater-item-eaba7a8 wpr-pricing-table-item wpr-pricing-table-feature\">\n\t\t\t\t<div class=\"wpr-pricing-table-feature-inner\">\n\t\t\t\t\t\t\t\t\t\t\t<i class=\"wpr-pricing-table-feature-icon fas fa-check\"><\/i>\n\t\t\t\t\t\t\t\t\t\t\n\t\t\t\t\t<span class=\"wpr-pricing-table-feature-text wpr-pricing-table-ftext-line-\">\n\t\t\t\t\t\t<span>\n\t\t\t\t\t\tEl lenguaje escrito\t\t\t\t\t\t<\/span>\n\t\t\t\t\t<\/span>\n\n\t\t\t\t\t\t\t\t\t\t\t\t\n\t\t\t\t<\/div>\n\t\t\t<\/section>\n\n\t\t\t\n\t\t\t<section class=\"elementor-repeater-item-bf792bb wpr-pricing-table-item wpr-pricing-table-feature\">\n\t\t\t\t<div class=\"wpr-pricing-table-feature-inner\">\n\t\t\t\t\t\t\t\t\t\t\t<i class=\"wpr-pricing-table-feature-icon fas fa-check\"><\/i>\n\t\t\t\t\t\t\t\t\t\t\n\t\t\t\t\t<span class=\"wpr-pricing-table-feature-text wpr-pricing-table-ftext-line-\">\n\t\t\t\t\t\t<span>\n\t\t\t\t\t\tEl habla\t\t\t\t\t\t<\/span>\n\t\t\t\t\t<\/span>\n\n\t\t\t\t\t\t\t\t\t\t\t\t\n\t\t\t\t<\/div>\n\t\t\t<\/section>\n\n\t\t\t\n\t\t\t<section class=\"elementor-repeater-item-2a2014f wpr-pricing-table-item wpr-pricing-table-feature\">\n\t\t\t\t<div class=\"wpr-pricing-table-feature-inner\">\n\t\t\t\t\t\t\t\t\t\t\t<i class=\"wpr-pricing-table-feature-icon fas fa-check\"><\/i>\n\t\t\t\t\t\t\t\t\t\t\n\t\t\t\t\t<span class=\"wpr-pricing-table-feature-text wpr-pricing-table-ftext-line-\">\n\t\t\t\t\t\t<span>\n\t\t\t\t\t\tLa voz\t\t\t\t\t\t<\/span>\n\t\t\t\t\t<\/span>\n\n\t\t\t\t\t\t\t\t\t\t\t\t\n\t\t\t\t<\/div>\n\t\t\t<\/section>\n\n\t\t\t\n\t\t\t<section class=\"elementor-repeater-item-559ba98 wpr-pricing-table-item wpr-pricing-table-feature\">\n\t\t\t\t<div class=\"wpr-pricing-table-feature-inner\">\n\t\t\t\t\t\t\t\t\t\t\t<i class=\"wpr-pricing-table-feature-icon fas fa-check\"><\/i>\n\t\t\t\t\t\t\t\t\t\t\n\t\t\t\t\t<span class=\"wpr-pricing-table-feature-text wpr-pricing-table-ftext-line-\">\n\t\t\t\t\t\t<span>\n\t\t\t\t\t\tLa audici\u00f3n\t\t\t\t\t\t<\/span>\n\t\t\t\t\t<\/span>\n\n\t\t\t\t\t\t\t\t\t\t\t\t\n\t\t\t\t<\/div>\n\t\t\t<\/section>\n\n\t\t\t\n\t\t\t<section class=\"elementor-repeater-item-d281695 wpr-pricing-table-item wpr-pricing-table-feature wpr-pricing-table-item-last\">\n\t\t\t\t<div class=\"wpr-pricing-table-feature-inner\">\n\t\t\t\t\t\t\t\t\t\t\t<i class=\"wpr-pricing-table-feature-icon fas fa-check\"><\/i>\n\t\t\t\t\t\t\t\t\t\t\n\t\t\t\t\t<span class=\"wpr-pricing-table-feature-text wpr-pricing-table-ftext-line-\">\n\t\t\t\t\t\t<span>\n\t\t\t\t\t\tMasticaci\u00f3n, degluci\u00f3n, succi\u00f3n, respiraci\u00f3n y soplo\t\t\t\t\t\t<\/span>\n\t\t\t\t\t<\/span>\n\n\t\t\t\t\t\t\t\t\t\t\t\t\n\t\t\t\t<\/div>\n\t\t\t<\/section>\n\n\t\t\t\t<\/div>\n\n\t\t\t<\/div>\n\t\t\t\t<\/div>\n\t\t\t\t<\/div>\n\t\t<div class=\"elementor-element elementor-element-45b039f e-con-full e-flex wpr-particle-no wpr-jarallax-no wpr-parallax-no wpr-sticky-section-no e-con e-child\" data-id=\"45b039f\" data-element_type=\"container\">\n\t\t\t\t<div class=\"elementor-element elementor-element-100b2a3 wpr-pricing-table-animation-none wpr-pricing-table-heading-center elementor-widget elementor-widget-wpr-pricing-table\" data-id=\"100b2a3\" data-element_type=\"widget\" data-widget_type=\"wpr-pricing-table.default\">\n\t\t\t\t<div class=\"elementor-widget-container\">\n\t\t\t\n\t<div class=\"wpr-pricing-table\">\n\t\t\n\t\t\t<div class=\"elementor-repeater-item-b2f4314 wpr-pricing-table-item wpr-pricing-table-heading wpr-pricing-table-item-first\">\t\t\n\t\t\t\n\t\t\t\n\t\t\t\t<div class=\"wpr-pricing-table-headding-inner\">\n\t\t\t\n\t\t\t\t\t\t\t\t\t\t\t<div class=\"wpr-pricing-table-icon\">\n\t\t\t\t\t\t\t<i class=\"fab fa-searchengin\"><\/i>\n\t\t\t\t\t\t<\/div>\n\t\t\t\t\t\n\t\t\t\t\t\t\t\t\t\t\t<div class=\"wpr-pricing-table-title-wrap\">\n\t\t\t\t\t\t\t\t\n\t\t\t\t\t\t\t\t<h3 class=\"wpr-pricing-table-title\">Consultas o derivaciones<\/h3>\n\t\t\t\t\t\t\t\n\t\t\t\t\t\t\t\t\n\t\t\t\t\t\t\t\t<span class=\"wpr-pricing-table-sub-title\">Realizar consultas o derivaciones a profesionales diversos en el \u00e1mbito de la salud.<\/span>\n\t\t\t\t\t\t\t\t\t\t\t\t\t<\/div>\n\t\t\t\t\t\t\t\t\t<\/div>\t\t\n\t\t\n\t\t\t\n\t\t\t<\/div>\n\t\t\t\n\t\t\t<section class=\"elementor-repeater-item-46f2e4a wpr-pricing-table-item wpr-pricing-table-feature\">\n\t\t\t\t<div class=\"wpr-pricing-table-feature-inner\">\n\t\t\t\t\t\t\t\t\t\t\n\t\t\t\t\t<span class=\"wpr-pricing-table-feature-text wpr-pricing-table-ftext-line-\">\n\t\t\t\t\t\t<span>\n\t\t\t\t\t\tRealizar intervenciones y tratamientos, siendo los casos m\u00e1s habituales en la infancia el trabajo para mejorar la tartamudez, la dislexia, disgraf\u00eda y disortograf\u00eda y los trastornos de los sonidos del habla.\t\t\t\t\t\t<\/span>\n\t\t\t\t\t<\/span>\n\n\t\t\t\t\t\t\t\t\t\t\t\t\n\t\t\t\t<\/div>\n\t\t\t<\/section>\n\n\t\t\t\n\t\t\t<section class=\"elementor-repeater-item-d281695 wpr-pricing-table-item wpr-pricing-table-feature wpr-pricing-table-item-last\">\n\t\t\t\t<div class=\"wpr-pricing-table-feature-inner\">\n\t\t\t\t\t\t\t\t\t\t\n\t\t\t\t\t<span class=\"wpr-pricing-table-feature-text wpr-pricing-table-ftext-line-\">\n\t\t\t\t\t\t<span>\n\t\t\t\t\t\tTrabajar con ni\u00f1os\/as que presentan trastornos del neurodesarrollo, como trastorno del espectro autista (TEA), trastorno por d\u00e9ficit de atenci\u00f3n con o sin hiperactividad (TDAH) o trastornos del desarrollo intelectual.\t\t\t\t\t\t<\/span>\n\t\t\t\t\t<\/span>\n\n\t\t\t\t\t\t\t\t\t\t\t\t\n\t\t\t\t<\/div>\n\t\t\t<\/section>\n\n\t\t\t\t<\/div>\n\n\t\t\t<\/div>\n\t\t\t\t<\/div>\n\t\t\t\t<\/div>\n\t\t\t\t\t<\/div>\n\t\t\t\t<\/div>\n\t\t<div class=\"elementor-element elementor-element-8a228b4 e-flex e-con-boxed wpr-particle-no wpr-jarallax-no wpr-parallax-no wpr-sticky-section-no e-con e-parent\" data-id=\"8a228b4\" data-element_type=\"container\">\n\t\t\t\t\t<div class=\"e-con-inner\">\n\t\t\t\t<div class=\"elementor-element elementor-element-fabe724 elementor-widget elementor-widget-spacer\" data-id=\"fabe724\" data-element_type=\"widget\" data-widget_type=\"spacer.default\">\n\t\t\t\t<div class=\"elementor-widget-container\">\n\t\t\t\t\t<div class=\"elementor-spacer\">\n\t\t\t<div class=\"elementor-spacer-inner\"><\/div>\n\t\t<\/div>\n\t\t\t\t<\/div>\n\t\t\t\t<\/div>\n\t\t\t\t\t<\/div>\n\t\t\t\t<\/div>\n\t\t\t\t<\/div>\n\t\t","protected":false},"excerpt":{"rendered":"<p>Servicios Logopedia Se conoce como logopeda infantil al profesional de la salud dedicado a tratar las alteraciones de la comunicaci\u00f3n que pueden darse en la voz, el lenguaje, el habla o la audici\u00f3n de ni\u00f1os, ni\u00f1as y adolescentes, as\u00ed como en los trastornos de la degluci\u00f3n y otras funciones como la masticaci\u00f3n o la respiraci\u00f3n. Contacto Ll\u00e1manos +34 960 80 35 77 Evaluar, diagnosticar, tratar o prevenir Evaluar, diagnosticar, tratar o prevenir trastornos de la comunicaci\u00f3n, pudiendo estar relacionados con: La comunicaci\u00f3n El lenguaje oral El lenguaje escrito El habla La voz La audici\u00f3n Masticaci\u00f3n, degluci\u00f3n, succi\u00f3n, respiraci\u00f3n y soplo Consultas o derivaciones Realizar consultas o derivaciones a profesionales diversos en el \u00e1mbito de la salud. Realizar intervenciones y tratamientos, siendo los casos m\u00e1s habituales en la infancia el trabajo para mejorar la tartamudez, la dislexia, disgraf\u00eda y disortograf\u00eda y los trastornos de los sonidos del habla. Trabajar con ni\u00f1os\/as que presentan trastornos del neurodesarrollo, como trastorno del espectro autista (TEA), trastorno por d\u00e9ficit de atenci\u00f3n con o sin hiperactividad (TDAH) o trastornos del desarrollo intelectual.<\/p>\n","protected":false},"author":1,"featured_media":0,"parent":1183,"menu_order":0,"comment_status":"closed","ping_status":"closed","template":"elementor_header_footer","meta":{"footnotes":""},"class_list":["post-2569","page","type-page","status-publish","hentry"],"_links":{"self":[{"href":"https:\/\/borradorproyectos.es\/meraki\/wp-json\/wp\/v2\/pages\/2569","targetHints":{"allow":["GET"]}}],"collection":[{"href":"https:\/\/borradorproyectos.es\/meraki\/wp-json\/wp\/v2\/pages"}],"about":[{"href":"https:\/\/borradorproyectos.es\/meraki\/wp-json\/wp\/v2\/types\/page"}],"author":[{"embeddable":true,"href":"https:\/\/borradorproyectos.es\/meraki\/wp-json\/wp\/v2\/users\/1"}],"replies":[{"embeddable":true,"href":"https:\/\/borradorproyectos.es\/meraki\/wp-json\/wp\/v2\/comments?post=2569"}],"version-history":[{"count":28,"href":"https:\/\/borradorproyectos.es\/meraki\/wp-json\/wp\/v2\/pages\/2569\/revisions"}],"predecessor-version":[{"id":2853,"href":"https:\/\/borradorproyectos.es\/meraki\/wp-json\/wp\/v2\/pages\/2569\/revisions\/2853"}],"up":[{"embeddable":true,"href":"https:\/\/borradorproyectos.es\/meraki\/wp-json\/wp\/v2\/pages\/1183"}],"wp:attachment":[{"href":"https:\/\/borradorproyectos.es\/meraki\/wp-json\/wp\/v2\/media?parent=2569"}],"curies":[{"name":"wp","href":"https:\/\/api.w.org\/{rel}","templated":true}]}}