{"id":1263,"date":"2024-05-19T15:40:21","date_gmt":"2024-05-19T15:40:21","guid":{"rendered":"https:\/\/gramentheme.com\/wp\/kidsa\/?page_id=1263"},"modified":"2024-11-12T10:21:20","modified_gmt":"2024-11-12T09:21:20","slug":"equipo","status":"publish","type":"page","link":"https:\/\/borradorproyectos.es\/meraki\/equipo\/","title":{"rendered":"Equipo"},"content":{"rendered":"\t\t<div data-elementor-type=\"wp-page\" data-elementor-id=\"1263\" class=\"elementor elementor-1263\">\n\t\t\t\t<div class=\"elementor-element elementor-element-29ec146 e-flex e-con-boxed wpr-particle-no wpr-jarallax-no wpr-parallax-no wpr-sticky-section-no e-con e-parent\" data-id=\"29ec146\" data-element_type=\"container\" data-settings=\"{&quot;background_background&quot;:&quot;classic&quot;}\">\n\t\t\t\t\t<div class=\"e-con-inner\">\n\t\t\t\t<div class=\"elementor-element elementor-element-f9f2f4d elementor-widget elementor-widget-heading\" data-id=\"f9f2f4d\" data-element_type=\"widget\" data-widget_type=\"heading.default\">\n\t\t\t\t<div class=\"elementor-widget-container\">\n\t\t\t<h2 class=\"elementor-heading-title elementor-size-default\">Conoce a nuestro equipo<\/h2>\t\t<\/div>\n\t\t\t\t<\/div>\n\t\t\t\t<div class=\"elementor-element elementor-element-68839bd elementor-widget elementor-widget-text-editor\" data-id=\"68839bd\" data-element_type=\"widget\" data-widget_type=\"text-editor.default\">\n\t\t\t\t<div class=\"elementor-widget-container\">\n\t\t\t\t\t\t\t<p>El equipo de Meraki est\u00e1 formado por logopedas, terapeutas y especialistas con una dilatada carrera profesional<\/p>\t\t\t\t\t\t<\/div>\n\t\t\t\t<\/div>\n\t\t\t\t<div class=\"elementor-element elementor-element-0811e6a elementor-widget elementor-widget-team-post\" data-id=\"0811e6a\" data-element_type=\"widget\" data-widget_type=\"team-post.default\">\n\t\t\t\t<div class=\"elementor-widget-container\">\n\t\t\t\n\n\n\n\n\t <script>\n jQuery(document).ready(function($)\n {\n\n\/\/ js code start\n\nconst teamSlider = new Swiper(\".team-slider\", {\n    spaceBetween: 30,\n    speed: 1300,\n    loop: true,\n    autoplay: {\n        delay: 2000,\n        disableOnInteraction: false,\n    },\n    navigation: {\n        nextEl: \".array-prev\",\n        prevEl: \".array-next\",\n    },\n    pagination: {\n        el: \".dot\",\n        clickable: true,\n    },\n    breakpoints: {\n        1299: {\n            slidesPerView: 4,\n        },\n        1199: {\n            slidesPerView: 3,\n        },\n        767: {\n            slidesPerView: 2,\n        },\n        575: {\n            slidesPerView: 2,\n        },\n        0: {\n            slidesPerView: 1,\n        },\n    },\n});\n\n\nconst teamSlider2 = new Swiper(\".team-slider-2\", {\n    spaceBetween: 30,\n    speed: 1500,\n    loop: true,\n    autoplay: {\n        delay: 2000,\n        disableOnInteraction: false,\n    },\n    navigation: {\n        nextEl: \".array-prev\",\n        prevEl: \".array-next\",\n    },\n    breakpoints: {\n        1199: {\n            slidesPerView: 3,\n        },\n        767: {\n            slidesPerView: 2,\n        },\n        575: {\n            slidesPerView: 1,\n        },\n        0: {\n            slidesPerView: 1,\n        },\n    },\n});\n\n\/\/js code end\n\n  });\n<\/script>\n\n\n    <div class=\"swiper team-slider-2\">\n        <div class=\"swiper-wrapper\">\n                    <div class=\"swiper-slide\">\n                <div class=\"team-box-items\">\n                    <div class=\"bg-shape-1\">\n                                                                            <img decoding=\"async\" src=\"https:\/\/borradorproyectos.es\/meraki\/wp-content\/uploads\/2024\/05\/shape-1-2.png\" alt=\"shape-img\">\n                                            <\/div>\n                    <div class=\"team-image\">\n                        <img decoding=\"async\" src=\"https:\/\/borradorproyectos.es\/meraki\/wp-content\/uploads\/2024\/11\/RO-450x460.jpg\" alt=\"\">\n                    <\/div>\n                    <div class=\"team-content\">\n                        <h3>\n                            <a href=\"https:\/\/borradorproyectos.es\/meraki\/all-team\/rocio-gigorro-palacios\/\">Roc\u00edo Gigorro Palacios<\/a>\n                        <\/h3>\n                        <p>Gerente y fundadora de Meraki<\/p>\n                        <div class=\"social-icon d-flex align-items-center\">\n                                                    <\/div>\n                    <\/div>\n                <\/div>\n            <\/div>\n                        <div class=\"swiper-slide\">\n                <div class=\"team-box-items\">\n                    <div class=\"bg-shape-1\">\n                                                                            <img decoding=\"async\" src=\"https:\/\/borradorproyectos.es\/meraki\/wp-content\/uploads\/2024\/05\/bus-1.png\" alt=\"shape-img\">\n                                            <\/div>\n                    <div class=\"team-image\">\n                        <img decoding=\"async\" src=\"https:\/\/borradorproyectos.es\/meraki\/wp-content\/uploads\/2024\/11\/SARA-450x460.jpg\" alt=\"\">\n                    <\/div>\n                    <div class=\"team-content\">\n                        <h3>\n                            <a href=\"https:\/\/borradorproyectos.es\/meraki\/all-team\/sara-trillo-hernandez\/\">Sara Trillo Hern\u00e1ndez<\/a>\n                        <\/h3>\n                        <p>Coordinadora en Meraki y Diplomada en Terapia Ocupacional<\/p>\n                        <div class=\"social-icon d-flex align-items-center\">\n                                                    <\/div>\n                    <\/div>\n                <\/div>\n            <\/div>\n                        <div class=\"swiper-slide\">\n                <div class=\"team-box-items\">\n                    <div class=\"bg-shape-1\">\n                                                                            <img decoding=\"async\" src=\"https:\/\/borradorproyectos.es\/meraki\/wp-content\/uploads\/2024\/05\/mask.png\" alt=\"shape-img\">\n                                            <\/div>\n                    <div class=\"team-image\">\n                        <img decoding=\"async\" src=\"https:\/\/borradorproyectos.es\/meraki\/wp-content\/uploads\/2024\/11\/MARIA-450x460.jpg\" alt=\"\">\n                    <\/div>\n                    <div class=\"team-content\">\n                        <h3>\n                            <a href=\"https:\/\/borradorproyectos.es\/meraki\/all-team\/maria-lopez-esteve\/\">Mar\u00eda L\u00f3pez Esteve<\/a>\n                        <\/h3>\n                        <p>Logopeda<\/p>\n                        <div class=\"social-icon d-flex align-items-center\">\n                                                    <\/div>\n                    <\/div>\n                <\/div>\n            <\/div>\n                        <div class=\"swiper-slide\">\n                <div class=\"team-box-items\">\n                    <div class=\"bg-shape-1\">\n                                                                            <img decoding=\"async\" src=\"https:\/\/borradorproyectos.es\/meraki\/wp-content\/uploads\/2024\/05\/mask-2.png\" alt=\"shape-img\">\n                                            <\/div>\n                    <div class=\"team-image\">\n                        <img decoding=\"async\" src=\"https:\/\/borradorproyectos.es\/meraki\/wp-content\/uploads\/2024\/11\/NATALIA-450x460.jpg\" alt=\"\">\n                    <\/div>\n                    <div class=\"team-content\">\n                        <h3>\n                            <a href=\"https:\/\/borradorproyectos.es\/meraki\/all-team\/natalia-jimenez-garrido\/\">Natalia Jim\u00e9nez Garrido<\/a>\n                        <\/h3>\n                        <p>Graduada en Terapia Ocupacional<\/p>\n                        <div class=\"social-icon d-flex align-items-center\">\n                                                    <\/div>\n                    <\/div>\n                <\/div>\n            <\/div>\n                        <div class=\"swiper-slide\">\n                <div class=\"team-box-items\">\n                    <div class=\"bg-shape-1\">\n                                                                            <img decoding=\"async\" src=\"https:\/\/borradorproyectos.es\/meraki\/wp-content\/uploads\/2024\/05\/mask.png\" alt=\"shape-img\">\n                                            <\/div>\n                    <div class=\"team-image\">\n                        <img decoding=\"async\" src=\"https:\/\/borradorproyectos.es\/meraki\/wp-content\/uploads\/2024\/11\/LLANOS-450x460.jpg\" alt=\"\">\n                    <\/div>\n                    <div class=\"team-content\">\n                        <h3>\n                            <a href=\"https:\/\/borradorproyectos.es\/meraki\/all-team\/maria-llanos-robles-ibanez\/\">Maria Llanos Robles Iba\u00f1ez<\/a>\n                        <\/h3>\n                        <p>Logopeda<\/p>\n                        <div class=\"social-icon d-flex align-items-center\">\n                                                    <\/div>\n                    <\/div>\n                <\/div>\n            <\/div>\n                        <div class=\"swiper-slide\">\n                <div class=\"team-box-items\">\n                    <div class=\"bg-shape-1\">\n                                                                            <img decoding=\"async\" src=\"https:\/\/borradorproyectos.es\/meraki\/wp-content\/uploads\/2024\/05\/love.png\" alt=\"shape-img\">\n                                            <\/div>\n                    <div class=\"team-image\">\n                        <img decoding=\"async\" src=\"https:\/\/borradorproyectos.es\/meraki\/wp-content\/uploads\/2024\/11\/CARMEN-450x460.jpg\" alt=\"\">\n                    <\/div>\n                    <div class=\"team-content\">\n                        <h3>\n                            <a href=\"https:\/\/borradorproyectos.es\/meraki\/all-team\/carmen-tabuyo-cerqueiro\/\">Carmen Tabuyo Cerqueiro<\/a>\n                        <\/h3>\n                        <p>Graduada en Terapia Ocupacional<\/p>\n                        <div class=\"social-icon d-flex align-items-center\">\n                                                    <\/div>\n                    <\/div>\n                <\/div>\n            <\/div>\n                        <div class=\"swiper-slide\">\n                <div class=\"team-box-items\">\n                    <div class=\"bg-shape-1\">\n                                                                            <img decoding=\"async\" src=\"https:\/\/borradorproyectos.es\/meraki\/wp-content\/uploads\/2024\/05\/shape-2.png\" alt=\"shape-img\">\n                                            <\/div>\n                    <div class=\"team-image\">\n                        <img decoding=\"async\" src=\"https:\/\/borradorproyectos.es\/meraki\/wp-content\/uploads\/2024\/11\/MARTA-450x460.jpg\" alt=\"\">\n                    <\/div>\n                    <div class=\"team-content\">\n                        <h3>\n                            <a href=\"https:\/\/borradorproyectos.es\/meraki\/all-team\/marta-garcia-guitarte\/\">Marta Garc\u00eda Guitarte<\/a>\n                        <\/h3>\n                        <p>Psic\u00f3loga<\/p>\n                        <div class=\"social-icon d-flex align-items-center\">\n                                                    <\/div>\n                    <\/div>\n                <\/div>\n            <\/div>\n                        <div class=\"swiper-slide\">\n                <div class=\"team-box-items\">\n                    <div class=\"bg-shape-1\">\n                                                                            <img decoding=\"async\" src=\"https:\/\/borradorproyectos.es\/meraki\/wp-content\/uploads\/2024\/05\/shape-2-1.png\" alt=\"shape-img\">\n                                            <\/div>\n                    <div class=\"team-image\">\n                        <img decoding=\"async\" src=\"https:\/\/borradorproyectos.es\/meraki\/wp-content\/uploads\/2024\/11\/Captura-de-pantalla-2024-11-14-a-las-12.53.39-450x460.png\" alt=\"\">\n                    <\/div>\n                    <div class=\"team-content\">\n                        <h3>\n                            <a href=\"https:\/\/borradorproyectos.es\/meraki\/all-team\/paula-lopez-perez\/\">Paula L\u00f3pez Perez<\/a>\n                        <\/h3>\n                        <p>Graduada en Terapia Ocupacional<\/p>\n                        <div class=\"social-icon d-flex align-items-center\">\n                                                    <\/div>\n                    <\/div>\n                <\/div>\n            <\/div>\n             \n        <\/div>\n    <\/div>\n\n    \t\n\n\n        \t\t<\/div>\n\t\t\t\t<\/div>\n\t\t\t\t\t<\/div>\n\t\t\t\t<\/div>\n\t\t\t\t<\/div>\n\t\t","protected":false},"excerpt":{"rendered":"<p>Conoce a nuestro equipo El equipo de Meraki est\u00e1 formado por logopedas, terapeutas y especialistas con una dilatada carrera profesional Roc\u00edo Gigorro Palacios Directora de Meraki, Atenci\u00f3n y Desarrollo Infantil Sara Trillo Hern\u00e1ndez Coordinadora en Meraki, Atenci\u00f3n y Desarrollo Infantil Ver\u00f3nica Artieda Botaya Terapeuta Mar\u00eda L\u00f3pez Esteve Logopeda Natalia Jim\u00e9nez Garrido Andrea Mora S\u00e1nchez Carmen<\/p>\n","protected":false},"author":1,"featured_media":0,"parent":0,"menu_order":0,"comment_status":"closed","ping_status":"closed","template":"elementor_header_footer","meta":{"footnotes":""},"class_list":["post-1263","page","type-page","status-publish","hentry"],"_links":{"self":[{"href":"https:\/\/borradorproyectos.es\/meraki\/wp-json\/wp\/v2\/pages\/1263","targetHints":{"allow":["GET"]}}],"collection":[{"href":"https:\/\/borradorproyectos.es\/meraki\/wp-json\/wp\/v2\/pages"}],"about":[{"href":"https:\/\/borradorproyectos.es\/meraki\/wp-json\/wp\/v2\/types\/page"}],"author":[{"embeddable":true,"href":"https:\/\/borradorproyectos.es\/meraki\/wp-json\/wp\/v2\/users\/1"}],"replies":[{"embeddable":true,"href":"https:\/\/borradorproyectos.es\/meraki\/wp-json\/wp\/v2\/comments?post=1263"}],"version-history":[{"count":7,"href":"https:\/\/borradorproyectos.es\/meraki\/wp-json\/wp\/v2\/pages\/1263\/revisions"}],"predecessor-version":[{"id":2494,"href":"https:\/\/borradorproyectos.es\/meraki\/wp-json\/wp\/v2\/pages\/1263\/revisions\/2494"}],"wp:attachment":[{"href":"https:\/\/borradorproyectos.es\/meraki\/wp-json\/wp\/v2\/media?parent=1263"}],"curies":[{"name":"wp","href":"https:\/\/api.w.org\/{rel}","templated":true}]}}