{"id":1207,"date":"2024-05-19T06:11:25","date_gmt":"2024-05-19T06:11:25","guid":{"rendered":"https:\/\/gramentheme.com\/wp\/kidsa\/?page_id=1207"},"modified":"2024-11-13T12:47:09","modified_gmt":"2024-11-13T11:47:09","slug":"noticias","status":"publish","type":"page","link":"https:\/\/borradorproyectos.es\/meraki\/noticias\/","title":{"rendered":"Noticias"},"content":{"rendered":"\t\t<div data-elementor-type=\"wp-page\" data-elementor-id=\"1207\" class=\"elementor elementor-1207\">\n\t\t\t\t<div class=\"elementor-element elementor-element-f172d19 e-flex e-con-boxed wpr-particle-no wpr-jarallax-no wpr-parallax-no wpr-sticky-section-no e-con e-parent\" data-id=\"f172d19\" data-element_type=\"container\">\n\t\t\t\t\t<div class=\"e-con-inner\">\n\t\t\t\t<div class=\"elementor-element elementor-element-29a6ad8 wpr-grid-columns-1 wpr-item-styles-wrapper wpr-grid-columns--tablet2 wpr-grid-columns--mobile1 wpr-grid-pagination-center elementor-widget elementor-widget-wpr-grid\" data-id=\"29a6ad8\" data-element_type=\"widget\" data-widget_type=\"wpr-grid.default\">\n\t\t\t\t<div class=\"elementor-widget-container\">\n\t\t\t<ul class=\"wpr-grid-filters elementor-clearfix wpr-grid-filters-sep-right\"><li class=\" wpr-pointer-none wpr-pointer-line-fx wpr-pointer-fx-none\"><span data-filter=\"*\" class=\"wpr-active-filter \">All Posts<\/span><em class=\"wpr-grid-filters-sep\"><\/em><\/li><li class=\" wpr-pointer-none wpr-pointer-line-fx wpr-pointer-fx-none\"><span  data-filter=\".category-talleres\">talleres<\/span><em class=\"wpr-grid-filters-sep\"><\/em><\/li><\/ul><section class=\"wpr-grid elementor-clearfix\" data-settings=\"{&quot;layout&quot;:&quot;list&quot;,&quot;stick_last_element_to_bottom&quot;:&quot;no&quot;,&quot;columns_desktop&quot;:&quot;1&quot;,&quot;gutter_hr&quot;:15,&quot;gutter_hr_mobile&quot;:15,&quot;gutter_hr_mobile_extra&quot;:15,&quot;gutter_hr_tablet&quot;:15,&quot;gutter_hr_tablet_extra&quot;:15,&quot;gutter_hr_laptop&quot;:15,&quot;gutter_hr_widescreen&quot;:15,&quot;gutter_vr&quot;:90,&quot;gutter_vr_mobile&quot;:90,&quot;gutter_vr_mobile_extra&quot;:90,&quot;gutter_vr_tablet&quot;:90,&quot;gutter_vr_tablet_extra&quot;:90,&quot;gutter_vr_laptop&quot;:90,&quot;gutter_vr_widescreen&quot;:90,&quot;animation&quot;:&quot;default&quot;,&quot;animation_duration&quot;:0.299999999999999988897769753748434595763683319091796875,&quot;animation_delay&quot;:0.1000000000000000055511151231257827021181583404541015625,&quot;deeplinking&quot;:&quot;&quot;,&quot;filters_linkable&quot;:&quot;no&quot;,&quot;filters_default_filter&quot;:&quot;&quot;,&quot;filters_count&quot;:&quot;&quot;,&quot;filters_hide_empty&quot;:&quot;no&quot;,&quot;filters_animation&quot;:&quot;default&quot;,&quot;filters_animation_duration&quot;:0.299999999999999988897769753748434595763683319091796875,&quot;filters_animation_delay&quot;:0.1000000000000000055511151231257827021181583404541015625,&quot;pagination_type&quot;:&quot;load-more&quot;,&quot;pagination_max_pages&quot;:1,&quot;media_align&quot;:&quot;left&quot;,&quot;media_width&quot;:30,&quot;media_distance&quot;:20,&quot;lightbox&quot;:{&quot;selector&quot;:&quot;.wpr-grid-image-wrap&quot;,&quot;iframeMaxWidth&quot;:&quot;60%&quot;,&quot;hash&quot;:false,&quot;autoplay&quot;:&quot;true&quot;,&quot;pause&quot;:5000,&quot;progressBar&quot;:&quot;true&quot;,&quot;counter&quot;:&quot;true&quot;,&quot;controls&quot;:&quot;true&quot;,&quot;getCaptionFromTitleOrAlt&quot;:&quot;true&quot;,&quot;thumbnail&quot;:&quot;&quot;,&quot;showThumbByDefault&quot;:&quot;&quot;,&quot;share&quot;:&quot;&quot;,&quot;zoom&quot;:&quot;true&quot;,&quot;fullScreen&quot;:&quot;true&quot;,&quot;download&quot;:&quot;true&quot;}}\"><article class=\"wpr-grid-item elementor-clearfix post-926 post type-post status-publish format-standard has-post-thumbnail hentry category-talleres tag-montessori tag-taller\"><div class=\"wpr-grid-item-inner\"><div class=\"wpr-grid-media-wrap wpr-effect-size-medium \" data-overlay-link=\"yes\"><div class=\"wpr-grid-image-wrap\" data-src=\"https:\/\/borradorproyectos.es\/meraki\/wp-content\/uploads\/2019\/11\/montessori-en-casa.png\" data-img-on-hover=\"\"  data-src-secondary=\"\"><img decoding=\"async\" data-no-lazy=\"1\" src=\"https:\/\/borradorproyectos.es\/meraki\/wp-content\/uploads\/2019\/11\/montessori-en-casa.png\" alt=\"Montessori en casa\" class=\"wpr-anim-timing-ease-default\"><\/div><div class=\"wpr-grid-media-hover wpr-animation-wrap\"><div class=\"wpr-grid-media-hover-bg  wpr-overlay-fade-in wpr-anim-size-large wpr-anim-timing-ease-default wpr-anim-transparency\" data-url=\"https:\/\/borradorproyectos.es\/meraki\/montessori-en-casa\/\"><\/div><\/div><\/div><div class=\"wpr-grid-item-below-content elementor-clearfix\"><h2 class=\"wpr-grid-item-title elementor-repeater-item-f01e32d wpr-grid-item-display-block wpr-grid-item-align-left wpr-pointer-none wpr-pointer-line-fx wpr-pointer-fx-fade\"><div class=\"inner-block\"><a target=\"_self\"  href=\"https:\/\/borradorproyectos.es\/meraki\/montessori-en-casa\/\">Montessori en casa<\/a><\/div><\/h2><div class=\"wpr-grid-item-excerpt elementor-repeater-item-d86b3cc wpr-grid-item-display-block wpr-grid-item-align-left\"><div class=\"inner-block\"><p>El nuevo curso de Montessori en casa lo impartir\u00e1\u00a0Marta Prada, de\u00a0Pequefelicidad, se define como mam\u00e1, hija y so\u00f1adora inquieta. Cuando la maternidad lleg\u00f3 a su vida, tambi\u00e9n lo hizo el\u00a0m\u00e9todo Montessori, esto le llev\u00f3 a&hellip;<\/p><\/div><\/div><div class=\"wpr-grid-item-read-more elementor-repeater-item-96d036e wpr-grid-item-display-block wpr-grid-item-align-left\"><div class=\"inner-block\"><a target=\"_self\" href=\"https:\/\/borradorproyectos.es\/meraki\/montessori-en-casa\/\" class=\"wpr-button-effect wpr-button-none\"><span>Seguir leyendo<\/span><\/a><\/div><\/div><\/div><\/div><\/article><article class=\"wpr-grid-item elementor-clearfix post-925 post type-post status-publish format-standard has-post-thumbnail hentry category-talleres\"><div class=\"wpr-grid-item-inner\"><div class=\"wpr-grid-media-wrap wpr-effect-size-medium \" data-overlay-link=\"yes\"><div class=\"wpr-grid-image-wrap\" data-src=\"https:\/\/borradorproyectos.es\/meraki\/wp-content\/uploads\/2019\/11\/judith_abelenda.png\" data-img-on-hover=\"\"  data-src-secondary=\"\"><img decoding=\"async\" data-no-lazy=\"1\" src=\"https:\/\/borradorproyectos.es\/meraki\/wp-content\/uploads\/2019\/11\/judith_abelenda.png\" alt=\"Integraci\u00f3n Sensorial y las Caracter\u00edsticas nucleares del Autismo\" class=\"wpr-anim-timing-ease-default\"><\/div><div class=\"wpr-grid-media-hover wpr-animation-wrap\"><div class=\"wpr-grid-media-hover-bg  wpr-overlay-fade-in wpr-anim-size-large wpr-anim-timing-ease-default wpr-anim-transparency\" data-url=\"https:\/\/borradorproyectos.es\/meraki\/integracion-sensorial-y-las-caracteristicas-nucleares-del-autismo\/\"><\/div><\/div><\/div><div class=\"wpr-grid-item-below-content elementor-clearfix\"><h2 class=\"wpr-grid-item-title elementor-repeater-item-f01e32d wpr-grid-item-display-block wpr-grid-item-align-left wpr-pointer-none wpr-pointer-line-fx wpr-pointer-fx-fade\"><div class=\"inner-block\"><a target=\"_self\"  href=\"https:\/\/borradorproyectos.es\/meraki\/integracion-sensorial-y-las-caracteristicas-nucleares-del-autismo\/\">Integraci\u00f3n Sensorial y las Caracter\u00edsticas nucleares del Autismo<\/a><\/div><\/h2><div class=\"wpr-grid-item-excerpt elementor-repeater-item-d86b3cc wpr-grid-item-display-block wpr-grid-item-align-left\"><div class=\"inner-block\"><p>Los pr\u00f3ximos\u00a0s\u00e1bado 1 y domingo 2 de febrero\u00a0la terapeuta ocupacional infantil con m\u00e1s de\u00a020 a\u00f1os de experiencia,\u00a0Judith Abelenda\u00a0que dar\u00e1 nuestro\u00a0curso\u00a0de Integraci\u00f3n Sensorial. Judith est\u00e1 especializada en Integraci\u00f3n Sensorial por la Universidad del Sur de California&hellip;<\/p><\/div><\/div><div class=\"wpr-grid-item-read-more elementor-repeater-item-96d036e wpr-grid-item-display-block wpr-grid-item-align-left\"><div class=\"inner-block\"><a target=\"_self\" href=\"https:\/\/borradorproyectos.es\/meraki\/integracion-sensorial-y-las-caracteristicas-nucleares-del-autismo\/\" class=\"wpr-button-effect wpr-button-none\"><span>Seguir leyendo<\/span><\/a><\/div><\/div><\/div><\/div><\/article><article class=\"wpr-grid-item elementor-clearfix post-624 post type-post status-publish format-standard has-post-thumbnail hentry category-talleres\"><div class=\"wpr-grid-item-inner\"><div class=\"wpr-grid-media-wrap wpr-effect-size-medium \" data-overlay-link=\"yes\"><div class=\"wpr-grid-image-wrap\" data-src=\"https:\/\/borradorproyectos.es\/meraki\/wp-content\/uploads\/2019\/08\/imagen_destacada_taller_disciplina_positiva.jpg\" data-img-on-hover=\"\"  data-src-secondary=\"\"><img decoding=\"async\" data-no-lazy=\"1\" src=\"https:\/\/borradorproyectos.es\/meraki\/wp-content\/uploads\/2019\/08\/imagen_destacada_taller_disciplina_positiva.jpg\" alt=\"Disciplina positiva en pareja | Elisa Molina\" class=\"wpr-anim-timing-ease-default\"><\/div><div class=\"wpr-grid-media-hover wpr-animation-wrap\"><div class=\"wpr-grid-media-hover-bg  wpr-overlay-fade-in wpr-anim-size-large wpr-anim-timing-ease-default wpr-anim-transparency\" data-url=\"https:\/\/borradorproyectos.es\/meraki\/disciplina-positiva-en-pareja-elisa-molina\/\"><\/div><\/div><\/div><div class=\"wpr-grid-item-below-content elementor-clearfix\"><h2 class=\"wpr-grid-item-title elementor-repeater-item-f01e32d wpr-grid-item-display-block wpr-grid-item-align-left wpr-pointer-none wpr-pointer-line-fx wpr-pointer-fx-fade\"><div class=\"inner-block\"><a target=\"_self\"  href=\"https:\/\/borradorproyectos.es\/meraki\/disciplina-positiva-en-pareja-elisa-molina\/\">Disciplina positiva en pareja | Elisa Molina<\/a><\/div><\/h2><div class=\"wpr-grid-item-excerpt elementor-repeater-item-d86b3cc wpr-grid-item-display-block wpr-grid-item-align-left\"><div class=\"inner-block\"><p>El\u00a0s\u00e1bado 30 de noviembre\u00a0tendremos a\u00a0Elisa Molina\u00a0formada en\u00a0Disciplina Positiva\u00a0y maestra de\u00a0Educaci\u00f3n Infantil. Su proyecto\u00a0Educar en Calma\u00a0naci\u00f3 hace 4 a\u00f1os, con \u00e9l quiere visibilizar que se puede educar teniendo bases de\u00a0dignidad y respeto mutuo. Este taller servir\u00e1&hellip;<\/p><\/div><\/div><div class=\"wpr-grid-item-read-more elementor-repeater-item-96d036e wpr-grid-item-display-block wpr-grid-item-align-left\"><div class=\"inner-block\"><a target=\"_self\" href=\"https:\/\/borradorproyectos.es\/meraki\/disciplina-positiva-en-pareja-elisa-molina\/\" class=\"wpr-button-effect wpr-button-none\"><span>Seguir leyendo<\/span><\/a><\/div><\/div><\/div><\/div><\/article><article class=\"wpr-grid-item elementor-clearfix post-655 post type-post status-publish format-standard has-post-thumbnail hentry category-talleres\"><div class=\"wpr-grid-item-inner\"><div class=\"wpr-grid-media-wrap wpr-effect-size-medium \" data-overlay-link=\"yes\"><div class=\"wpr-grid-image-wrap\" data-src=\"https:\/\/borradorproyectos.es\/meraki\/wp-content\/uploads\/2019\/08\/2.jpg\" data-img-on-hover=\"\"  data-src-secondary=\"\"><img decoding=\"async\" data-no-lazy=\"1\" src=\"https:\/\/borradorproyectos.es\/meraki\/wp-content\/uploads\/2019\/08\/2.jpg\" alt=\"Una alimentaci\u00f3n saludable en la infancia | Taller impartido por Juan Llorca\" class=\"wpr-anim-timing-ease-default\"><\/div><div class=\"wpr-grid-media-hover wpr-animation-wrap\"><div class=\"wpr-grid-media-hover-bg  wpr-overlay-fade-in wpr-anim-size-large wpr-anim-timing-ease-default wpr-anim-transparency\" data-url=\"https:\/\/borradorproyectos.es\/meraki\/una-alimentacion-saludable-en-la-infancia-taller-impartido-por-juan-llorca\/\"><\/div><\/div><\/div><div class=\"wpr-grid-item-below-content elementor-clearfix\"><h2 class=\"wpr-grid-item-title elementor-repeater-item-f01e32d wpr-grid-item-display-block wpr-grid-item-align-left wpr-pointer-none wpr-pointer-line-fx wpr-pointer-fx-fade\"><div class=\"inner-block\"><a target=\"_self\"  href=\"https:\/\/borradorproyectos.es\/meraki\/una-alimentacion-saludable-en-la-infancia-taller-impartido-por-juan-llorca\/\">Una alimentaci\u00f3n saludable en la infancia | Taller impartido por Juan Llorca<\/a><\/div><\/h2><div class=\"wpr-grid-item-excerpt elementor-repeater-item-d86b3cc wpr-grid-item-display-block wpr-grid-item-align-left\"><div class=\"inner-block\"><p>Empezamos el curso con energ\u00eda y buen sabor de boca, de la mano y los fogones de\u00a0Juan Llorca, chef con m\u00e1s 23 a\u00f1os de profesi\u00f3n y apasionado de la nutrici\u00f3n, la alimentaci\u00f3n saludable y la&hellip;<\/p><\/div><\/div><div class=\"wpr-grid-item-read-more elementor-repeater-item-96d036e wpr-grid-item-display-block wpr-grid-item-align-left\"><div class=\"inner-block\"><a target=\"_self\" href=\"https:\/\/borradorproyectos.es\/meraki\/una-alimentacion-saludable-en-la-infancia-taller-impartido-por-juan-llorca\/\" class=\"wpr-button-effect wpr-button-none\"><span>Seguir leyendo<\/span><\/a><\/div><\/div><\/div><\/div><\/article><article class=\"wpr-grid-item elementor-clearfix post-654 post type-post status-publish format-standard has-post-thumbnail hentry category-talleres\"><div class=\"wpr-grid-item-inner\"><div class=\"wpr-grid-media-wrap wpr-effect-size-medium \" data-overlay-link=\"yes\"><div class=\"wpr-grid-image-wrap\" data-src=\"https:\/\/borradorproyectos.es\/meraki\/wp-content\/uploads\/2019\/08\/2-1-1.jpg\" data-img-on-hover=\"\"  data-src-secondary=\"\"><img decoding=\"async\" data-no-lazy=\"1\" src=\"https:\/\/borradorproyectos.es\/meraki\/wp-content\/uploads\/2019\/08\/2-1-1.jpg\" alt=\"Los buenos tratos en el O-3 | Taller impartido por Romina Perez\" class=\"wpr-anim-timing-ease-default\"><\/div><div class=\"wpr-grid-media-hover wpr-animation-wrap\"><div class=\"wpr-grid-media-hover-bg  wpr-overlay-fade-in wpr-anim-size-large wpr-anim-timing-ease-default wpr-anim-transparency\" data-url=\"https:\/\/borradorproyectos.es\/meraki\/los-buenos-tratos-en-el-o-3-taller-impartido-por-romina-perez\/\"><\/div><\/div><\/div><div class=\"wpr-grid-item-below-content elementor-clearfix\"><h2 class=\"wpr-grid-item-title elementor-repeater-item-f01e32d wpr-grid-item-display-block wpr-grid-item-align-left wpr-pointer-none wpr-pointer-line-fx wpr-pointer-fx-fade\"><div class=\"inner-block\"><a target=\"_self\"  href=\"https:\/\/borradorproyectos.es\/meraki\/los-buenos-tratos-en-el-o-3-taller-impartido-por-romina-perez\/\">Los buenos tratos en el O-3 | Taller impartido por Romina Perez<\/a><\/div><\/h2><div class=\"wpr-grid-item-excerpt elementor-repeater-item-d86b3cc wpr-grid-item-display-block wpr-grid-item-align-left\"><div class=\"inner-block\"><p>En octubre tendremos en\u00a0Meraki\u00a0a\u00a0Romina Perez, para el taller de buenos tratos en el O-3. Romina es pedagoga especializada en acompa\u00f1amiento al desarrollo durante la primera infancia (realizando la formaci\u00f3n de Pedagoga Pikler en Budapest). En&hellip;<\/p><\/div><\/div><div class=\"wpr-grid-item-read-more elementor-repeater-item-96d036e wpr-grid-item-display-block wpr-grid-item-align-left\"><div class=\"inner-block\"><a target=\"_self\" href=\"https:\/\/borradorproyectos.es\/meraki\/los-buenos-tratos-en-el-o-3-taller-impartido-por-romina-perez\/\" class=\"wpr-button-effect wpr-button-none\"><span>Seguir leyendo<\/span><\/a><\/div><\/div><\/div><\/div><\/article><article class=\"wpr-grid-item elementor-clearfix post-924 post type-post status-publish format-standard has-post-thumbnail hentry category-talleres\"><div class=\"wpr-grid-item-inner\"><div class=\"wpr-grid-media-wrap wpr-effect-size-medium \" data-overlay-link=\"yes\"><div class=\"wpr-grid-image-wrap\" data-src=\"https:\/\/borradorproyectos.es\/meraki\/wp-content\/uploads\/2019\/08\/merakientrada.png\" data-img-on-hover=\"\"  data-src-secondary=\"\"><img decoding=\"async\" data-no-lazy=\"1\" src=\"https:\/\/borradorproyectos.es\/meraki\/wp-content\/uploads\/2019\/08\/merakientrada.png\" alt=\"Bienvenidos a Meraki, Atenci\u00f3n y Desarrollo Infantil\" class=\"wpr-anim-timing-ease-default\"><\/div><div class=\"wpr-grid-media-hover wpr-animation-wrap\"><div class=\"wpr-grid-media-hover-bg  wpr-overlay-fade-in wpr-anim-size-large wpr-anim-timing-ease-default wpr-anim-transparency\" data-url=\"https:\/\/borradorproyectos.es\/meraki\/bienvenidos-a-meraki-atencion-y-desarrollo-infantil\/\"><\/div><\/div><\/div><div class=\"wpr-grid-item-below-content elementor-clearfix\"><h2 class=\"wpr-grid-item-title elementor-repeater-item-f01e32d wpr-grid-item-display-block wpr-grid-item-align-left wpr-pointer-none wpr-pointer-line-fx wpr-pointer-fx-fade\"><div class=\"inner-block\"><a target=\"_self\"  href=\"https:\/\/borradorproyectos.es\/meraki\/bienvenidos-a-meraki-atencion-y-desarrollo-infantil\/\">Bienvenidos a Meraki, Atenci\u00f3n y Desarrollo Infantil<\/a><\/div><\/h2><div class=\"wpr-grid-item-excerpt elementor-repeater-item-d86b3cc wpr-grid-item-display-block wpr-grid-item-align-left\"><div class=\"inner-block\"><p>Os damos la bienvenida a\u00a0Meraki, Atenci\u00f3n y Desarrollo Infantil; en este blog os iremos contando todas las novedades, cursos, talleres, \u2026y cualquier cosa que os pueda servir de inter\u00e9s. Si ten\u00e9is cualquier pregunta, no dud\u00e9is&hellip;<\/p><\/div><\/div><div class=\"wpr-grid-item-read-more elementor-repeater-item-96d036e wpr-grid-item-display-block wpr-grid-item-align-left\"><div class=\"inner-block\"><a target=\"_self\" href=\"https:\/\/borradorproyectos.es\/meraki\/bienvenidos-a-meraki-atencion-y-desarrollo-infantil\/\" class=\"wpr-button-effect wpr-button-none\"><span>Seguir leyendo<\/span><\/a><\/div><\/div><\/div><\/div><\/article><\/section>\t\t<\/div>\n\t\t\t\t<\/div>\n\t\t\t\t\t<\/div>\n\t\t\t\t<\/div>\n\t\t\t\t<\/div>\n\t\t","protected":false},"excerpt":{"rendered":"<p>All Posts talleres Montessori en casa El nuevo curso de Montessori en casa lo impartir\u00e1\u00a0Marta Prada, de\u00a0Pequefelicidad, se define como mam\u00e1, hija y so\u00f1adora inquieta. Cuando la maternidad lleg\u00f3 a su vida, tambi\u00e9n lo hizo el\u00a0m\u00e9todo Montessori, esto le llev\u00f3 a&hellip; Seguir leyendo Integraci\u00f3n Sensorial y las Caracter\u00edsticas nucleares del Autismo Los pr\u00f3ximos\u00a0s\u00e1bado 1 y domingo 2 de febrero\u00a0la terapeuta ocupacional infantil con m\u00e1s de\u00a020 a\u00f1os de experiencia,\u00a0Judith Abelenda\u00a0que dar\u00e1 nuestro\u00a0curso\u00a0de Integraci\u00f3n Sensorial. Judith est\u00e1 especializada en Integraci\u00f3n Sensorial por la Universidad del Sur de California&hellip; Seguir leyendo Disciplina positiva en pareja | Elisa Molina El\u00a0s\u00e1bado 30 de noviembre\u00a0tendremos a\u00a0Elisa Molina\u00a0formada en\u00a0Disciplina Positiva\u00a0y maestra de\u00a0Educaci\u00f3n Infantil. Su proyecto\u00a0Educar en Calma\u00a0naci\u00f3 hace 4 a\u00f1os, con \u00e9l quiere visibilizar que se puede educar teniendo bases de\u00a0dignidad y respeto mutuo. Este taller servir\u00e1&hellip; Seguir leyendo Una alimentaci\u00f3n saludable en la infancia | Taller impartido por Juan Llorca Empezamos el curso con energ\u00eda y buen sabor de boca, de la mano y los fogones de\u00a0Juan Llorca, chef con m\u00e1s 23 a\u00f1os de profesi\u00f3n y apasionado de la nutrici\u00f3n, la alimentaci\u00f3n saludable y la&hellip; Seguir leyendo Los buenos tratos en el O-3 | Taller impartido por Romina Perez En octubre tendremos en\u00a0Meraki\u00a0a\u00a0Romina Perez, para el taller de buenos tratos en el O-3. Romina es pedagoga especializada en acompa\u00f1amiento al desarrollo durante la primera infancia (realizando la formaci\u00f3n de Pedagoga Pikler en Budapest). En&hellip; Seguir leyendo Bienvenidos a Meraki, Atenci\u00f3n y Desarrollo Infantil Os damos la bienvenida a\u00a0Meraki, Atenci\u00f3n y Desarrollo Infantil; en este blog os iremos contando todas las novedades, cursos, talleres, \u2026y cualquier cosa que os pueda servir de inter\u00e9s. Si ten\u00e9is cualquier pregunta, no dud\u00e9is&hellip; Seguir leyendo<\/p>\n","protected":false},"author":1,"featured_media":0,"parent":0,"menu_order":0,"comment_status":"closed","ping_status":"closed","template":"elementor_header_footer","meta":{"footnotes":""},"class_list":["post-1207","page","type-page","status-publish","hentry"],"_links":{"self":[{"href":"https:\/\/borradorproyectos.es\/meraki\/wp-json\/wp\/v2\/pages\/1207","targetHints":{"allow":["GET"]}}],"collection":[{"href":"https:\/\/borradorproyectos.es\/meraki\/wp-json\/wp\/v2\/pages"}],"about":[{"href":"https:\/\/borradorproyectos.es\/meraki\/wp-json\/wp\/v2\/types\/page"}],"author":[{"embeddable":true,"href":"https:\/\/borradorproyectos.es\/meraki\/wp-json\/wp\/v2\/users\/1"}],"replies":[{"embeddable":true,"href":"https:\/\/borradorproyectos.es\/meraki\/wp-json\/wp\/v2\/comments?post=1207"}],"version-history":[{"count":13,"href":"https:\/\/borradorproyectos.es\/meraki\/wp-json\/wp\/v2\/pages\/1207\/revisions"}],"predecessor-version":[{"id":2805,"href":"https:\/\/borradorproyectos.es\/meraki\/wp-json\/wp\/v2\/pages\/1207\/revisions\/2805"}],"wp:attachment":[{"href":"https:\/\/borradorproyectos.es\/meraki\/wp-json\/wp\/v2\/media?parent=1207"}],"curies":[{"name":"wp","href":"https:\/\/api.w.org\/{rel}","templated":true}]}}