{"id":1183,"date":"2024-05-19T05:18:25","date_gmt":"2024-05-19T05:18:25","guid":{"rendered":"https:\/\/gramentheme.com\/wp\/kidsa\/?page_id=1183"},"modified":"2024-11-12T13:11:01","modified_gmt":"2024-11-12T12:11:01","slug":"servicios","status":"publish","type":"page","link":"https:\/\/borradorproyectos.es\/meraki\/servicios\/","title":{"rendered":"Servicios"},"content":{"rendered":"\t\t<div data-elementor-type=\"wp-page\" data-elementor-id=\"1183\" class=\"elementor elementor-1183\">\n\t\t\t\t<div class=\"elementor-element elementor-element-c5a4bde e-flex e-con-boxed wpr-particle-no wpr-jarallax-no wpr-parallax-no wpr-sticky-section-no e-con e-parent\" data-id=\"c5a4bde\" data-element_type=\"container\">\n\t\t\t\t\t<div class=\"e-con-inner\">\n\t\t\t\t<div class=\"elementor-element elementor-element-7457808 elementor-widget elementor-widget-heading\" data-id=\"7457808\" data-element_type=\"widget\" data-widget_type=\"heading.default\">\n\t\t\t\t<div class=\"elementor-widget-container\">\n\t\t\t<h2 class=\"elementor-heading-title elementor-size-default\">Servicios<\/h2>\t\t<\/div>\n\t\t\t\t<\/div>\n\t\t<div class=\"elementor-element elementor-element-bf1f503 e-con-full e-flex wpr-particle-no wpr-jarallax-no wpr-parallax-no wpr-sticky-section-no e-con e-child\" data-id=\"bf1f503\" data-element_type=\"container\" data-settings=\"{&quot;background_background&quot;:&quot;classic&quot;}\">\n\t\t<div class=\"elementor-element elementor-element-969a9d7 e-con-full e-flex wpr-particle-no wpr-jarallax-no wpr-parallax-no wpr-sticky-section-no e-con e-child\" data-id=\"969a9d7\" data-element_type=\"container\" data-settings=\"{&quot;background_background&quot;:&quot;classic&quot;}\">\n\t\t<div class=\"elementor-element elementor-element-02b2085 e-con-full e-flex wpr-particle-no wpr-jarallax-no wpr-parallax-no wpr-sticky-section-no e-con e-child\" data-id=\"02b2085\" data-element_type=\"container\" data-settings=\"{&quot;background_background&quot;:&quot;classic&quot;}\">\n\t\t<div class=\"elementor-element elementor-element-625067e e-flex e-con-boxed wpr-particle-no wpr-jarallax-no wpr-parallax-no wpr-sticky-section-no e-con e-child\" data-id=\"625067e\" data-element_type=\"container\">\n\t\t\t\t\t<div class=\"e-con-inner\">\n\t\t\t\t<div class=\"elementor-element elementor-element-066d0ec elementor-view-default elementor-widget elementor-widget-icon\" data-id=\"066d0ec\" data-element_type=\"widget\" data-widget_type=\"icon.default\">\n\t\t\t\t<div class=\"elementor-widget-container\">\n\t\t\t\t\t<div class=\"elementor-icon-wrapper\">\n\t\t\t<div class=\"elementor-icon\">\n\t\t\t<i aria-hidden=\"true\" class=\" icon-icon-21\"><\/i>\t\t\t<\/div>\n\t\t<\/div>\n\t\t\t\t<\/div>\n\t\t\t\t<\/div>\n\t\t\t\t<div class=\"elementor-element elementor-element-2f229c9 elementor-widget elementor-widget-heading\" data-id=\"2f229c9\" data-element_type=\"widget\" data-widget_type=\"heading.default\">\n\t\t\t\t<div class=\"elementor-widget-container\">\n\t\t\t<h4 class=\"elementor-heading-title elementor-size-default\"><a href=\"https:\/\/borradorproyectos.es\/meraki\/servicios\/terapia-ocupacional\/\">Terapia ocupacional \/ Integraci\u00f3n sensorial<\/a><\/h4>\t\t<\/div>\n\t\t\t\t<\/div>\n\t\t\t\t<div class=\"elementor-element elementor-element-cc893d2 elementor-widget elementor-widget-text-editor\" data-id=\"cc893d2\" data-element_type=\"widget\" data-widget_type=\"text-editor.default\">\n\t\t\t\t<div class=\"elementor-widget-container\">\n\t\t\t\t\t\t\t<p>La Terapia Ocupacional se ocupa de la promoci\u00f3n de la Salud y el Bienestar a trav\u00e9s de la ocupaci\u00f3n<\/p>\t\t\t\t\t\t<\/div>\n\t\t\t\t<\/div>\n\t\t\t\t\t<\/div>\n\t\t\t\t<\/div>\n\t\t<div class=\"elementor-element elementor-element-39fbf3a e-flex e-con-boxed wpr-particle-no wpr-jarallax-no wpr-parallax-no wpr-sticky-section-no e-con e-child\" data-id=\"39fbf3a\" data-element_type=\"container\">\n\t\t\t\t\t<div class=\"e-con-inner\">\n\t\t\t\t<div class=\"elementor-element elementor-element-ff3d7c1 elementor-view-default elementor-widget elementor-widget-icon\" data-id=\"ff3d7c1\" data-element_type=\"widget\" data-widget_type=\"icon.default\">\n\t\t\t\t<div class=\"elementor-widget-container\">\n\t\t\t\t\t<div class=\"elementor-icon-wrapper\">\n\t\t\t<div class=\"elementor-icon\">\n\t\t\t<i aria-hidden=\"true\" class=\" icon-icon-5\"><\/i>\t\t\t<\/div>\n\t\t<\/div>\n\t\t\t\t<\/div>\n\t\t\t\t<\/div>\n\t\t\t\t<div class=\"elementor-element elementor-element-b423c0e elementor-widget elementor-widget-heading\" data-id=\"b423c0e\" data-element_type=\"widget\" data-widget_type=\"heading.default\">\n\t\t\t\t<div class=\"elementor-widget-container\">\n\t\t\t<h4 class=\"elementor-heading-title elementor-size-default\"><a href=\"https:\/\/borradorproyectos.es\/meraki\/servicios\/logopedia-infantil\/\">Logopedia infantil<\/a><\/h4>\t\t<\/div>\n\t\t\t\t<\/div>\n\t\t\t\t<div class=\"elementor-element elementor-element-9e0c91a elementor-widget elementor-widget-text-editor\" data-id=\"9e0c91a\" data-element_type=\"widget\" data-widget_type=\"text-editor.default\">\n\t\t\t\t<div class=\"elementor-widget-container\">\n\t\t\t\t\t\t\t<p>Tratamiento de las alteraciones de la comunicaci\u00f3n que pueden darse en la voz, el lenguaje, el habla o la audici\u00f3n de ni\u00f1os y adolescentes<\/p>\t\t\t\t\t\t<\/div>\n\t\t\t\t<\/div>\n\t\t\t\t\t<\/div>\n\t\t\t\t<\/div>\n\t\t<div class=\"elementor-element elementor-element-893cad4 e-flex e-con-boxed wpr-particle-no wpr-jarallax-no wpr-parallax-no wpr-sticky-section-no e-con e-child\" data-id=\"893cad4\" data-element_type=\"container\">\n\t\t\t\t\t<div class=\"e-con-inner\">\n\t\t\t\t<div class=\"elementor-element elementor-element-42ff16a elementor-view-default elementor-widget elementor-widget-icon\" data-id=\"42ff16a\" data-element_type=\"widget\" data-widget_type=\"icon.default\">\n\t\t\t\t<div class=\"elementor-widget-container\">\n\t\t\t\t\t<div class=\"elementor-icon-wrapper\">\n\t\t\t<div class=\"elementor-icon\">\n\t\t\t<i aria-hidden=\"true\" class=\" icon-icon-20\"><\/i>\t\t\t<\/div>\n\t\t<\/div>\n\t\t\t\t<\/div>\n\t\t\t\t<\/div>\n\t\t\t\t<div class=\"elementor-element elementor-element-5035333 elementor-widget elementor-widget-heading\" data-id=\"5035333\" data-element_type=\"widget\" data-widget_type=\"heading.default\">\n\t\t\t\t<div class=\"elementor-widget-container\">\n\t\t\t<h4 class=\"elementor-heading-title elementor-size-default\"><a href=\"https:\/\/borradorproyectos.es\/meraki\/servicios\/fisioterapia-pediatrica\/\">Fisioterapia pedi\u00e1trica<\/a><\/h4>\t\t<\/div>\n\t\t\t\t<\/div>\n\t\t\t\t<div class=\"elementor-element elementor-element-91723d0 elementor-widget elementor-widget-text-editor\" data-id=\"91723d0\" data-element_type=\"widget\" data-widget_type=\"text-editor.default\">\n\t\t\t\t<div class=\"elementor-widget-container\">\n\t\t\t\t\t\t\t<p>Asesoramiento, tratamiento y cuidado de aquellos beb\u00e9s, ni\u00f1os\/as y adolescentes que presentan un retraso general en su desarrollo, des\u00f3rdenes en el movimiento<\/p>\t\t\t\t\t\t<\/div>\n\t\t\t\t<\/div>\n\t\t\t\t\t<\/div>\n\t\t\t\t<\/div>\n\t\t<div class=\"elementor-element elementor-element-c4c0f80 e-flex e-con-boxed wpr-particle-no wpr-jarallax-no wpr-parallax-no wpr-sticky-section-no e-con e-child\" data-id=\"c4c0f80\" data-element_type=\"container\">\n\t\t\t\t\t<div class=\"e-con-inner\">\n\t\t\t\t<div class=\"elementor-element elementor-element-0b36ceb elementor-view-default elementor-widget elementor-widget-icon\" data-id=\"0b36ceb\" data-element_type=\"widget\" data-widget_type=\"icon.default\">\n\t\t\t\t<div class=\"elementor-widget-container\">\n\t\t\t\t\t<div class=\"elementor-icon-wrapper\">\n\t\t\t<div class=\"elementor-icon\">\n\t\t\t<i aria-hidden=\"true\" class=\" icon-icon-4\"><\/i>\t\t\t<\/div>\n\t\t<\/div>\n\t\t\t\t<\/div>\n\t\t\t\t<\/div>\n\t\t\t\t<div class=\"elementor-element elementor-element-8d3c6c8 elementor-widget elementor-widget-heading\" data-id=\"8d3c6c8\" data-element_type=\"widget\" data-widget_type=\"heading.default\">\n\t\t\t\t<div class=\"elementor-widget-container\">\n\t\t\t<h4 class=\"elementor-heading-title elementor-size-default\"><a href=\"https:\/\/borradorproyectos.es\/meraki\/servicios\/valoraciones\/\">Valoraciones<\/a><\/h4>\t\t<\/div>\n\t\t\t\t<\/div>\n\t\t\t\t<div class=\"elementor-element elementor-element-5cd4b7b elementor-widget elementor-widget-text-editor\" data-id=\"5cd4b7b\" data-element_type=\"widget\" data-widget_type=\"text-editor.default\">\n\t\t\t\t<div class=\"elementor-widget-container\">\n\t\t\t\t\t\t\t<p>Valoraci\u00f3n mediante entrevistas iniciales, escalas estandarizadas, reuniones con profesionales y observaci\u00f3n en contextos naturales<\/p>\t\t\t\t\t\t<\/div>\n\t\t\t\t<\/div>\n\t\t\t\t\t<\/div>\n\t\t\t\t<\/div>\n\t\t\t\t<\/div>\n\t\t\t\t<\/div>\n\t\t\t\t<\/div>\n\t\t\t\t\t<\/div>\n\t\t\t\t<\/div>\n\t\t<div class=\"elementor-element elementor-element-c90da07 e-flex e-con-boxed wpr-particle-no wpr-jarallax-no wpr-parallax-no wpr-sticky-section-no e-con e-parent\" data-id=\"c90da07\" data-element_type=\"container\">\n\t\t\t\t\t<div class=\"e-con-inner\">\n\t\t\t\t\t<\/div>\n\t\t\t\t<\/div>\n\t\t\t\t<\/div>\n\t\t","protected":false},"excerpt":{"rendered":"<p>Servicios Terapia ocupacional \/ Integraci\u00f3n sensorial La Terapia Ocupacional se ocupa de la promoci\u00f3n de la Salud y el Bienestar a trav\u00e9s de la ocupaci\u00f3n Logopedia infantil Tratamiento de las alteraciones de la comunicaci\u00f3n que pueden darse en la voz, el lenguaje, el habla o la audici\u00f3n de ni\u00f1os y adolescentes Fisioterapia pedi\u00e1trica Asesoramiento, tratamiento y cuidado de aquellos beb\u00e9s, ni\u00f1os\/as y adolescentes que presentan un retraso general en su desarrollo, des\u00f3rdenes en el movimiento Valoraciones Valoraci\u00f3n mediante entrevistas iniciales, escalas estandarizadas, reuniones con profesionales y observaci\u00f3n en contextos naturales<\/p>\n","protected":false},"author":1,"featured_media":0,"parent":0,"menu_order":0,"comment_status":"closed","ping_status":"closed","template":"elementor_header_footer","meta":{"footnotes":""},"class_list":["post-1183","page","type-page","status-publish","hentry"],"_links":{"self":[{"href":"https:\/\/borradorproyectos.es\/meraki\/wp-json\/wp\/v2\/pages\/1183","targetHints":{"allow":["GET"]}}],"collection":[{"href":"https:\/\/borradorproyectos.es\/meraki\/wp-json\/wp\/v2\/pages"}],"about":[{"href":"https:\/\/borradorproyectos.es\/meraki\/wp-json\/wp\/v2\/types\/page"}],"author":[{"embeddable":true,"href":"https:\/\/borradorproyectos.es\/meraki\/wp-json\/wp\/v2\/users\/1"}],"replies":[{"embeddable":true,"href":"https:\/\/borradorproyectos.es\/meraki\/wp-json\/wp\/v2\/comments?post=1183"}],"version-history":[{"count":61,"href":"https:\/\/borradorproyectos.es\/meraki\/wp-json\/wp\/v2\/pages\/1183\/revisions"}],"predecessor-version":[{"id":2653,"href":"https:\/\/borradorproyectos.es\/meraki\/wp-json\/wp\/v2\/pages\/1183\/revisions\/2653"}],"wp:attachment":[{"href":"https:\/\/borradorproyectos.es\/meraki\/wp-json\/wp\/v2\/media?parent=1183"}],"curies":[{"name":"wp","href":"https:\/\/api.w.org\/{rel}","templated":true}]}}