{"id":1121,"date":"2024-05-18T15:07:06","date_gmt":"2024-05-18T15:07:06","guid":{"rendered":"https:\/\/gramentheme.com\/wp\/kidsa\/?page_id=1121"},"modified":"2024-11-15T11:24:55","modified_gmt":"2024-11-15T10:24:55","slug":"conocenos","status":"publish","type":"page","link":"https:\/\/borradorproyectos.es\/meraki\/conocenos\/","title":{"rendered":"Con\u00f3cenos"},"content":{"rendered":"\t\t<div data-elementor-type=\"wp-page\" data-elementor-id=\"1121\" class=\"elementor elementor-1121\">\n\t\t\t\t<div class=\"elementor-element elementor-element-5570043 e-flex e-con-boxed wpr-particle-no wpr-jarallax-no wpr-parallax-no wpr-sticky-section-no e-con e-parent\" data-id=\"5570043\" data-element_type=\"container\" data-settings=\"{&quot;background_background&quot;:&quot;classic&quot;}\">\n\t\t\t\t\t<div class=\"e-con-inner\">\n\t\t\t\t<div class=\"elementor-element elementor-element-16e4200 elementor-absolute float-bob-x elementor-hidden-tablet elementor-hidden-mobile elementor-widget elementor-widget-image\" data-id=\"16e4200\" data-element_type=\"widget\" data-settings=\"{&quot;_position&quot;:&quot;absolute&quot;}\" data-widget_type=\"image.default\">\n\t\t\t\t<div class=\"elementor-widget-container\">\n\t\t\t\t\t\t\t\t\t\t\t\t\t<img decoding=\"async\" width=\"60\" height=\"61\" src=\"https:\/\/borradorproyectos.es\/meraki\/wp-content\/uploads\/2024\/05\/shape-2.png\" class=\"attachment-large size-large wp-image-111\" alt=\"\" \/>\t\t\t\t\t\t\t\t\t\t\t\t\t<\/div>\n\t\t\t\t<\/div>\n\t\t<div class=\"elementor-element elementor-element-22fedee e-con-full e-flex wpr-particle-no wpr-jarallax-no wpr-parallax-no wpr-sticky-section-no e-con e-child\" data-id=\"22fedee\" data-element_type=\"container\">\n\t\t\t\t<div class=\"elementor-element elementor-element-736a7e8 elementor-widget elementor-widget-image\" data-id=\"736a7e8\" data-element_type=\"widget\" data-widget_type=\"image.default\">\n\t\t\t\t<div class=\"elementor-widget-container\">\n\t\t\t\t\t\t\t\t\t\t\t\t\t<img fetchpriority=\"high\" decoding=\"async\" width=\"668\" height=\"584\" src=\"https:\/\/borradorproyectos.es\/meraki\/wp-content\/uploads\/2024\/05\/about-3.png\" class=\"attachment-large size-large wp-image-727\" alt=\"\" srcset=\"https:\/\/borradorproyectos.es\/meraki\/wp-content\/uploads\/2024\/05\/about-3.png 668w, https:\/\/borradorproyectos.es\/meraki\/wp-content\/uploads\/2024\/05\/about-3-300x262.png 300w\" sizes=\"(max-width: 668px) 100vw, 668px\" \/>\t\t\t\t\t\t\t\t\t\t\t\t\t<\/div>\n\t\t\t\t<\/div>\n\t\t\t\t<\/div>\n\t\t<div class=\"elementor-element elementor-element-25b892e e-con-full e-flex wpr-particle-no wpr-jarallax-no wpr-parallax-no wpr-sticky-section-no e-con e-child\" data-id=\"25b892e\" data-element_type=\"container\">\n\t\t\t\t<div class=\"elementor-element elementor-element-308c94c elementor-widget elementor-widget-heading\" data-id=\"308c94c\" data-element_type=\"widget\" data-widget_type=\"heading.default\">\n\t\t\t\t<div class=\"elementor-widget-container\">\n\t\t\t<span class=\"elementor-heading-title elementor-size-default\">Con\u00f3cenos<\/span>\t\t<\/div>\n\t\t\t\t<\/div>\n\t\t\t\t<div class=\"elementor-element elementor-element-92ab3b0 elementor-widget elementor-widget-heading\" data-id=\"92ab3b0\" data-element_type=\"widget\" data-widget_type=\"heading.default\">\n\t\t\t\t<div class=\"elementor-widget-container\">\n\t\t\t<h2 class=\"elementor-heading-title elementor-size-default\">Meraki es un centro de Atenci\u00f3n y Desarrollo Infantil<\/h2>\t\t<\/div>\n\t\t\t\t<\/div>\n\t\t\t\t<div class=\"elementor-element elementor-element-c9abc0d elementor-widget elementor-widget-text-editor\" data-id=\"c9abc0d\" data-element_type=\"widget\" data-widget_type=\"text-editor.default\">\n\t\t\t\t<div class=\"elementor-widget-container\">\n\t\t\t\t\t\t\t<p>Nuestro objetivo es lograr la m\u00e1xima independencia y autonom\u00eda del ni\u00f1o\/a potenciando las capacidades para conseguir una mejora en la calidad de vida en los distintos \u00e1mbitos, familiar y escolar<\/p>\t\t\t\t\t\t<\/div>\n\t\t\t\t<\/div>\n\t\t\t\t<div class=\"elementor-element elementor-element-ae3f5a7 elementor-position-left elementor-view-default elementor-mobile-position-top elementor-vertical-align-top elementor-widget elementor-widget-icon-box\" data-id=\"ae3f5a7\" data-element_type=\"widget\" data-widget_type=\"icon-box.default\">\n\t\t\t\t<div class=\"elementor-widget-container\">\n\t\t\t\t\t<div class=\"elementor-icon-box-wrapper\">\n\n\t\t\t\t\t\t<div class=\"elementor-icon-box-icon\">\n\t\t\t\t<span  class=\"elementor-icon elementor-animation-\">\n\t\t\t\t<i aria-hidden=\"true\" class=\" icon-icon-23\"><\/i>\t\t\t\t<\/span>\n\t\t\t<\/div>\n\t\t\t\n\t\t\t\t\t\t<div class=\"elementor-icon-box-content\">\n\n\t\t\t\t\t\t\t\t\t<h3 class=\"elementor-icon-box-title\">\n\t\t\t\t\t\t<span  >\n\t\t\t\t\t\t\tA qui\u00e9n va dirigido\t\t\t\t\t\t<\/span>\n\t\t\t\t\t<\/h3>\n\t\t\t\t\n\t\t\t\t\t\t\t\t\t<p class=\"elementor-icon-box-description\">\n\t\t\t\t\t\tNos centramos en el desarrollo y evoluci\u00f3n del\/la ni\u00f1o\/a con el Objetivo de conseguir una mayor independencia y autonom\u00eda en su d\u00eda a d\u00eda.\t\t\t\t\t<\/p>\n\t\t\t\t\n\t\t\t<\/div>\n\t\t\t\n\t\t<\/div>\n\t\t\t\t<\/div>\n\t\t\t\t<\/div>\n\t\t\t\t<div class=\"elementor-element elementor-element-fe9e871 elementor-position-left elementor-view-default elementor-mobile-position-top elementor-vertical-align-top elementor-widget elementor-widget-icon-box\" data-id=\"fe9e871\" data-element_type=\"widget\" data-widget_type=\"icon-box.default\">\n\t\t\t\t<div class=\"elementor-widget-container\">\n\t\t\t\t\t<div class=\"elementor-icon-box-wrapper\">\n\n\t\t\t\t\t\t<div class=\"elementor-icon-box-icon\">\n\t\t\t\t<span  class=\"elementor-icon elementor-animation-\">\n\t\t\t\t<i aria-hidden=\"true\" class=\" icon-icon-23\"><\/i>\t\t\t\t<\/span>\n\t\t\t<\/div>\n\t\t\t\n\t\t\t\t\t\t<div class=\"elementor-icon-box-content\">\n\n\t\t\t\t\t\t\t\t\t<h3 class=\"elementor-icon-box-title\">\n\t\t\t\t\t\t<span  >\n\t\t\t\t\t\t\tPromovemos la participaci\u00f3n\t\t\t\t\t\t<\/span>\n\t\t\t\t\t<\/h3>\n\t\t\t\t\n\t\t\t\t\t\t\t\t\t<p class=\"elementor-icon-box-description\">\n\t\t\t\t\t\tPromoviendo y potenciando dicha participaci\u00f3n a trav\u00e9s del juego desde las diferentes profesiones como son TERAPIA OCUPACIONAL, LOGOPEDIA, PSICOLOG\u00cdA GENERAL SANITARIA Y FISIOTERAPIA.\t\t\t\t\t<\/p>\n\t\t\t\t\n\t\t\t<\/div>\n\t\t\t\n\t\t<\/div>\n\t\t\t\t<\/div>\n\t\t\t\t<\/div>\n\t\t\t\t<div class=\"elementor-element elementor-element-e84c092 elementor-hidden-tablet elementor-hidden-mobile elementor-widget-divider--view-line elementor-widget elementor-widget-divider\" data-id=\"e84c092\" data-element_type=\"widget\" data-widget_type=\"divider.default\">\n\t\t\t\t<div class=\"elementor-widget-container\">\n\t\t\t\t\t<div class=\"elementor-divider\">\n\t\t\t<span class=\"elementor-divider-separator\">\n\t\t\t\t\t\t<\/span>\n\t\t<\/div>\n\t\t\t\t<\/div>\n\t\t\t\t<\/div>\n\t\t<div class=\"elementor-element elementor-element-534a5a9 e-flex e-con-boxed wpr-particle-no wpr-jarallax-no wpr-parallax-no wpr-sticky-section-no e-con e-child\" data-id=\"534a5a9\" data-element_type=\"container\">\n\t\t\t\t\t<div class=\"e-con-inner\">\n\t\t<div class=\"elementor-element elementor-element-3548ec4 e-con-full e-flex wpr-particle-no wpr-jarallax-no wpr-parallax-no wpr-sticky-section-no e-con e-child\" data-id=\"3548ec4\" data-element_type=\"container\">\n\t\t\t\t<div class=\"elementor-element elementor-element-d91ab66 elementor-widget elementor-widget-kidsa-call-us-widget\" data-id=\"d91ab66\" data-element_type=\"widget\" data-widget_type=\"kidsa-call-us-widget.default\">\n\t\t\t\t<div class=\"elementor-widget-container\">\n\t\t\t\r\n\r\n\t <script>\r\n jQuery(document).ready(function($) {\r\n\r\n\/\/ js code start\r\n\r\n\r\n\r\n\r\n\/\/ js code end \r\n\r\n  });\r\n<\/script>\t\r\n\t<div class=\"about-wrapper\">\r\n\t\t<div class=\"about-content\">\r\n\t\t\t<div class=\"about-author mt-0\">\r\n\t\t\t\t<div class=\"author-icon wow fadeInUp\" data-wow-delay=\".5s\">\r\n\t\t\t\t\t<div class=\"icon\">\r\n\t\t\t\t\t\t<i class=\"fa-solid fa-phone\"><\/i>\r\n\t\t\t\t\t<\/div>\r\n\t\t\t\t\t<div class=\"content\">\r\n\t\t\t\t\t\t<span>Ll\u00e1manos<\/span>\r\n\t\t\t\t\t\t<h5>\r\n\t\t\t\t\t\t\t<a href=\"tel:+34960803577\">+34 960 80 35 77<\/a>\r\n\t\t\t\t\t\t<\/h5>\r\n\t\t\t\t\t<\/div>\r\n\t\t\t\t<\/div>\r\n\t\t\t<\/div>\r\n\t\t<\/div>\r\n\t<\/div>\r\n\r\n             \r\n\t\t\t\t<\/div>\n\t\t\t\t<\/div>\n\t\t\t\t<\/div>\n\t\t\t\t\t<\/div>\n\t\t\t\t<\/div>\n\t\t\t\t<\/div>\n\t\t\t\t\t<\/div>\n\t\t\t\t<\/div>\n\t\t<div class=\"elementor-element elementor-element-5d2ea7b e-flex e-con-boxed wpr-particle-no wpr-jarallax-no wpr-parallax-no wpr-sticky-section-no e-con e-parent\" data-id=\"5d2ea7b\" data-element_type=\"container\" data-settings=\"{&quot;background_background&quot;:&quot;classic&quot;}\">\n\t\t\t\t\t<div class=\"e-con-inner\">\n\t\t\t\t<div class=\"elementor-element elementor-element-3227884 elementor-absolute rounded-anim elementor-hidden-tablet elementor-hidden-mobile elementor-widget elementor-widget-image\" data-id=\"3227884\" data-element_type=\"widget\" data-settings=\"{&quot;_position&quot;:&quot;absolute&quot;}\" data-widget_type=\"image.default\">\n\t\t\t\t<div class=\"elementor-widget-container\">\n\t\t\t\t\t\t\t\t\t\t\t\t\t<img decoding=\"async\" width=\"240\" height=\"234\" src=\"https:\/\/borradorproyectos.es\/meraki\/wp-content\/uploads\/2024\/05\/shape-1-2.png\" class=\"attachment-large size-large wp-image-284\" alt=\"\" \/>\t\t\t\t\t\t\t\t\t\t\t\t\t<\/div>\n\t\t\t\t<\/div>\n\t\t\t\t<div class=\"elementor-element elementor-element-53f7367 elementor-absolute rounded-anim elementor-hidden-tablet elementor-hidden-mobile elementor-widget elementor-widget-image\" data-id=\"53f7367\" data-element_type=\"widget\" data-settings=\"{&quot;_position&quot;:&quot;absolute&quot;}\" data-widget_type=\"image.default\">\n\t\t\t\t<div class=\"elementor-widget-container\">\n\t\t\t\t\t\t\t\t\t\t\t\t\t<img loading=\"lazy\" decoding=\"async\" width=\"197\" height=\"112\" src=\"https:\/\/borradorproyectos.es\/meraki\/wp-content\/uploads\/2024\/05\/shape-2-1.png\" class=\"attachment-large size-large wp-image-285\" alt=\"\" \/>\t\t\t\t\t\t\t\t\t\t\t\t\t<\/div>\n\t\t\t\t<\/div>\n\t\t\t\t<div class=\"elementor-element elementor-element-2061b28 elementor-widget elementor-widget-heading\" data-id=\"2061b28\" data-element_type=\"widget\" data-widget_type=\"heading.default\">\n\t\t\t\t<div class=\"elementor-widget-container\">\n\t\t\t<span class=\"elementor-heading-title elementor-size-default\">Galer\u00eda<\/span>\t\t<\/div>\n\t\t\t\t<\/div>\n\t\t\t\t<div class=\"elementor-element elementor-element-d8ff575 elementor-widget elementor-widget-heading\" data-id=\"d8ff575\" data-element_type=\"widget\" data-widget_type=\"heading.default\">\n\t\t\t\t<div class=\"elementor-widget-container\">\n\t\t\t<h2 class=\"elementor-heading-title elementor-size-default\">Nuestras instalaciones<\/h2>\t\t<\/div>\n\t\t\t\t<\/div>\n\t\t<div class=\"elementor-element elementor-element-d2ca8e5 e-con-full e-flex wpr-particle-no wpr-jarallax-no wpr-parallax-no wpr-sticky-section-no e-con e-child\" data-id=\"d2ca8e5\" data-element_type=\"container\">\n\t\t<div class=\"elementor-element elementor-element-2e00499 e-con-full e-flex wpr-particle-no wpr-jarallax-no wpr-parallax-no wpr-sticky-section-no e-con e-child\" data-id=\"2e00499\" data-element_type=\"container\">\n\t\t\t\t<div class=\"elementor-element elementor-element-abd7b4e gallery-spacing-custom elementor-widget elementor-widget-image-gallery\" data-id=\"abd7b4e\" data-element_type=\"widget\" data-widget_type=\"image-gallery.default\">\n\t\t\t\t<div class=\"elementor-widget-container\">\n\t\t\t\t\t<div class=\"elementor-image-gallery\">\n\t\t\t<div id='gallery-1' class='gallery galleryid-1121 gallery-columns-4 gallery-size-medium'><figure class='gallery-item'>\n\t\t\t<div class='gallery-icon landscape'>\n\t\t\t\t<a data-elementor-open-lightbox=\"yes\" data-elementor-lightbox-slideshow=\"abd7b4e\" data-elementor-lightbox-title=\"1 (1)\" data-e-action-hash=\"#elementor-action%3Aaction%3Dlightbox%26settings%3DeyJpZCI6MjQ1NiwidXJsIjoiaHR0cHM6XC9cL2JvcnJhZG9ycHJveWVjdG9zLmVzXC9tZXJha2lcL3dwLWNvbnRlbnRcL3VwbG9hZHNcLzIwMjRcLzExXC8xLTEuanBnIiwic2xpZGVzaG93IjoiYWJkN2I0ZSJ9\" href='https:\/\/borradorproyectos.es\/meraki\/wp-content\/uploads\/2024\/11\/1-1.jpg'><img loading=\"lazy\" decoding=\"async\" width=\"300\" height=\"169\" src=\"https:\/\/borradorproyectos.es\/meraki\/wp-content\/uploads\/2024\/11\/1-1-300x169.jpg\" class=\"attachment-medium size-medium\" alt=\"\" srcset=\"https:\/\/borradorproyectos.es\/meraki\/wp-content\/uploads\/2024\/11\/1-1-300x169.jpg 300w, https:\/\/borradorproyectos.es\/meraki\/wp-content\/uploads\/2024\/11\/1-1-768x432.jpg 768w, https:\/\/borradorproyectos.es\/meraki\/wp-content\/uploads\/2024\/11\/1-1.jpg 800w\" sizes=\"(max-width: 300px) 100vw, 300px\" \/><\/a>\n\t\t\t<\/div><\/figure><figure class='gallery-item'>\n\t\t\t<div class='gallery-icon landscape'>\n\t\t\t\t<a data-elementor-open-lightbox=\"yes\" data-elementor-lightbox-slideshow=\"abd7b4e\" data-elementor-lightbox-title=\"2\" data-e-action-hash=\"#elementor-action%3Aaction%3Dlightbox%26settings%3DeyJpZCI6MjQ1NywidXJsIjoiaHR0cHM6XC9cL2JvcnJhZG9ycHJveWVjdG9zLmVzXC9tZXJha2lcL3dwLWNvbnRlbnRcL3VwbG9hZHNcLzIwMjRcLzExXC8yLmpwZyIsInNsaWRlc2hvdyI6ImFiZDdiNGUifQ%3D%3D\" href='https:\/\/borradorproyectos.es\/meraki\/wp-content\/uploads\/2024\/11\/2.jpg'><img loading=\"lazy\" decoding=\"async\" width=\"300\" height=\"169\" src=\"https:\/\/borradorproyectos.es\/meraki\/wp-content\/uploads\/2024\/11\/2-300x169.jpg\" class=\"attachment-medium size-medium\" alt=\"\" srcset=\"https:\/\/borradorproyectos.es\/meraki\/wp-content\/uploads\/2024\/11\/2-300x169.jpg 300w, https:\/\/borradorproyectos.es\/meraki\/wp-content\/uploads\/2024\/11\/2-768x432.jpg 768w, https:\/\/borradorproyectos.es\/meraki\/wp-content\/uploads\/2024\/11\/2.jpg 800w\" sizes=\"(max-width: 300px) 100vw, 300px\" \/><\/a>\n\t\t\t<\/div><\/figure><figure class='gallery-item'>\n\t\t\t<div class='gallery-icon landscape'>\n\t\t\t\t<a data-elementor-open-lightbox=\"yes\" data-elementor-lightbox-slideshow=\"abd7b4e\" data-elementor-lightbox-title=\"3\" data-e-action-hash=\"#elementor-action%3Aaction%3Dlightbox%26settings%3DeyJpZCI6MjQ1OCwidXJsIjoiaHR0cHM6XC9cL2JvcnJhZG9ycHJveWVjdG9zLmVzXC9tZXJha2lcL3dwLWNvbnRlbnRcL3VwbG9hZHNcLzIwMjRcLzExXC8zLmpwZyIsInNsaWRlc2hvdyI6ImFiZDdiNGUifQ%3D%3D\" href='https:\/\/borradorproyectos.es\/meraki\/wp-content\/uploads\/2024\/11\/3.jpg'><img loading=\"lazy\" decoding=\"async\" width=\"300\" height=\"169\" src=\"https:\/\/borradorproyectos.es\/meraki\/wp-content\/uploads\/2024\/11\/3-300x169.jpg\" class=\"attachment-medium size-medium\" alt=\"\" srcset=\"https:\/\/borradorproyectos.es\/meraki\/wp-content\/uploads\/2024\/11\/3-300x169.jpg 300w, https:\/\/borradorproyectos.es\/meraki\/wp-content\/uploads\/2024\/11\/3-768x432.jpg 768w, https:\/\/borradorproyectos.es\/meraki\/wp-content\/uploads\/2024\/11\/3.jpg 800w\" sizes=\"(max-width: 300px) 100vw, 300px\" \/><\/a>\n\t\t\t<\/div><\/figure><figure class='gallery-item'>\n\t\t\t<div class='gallery-icon landscape'>\n\t\t\t\t<a data-elementor-open-lightbox=\"yes\" data-elementor-lightbox-slideshow=\"abd7b4e\" data-elementor-lightbox-title=\"4\" data-e-action-hash=\"#elementor-action%3Aaction%3Dlightbox%26settings%3DeyJpZCI6MjQ1OSwidXJsIjoiaHR0cHM6XC9cL2JvcnJhZG9ycHJveWVjdG9zLmVzXC9tZXJha2lcL3dwLWNvbnRlbnRcL3VwbG9hZHNcLzIwMjRcLzExXC80LmpwZyIsInNsaWRlc2hvdyI6ImFiZDdiNGUifQ%3D%3D\" href='https:\/\/borradorproyectos.es\/meraki\/wp-content\/uploads\/2024\/11\/4.jpg'><img loading=\"lazy\" decoding=\"async\" width=\"300\" height=\"169\" src=\"https:\/\/borradorproyectos.es\/meraki\/wp-content\/uploads\/2024\/11\/4-300x169.jpg\" class=\"attachment-medium size-medium\" alt=\"\" srcset=\"https:\/\/borradorproyectos.es\/meraki\/wp-content\/uploads\/2024\/11\/4-300x169.jpg 300w, https:\/\/borradorproyectos.es\/meraki\/wp-content\/uploads\/2024\/11\/4-768x432.jpg 768w, https:\/\/borradorproyectos.es\/meraki\/wp-content\/uploads\/2024\/11\/4.jpg 800w\" sizes=\"(max-width: 300px) 100vw, 300px\" \/><\/a>\n\t\t\t<\/div><\/figure><figure class='gallery-item'>\n\t\t\t<div class='gallery-icon landscape'>\n\t\t\t\t<a data-elementor-open-lightbox=\"yes\" data-elementor-lightbox-slideshow=\"abd7b4e\" data-elementor-lightbox-title=\"EQUIPOCOMPLETO\" data-e-action-hash=\"#elementor-action%3Aaction%3Dlightbox%26settings%3DeyJpZCI6MjQ2MCwidXJsIjoiaHR0cHM6XC9cL2JvcnJhZG9ycHJveWVjdG9zLmVzXC9tZXJha2lcL3dwLWNvbnRlbnRcL3VwbG9hZHNcLzIwMjRcLzExXC9FUVVJUE9DT01QTEVUTy5qcGciLCJzbGlkZXNob3ciOiJhYmQ3YjRlIn0%3D\" href='https:\/\/borradorproyectos.es\/meraki\/wp-content\/uploads\/2024\/11\/EQUIPOCOMPLETO.jpg'><img loading=\"lazy\" decoding=\"async\" width=\"300\" height=\"121\" src=\"https:\/\/borradorproyectos.es\/meraki\/wp-content\/uploads\/2024\/11\/EQUIPOCOMPLETO-300x121.jpg\" class=\"attachment-medium size-medium\" alt=\"\" srcset=\"https:\/\/borradorproyectos.es\/meraki\/wp-content\/uploads\/2024\/11\/EQUIPOCOMPLETO-300x121.jpg 300w, https:\/\/borradorproyectos.es\/meraki\/wp-content\/uploads\/2024\/11\/EQUIPOCOMPLETO-1024x412.jpg 1024w, https:\/\/borradorproyectos.es\/meraki\/wp-content\/uploads\/2024\/11\/EQUIPOCOMPLETO-768x309.jpg 768w, https:\/\/borradorproyectos.es\/meraki\/wp-content\/uploads\/2024\/11\/EQUIPOCOMPLETO-1536x617.jpg 1536w, https:\/\/borradorproyectos.es\/meraki\/wp-content\/uploads\/2024\/11\/EQUIPOCOMPLETO.jpg 2000w\" sizes=\"(max-width: 300px) 100vw, 300px\" \/><\/a>\n\t\t\t<\/div><\/figure><figure class='gallery-item'>\n\t\t\t<div class='gallery-icon landscape'>\n\t\t\t\t<a data-elementor-open-lightbox=\"yes\" data-elementor-lightbox-slideshow=\"abd7b4e\" data-elementor-lightbox-title=\"MERAKI-TERAPIA-SALA-4b\" data-e-action-hash=\"#elementor-action%3Aaction%3Dlightbox%26settings%3DeyJpZCI6MjQ2MSwidXJsIjoiaHR0cHM6XC9cL2JvcnJhZG9ycHJveWVjdG9zLmVzXC9tZXJha2lcL3dwLWNvbnRlbnRcL3VwbG9hZHNcLzIwMjRcLzExXC9NRVJBS0ktVEVSQVBJQS1TQUxBLTRiLXNjYWxlZC5qcGciLCJzbGlkZXNob3ciOiJhYmQ3YjRlIn0%3D\" href='https:\/\/borradorproyectos.es\/meraki\/wp-content\/uploads\/2024\/11\/MERAKI-TERAPIA-SALA-4b-scaled.jpg'><img loading=\"lazy\" decoding=\"async\" width=\"300\" height=\"169\" src=\"https:\/\/borradorproyectos.es\/meraki\/wp-content\/uploads\/2024\/11\/MERAKI-TERAPIA-SALA-4b-300x169.jpg\" class=\"attachment-medium size-medium\" alt=\"\" srcset=\"https:\/\/borradorproyectos.es\/meraki\/wp-content\/uploads\/2024\/11\/MERAKI-TERAPIA-SALA-4b-300x169.jpg 300w, https:\/\/borradorproyectos.es\/meraki\/wp-content\/uploads\/2024\/11\/MERAKI-TERAPIA-SALA-4b-1024x576.jpg 1024w, https:\/\/borradorproyectos.es\/meraki\/wp-content\/uploads\/2024\/11\/MERAKI-TERAPIA-SALA-4b-768x432.jpg 768w, https:\/\/borradorproyectos.es\/meraki\/wp-content\/uploads\/2024\/11\/MERAKI-TERAPIA-SALA-4b-1536x864.jpg 1536w, https:\/\/borradorproyectos.es\/meraki\/wp-content\/uploads\/2024\/11\/MERAKI-TERAPIA-SALA-4b-2048x1152.jpg 2048w\" sizes=\"(max-width: 300px) 100vw, 300px\" \/><\/a>\n\t\t\t<\/div><\/figure><figure class='gallery-item'>\n\t\t\t<div class='gallery-icon landscape'>\n\t\t\t\t<a data-elementor-open-lightbox=\"yes\" data-elementor-lightbox-slideshow=\"abd7b4e\" data-elementor-lightbox-title=\"MERAKI-VALORACIONES-ESTUDIO\" data-e-action-hash=\"#elementor-action%3Aaction%3Dlightbox%26settings%3DeyJpZCI6MjQ2MiwidXJsIjoiaHR0cHM6XC9cL2JvcnJhZG9ycHJveWVjdG9zLmVzXC9tZXJha2lcL3dwLWNvbnRlbnRcL3VwbG9hZHNcLzIwMjRcLzExXC9NRVJBS0ktVkFMT1JBQ0lPTkVTLUVTVFVESU8uanBnIiwic2xpZGVzaG93IjoiYWJkN2I0ZSJ9\" href='https:\/\/borradorproyectos.es\/meraki\/wp-content\/uploads\/2024\/11\/MERAKI-VALORACIONES-ESTUDIO.jpg'><img loading=\"lazy\" decoding=\"async\" width=\"300\" height=\"169\" src=\"https:\/\/borradorproyectos.es\/meraki\/wp-content\/uploads\/2024\/11\/MERAKI-VALORACIONES-ESTUDIO-300x169.jpg\" class=\"attachment-medium size-medium\" alt=\"\" srcset=\"https:\/\/borradorproyectos.es\/meraki\/wp-content\/uploads\/2024\/11\/MERAKI-VALORACIONES-ESTUDIO-300x169.jpg 300w, https:\/\/borradorproyectos.es\/meraki\/wp-content\/uploads\/2024\/11\/MERAKI-VALORACIONES-ESTUDIO-768x432.jpg 768w, https:\/\/borradorproyectos.es\/meraki\/wp-content\/uploads\/2024\/11\/MERAKI-VALORACIONES-ESTUDIO.jpg 1000w\" sizes=\"(max-width: 300px) 100vw, 300px\" \/><\/a>\n\t\t\t<\/div><\/figure>\n\t\t<\/div>\n\t\t<\/div>\n\t\t\t\t<\/div>\n\t\t\t\t<\/div>\n\t\t\t\t<\/div>\n\t\t\t\t<\/div>\n\t\t\t\t\t<\/div>\n\t\t\t\t<\/div>\n\t\t<div class=\"elementor-element elementor-element-17875a4 e-flex e-con-boxed wpr-particle-no wpr-jarallax-no wpr-parallax-no wpr-sticky-section-no e-con e-parent\" data-id=\"17875a4\" data-element_type=\"container\">\n\t\t\t\t\t<div class=\"e-con-inner\">\n\t\t\t\t\t<\/div>\n\t\t\t\t<\/div>\n\t\t\t\t<\/div>\n\t\t","protected":false},"excerpt":{"rendered":"<p>Con\u00f3cenos Meraki es un centro de Atenci\u00f3n y Desarrollo Infantil Nuestro objetivo es lograr la m\u00e1xima independencia y autonom\u00eda del ni\u00f1o\/a potenciando las capacidades para conseguir una mejora en la calidad de vida en los distintos \u00e1mbitos, familiar y escolar A qui\u00e9n va dirigido Nos centramos en el desarrollo y evoluci\u00f3n del\/la ni\u00f1o\/a con el Objetivo de conseguir una mayor independencia y autonom\u00eda en su d\u00eda a d\u00eda. Promovemos la participaci\u00f3n Promoviendo y potenciando dicha participaci\u00f3n a trav\u00e9s del juego desde las diferentes profesiones como son TERAPIA OCUPACIONAL, LOGOPEDIA, PSICOLOG\u00cdA GENERAL SANITARIA Y FISIOTERAPIA. Ll\u00e1manos +34 960 80 35 77 Galer\u00eda Nuestras instalaciones<\/p>\n","protected":false},"author":1,"featured_media":0,"parent":0,"menu_order":0,"comment_status":"closed","ping_status":"closed","template":"elementor_header_footer","meta":{"footnotes":""},"class_list":["post-1121","page","type-page","status-publish","hentry"],"_links":{"self":[{"href":"https:\/\/borradorproyectos.es\/meraki\/wp-json\/wp\/v2\/pages\/1121","targetHints":{"allow":["GET"]}}],"collection":[{"href":"https:\/\/borradorproyectos.es\/meraki\/wp-json\/wp\/v2\/pages"}],"about":[{"href":"https:\/\/borradorproyectos.es\/meraki\/wp-json\/wp\/v2\/types\/page"}],"author":[{"embeddable":true,"href":"https:\/\/borradorproyectos.es\/meraki\/wp-json\/wp\/v2\/users\/1"}],"replies":[{"embeddable":true,"href":"https:\/\/borradorproyectos.es\/meraki\/wp-json\/wp\/v2\/comments?post=1121"}],"version-history":[{"count":40,"href":"https:\/\/borradorproyectos.es\/meraki\/wp-json\/wp\/v2\/pages\/1121\/revisions"}],"predecessor-version":[{"id":2870,"href":"https:\/\/borradorproyectos.es\/meraki\/wp-json\/wp\/v2\/pages\/1121\/revisions\/2870"}],"wp:attachment":[{"href":"https:\/\/borradorproyectos.es\/meraki\/wp-json\/wp\/v2\/media?parent=1121"}],"curies":[{"name":"wp","href":"https:\/\/api.w.org\/{rel}","templated":true}]}}