{"id":17080,"date":"2020-11-27T17:06:27","date_gmt":"2020-11-27T17:06:27","guid":{"rendered":"http:\/\/kzgpruebas.es\/ECOTAXI\/?page_id=17080"},"modified":"2021-06-16T12:12:27","modified_gmt":"2021-06-16T10:12:27","slug":"taxis","status":"publish","type":"page","link":"https:\/\/borradorproyectos.es\/ECOTAXI\/taxis\/","title":{"rendered":"Taxis"},"content":{"rendered":"\t\t<div data-elementor-type=\"wp-page\" data-elementor-id=\"17080\" class=\"elementor elementor-17080\">\n\t\t\t\t\t\t<div class=\"elementor-inner\">\n\t\t\t\t<div class=\"elementor-section-wrap\">\n\t\t\t\t\t\t\t\t\t<section class=\"lte-background-gray elementor-section elementor-top-section elementor-element elementor-element-82bc87d lte-background-gray elementor-section-boxed elementor-section-height-default elementor-section-height-default\" data-id=\"82bc87d\" data-element_type=\"section\">\n\t\t\t\t\t\t<div class=\"elementor-container elementor-column-gap-default\">\n\t\t\t\t\t\t\t<div class=\"elementor-row\">\n\t\t\t\t\t<div class=\"elementor-column elementor-col-100 elementor-top-column elementor-element elementor-element-dd4a0fc\" data-id=\"dd4a0fc\" data-element_type=\"column\">\n\t\t\t<div class=\"elementor-column-wrap elementor-element-populated\">\n\t\t\t\t\t\t\t<div class=\"elementor-widget-wrap\">\n\t\t\t\t\t\t<section class=\"lte-background-main elementor-section elementor-inner-section elementor-element elementor-element-23149ce lte-background-main elementor-section-boxed elementor-section-height-default elementor-section-height-default\" data-id=\"23149ce\" data-element_type=\"section\" data-settings=\"{&quot;background_background&quot;:&quot;classic&quot;}\">\n\t\t\t\t\t\t<div class=\"elementor-container elementor-column-gap-no\">\n\t\t\t\t\t\t\t<div class=\"elementor-row\">\n\t\t\t\t\t<div class=\"elementor-column elementor-col-100 elementor-inner-column elementor-element elementor-element-1a38e66\" data-id=\"1a38e66\" data-element_type=\"column\">\n\t\t\t<div class=\"elementor-column-wrap\">\n\t\t\t\t\t\t\t<div class=\"elementor-widget-wrap\">\n\t\t\t\t\t\t\t\t<\/div>\n\t\t\t\t\t<\/div>\n\t\t<\/div>\n\t\t\t\t\t\t\t\t<\/div>\n\t\t\t\t\t<\/div>\n\t\t<\/section>\n\t\t\t\t<div class=\"elementor-element elementor-element-43174ec elementor-widget elementor-widget-spacer\" data-id=\"43174ec\" data-element_type=\"widget\" data-widget_type=\"spacer.default\">\n\t\t\t\t<div class=\"elementor-widget-container\">\n\t\t\t\t\t<div class=\"elementor-spacer\">\n\t\t\t<div class=\"elementor-spacer-inner\"><\/div>\n\t\t<\/div>\n\t\t\t\t<\/div>\n\t\t\t\t<\/div>\n\t\t\t\t<div class=\"elementor-element elementor-element-971bf62 lte-heading-style-header-subheader elementor-widget elementor-widget-lte-header\" data-id=\"971bf62\" data-element_type=\"widget\" data-widget_type=\"lte-header.default\">\n\t\t\t\t<div class=\"elementor-widget-container\">\n\t\t\t<div class=\"lte-heading lte-style-header-subheader lte-underline lte-subcolor-main heading-tag-h3 heading-subtag-h6\"><div class=\"lte-heading-content\"><h3 class=\"lte-header\">Nuestros taxis<\/h3><\/div><\/div>\t\t<\/div>\n\t\t\t\t<\/div>\n\t\t\t\t<div class=\"elementor-element elementor-element-d6a436e elementor-widget elementor-widget-text-editor\" data-id=\"d6a436e\" data-element_type=\"widget\" data-widget_type=\"text-editor.default\">\n\t\t\t\t<div class=\"elementor-widget-container\">\n\t\t\t\t\t\t\t\t<div class=\"elementor-text-editor elementor-clearfix\">\n\t\t\t\t<h5>Cada persona necesita un tipo de veh\u00edculo adaptado a sus necesidades.<br>\nTe los ofrecemos todos.<\/h5>\n<h6>Tanto si necesitas desplazarte\u00a0solo, con toda la\u00a0familia\u00a0o llevas\u00a0mucho equipaje, tenemos todo lo necesario para que\u00a0tu trayecto\u00a0sea lo\u00a0m\u00e1s c\u00f3modo\u00a0posible.<\/h6>\t\t\t\t\t<\/div>\n\t\t\t\t\t\t<\/div>\n\t\t\t\t<\/div>\n\t\t\t\t<div class=\"elementor-element elementor-element-9b6e136 elementor-widget elementor-widget-lte-rental\" data-id=\"9b6e136\" data-element_type=\"widget\" data-widget_type=\"lte-rental.default\">\n\t\t\t\t<div class=\"elementor-widget-container\">\n\t\t\t<div class=\"lte-rental-sc\"><article class=\"lte-rental-item lte-rental-large row\">\n\t\t\t    <a href=\"#\" class=\"lte-photo col-lg-6\" style=\"background-image: url(https:\/\/borradorproyectos.es\/ECOTAXI\/wp-content\/uploads\/2020\/11\/img_mono.jpg);\">\n\t\t\t        <img width=\"800\" height=\"341\" src=\"https:\/\/borradorproyectos.es\/ECOTAXI\/wp-content\/uploads\/2020\/11\/img_mono-800x341.jpg\" class=\"attachment-limme-gallery-big size-limme-gallery-big\" alt=\"\" decoding=\"async\" loading=\"lazy\" srcset=\"https:\/\/borradorproyectos.es\/ECOTAXI\/wp-content\/uploads\/2020\/11\/img_mono-800x341.jpg 800w, https:\/\/borradorproyectos.es\/ECOTAXI\/wp-content\/uploads\/2020\/11\/img_mono-300x128.jpg 300w, https:\/\/borradorproyectos.es\/ECOTAXI\/wp-content\/uploads\/2020\/11\/img_mono-1024x437.jpg 1024w, https:\/\/borradorproyectos.es\/ECOTAXI\/wp-content\/uploads\/2020\/11\/img_mono-768x328.jpg 768w, https:\/\/borradorproyectos.es\/ECOTAXI\/wp-content\/uploads\/2020\/11\/img_mono-480x205.jpg 480w, https:\/\/borradorproyectos.es\/ECOTAXI\/wp-content\/uploads\/2020\/11\/img_mono-600x256.jpg 600w, https:\/\/borradorproyectos.es\/ECOTAXI\/wp-content\/uploads\/2020\/11\/img_mono.jpg 1500w\" sizes=\"(max-width: 800px) 100vw, 800px\" \/>\t\t\t    <\/a>\n\t\t\t    <div class=\"lte-rental-inner col-lg-6\">\n\t\t\t    <h5 class=\"lte-header\"><a href=\"#\">Monovolumen<\/a><\/h5><p class=\"lte-excerpt\">Si en tu caso prefieres un veh\u00edculo alto y espacioso, el monovolumen es la opci\u00f3n que necesitas.<\/p><ul class=\"lte-icons-tags\"><li><span class=\"lte-icon limme_fa5_icons fas fa-user-friends\"><\/span>4 plazas<\/li><li><span class=\"lte-icon limme_fa5_icons fas fa-charging-station\"><\/span>H\u00edbrido<\/li><li><span class=\"lte-icon limme_fa5_icons fas fa-wifi\"><\/span>WI FI<\/li><\/ul><div class=\"lte-rental-footer\"><a href=\"#\" class=\"lte-btn btn-lg color-hover-white\"><span class=\"lte-btn-inner\"><span class=\"lte-btn-before\"><\/span>Pedir taxi<span class=\"lte-btn-after\"><\/span><\/span><\/a>\t\t\t\t<\/div>\n\t\t\t<\/article>\n\t\t\t<article class=\"lte-rental-item lte-rental-large row\">\n\t\t\t    <a href=\"#\" class=\"lte-photo col-lg-6\" style=\"background-image: url(https:\/\/borradorproyectos.es\/ECOTAXI\/wp-content\/uploads\/2020\/11\/img_ranchera.jpg);\">\n\t\t\t        <img width=\"800\" height=\"341\" src=\"https:\/\/borradorproyectos.es\/ECOTAXI\/wp-content\/uploads\/2020\/11\/img_ranchera-800x341.jpg\" class=\"attachment-limme-gallery-big size-limme-gallery-big\" alt=\"\" decoding=\"async\" loading=\"lazy\" srcset=\"https:\/\/borradorproyectos.es\/ECOTAXI\/wp-content\/uploads\/2020\/11\/img_ranchera-800x341.jpg 800w, https:\/\/borradorproyectos.es\/ECOTAXI\/wp-content\/uploads\/2020\/11\/img_ranchera-300x128.jpg 300w, https:\/\/borradorproyectos.es\/ECOTAXI\/wp-content\/uploads\/2020\/11\/img_ranchera-1024x437.jpg 1024w, https:\/\/borradorproyectos.es\/ECOTAXI\/wp-content\/uploads\/2020\/11\/img_ranchera-768x328.jpg 768w, https:\/\/borradorproyectos.es\/ECOTAXI\/wp-content\/uploads\/2020\/11\/img_ranchera-480x205.jpg 480w, https:\/\/borradorproyectos.es\/ECOTAXI\/wp-content\/uploads\/2020\/11\/img_ranchera-600x256.jpg 600w, https:\/\/borradorproyectos.es\/ECOTAXI\/wp-content\/uploads\/2020\/11\/img_ranchera.jpg 1500w\" sizes=\"(max-width: 800px) 100vw, 800px\" \/>\t\t\t    <\/a>\n\t\t\t    <div class=\"lte-rental-inner col-lg-6\">\n\t\t\t    <h5 class=\"lte-header\"><a href=\"#\">Ranchera<\/a><\/h5><p class=\"lte-excerpt\">Si llevas mucho equipaje, este es el modelo de coche que necesitas.<\/p><ul class=\"lte-icons-tags\"><li><span class=\"lte-icon limme_fa5_icons fas fa-user-friends\"><\/span>4 plazas<\/li><li><span class=\"lte-icon limme_fa5_icons fas fa-suitcase\"><\/span>Equipaje extra<\/li><li><span class=\"lte-icon limme_fa5_icons fas fa-wifi\"><\/span>WI FI<\/li><\/ul><div class=\"lte-rental-footer\"><a href=\"#\" class=\"lte-btn btn-lg color-hover-white\"><span class=\"lte-btn-inner\"><span class=\"lte-btn-before\"><\/span>Pedir taxi<span class=\"lte-btn-after\"><\/span><\/span><\/a>\t\t\t\t<\/div>\n\t\t\t<\/article>\n\t\t\t<article class=\"lte-rental-item lte-rental-large row\">\n\t\t\t    <a href=\"#\" class=\"lte-photo col-lg-6\" style=\"background-image: url(https:\/\/borradorproyectos.es\/ECOTAXI\/wp-content\/uploads\/2020\/11\/img_hibrido.jpg);\">\n\t\t\t        <img width=\"800\" height=\"341\" src=\"https:\/\/borradorproyectos.es\/ECOTAXI\/wp-content\/uploads\/2020\/11\/img_hibrido-800x341.jpg\" class=\"attachment-limme-gallery-big size-limme-gallery-big\" alt=\"\" decoding=\"async\" loading=\"lazy\" srcset=\"https:\/\/borradorproyectos.es\/ECOTAXI\/wp-content\/uploads\/2020\/11\/img_hibrido-800x341.jpg 800w, https:\/\/borradorproyectos.es\/ECOTAXI\/wp-content\/uploads\/2020\/11\/img_hibrido-300x128.jpg 300w, https:\/\/borradorproyectos.es\/ECOTAXI\/wp-content\/uploads\/2020\/11\/img_hibrido-1024x437.jpg 1024w, https:\/\/borradorproyectos.es\/ECOTAXI\/wp-content\/uploads\/2020\/11\/img_hibrido-768x328.jpg 768w, https:\/\/borradorproyectos.es\/ECOTAXI\/wp-content\/uploads\/2020\/11\/img_hibrido-480x205.jpg 480w, https:\/\/borradorproyectos.es\/ECOTAXI\/wp-content\/uploads\/2020\/11\/img_hibrido-600x256.jpg 600w, https:\/\/borradorproyectos.es\/ECOTAXI\/wp-content\/uploads\/2020\/11\/img_hibrido.jpg 1500w\" sizes=\"(max-width: 800px) 100vw, 800px\" \/>\t\t\t    <\/a>\n\t\t\t    <div class=\"lte-rental-inner col-lg-6\">\n\t\t\t    <h5 class=\"lte-header\"><a href=\"#\">H\u00edbrido<\/a><\/h5><p class=\"lte-excerpt\">Como empresa apostamos en los ve\u00edh\u00edculos h\u00edbridos: reducen la contaminaci\u00f3n, ahorrando en combustible, y proporcionan una mayor comodidad debido a la baja sonoridad de su motor.<\/p><ul class=\"lte-icons-tags\"><li><span class=\"lte-icon limme_fa5_icons fas fa-user-friends\"><\/span>4 plazas<\/li><li><span class=\"lte-icon limme_fa5_icons fas fa-charging-station\"><\/span>H\u00edbrido<\/li><li><span class=\"lte-icon limme_fa5_icons fas fa-wifi\"><\/span>WI FI<\/li><\/ul><div class=\"lte-rental-footer\"><a href=\"#\" class=\"lte-btn btn-lg color-hover-white\"><span class=\"lte-btn-inner\"><span class=\"lte-btn-before\"><\/span>Pedir taxi<span class=\"lte-btn-after\"><\/span><\/span><\/a>\t\t\t\t<\/div>\n\t\t\t<\/article>\n\t\t\t<article class=\"lte-rental-item lte-rental-large row\">\n\t\t\t    <a href=\"https:\/\/borradorproyectos.es\/ECOTAXI\/rentals\/furgoneta-2\/\" class=\"lte-photo col-lg-6\" style=\"background-image: url(https:\/\/borradorproyectos.es\/ECOTAXI\/wp-content\/uploads\/2020\/11\/img_furgo.jpg);\">\n\t\t\t        <img width=\"800\" height=\"341\" src=\"https:\/\/borradorproyectos.es\/ECOTAXI\/wp-content\/uploads\/2020\/11\/img_furgo-800x341.jpg\" class=\"attachment-limme-gallery-big size-limme-gallery-big\" alt=\"\" decoding=\"async\" loading=\"lazy\" srcset=\"https:\/\/borradorproyectos.es\/ECOTAXI\/wp-content\/uploads\/2020\/11\/img_furgo-800x341.jpg 800w, https:\/\/borradorproyectos.es\/ECOTAXI\/wp-content\/uploads\/2020\/11\/img_furgo-300x128.jpg 300w, https:\/\/borradorproyectos.es\/ECOTAXI\/wp-content\/uploads\/2020\/11\/img_furgo-1024x437.jpg 1024w, https:\/\/borradorproyectos.es\/ECOTAXI\/wp-content\/uploads\/2020\/11\/img_furgo-768x328.jpg 768w, https:\/\/borradorproyectos.es\/ECOTAXI\/wp-content\/uploads\/2020\/11\/img_furgo-480x205.jpg 480w, https:\/\/borradorproyectos.es\/ECOTAXI\/wp-content\/uploads\/2020\/11\/img_furgo-600x256.jpg 600w, https:\/\/borradorproyectos.es\/ECOTAXI\/wp-content\/uploads\/2020\/11\/img_furgo.jpg 1500w\" sizes=\"(max-width: 800px) 100vw, 800px\" \/>\t\t\t    <\/a>\n\t\t\t    <div class=\"lte-rental-inner col-lg-6\">\n\t\t\t    <h5 class=\"lte-header\"><a href=\"https:\/\/borradorproyectos.es\/ECOTAXI\/rentals\/furgoneta-2\/\">Furgoneta<\/a><\/h5><p class=\"lte-excerpt\">Veh\u00edculo adaptado para que puedan acceder pasajeros en silla de ruedas o con movilidad reducida. Amplio y espacioso, solicita una furgoneta sin gasto adicional en tu viaje.<\/p><ul class=\"lte-icons-tags\"><li><span class=\"lte-icon limme_fa5_icons fas fa-users\"><\/span>8 plazas<\/li><li><span class=\"lte-icon limme_fa5_icons fab fa-accessible-icon\"><\/span>Adaptado<\/li><li><span class=\"lte-icon limme_fa5_icons fas fa-suitcase\"><\/span>Equipaje extra<\/li><\/ul><div class=\"lte-rental-footer\"><a href=\"https:\/\/borradorproyectos.es\/ECOTAXI\/rentals\/furgoneta-2\/\" class=\"lte-btn btn-lg color-hover-white\"><span class=\"lte-btn-inner\"><span class=\"lte-btn-before\"><\/span>Pedir taxi<span class=\"lte-btn-after\"><\/span><\/span><\/a>\t\t\t\t<\/div>\n\t\t\t<\/article>\n\t\t\t<\/div><\/div>\t\t<\/div>\n\t\t\t\t<\/div>\n\t\t\t\t<div class=\"elementor-element elementor-element-48646d3 elementor-widget elementor-widget-spacer\" data-id=\"48646d3\" data-element_type=\"widget\" data-widget_type=\"spacer.default\">\n\t\t\t\t<div class=\"elementor-widget-container\">\n\t\t\t\t\t<div class=\"elementor-spacer\">\n\t\t\t<div class=\"elementor-spacer-inner\"><\/div>\n\t\t<\/div>\n\t\t\t\t<\/div>\n\t\t\t\t<\/div>\n\t\t\t\t\t\t<\/div>\n\t\t\t\t\t<\/div>\n\t\t<\/div>\n\t\t\t\t\t\t\t\t<\/div>\n\t\t\t\t\t<\/div>\n\t\t<\/section>\n\t\t\t\t<section class=\"elementor-section elementor-top-section elementor-element elementor-element-7445878 elementor-section-boxed elementor-section-height-default elementor-section-height-default\" data-id=\"7445878\" data-element_type=\"section\" data-settings=\"{&quot;background_background&quot;:&quot;classic&quot;}\">\n\t\t\t\t\t\t<div class=\"elementor-container elementor-column-gap-default\">\n\t\t\t\t\t\t\t<div class=\"elementor-row\">\n\t\t\t\t\t<div class=\"elementor-column elementor-col-50 elementor-top-column elementor-element elementor-element-36622ab\" data-id=\"36622ab\" data-element_type=\"column\">\n\t\t\t<div class=\"elementor-column-wrap elementor-element-populated\">\n\t\t\t\t\t\t\t<div class=\"elementor-widget-wrap\">\n\t\t\t\t\t\t<div class=\"elementor-element elementor-element-2e77d8a elementor-widget elementor-widget-spacer\" data-id=\"2e77d8a\" data-element_type=\"widget\" data-widget_type=\"spacer.default\">\n\t\t\t\t<div class=\"elementor-widget-container\">\n\t\t\t\t\t<div class=\"elementor-spacer\">\n\t\t\t<div class=\"elementor-spacer-inner\"><\/div>\n\t\t<\/div>\n\t\t\t\t<\/div>\n\t\t\t\t<\/div>\n\t\t\t\t<section class=\"elementor-section elementor-inner-section elementor-element elementor-element-0373ef2 lte-section-end elementor-section-boxed elementor-section-height-default elementor-section-height-default\" data-id=\"0373ef2\" data-element_type=\"section\">\n\t\t\t\t\t\t<div class=\"elementor-container elementor-column-gap-no\">\n\t\t\t\t\t\t\t<div class=\"elementor-row\">\n\t\t\t\t\t<div class=\"elementor-column elementor-col-100 elementor-inner-column elementor-element elementor-element-6f3ace7\" data-id=\"6f3ace7\" data-element_type=\"column\">\n\t\t\t<div class=\"elementor-column-wrap elementor-element-populated\">\n\t\t\t\t\t\t\t<div class=\"elementor-widget-wrap\">\n\t\t\t\t\t\t<div class=\"elementor-element elementor-element-9aad483 lte-heading-style-default elementor-widget__width-initial elementor-widget elementor-widget-lte-header\" data-id=\"9aad483\" data-element_type=\"widget\" data-widget_type=\"lte-header.default\">\n\t\t\t\t<div class=\"elementor-widget-container\">\n\t\t\t<div class=\"lte-heading lte-style-default lte-subcolor-main heading-tag-h4 heading-subtag-h6\"><div class=\"lte-heading-content\"><h4 class=\"lte-header\">Utiliza <span> nuestra app <\/span><br \/>\nes f\u00e1cil y r\u00e1pido<\/h4><\/div><\/div>\t\t<\/div>\n\t\t\t\t<\/div>\n\t\t\t\t<div class=\"elementor-element elementor-element-327f83d elementor-widget__width-initial elementor-widget elementor-widget-text-editor\" data-id=\"327f83d\" data-element_type=\"widget\" data-widget_type=\"text-editor.default\">\n\t\t\t\t<div class=\"elementor-widget-container\">\n\t\t\t\t\t\t\t\t<div class=\"elementor-text-editor elementor-clearfix\">\n\t\t\t\t<p>Desc\u00e1rgate la app (disponible para Android y IOS) y solicita un taxi donde quieras y cuando quieras.<\/p>\t\t\t\t\t<\/div>\n\t\t\t\t\t\t<\/div>\n\t\t\t\t<\/div>\n\t\t\t\t<div class=\"elementor-element elementor-element-36d23e8 elementor-widget elementor-widget-spacer\" data-id=\"36d23e8\" data-element_type=\"widget\" data-widget_type=\"spacer.default\">\n\t\t\t\t<div class=\"elementor-widget-container\">\n\t\t\t\t\t<div class=\"elementor-spacer\">\n\t\t\t<div class=\"elementor-spacer-inner\"><\/div>\n\t\t<\/div>\n\t\t\t\t<\/div>\n\t\t\t\t<\/div>\n\t\t\t\t<div class=\"elementor-element elementor-element-9c5c105 lte-heading-style-default elementor-widget elementor-widget-lte-header\" data-id=\"9c5c105\" data-element_type=\"widget\" data-widget_type=\"lte-header.default\">\n\t\t\t\t<div class=\"elementor-widget-container\">\n\t\t\t<div class=\"lte-heading lte-style-default lte-subcolor-main heading-tag-h6 heading-subtag-h6\"><div class=\"lte-heading-content\"><h6 class=\"lte-header\"><span> Descargar App <\/span><br \/>\npara iOS y Android:<\/h6><\/div><\/div>\t\t<\/div>\n\t\t\t\t<\/div>\n\t\t\t\t<div class=\"elementor-element elementor-element-d3949d8 elementor-widget__width-initial lte-image-2x elementor-widget-mobile__width-initial elementor-widget elementor-widget-image\" data-id=\"d3949d8\" data-element_type=\"widget\" data-widget_type=\"image.default\">\n\t\t\t\t<div class=\"elementor-widget-container\">\n\t\t\t\t\t\t\t\t<div class=\"elementor-image\">\n\t\t\t\t\t\t\t\t\t\t\t\t<img decoding=\"async\" src=\"https:\/\/borradorproyectos.es\/ECOTAXI\/wp-content\/uploads\/2020\/11\/app-google-2x.png\" title=\"app-google-2x\" alt=\"app-google-2x\" loading=\"lazy\" \/>\t\t\t\t\t\t\t\t\t\t\t\t\t\t<\/div>\n\t\t\t\t\t\t<\/div>\n\t\t\t\t<\/div>\n\t\t\t\t<div class=\"elementor-element elementor-element-c43111e elementor-widget__width-initial lte-image-2x elementor-widget-mobile__width-initial elementor-widget elementor-widget-image\" data-id=\"c43111e\" data-element_type=\"widget\" data-widget_type=\"image.default\">\n\t\t\t\t<div class=\"elementor-widget-container\">\n\t\t\t\t\t\t\t\t<div class=\"elementor-image\">\n\t\t\t\t\t\t\t\t\t\t\t\t<img decoding=\"async\" src=\"https:\/\/borradorproyectos.es\/ECOTAXI\/wp-content\/uploads\/2020\/11\/app-apple-2x.png\" title=\"app-apple-2x\" alt=\"app-apple-2x\" loading=\"lazy\" \/>\t\t\t\t\t\t\t\t\t\t\t\t\t\t<\/div>\n\t\t\t\t\t\t<\/div>\n\t\t\t\t<\/div>\n\t\t\t\t\t\t<\/div>\n\t\t\t\t\t<\/div>\n\t\t<\/div>\n\t\t\t\t\t\t\t\t<\/div>\n\t\t\t\t\t<\/div>\n\t\t<\/section>\n\t\t\t\t<div class=\"elementor-element elementor-element-d37c6b1 elementor-widget elementor-widget-spacer\" data-id=\"d37c6b1\" data-element_type=\"widget\" data-widget_type=\"spacer.default\">\n\t\t\t\t<div class=\"elementor-widget-container\">\n\t\t\t\t\t<div class=\"elementor-spacer\">\n\t\t\t<div class=\"elementor-spacer-inner\"><\/div>\n\t\t<\/div>\n\t\t\t\t<\/div>\n\t\t\t\t<\/div>\n\t\t\t\t\t\t<\/div>\n\t\t\t\t\t<\/div>\n\t\t<\/div>\n\t\t\t\t<div class=\"elementor-column elementor-col-50 elementor-top-column elementor-element elementor-element-8349b58\" data-id=\"8349b58\" data-element_type=\"column\" data-settings=\"{&quot;background_background&quot;:&quot;classic&quot;}\">\n\t\t\t<div class=\"elementor-column-wrap elementor-element-populated\">\n\t\t\t\t\t\t\t<div class=\"elementor-widget-wrap\">\n\t\t\t\t\t\t<div class=\"elementor-element elementor-element-aa0f3d8 elementor-widget elementor-widget-spacer\" data-id=\"aa0f3d8\" data-element_type=\"widget\" data-widget_type=\"spacer.default\">\n\t\t\t\t<div class=\"elementor-widget-container\">\n\t\t\t\t\t<div class=\"elementor-spacer\">\n\t\t\t<div class=\"elementor-spacer-inner\"><\/div>\n\t\t<\/div>\n\t\t\t\t<\/div>\n\t\t\t\t<\/div>\n\t\t\t\t<div class=\"elementor-element elementor-element-6f4ec76 elementor-widget__width-auto elementor-widget elementor-widget-image\" data-id=\"6f4ec76\" data-element_type=\"widget\" data-widget_type=\"image.default\">\n\t\t\t\t<div class=\"elementor-widget-container\">\n\t\t\t\t\t\t\t\t<div class=\"elementor-image\">\n\t\t\t\t\t\t\t\t\t\t\t\t<img decoding=\"async\" width=\"442\" height=\"672\" src=\"https:\/\/borradorproyectos.es\/ECOTAXI\/wp-content\/uploads\/2020\/11\/app-hand.png\" class=\"attachment-full size-full wp-image-17280\" alt=\"\" loading=\"lazy\" srcset=\"https:\/\/borradorproyectos.es\/ECOTAXI\/wp-content\/uploads\/2020\/11\/app-hand.png 442w, https:\/\/borradorproyectos.es\/ECOTAXI\/wp-content\/uploads\/2020\/11\/app-hand-197x300.png 197w\" sizes=\"(max-width: 442px) 100vw, 442px\" \/>\t\t\t\t\t\t\t\t\t\t\t\t\t\t<\/div>\n\t\t\t\t\t\t<\/div>\n\t\t\t\t<\/div>\n\t\t\t\t\t\t<\/div>\n\t\t\t\t\t<\/div>\n\t\t<\/div>\n\t\t\t\t\t\t\t\t<\/div>\n\t\t\t\t\t<\/div>\n\t\t<\/section>\n\t\t\t\t<section class=\"elementor-section elementor-top-section elementor-element elementor-element-6235f3d lte-overlay-wrapper-dark lte-parallax-yes elementor-section-boxed elementor-section-height-default elementor-section-height-default\" data-id=\"6235f3d\" data-element_type=\"section\" data-settings=\"{&quot;background_background&quot;:&quot;classic&quot;}\">\n\t\t\t\t\t\t<div class=\"elementor-container elementor-column-gap-default\">\n\t\t\t\t\t\t\t<div class=\"elementor-row\">\n\t\t\t\t\t<div class=\"elementor-column elementor-col-100 elementor-top-column elementor-element elementor-element-9ab171d\" data-id=\"9ab171d\" data-element_type=\"column\">\n\t\t\t<div class=\"elementor-column-wrap elementor-element-populated\">\n\t\t\t\t\t\t\t<div class=\"elementor-widget-wrap\">\n\t\t\t\t\t\t<div class=\"elementor-element elementor-element-c1c314e elementor-widget elementor-widget-spacer\" data-id=\"c1c314e\" data-element_type=\"widget\" data-widget_type=\"spacer.default\">\n\t\t\t\t<div class=\"elementor-widget-container\">\n\t\t\t\t\t<div class=\"elementor-spacer\">\n\t\t\t<div class=\"elementor-spacer-inner\"><\/div>\n\t\t<\/div>\n\t\t\t\t<\/div>\n\t\t\t\t<\/div>\n\t\t\t\t<div class=\"elementor-element elementor-element-13396a7 lte-heading-style-default elementor-widget elementor-widget-lte-header\" data-id=\"13396a7\" data-element_type=\"widget\" data-widget_type=\"lte-header.default\">\n\t\t\t\t<div class=\"elementor-widget-container\">\n\t\t\t<div class=\"lte-heading lte-size-bg lte-style-default lte-color-white lte-subcolor-main heading-tag-h2 heading-subtag-h6\"><div class=\"lte-heading-content\"><h2 class=\"lte-header\"><span> Al aeropuerto <\/span><br \/>\nsin agobios<\/h2><\/div><\/div>\t\t<\/div>\n\t\t\t\t<\/div>\n\t\t\t\t<div class=\"elementor-element elementor-element-0d1a36a elementor-widget__width-initial lte-heading-style-header-subheader elementor-widget elementor-widget-lte-header\" data-id=\"0d1a36a\" data-element_type=\"widget\" data-widget_type=\"lte-header.default\">\n\t\t\t\t<div class=\"elementor-widget-container\">\n\t\t\t<div class=\"lte-heading lte-style-header-subheader lte-subcolor-white heading-tag-h5 heading-subtag-h6\"><div class=\"lte-heading-content\"><h5 class=\"lte-header\"><span> Viaja con la tranquilidad de saber que llegar\u00e1s a la hora indicada <\/span><\/h5><\/div><\/div>\t\t<\/div>\n\t\t\t\t<\/div>\n\t\t\t\t<div class=\"elementor-element elementor-element-4aeab52 elementor-widget elementor-widget-spacer\" data-id=\"4aeab52\" data-element_type=\"widget\" data-widget_type=\"spacer.default\">\n\t\t\t\t<div class=\"elementor-widget-container\">\n\t\t\t\t\t<div class=\"elementor-spacer\">\n\t\t\t<div class=\"elementor-spacer-inner\"><\/div>\n\t\t<\/div>\n\t\t\t\t<\/div>\n\t\t\t\t<\/div>\n\t\t\t\t<div class=\"elementor-element elementor-element-65766f3 elementor-widget elementor-widget-lte-button\" data-id=\"65766f3\" data-element_type=\"widget\" data-widget_type=\"lte-button.default\">\n\t\t\t\t<div class=\"elementor-widget-container\">\n\t\t\t<div class=\"lte-btn-wrap\">\n\t<a href=\"\"  class=\"lte-btn color-hover-white\"><span class=\"lte-btn-inner\"><span class=\"lte-btn-before\"><\/span>Pide tu taxi<span class=\"lte-btn-after\"><\/span><\/span><\/a><\/div>\t\t<\/div>\n\t\t\t\t<\/div>\n\t\t\t\t<div class=\"elementor-element elementor-element-1528350 elementor-widget elementor-widget-spacer\" data-id=\"1528350\" data-element_type=\"widget\" data-widget_type=\"spacer.default\">\n\t\t\t\t<div class=\"elementor-widget-container\">\n\t\t\t\t\t<div class=\"elementor-spacer\">\n\t\t\t<div class=\"elementor-spacer-inner\"><\/div>\n\t\t<\/div>\n\t\t\t\t<\/div>\n\t\t\t\t<\/div>\n\t\t\t\t\t\t<\/div>\n\t\t\t\t\t<\/div>\n\t\t<\/div>\n\t\t\t\t\t\t\t\t<\/div>\n\t\t\t\t\t<\/div>\n\t\t<\/section>\n\t\t\t\t\t\t\t\t\t<\/div>\n\t\t\t<\/div>\n\t\t\t\t\t<\/div>\n\t\t","protected":false},"excerpt":{"rendered":"<p>Nuestros taxis Cada persona necesita un tipo de veh\u00edculo adaptado a sus necesidades. Te los ofrecemos todos. Tanto si necesitas desplazarte\u00a0solo, con toda la\u00a0familia\u00a0o llevas\u00a0mucho equipaje, tenemos todo lo necesario para que\u00a0tu trayecto\u00a0sea lo\u00a0m\u00e1s c\u00f3modo\u00a0posible. Monovolumen Si en tu caso prefieres un veh\u00edculo alto y espacioso, el monovolumen es la opci\u00f3n que necesitas. 4 plazas [&hellip;]<\/p>\n","protected":false},"author":1,"featured_media":0,"parent":0,"menu_order":0,"comment_status":"closed","ping_status":"closed","template":"page-templates\/full-width.php","meta":[],"_links":{"self":[{"href":"https:\/\/borradorproyectos.es\/ECOTAXI\/wp-json\/wp\/v2\/pages\/17080"}],"collection":[{"href":"https:\/\/borradorproyectos.es\/ECOTAXI\/wp-json\/wp\/v2\/pages"}],"about":[{"href":"https:\/\/borradorproyectos.es\/ECOTAXI\/wp-json\/wp\/v2\/types\/page"}],"author":[{"embeddable":true,"href":"https:\/\/borradorproyectos.es\/ECOTAXI\/wp-json\/wp\/v2\/users\/1"}],"replies":[{"embeddable":true,"href":"https:\/\/borradorproyectos.es\/ECOTAXI\/wp-json\/wp\/v2\/comments?post=17080"}],"version-history":[{"count":220,"href":"https:\/\/borradorproyectos.es\/ECOTAXI\/wp-json\/wp\/v2\/pages\/17080\/revisions"}],"predecessor-version":[{"id":18330,"href":"https:\/\/borradorproyectos.es\/ECOTAXI\/wp-json\/wp\/v2\/pages\/17080\/revisions\/18330"}],"wp:attachment":[{"href":"https:\/\/borradorproyectos.es\/ECOTAXI\/wp-json\/wp\/v2\/media?parent=17080"}],"curies":[{"name":"wp","href":"https:\/\/api.w.org\/{rel}","templated":true}]}}